{"id":8477,"date":"2024-04-03T23:41:02","date_gmt":"2024-04-03T20:41:02","guid":{"rendered":"https:\/\/sisu.ut.ee\/ewod\/?page_id=8477"},"modified":"2026-04-21T14:51:57","modified_gmt":"2026-04-21T11:51:57","slug":"aino-toomaspoeg","status":"publish","type":"page","link":"https:\/\/ewod.ut.ee\/et\/t\/aino-toomaspoeg\/","title":{"rendered":"Aino Toomaspoeg"},"content":{"rendered":"<p>Aino Toomaspoeg (s\u00fcndinud Saar, 4. XI 1916 \u2013 28. III 2003) oli t\u00f5lkija ning prosaist.<\/p>\n\n\n\n<p>Toomaspoeg s\u00fcndis Harjumaal Harku vallas J\u00e4rve k\u00fclas. Ta \u00f5ppis aastatel 1924\u20131935 Tallinnas E. Lenderi humanitaarg\u00fcmnaasiumis ja aastatel 1936\u20131941 Tartu \u00dclikooli filosoofiateaduskonnas. Aastatel 1944\u20131947 t\u00f6\u00f6tas Toomaspoeg Eesti Raadio kirjandusosakonnas, 1950\u20131955 ajalehe Noorte H\u00e4\u00e4l toimetuses ja 1965\u20131967 kirjastuses Valgus.<\/p>\n\n\n\n<p>Toomaspoeg t\u00f5lkis saksa keelest eesti keelde mitmed romaanid, nende hulgas E. T. A. Hoffmanni, L. Feuchtwangeri ja F. D\u00fcrrenmatti teoseid.<\/p>\n\n\n\n<p>Toomaspoeg deb\u00fcteeris juttudega ajakirjas Eesti Noorus 1934. aastal. Aastatel 1960\u20131963 avaldati ajakirjas Looming viis Toomaspoja novelli, nende hulgas \u201eV\u00f5tmehoidjad\u201c, mida auhinnati Loomingu 1962. aasta novelliv\u00f5istlusel teise kohaga.<\/p>\n\n\n\n<p>1964. aastal ilmunud kogumikku \u201eV\u00f5tmehoidjad\u201c koondas Toomaspoeg oma l\u00fchiproosa paremiku, lisaks m\u00e4lestuslikke lugusid. Aino Toomaspoja jutud on ps\u00fchholoogiliselt peenekoelised ja kohati humoorikad.<\/p>\n\n\n\n<p><em>L. P.<\/em><\/p>\n\n\n\n<h4 class=\"wp-block-heading\"><br>Raamatud eesti keeles<\/h4>\n\n\n\n<p><strong><em>Novellid<\/em><\/strong><br><strong>V\u00f5tmehoidjad<\/strong>. Tallinn: Eesti Riiklik Kirjastus, 1964. 248 lk.<\/p>\n","protected":false},"excerpt":{"rendered":"<p>Aino Toomaspoeg (s\u00fcndinud Saar, 4. XI 1916 \u2013 28. III 2003) oli t\u00f5lkija ning prosaist. Toomaspoeg s\u00fcndis Harjumaal Harku vallas J\u00e4rve k\u00fclas. Ta \u00f5ppis aastatel 1924\u20131935 Tallinnas E. Lenderi humanitaarg\u00fcmnaasiumis ja aastatel 1936\u20131941 Tartu \u00dclikooli filosoofiateaduskonnas. Aastatel 1944\u20131947 t\u00f6\u00f6tas Toomaspoeg &#8230;<\/p>\n","protected":false},"author":43,"featured_media":0,"parent":6510,"menu_order":0,"comment_status":"closed","ping_status":"closed","template":"","meta":{"_acf_changed":false,"inline_featured_image":false,"footnotes":""},"class_list":["post-8477","page","type-page","status-publish","hentry"],"acf":[],"_links":{"self":[{"href":"https:\/\/ewod.ut.ee\/et\/wp-json\/wp\/v2\/pages\/8477","targetHints":{"allow":["GET"]}}],"collection":[{"href":"https:\/\/ewod.ut.ee\/et\/wp-json\/wp\/v2\/pages"}],"about":[{"href":"https:\/\/ewod.ut.ee\/et\/wp-json\/wp\/v2\/types\/page"}],"author":[{"embeddable":true,"href":"https:\/\/ewod.ut.ee\/et\/wp-json\/wp\/v2\/users\/43"}],"replies":[{"embeddable":true,"href":"https:\/\/ewod.ut.ee\/et\/wp-json\/wp\/v2\/comments?post=8477"}],"version-history":[{"count":2,"href":"https:\/\/ewod.ut.ee\/et\/wp-json\/wp\/v2\/pages\/8477\/revisions"}],"predecessor-version":[{"id":8479,"href":"https:\/\/ewod.ut.ee\/et\/wp-json\/wp\/v2\/pages\/8477\/revisions\/8479"}],"up":[{"embeddable":true,"href":"https:\/\/ewod.ut.ee\/et\/wp-json\/wp\/v2\/pages\/6510"}],"wp:attachment":[{"href":"https:\/\/ewod.ut.ee\/et\/wp-json\/wp\/v2\/media?parent=8477"}],"curies":[{"name":"wp","href":"https:\/\/api.w.org\/{rel}","templated":true}]}}