{"id":8499,"date":"2024-04-03T23:40:34","date_gmt":"2024-04-03T20:40:34","guid":{"rendered":"https:\/\/sisu.ut.ee\/ewod\/?page_id=8499"},"modified":"2026-04-21T16:01:55","modified_gmt":"2026-04-21T13:01:55","slug":"erik-tohvri","status":"publish","type":"page","link":"https:\/\/ewod.ut.ee\/et\/t\/erik-tohvri\/","title":{"rendered":"Erik Tohvri"},"content":{"rendered":"<figure class=\"wp-block-image alignright size-large\"><a href=\"https:\/\/sisu.ut.ee\/wp-content\/uploads\/sites\/108\/erik_tohvri_alar_madisson-scaled.jpg\"><img loading=\"lazy\" decoding=\"async\" width=\"1024\" height=\"681\" src=\"https:\/\/sisu.ut.ee\/wp-content\/uploads\/sites\/108\/erik_tohvri_alar_madisson-1024x681.jpg\" alt=\"\" class=\"wp-image-6180\" title=\"Foto: Alar Madisson\" srcset=\"https:\/\/sisu.ut.ee\/wp-content\/uploads\/sites\/108\/erik_tohvri_alar_madisson-1024x681.jpg 1024w, https:\/\/sisu.ut.ee\/wp-content\/uploads\/sites\/108\/erik_tohvri_alar_madisson-300x200.jpg 300w, https:\/\/sisu.ut.ee\/wp-content\/uploads\/sites\/108\/erik_tohvri_alar_madisson-768x511.jpg 768w, https:\/\/sisu.ut.ee\/wp-content\/uploads\/sites\/108\/erik_tohvri_alar_madisson-1536x1022.jpg 1536w, https:\/\/sisu.ut.ee\/wp-content\/uploads\/sites\/108\/erik_tohvri_alar_madisson-2048x1363.jpg 2048w, https:\/\/sisu.ut.ee\/wp-content\/uploads\/sites\/108\/erik_tohvri_alar_madisson-1920x1278.jpg 1920w\" sizes=\"auto, (max-width: 1024px) 100vw, 1024px\"><\/a><\/figure>\n\n\n\n<p>Erik Tohvri\u00a0(kodanikunimega\u00a0Hans-Erik Laansalu, s\u00fcndides Hans-Erik Siemann-Toffry, 22. III 1933 \u2013 12. VI 2020) oli eesti kirjanik, \u00fcks 2000. ja 2010. aastate populaarsemaid prosaiste Eestis.<\/p>\n\n\n\n<p>Erik Tohvri s\u00fcndis Rakveres saksa ja rootsi p\u00e4ritolu s\u00f5jav\u00e4elase pojana, tema ema oli eestlane. Isapoolne vanaisa, Haapsalus s\u00fcndinud kaugs\u00f5idukapten Michael Siemann-Toffry oli 1920. aastatel Eesti Vabariigi aukonsul L\u00e4tis <em>Liep\u0101ja<\/em> linnas. Kolm aastat p\u00e4rast poja s\u00fcndi vanemad lahutasid ja Erik j\u00e4i emapoolsete vanavanemate kasvatada ning sai nende perekonnanime. Tema vanaisa oli eluaegne kooli\u00f5petaja\u00a0Alfred Liigmann\u00a0(alates 1935. aastast Alfred Laansalu).<\/p>\n\n\n\n<p>Erik Tohvri k\u00e4is koolis Rakveres ja \u00f5ppis aastatel 1947\u20131951 Tallinnas Elektromehaanika Tehnikumis elektrotehnikat. Ta t\u00f6\u00f6tas kogu elu elektriga seotud ametikohtadel. Oli energeetik, elektriv\u00f5rgu valvedispet\u0161er, Harju Elektris juhtiv konstruktor, firmas ABB HE tegevdirektor.<\/p>\n\n\n\n<p>Juba koolipoisina tundis Erik Tohvri huvi kirjanduse vastu ja tegi esimesed katsed ise midagi kirja panna. Onu eeskujul valis ta elukutseks siiski tehnikaga seotud ameti. Hilisemas elus on Tohvri kahetsenud, et \u00f5pitavate ainete hulgas nappis humanitaariat.<\/p>\n\n\n\n<p>Esimesed kirjat\u00f6\u00f6d, peamiselt kuuldem\u00e4ngud, tegi ta Hans Laansalu nime all, alles hiljem valis pseudon\u00fc\u00fcmiks kunagisest s\u00fcnninimest tuletatud Tohvri.<\/p>\n\n\n\n<p>Erik Tohvri on kirjutanud 12 raadiokuuldem\u00e4ngu,\u00a0novelle,\u00a0humoreske, filmistsenaariumi filmile\u00a0\u201ePihlakav\u00e4ravad\u201c (1981, re\u017eiss\u00f6\u00f6r Veljo K\u00e4sper). P\u00e4rast pensionile j\u00e4\u00e4mist kirjutas ta p\u00f5hiliselt\u00a0romaane. Ta oli \u00e4\u00e4rmiselt viljakas kirjanik: tema sulest on ilmunud \u00fcle 30 romaani. Pensionile j\u00e4\u00e4des kirjutas ta peaaegu igal aastal uue teose. Tema loominguline keel on lihtne ja teemad rahval\u00e4hedased, sageli on teosed autobiograafilised, kuid protot\u00fc\u00fcpidele andis ta alati uued nimed. Teoste rohkus ja loetavuse kergus tegi Erik Tohvrist raamatukogude lugejate lemmiku. Avalikku tunnustust ja kriitikute kiidus\u00f5nu jagus talle harva. Ainsa autasuna v\u00f5itis ta korra Tammsaare nimelise preemia (2006. aastal romaani \u201eKaldaliiva\u201c eest).<\/p>\n\n\n\n<p><em>L. P.<\/em><\/p>\n\n\n\n<h4 class=\"wp-block-heading\"><br>Raamatud eesti keeles<\/h4>\n\n\n\n<p><strong><em>Romaanid<\/em><\/strong><br><strong>Majad j\u00f5e \u00e4\u00e4res<\/strong>. Autobiograafiline romaan. Tallinn: Olion, 2001, 254 lk. [2. tr\u00fckk: 2007.]<br><strong>Kollaste lehtede aegu<\/strong>. Tallinn: Varrak, 2002, 399 lk.<br><strong>Tants l\u00e4bi rukki<\/strong>. Tallinn: Varrak, 2003, 229 lk.<br><strong>Kaksikelu<\/strong>. Tallinn: Eesti Raamat, 2003, 317 lk.<br><strong>Kasev\u00e4lja<\/strong>. Tallinn: Varrak, 2003, 262 lk.<br><strong>Lummetallatud rada<\/strong>. Tallinn: Varrak, 2003, 302 lk.<br><strong>Elut\u00f6\u00f6<\/strong>. Tallinn: Varrak, 2004, 247 lk.<br><strong>Kodumaja<\/strong>. Tallinn: Varrak, 2004, 223 lk.<br><strong>Lepavere m\u00f5is<\/strong>. Tallinn: Varrak, 2004, 278 lk.<br><strong>Kaldaliiva<\/strong>. Tallinn: Varrak, 2005, 244 lk.<br><strong>\u00c4ravalitu. Esimene raamat<\/strong>. Tallinn: Varrak, 2005, 358 lk.<br><strong>\u00c4ravalitu. Teine raamat<\/strong>. Tallinn: Varrak, 2005, 303 lk.<br><strong>S\u00fcgisvalgus<\/strong>. Triloogia 1. osa. Tallinn: Varrak, 2005, 251 lk.<br><strong>Tuisune talv<\/strong>. Triloogia 2. osa. Tallinn: Varrak, 2006, 247 lk.<br><strong>Arglik kevad<\/strong>. Triloogia 3. osa. Tallinn: Varrak, 2006, 245 lk.<br><strong>M\u00fcrgiliblikas<\/strong>. Tallinn: Varrak, 2007, 236 lk. [2. tr\u00fckk: 2025.]<br><strong>Rannal \u00f5itseb kibuvits<\/strong>. Tallinn: Varrak, 2008, 271 lk.\u00a0<br><strong>Kodutute k\u00fcla. Esimene raamat. \u00dcmberasujad<\/strong>. Tallinn: Varrak, 2008, 359 lk.<br><strong>Kodutute k\u00fcla. Teine raamat. Sulasest sai peremees<\/strong>. Tallinn: Varrak, 2008, 358 lk.<br><strong>Kodutute k\u00fcla. Kolmas raamat. Pilvine taevas<\/strong>. Tallinn: Varrak, 2009, 343 lk.<br><strong>Kodutute k\u00fcla. Neljas raamat. L\u00e4\u00e4netuul, taeva luud<\/strong>. Tallinn: Varrak, 2009, 348 lk.<br><strong>Laenatud r\u00f5\u00f5mud<\/strong>. Tallinn: Varrak, 2010, 261 lk.<br><strong>e-armastus<\/strong>. Tallinn: Varrak, 2011, 222 lk.<br><strong>Naabrid<\/strong>. Tallinn: Varrak, 2011, 219 lk.<br><strong>Mere taga<\/strong>. Tallinn: Varrak, 2012, 231 lk.<br><strong>Kaamos<\/strong>. Tallinn: Varrak, 2013, 212 lk. [J\u00e4rg romaanile \u2018Mere taga\u2019.]<br><strong>Veel on aega<\/strong>. Tallinn: Varrak, 2014, 253 lk.\u00a0<br><strong>\u00dche katuse all<\/strong>.\u00a0Tallinn: Varrak, 2014, 221 lk.\u00a0<br><strong>Hingev\u00f5lg<\/strong>. Tallinn: Varrak, 2015, 215 lk.<br><strong>Irdabielu<\/strong>.\u00a0Tallinn: Erik Tohvri, 2016, 267 lk.<br><strong>\u00c4ri ja armastus<\/strong>. Tallinn: Varrak, 2016, 247 lk.<br><strong>S\u00f5brad ja hallikirju koerake<\/strong>. Keila: Erik Tohvri Romaan, 2017, 278 lk.<br><strong>Elup\u00f5letajad<\/strong>. Keila: ET, 2019, 200 lk.<br><strong>Ringm\u00e4ngulaulud<\/strong>. Elva: Lambri Raamat, 2021, 274 lk.<\/p>\n\n\n\n<p><strong><em>L\u00fchiproosa<\/em><\/strong><br><strong>Laanekuru saaga<\/strong>. L\u00fchiproosat l\u00e4bi aegade. Keila: Erik Tohvri Romaan, 2018, 255 lk.<\/p>\n\n\n\n<p><strong><em>Stsenaarium<\/em><\/strong><br>Hans Laansalu, <strong>Tuuline saar<\/strong>. M\u00e4ngufilmi stsenaarium. Tallinn: Perioodika (Loomingu Raamatukogu), 1982, 70 lk.<\/p>\n\n\n\n<p><strong><em>M\u00e4lestused<\/em><\/strong><br><strong>Peeglikillud. Meenutusi elust ja kirjutatust 1933-2006<\/strong>. Tallinn: Varrak, 2006, 379 lk.<\/p>\n","protected":false},"excerpt":{"rendered":"<p>Erik Tohvri\u00a0(kodanikunimega\u00a0Hans-Erik Laansalu, s\u00fcndides Hans-Erik Siemann-Toffry, 22. III 1933 \u2013 12. VI 2020) oli eesti kirjanik, \u00fcks 2000. ja 2010. aastate populaarsemaid prosaiste Eestis. Erik Tohvri s\u00fcndis Rakveres saksa ja rootsi p\u00e4ritolu s\u00f5jav\u00e4elase pojana, tema ema oli eestlane. Isapoolne vanaisa, &#8230;<\/p>\n","protected":false},"author":43,"featured_media":0,"parent":6510,"menu_order":0,"comment_status":"closed","ping_status":"closed","template":"","meta":{"_acf_changed":false,"inline_featured_image":false,"footnotes":""},"class_list":["post-8499","page","type-page","status-publish","hentry"],"acf":[],"_links":{"self":[{"href":"https:\/\/ewod.ut.ee\/et\/wp-json\/wp\/v2\/pages\/8499","targetHints":{"allow":["GET"]}}],"collection":[{"href":"https:\/\/ewod.ut.ee\/et\/wp-json\/wp\/v2\/pages"}],"about":[{"href":"https:\/\/ewod.ut.ee\/et\/wp-json\/wp\/v2\/types\/page"}],"author":[{"embeddable":true,"href":"https:\/\/ewod.ut.ee\/et\/wp-json\/wp\/v2\/users\/43"}],"replies":[{"embeddable":true,"href":"https:\/\/ewod.ut.ee\/et\/wp-json\/wp\/v2\/comments?post=8499"}],"version-history":[{"count":2,"href":"https:\/\/ewod.ut.ee\/et\/wp-json\/wp\/v2\/pages\/8499\/revisions"}],"predecessor-version":[{"id":8503,"href":"https:\/\/ewod.ut.ee\/et\/wp-json\/wp\/v2\/pages\/8499\/revisions\/8503"}],"up":[{"embeddable":true,"href":"https:\/\/ewod.ut.ee\/et\/wp-json\/wp\/v2\/pages\/6510"}],"wp:attachment":[{"href":"https:\/\/ewod.ut.ee\/et\/wp-json\/wp\/v2\/media?parent=8499"}],"curies":[{"name":"wp","href":"https:\/\/api.w.org\/{rel}","templated":true}]}}