{"id":8508,"date":"2024-04-03T23:41:58","date_gmt":"2024-04-03T20:41:58","guid":{"rendered":"https:\/\/sisu.ut.ee\/ewod\/?page_id=8508"},"modified":"2026-04-21T18:11:25","modified_gmt":"2026-04-21T15:11:25","slug":"urve-tinnuri","status":"publish","type":"page","link":"https:\/\/ewod.ut.ee\/et\/t\/urve-tinnuri\/","title":{"rendered":"Urve Tinnuri"},"content":{"rendered":"<p>Urve Tinnuri (s\u00fcnd. 1953) on luuletaja, romaanikirjanik, lastekirjanik ja ajakirjanik.<\/p>\n\n\n\n<p>Tinnuri on p\u00e4rit Viru-Jaagupist. Ta \u00f5ppis Viru-Jaagupi 8-klassilises koolis, hiljem Tartus kirjandusliku kallakuga Johannes Semperi nimelises 8. keskkoolis. Ta on \u00f5ppinud Tartu \u00dclikoolis eesti filoloogiat. Tinnuri on Eesti Kirjanike Liidu liige 2019. aastast.<\/p>\n\n\n\n<p>Esimesed v\u00e4rsid avaldas Tinnuri koolialmanahhis. Tinnuri esimene luulekogu \u201eV\u00e4raval\u201c ilmus 2001. aastal. Urve Tinnuri viljakus hakkas t\u00e4ielikult avalduma 21. sajandi teisel k\u00fcmnendil. Tema sulest on lisaks luulekogudele ilmunud arvukalt lasteraamatuid, samuti romaane. Tinnuri romaanide keskmes on kujunemisj\u00e4rgus naistegelased. Enamikus romaanides p\u00fchendub autor eesti naiste eluprobleemidele 2. maailmas\u00f5ja j\u00e4rgsetel aastak\u00fcmnetel.<\/p>\n\n\n\n<p>Urve Tinnuri on olnud aktiivne arvamuslugude kirjutaja ajalehele Virumaa Teataja, tema artikleid on ilmunud ka maakonnalehes Vooremaa ning ajakirjades Eesti Naine, Elukiri ja Tervis Pluss.<\/p>\n\n\n\n<p>2013. aastal p\u00e4lvis Urve Tinnuri lasteraamat \u201eLaisk n\u00f5udepesumasin\u201c K. E. S\u00f6\u00f6di lasteluuleauhinna.<\/p>\n\n\n\n<p><em>L. P.<\/em><\/p>\n\n\n\n<h4 class=\"wp-block-heading\"><br>Raamatud eesti keeles<\/h4>\n\n\n\n<p><strong><em>Luule<\/em><\/strong><br><strong>V\u00e4raval<\/strong>. Tallinn: U. Tinnuri, 2001. 55 lk.<br><strong>Eksinud ingel<\/strong>. Vinni (L\u00e4\u00e4ne-Virumaa): U. Tinnuri, 2002. 69 lk.<br><strong>Varjust v\u00f5etud<\/strong>. Vinni (L\u00e4\u00e4ne-Virumaa): U. Tinnuri, 2003. 66 lk.<br><strong>S\u00fcda kui Jumal<\/strong>. Habaja: Kentaur, 2005. 80 lk.<br><strong>\u00dchel ja teisel pool<\/strong>. Habaja: Kentaur, 2007. 80 lk.<br><strong>Valge lillepood<\/strong>. P\u00e4ide: U. Tinnuri, 2010. 96 lk.<br><strong>Mu pihk on puu<\/strong>: luulevalimik aastaist 2000\u20132015. Tallinn: Canopus, 2016. 168 lk.<br><strong>L\u00e4bi halli mere<\/strong>: v\u00e4ike sonetivalimik. Tallinn: Canopus, 2021. 39 lk.<\/p>\n\n\n\n<p><strong><em>Romaanid<\/em><\/strong><br><strong>Kaks \u00f6\u00f6d mahaj\u00e4etud majas<\/strong>. Tallinn: Canopus, 2016. 135 lk.<br><strong>Kui p\u00f5ld oleks j\u00e4rv<\/strong>. Tallinn: Canopus, 2017. 154 lk.<br><strong>Kahe eemalolija villa<\/strong>. Tallinn: Canopus, 2018. 144 lk.<br><strong>\u00d5ed<\/strong>. Tallinn: Canopus, 2019. 144 lk.<br><strong>Minevik algab homme<\/strong>. Tallinn: Canopus, 2020. 144 lk.<br><strong>Rabasaar<\/strong>. Tallinn: Canopus, 2020. 148 lk.<br><strong>Leonora<\/strong>. Tallinn: Canopus, 2021. 157 lk.<br><strong>Nagu lainevahust t\u00f5usnud<\/strong>. Tallinn: Canopus, 2022, 140 lk.<br><strong>Neliteist nagisevat trepiastet<\/strong>. Tallinn: Canopus, 2022, 132 lk.<br><strong>Kapi taga elab ingel<\/strong>. Tallinn: Canopus, 2023, 141 lk.<br><strong>Viimane mets<\/strong>. Tallinn: Canopus, 2023, 144 lk.<br><strong>Siinpool praokil ust<\/strong>. Tallinn: Canopus, 2024, 135 lk.<br><strong>Tulem\u00e4rgiga naine<\/strong>. Tallinn: Canopus, 2024, 122 lk.<br><strong>N\u00f5iaorg<\/strong>. Tallinn: Canopus, 2025, 126 lk.<br><strong>\u00dcksiku luige v\u00f5\u00f5rastemaja<\/strong>. Tallinn: Canopus, 2025, 126 lk.<\/p>\n\n\n\n<p><strong><em>Lasteraamatud<\/em><\/strong><br><strong>Julge merer\u00f6\u00f6vli muinasjutt<\/strong>. Tallinn: TEA Kirjastus, 2012. 18 lk.<br><strong>Kolm p\u00e4kapikku<\/strong>. Tallinn: TEA Kirjastus, 2013. 30 lk.<br><strong>Laisk n\u00f5udepesumasin<\/strong>. Tallinn: TEA Kirjastus, 2013. 20 lk.<br><strong>Draakon T\u00f5nn ja vares Vilma<\/strong>. Tallinn: TEA Kirjastus, 2014. 20 lk.<br><strong>Pahupidi k\u00fcla<\/strong>. Tallinn: TEA Kirjastus, 2014. 20 lk.<br><strong>P\u00e4kapikk J\u00e4sper<\/strong>. Tallinn: TEA Kirjastus, 2014. 18 lk.<br><strong>Koprapoiss Kaur l\u00e4heb kooli<\/strong>. Tallinn: TEA Kirjastus, 2015. 20 lk.<br><strong>Lumekuninganna m\u00e4rkas lehes\u2026<\/strong> Tallinn: TEA Kirjastus, 2015. 23 lk.<br><strong>Sipelgas Reet<\/strong> [lustakas v\u00e4rsslugu]. Tallinn: TEA Kirjastus, 2015. 21 lk.<br><strong>Vanaisa v\u00f5luhaamer<\/strong>. Tallinn: Canopus, 2015. 126 lk.<br><strong>Seitse seppa<\/strong>. Tallinn: TEA Kirjastus, 2016. 24 lk.<br><strong>Vahva r\u00e4tsep, jalad ristis\u2026<\/strong> Tallinn: TEA Kirjastus, 2016. 22 lk.<br><strong>Une viis n\u00e4gu<\/strong>. Tallinn: Canopus, 2017. 80 lk.<br><strong>Teine lisaaeg<\/strong>. Tallinn: Canopus, 2018. 86 lk.<br><strong>Hamster J\u00f5mmu nutikas<\/strong>. P\u00e4rnu: Hea Tegu, 2019. 34 lk.<br><strong>Oh seda pesamuna k\u00fcll<\/strong>. P\u00e4rnu: Hea Tegu, 2019. 31 lk.<br><strong>Ainuke laps<\/strong>. P\u00e4rnu: Hea Tegu, 2020. 27 lk.<br><strong>Halli v\u00e4rvipliiatsi seiklused<\/strong>. P\u00e4rnu: Hea Tegu, 2020. 52 lk.<br><strong>S\u00f5brad Kukerpalli k\u00fclast<\/strong>. P\u00e4rnu: Hea Tegu, 2022. 26 lk.<br><strong>Tuvi hakkas talunikuks<\/strong>. P\u00e4rnu: Hea Tegu, 2022. 48 lk.<br><strong>Lapsemeelselt, h\u00f5bekeelselt<\/strong>. P\u00e4rnu: Hea Tegu, 2023, 64 lk. [Lasteluule.]<\/p>\n\n\n\n<p><strong><em>Elulood<\/em><\/strong><br><strong>Toomas Anni: tavatult tavaline<\/strong>. Tallinn: Fookus Meedia, 2010. 110 lk.<\/p>\n","protected":false},"excerpt":{"rendered":"<p>Urve Tinnuri (s\u00fcnd. 1953) on luuletaja, romaanikirjanik, lastekirjanik ja ajakirjanik. Tinnuri on p\u00e4rit Viru-Jaagupist. Ta \u00f5ppis Viru-Jaagupi 8-klassilises koolis, hiljem Tartus kirjandusliku kallakuga Johannes Semperi nimelises 8. keskkoolis. Ta on \u00f5ppinud Tartu \u00dclikoolis eesti filoloogiat. Tinnuri on Eesti Kirjanike Liidu &#8230;<\/p>\n","protected":false},"author":43,"featured_media":0,"parent":6510,"menu_order":0,"comment_status":"closed","ping_status":"closed","template":"","meta":{"_acf_changed":false,"inline_featured_image":false,"footnotes":""},"class_list":["post-8508","page","type-page","status-publish","hentry"],"acf":[],"_links":{"self":[{"href":"https:\/\/ewod.ut.ee\/et\/wp-json\/wp\/v2\/pages\/8508","targetHints":{"allow":["GET"]}}],"collection":[{"href":"https:\/\/ewod.ut.ee\/et\/wp-json\/wp\/v2\/pages"}],"about":[{"href":"https:\/\/ewod.ut.ee\/et\/wp-json\/wp\/v2\/types\/page"}],"author":[{"embeddable":true,"href":"https:\/\/ewod.ut.ee\/et\/wp-json\/wp\/v2\/users\/43"}],"replies":[{"embeddable":true,"href":"https:\/\/ewod.ut.ee\/et\/wp-json\/wp\/v2\/comments?post=8508"}],"version-history":[{"count":3,"href":"https:\/\/ewod.ut.ee\/et\/wp-json\/wp\/v2\/pages\/8508\/revisions"}],"predecessor-version":[{"id":8513,"href":"https:\/\/ewod.ut.ee\/et\/wp-json\/wp\/v2\/pages\/8508\/revisions\/8513"}],"up":[{"embeddable":true,"href":"https:\/\/ewod.ut.ee\/et\/wp-json\/wp\/v2\/pages\/6510"}],"wp:attachment":[{"href":"https:\/\/ewod.ut.ee\/et\/wp-json\/wp\/v2\/media?parent=8508"}],"curies":[{"name":"wp","href":"https:\/\/api.w.org\/{rel}","templated":true}]}}