{"id":8580,"date":"2024-04-03T23:41:15","date_gmt":"2024-04-03T20:41:15","guid":{"rendered":"https:\/\/sisu.ut.ee\/ewod\/?page_id=8580"},"modified":"2026-04-24T00:08:35","modified_gmt":"2026-04-23T21:08:35","slug":"ilmar-taska","status":"publish","type":"page","link":"https:\/\/ewod.ut.ee\/et\/t\/ilmar-taska\/","title":{"rendered":"Ilmar Taska"},"content":{"rendered":"<figure class=\"wp-block-image alignright size-large is-resized\"><a href=\"https:\/\/sisu.ut.ee\/wp-content\/uploads\/sites\/108\/ilmar_taska_kalju_suur-scaled.jpg\"><img loading=\"lazy\" decoding=\"async\" width=\"1024\" height=\"731\" src=\"https:\/\/sisu.ut.ee\/wp-content\/uploads\/sites\/108\/ilmar_taska_kalju_suur-1024x731.jpg\" alt=\"\" class=\"wp-image-6256\" style=\"aspect-ratio:1.4007782101167314;width:401px;height:auto\" title=\"Foto: Kalju Suur\" srcset=\"https:\/\/sisu.ut.ee\/wp-content\/uploads\/sites\/108\/ilmar_taska_kalju_suur-1024x731.jpg 1024w, https:\/\/sisu.ut.ee\/wp-content\/uploads\/sites\/108\/ilmar_taska_kalju_suur-300x214.jpg 300w, https:\/\/sisu.ut.ee\/wp-content\/uploads\/sites\/108\/ilmar_taska_kalju_suur-768x548.jpg 768w, https:\/\/sisu.ut.ee\/wp-content\/uploads\/sites\/108\/ilmar_taska_kalju_suur-1536x1097.jpg 1536w, https:\/\/sisu.ut.ee\/wp-content\/uploads\/sites\/108\/ilmar_taska_kalju_suur-2048x1462.jpg 2048w, https:\/\/sisu.ut.ee\/wp-content\/uploads\/sites\/108\/ilmar_taska_kalju_suur-1920x1371.jpg 1920w\" sizes=\"auto, (max-width: 1024px) 100vw, 1024px\"><\/a><\/figure>\n\n\n\n<p>Ilmar Taska (s\u00fcndinud 21. V 1953) on produtsent, re\u017eiss\u00f6\u00f6r, lavastaja ning prosaist.<\/p>\n\n\n\n<p>S\u00fcndis Eestist k\u00fc\u00fcditatute perekonnas Kirovis Venemaal, \u00f5ppis Tallinnas, \u00dclevenemaalises Riiklikus Kinematograafia Instituudis, Rootsi Filmi Instituudis (Dramatiska Institutet) ja Hollywoodis. T\u00f6\u00f6tanud muuhulgas Tallinnfilmis. Lahkus 1978. aastal Rootsi ning sealt edasi USAsse, kus on olnud tegev filminduses. Eestis l\u00f5i 1990. aastate alguses esimese eratelekanali Kanal 2. Osalenud mitmete filmide tegemisel nii produtsendi, re\u017eiss\u00f6\u00f6ri kui stsenaristina. Lavastanud ka teatris.<\/p>\n\n\n\n<p><a><\/a> Juba 16-aastaselt Rahva H\u00e4\u00e4les ilmunud kirjat\u00f6\u00f6 eest esimese kirjandusauhinna v\u00f5itnud Taska tuli suurde kirjandusmaailma 2010ndatel, esmalt ilmus autobiograafilise tagap\u00f5hjaga proosakogu \u201eParem kui elu\u201c (2011), mis kajastab muuhulgas aastaid Hollywoodis ning t\u00f6\u00f6d 20th Century Foxi stuudios. Kogumikus ilmunud novell \u201eBann\u00f5i p\u00f5ikt\u00e4nav\u201c (inglise keelde t\u00f5lgituna \u201eApartment for rent\u201c) valiti Dalkey Archive Pressi mainekasse kogumikku \u201eBest European Fiction 2016\u201c. 2013. aastal Loomingus ilmunud (ja Loomingu novellipreemia v\u00f5itnud) novellile \u201ePobeda\u201c toetuv deb\u00fc\u00fctromaan \u201ePobeda 1946\u201c (2016) heidab pilgu 1940. aastate teise poole elule ja inimsaatustele n\u00f5ukogude s\u00fcsteemi raudses haardes. Teose keskpunktis on \u00fche poisi ja tema l\u00e4hedaste lugu, milles p\u00f6\u00f6rdeliseks osutub kohtumine s\u00f5iduautoga Pobeda s\u00f5itva KGBlasega.<\/p>\n\n\n\n<p><em>A. K.<\/em><\/p>\n\n\n\n<p><\/p>\n\n\n\n<p>Koduleht:<br><a href=\"https:\/\/taskailmar.wixsite.com\/literature\"><strong>https:\/\/taskailmar.wixsite.com\/literature<\/strong><\/a><\/p>\n\n\n\n<h4 class=\"wp-block-heading\"><br>Raamatud eesti keeles<\/h4>\n\n\n\n<p><em><strong>Romaan<\/strong><\/em><br><strong>Pobeda 1946<\/strong>. Tallinn: Varrak, 2016, 306 lk.<\/p>\n\n\n\n<p><em><strong>L\u00fchiproosa<\/strong><\/em><br><strong>Parem kui elu ja l\u00fchijutte<\/strong>. Tallinn: Hea Lugu, 2011, 228 lk.<\/p>\n","protected":false},"excerpt":{"rendered":"<p>Ilmar Taska (s\u00fcndinud 21. V 1953) on produtsent, re\u017eiss\u00f6\u00f6r, lavastaja ning prosaist. S\u00fcndis Eestist k\u00fc\u00fcditatute perekonnas Kirovis Venemaal, \u00f5ppis Tallinnas, \u00dclevenemaalises Riiklikus Kinematograafia Instituudis, Rootsi Filmi Instituudis (Dramatiska Institutet) ja Hollywoodis. T\u00f6\u00f6tanud muuhulgas Tallinnfilmis. Lahkus 1978. aastal Rootsi ning sealt &#8230;<\/p>\n","protected":false},"author":43,"featured_media":0,"parent":6510,"menu_order":0,"comment_status":"closed","ping_status":"closed","template":"","meta":{"_acf_changed":false,"inline_featured_image":false,"footnotes":""},"class_list":["post-8580","page","type-page","status-publish","hentry"],"acf":[],"_links":{"self":[{"href":"https:\/\/ewod.ut.ee\/et\/wp-json\/wp\/v2\/pages\/8580","targetHints":{"allow":["GET"]}}],"collection":[{"href":"https:\/\/ewod.ut.ee\/et\/wp-json\/wp\/v2\/pages"}],"about":[{"href":"https:\/\/ewod.ut.ee\/et\/wp-json\/wp\/v2\/types\/page"}],"author":[{"embeddable":true,"href":"https:\/\/ewod.ut.ee\/et\/wp-json\/wp\/v2\/users\/43"}],"replies":[{"embeddable":true,"href":"https:\/\/ewod.ut.ee\/et\/wp-json\/wp\/v2\/comments?post=8580"}],"version-history":[{"count":2,"href":"https:\/\/ewod.ut.ee\/et\/wp-json\/wp\/v2\/pages\/8580\/revisions"}],"predecessor-version":[{"id":8583,"href":"https:\/\/ewod.ut.ee\/et\/wp-json\/wp\/v2\/pages\/8580\/revisions\/8583"}],"up":[{"embeddable":true,"href":"https:\/\/ewod.ut.ee\/et\/wp-json\/wp\/v2\/pages\/6510"}],"wp:attachment":[{"href":"https:\/\/ewod.ut.ee\/et\/wp-json\/wp\/v2\/media?parent=8580"}],"curies":[{"name":"wp","href":"https:\/\/api.w.org\/{rel}","templated":true}]}}