{"id":8615,"date":"2024-04-03T23:41:17","date_gmt":"2024-04-03T20:41:17","guid":{"rendered":"https:\/\/sisu.ut.ee\/ewod\/?page_id=8615"},"modified":"2026-04-24T12:19:08","modified_gmt":"2026-04-24T09:19:08","slug":"oskar-tanner","status":"publish","type":"page","link":"https:\/\/ewod.ut.ee\/et\/t\/oskar-tanner\/","title":{"rendered":"Oskar Tanner"},"content":{"rendered":"<p>Oskar Tanner (kodanikunimega Lembit Rattus, s\u00fcndinud 26. IX 1939) on prosaist ja lastekirjanik.<\/p>\n\n\n\n<p>Tanner s\u00fcndis Tartus, \u00f5ppis aastatel 1947\u20131958 Tallinna 22. keskkoolis ning l\u00f5petas 1963. aastal Tallinna Pedagoogilise \u00dclikooli eesti keele ja kirjanduse osakonna. Ta t\u00f6\u00f6tas aastatel 1975\u20131977 lasteajakirja T\u00e4heke ja noorteajakirja Pioneer toimetuses, oli aastatel 1977\u20131985 Pioneeri peatoimetaja ning aastatel 1986\u20131988 ajakirja Teater. Muusika. Kino peatoimetaja. Oskar Tanner oli 1969-1989 NLKP liige. Tanner on t\u00f6\u00f6tanud ka ajalehes Rahva H\u00e4\u00e4l ning aastatel 1995\u20131998 ajalehtede Eesti S\u00f5numid ja S\u00f5numileht kultuuritoimetuses. Alates aastast 1998 oli ta kirjastuse Tiritamm peatoimetaja.<\/p>\n\n\n\n<p>Tanner sai tuntuks ajakirjas Pioneer avaldatud noorsoojuttudega, mis kujutasid usutavalt vahejuhtumeid omaaegses koolielus. Aastatel 1982, 1985 ja 1994 ilmus Tannerilt kolm lastejuttude kogumikku. 2006. aastal ilmus Tanneri sulest autobiograafiliste sugemetega mahukas romaan \u201eMai l\u00f5pus \u00f5itsevad sirelid\u201c. Romaani teemaks on koolipoiste elu 1950. aastate keskpaiga Tallinnas. Teos pakub tasakaalustatud pildi noorukite tundeelust ajalooliselt t\u00f5etruus \u00f5hustikus.<\/p>\n\n\n\n<p><em>L. P.<\/em><\/p>\n\n\n\n<h4 class=\"wp-block-heading\"><br>Raamatud eesti keeles<\/h4>\n\n\n\n<p><strong><em>Romaanid<\/em><\/strong><br><strong>Mai l\u00f5pus \u00f5itsevad sirelid<\/strong>. Tallinn: T\u00e4nap\u00e4ev, 2006. 418 lk.<\/p>\n\n\n\n<p><strong><em>Jutud<\/em><\/strong><br><strong>S\u00f5nakuulmatud<\/strong>. Tallinn: Eesti Raamat, 1982. 75 lk.<br><strong>H\u00fcvastij\u00e4tt<\/strong>. Tallinn: Eesti Raamat, 1985. 87 lk.<br><strong>Poisid<\/strong>. Tallinn: O. Tanner, 1994. 180 lk.<br><strong>Kati, p\u00e4kapikk ja Prominent<\/strong>. Tallinn: T\u00e4nap\u00e4ev, 2002. 43 lk.<\/p>\n","protected":false},"excerpt":{"rendered":"<p>Oskar Tanner (kodanikunimega Lembit Rattus, s\u00fcndinud 26. IX 1939) on prosaist ja lastekirjanik. Tanner s\u00fcndis Tartus, \u00f5ppis aastatel 1947\u20131958 Tallinna 22. keskkoolis ning l\u00f5petas 1963. aastal Tallinna Pedagoogilise \u00dclikooli eesti keele ja kirjanduse osakonna. Ta t\u00f6\u00f6tas aastatel 1975\u20131977 lasteajakirja T\u00e4heke &#8230;<\/p>\n","protected":false},"author":43,"featured_media":0,"parent":6510,"menu_order":0,"comment_status":"closed","ping_status":"closed","template":"","meta":{"_acf_changed":false,"inline_featured_image":false,"footnotes":""},"class_list":["post-8615","page","type-page","status-publish","hentry"],"acf":[],"_links":{"self":[{"href":"https:\/\/ewod.ut.ee\/et\/wp-json\/wp\/v2\/pages\/8615","targetHints":{"allow":["GET"]}}],"collection":[{"href":"https:\/\/ewod.ut.ee\/et\/wp-json\/wp\/v2\/pages"}],"about":[{"href":"https:\/\/ewod.ut.ee\/et\/wp-json\/wp\/v2\/types\/page"}],"author":[{"embeddable":true,"href":"https:\/\/ewod.ut.ee\/et\/wp-json\/wp\/v2\/users\/43"}],"replies":[{"embeddable":true,"href":"https:\/\/ewod.ut.ee\/et\/wp-json\/wp\/v2\/comments?post=8615"}],"version-history":[{"count":1,"href":"https:\/\/ewod.ut.ee\/et\/wp-json\/wp\/v2\/pages\/8615\/revisions"}],"predecessor-version":[{"id":8616,"href":"https:\/\/ewod.ut.ee\/et\/wp-json\/wp\/v2\/pages\/8615\/revisions\/8616"}],"up":[{"embeddable":true,"href":"https:\/\/ewod.ut.ee\/et\/wp-json\/wp\/v2\/pages\/6510"}],"wp:attachment":[{"href":"https:\/\/ewod.ut.ee\/et\/wp-json\/wp\/v2\/media?parent=8615"}],"curies":[{"name":"wp","href":"https:\/\/api.w.org\/{rel}","templated":true}]}}