{"id":8628,"date":"2024-04-03T23:41:35","date_gmt":"2024-04-03T20:41:35","guid":{"rendered":"https:\/\/sisu.ut.ee\/ewod\/?page_id=8628"},"modified":"2026-04-24T13:44:45","modified_gmt":"2026-04-24T10:44:45","slug":"liina-tammiste","status":"publish","type":"page","link":"https:\/\/ewod.ut.ee\/et\/t\/liina-tammiste\/","title":{"rendered":"Liina Tammiste"},"content":{"rendered":"<p>Liina Tammiste (s\u00fcnd. 30. III 1979) on luuletaja.<\/p>\n\n\n\n<p>Tammiste sai tuntuks ennek\u00f5ike kui nn. Facebooki-luule \u00fcks esimesi esindajaid, kes postitab loomingut oma Facebooki profiilile. Ta alustas luuletuste postitamist 2010. aastal. Tammiste kirjutab oma luuletusi mina-vormis. Ta v\u00e4ldib punktuatsiooni ja suuri algust\u00e4hti, kasutab l\u00fchendusi, v\u00e4ljaj\u00e4tteid, anglitsisme.<\/p>\n\n\n\n<p>2013. aastal avaldatud esikkogu \u201eRefresh\u201c oli eesti kirjanduses esimene Facebooki-luuletuste p\u00f5hjal tehtud raamat. Pool aastat hiljem, 2014. aasta kevadel ilmus \u201eV\u00e4ike must kleit\u201c (kuigi impressumis on kirjas ilmumisaasta 2013). Kui raamatu \u201eRefresh\u201c eesm\u00e4rgiks oli esitleda Tammiste loomingu paremikku l\u00e4bi aastate, siis luulekogu \u201eV\u00e4ike must kleit\u201c keskendub luuletaja uuematele tekstidele ning kannab alapealkirja: \u201e(t)imeline poeem detailides\u201c. Raamatust v\u00f5ib leida armastusl\u00fc\u00fcrikat.<\/p>\n\n\n\n<p>Luulekogu \u201eTagurpidi kuu\u201c p\u00f5hiteema on emaks olemine.<\/p>\n\n\n\n<p>Liina Tammiste on Kirjanike Liidu liige 2018. aastast.<\/p>\n\n\n\n<p><em>L. P.<\/em><\/p>\n\n\n\n<h4 class=\"wp-block-heading\"><br>Raamatud eesti keeles<\/h4>\n\n\n\n<p><em><strong>Luule<\/strong><\/em><br><strong>Refresh<\/strong>. Tallinn: N\u00e4o Kirik, 2013. 1 mapp (2 vihikut: 32 lk. ja 33\u201362 lk.)<br><strong>V\u00e4ike must kleit<\/strong>: (t)imeline poeem detailides. Tallinn: N\u00e4o Kirik, 2014. 172 lk.<br><strong>Tagurpidi kuu<\/strong>. Tallinn: Kite, 2017. 147 lk.<\/p>\n","protected":false},"excerpt":{"rendered":"<p>Liina Tammiste (s\u00fcnd. 30. III 1979) on luuletaja. Tammiste sai tuntuks ennek\u00f5ike kui nn. Facebooki-luule \u00fcks esimesi esindajaid, kes postitab loomingut oma Facebooki profiilile. Ta alustas luuletuste postitamist 2010. aastal. Tammiste kirjutab oma luuletusi mina-vormis. Ta v\u00e4ldib punktuatsiooni ja suuri &#8230;<\/p>\n","protected":false},"author":43,"featured_media":0,"parent":6510,"menu_order":0,"comment_status":"closed","ping_status":"closed","template":"","meta":{"_acf_changed":false,"inline_featured_image":false,"footnotes":""},"class_list":["post-8628","page","type-page","status-publish","hentry"],"acf":[],"_links":{"self":[{"href":"https:\/\/ewod.ut.ee\/et\/wp-json\/wp\/v2\/pages\/8628","targetHints":{"allow":["GET"]}}],"collection":[{"href":"https:\/\/ewod.ut.ee\/et\/wp-json\/wp\/v2\/pages"}],"about":[{"href":"https:\/\/ewod.ut.ee\/et\/wp-json\/wp\/v2\/types\/page"}],"author":[{"embeddable":true,"href":"https:\/\/ewod.ut.ee\/et\/wp-json\/wp\/v2\/users\/43"}],"replies":[{"embeddable":true,"href":"https:\/\/ewod.ut.ee\/et\/wp-json\/wp\/v2\/comments?post=8628"}],"version-history":[{"count":3,"href":"https:\/\/ewod.ut.ee\/et\/wp-json\/wp\/v2\/pages\/8628\/revisions"}],"predecessor-version":[{"id":8631,"href":"https:\/\/ewod.ut.ee\/et\/wp-json\/wp\/v2\/pages\/8628\/revisions\/8631"}],"up":[{"embeddable":true,"href":"https:\/\/ewod.ut.ee\/et\/wp-json\/wp\/v2\/pages\/6510"}],"wp:attachment":[{"href":"https:\/\/ewod.ut.ee\/et\/wp-json\/wp\/v2\/media?parent=8628"}],"curies":[{"name":"wp","href":"https:\/\/api.w.org\/{rel}","templated":true}]}}