{"id":8640,"date":"2024-04-03T23:40:32","date_gmt":"2024-04-03T20:40:32","guid":{"rendered":"https:\/\/sisu.ut.ee\/ewod\/?page_id=8640"},"modified":"2026-04-24T16:05:26","modified_gmt":"2026-04-24T13:05:26","slug":"triin-katariina-tammert","status":"publish","type":"page","link":"https:\/\/ewod.ut.ee\/et\/t\/triin-katariina-tammert\/","title":{"rendered":"Triin Katariina Tammert"},"content":{"rendered":"<figure class=\"wp-block-image alignright size-full is-resized\"><a href=\"https:\/\/sisu.ut.ee\/wp-content\/uploads\/sites\/108\/image0.jpeg\"><img loading=\"lazy\" decoding=\"async\" width=\"378\" height=\"567\" src=\"https:\/\/sisu.ut.ee\/wp-content\/uploads\/sites\/108\/image0.jpeg\" alt=\"\" class=\"wp-image-6416\" style=\"width:182px;height:auto\" srcset=\"https:\/\/sisu.ut.ee\/wp-content\/uploads\/sites\/108\/image0.jpeg 378w, https:\/\/sisu.ut.ee\/wp-content\/uploads\/sites\/108\/image0-200x300.jpeg 200w\" sizes=\"auto, (max-width: 378px) 100vw, 378px\"><\/a><\/figure>\n\n\n\n<p>Triin Katariina Tammert (kodanikunimi Triin Tammert, s\u00fcndinud 20. I 1982) on ajakirjanik ja kirjanik.<\/p>\n\n\n\n<p>Tammert \u00f5ppinud Tartu \u00dclikoolis ajakirjandust ja suhtekorraldust ning magistri\u00f5ppes kommunikatsioonijuhtimist. Ta on t\u00f6\u00f6tanud ajalehes Postimees, olnud ajakirja Trend tegev- ja peatoimetaja, Estonian Airi pardaajakirja In Time projektijuht ning ajalehe Eesti Ekspress veebitoimetaja.<\/p>\n\n\n\n<p>Ilukirjanduslikku loomingut on Tammert avaldanud 2013. aastast, mil ilmus ka lennundusest inspireeritud romaan \u201eLenda minuga\u201c. Rannaromaanina on m\u00e4\u00e4ratletud \u201eInglid ja kelmid\u201c (2016), mis leidis \u00e4ra m\u00e4rkimist kirjanduskonkursil Bestseller. Mart Kadastikuga kahasse on kirjutatud romaan \u201ePaarism\u00e4ng\u201c (2014). V\u00f5ru linnast on inspireeritud romaan \u201eV\u00f5r(g)utamine\u201c (2021). Tammerti teoste keskmes on valdavalt kaasaegse maailma tunnetuslikud k\u00fcsimused, suhted ja suhete r\u00e4gastikud, peamiselt noorte naiste eneseotsingud ja eluvalikud.<\/p>\n\n\n\n<p><em>A. K.<\/em><\/p>\n\n\n\n<h4 class=\"wp-block-heading\"><br>Raamatud eesti keeles<\/h4>\n\n\n\n<p><strong><em>Romaanid<\/em><\/strong><br>Katariina Tammert, <strong>Lenda minuga<\/strong>: lennuromaan. Tallinn: T. Tammert, 2013, 174 lk<br>Katariina Tammert, Mart Kadastik, <strong>Paarism\u00e4ng<\/strong>. Tallinn: Varrak, 2014. 309 lk.<br>Katariina Tammert, <strong>Inglid ja kelmid<\/strong>: rannaromaan. Tallinn: Pilgrim, 2016, 240 lk<br><strong>V\u00f5r(g)utamine<\/strong>: V\u00f5ru romaan. Tallinn: Pilgrim, 2021, 175 lk<br><strong>Kaneelimaja &amp; paradiisiaed: \u00fche naise, maja ja aia uue elu lugu.<\/strong> [Tallinn]: Pilgrim, 2024. 254 lk<\/p>\n\n\n\n<p><strong><em>Varia<\/em><\/strong><br>Igor Mang, Triin Katariina Tammert, <strong>Igor Mangi elu ja astroloogiatarkused<\/strong>. Tallinn: Pilgrim, 2016, 256 lk<br><strong>K\u00fcsi ja Sulle antakse: kuidas harjutada kohalolekut, kuulata m\u00e4rkide abil oma s\u00fcdant ja luua nii enda unelmate elu<\/strong>. Tallinn: Pilgrim, 2018, 176 lk<\/p>\n","protected":false},"excerpt":{"rendered":"<p>Triin Katariina Tammert (kodanikunimi Triin Tammert, s\u00fcndinud 20. I 1982) on ajakirjanik ja kirjanik. Tammert \u00f5ppinud Tartu \u00dclikoolis ajakirjandust ja suhtekorraldust ning magistri\u00f5ppes kommunikatsioonijuhtimist. Ta on t\u00f6\u00f6tanud ajalehes Postimees, olnud ajakirja Trend tegev- ja peatoimetaja, Estonian Airi pardaajakirja In Time &#8230;<\/p>\n","protected":false},"author":43,"featured_media":0,"parent":6510,"menu_order":0,"comment_status":"closed","ping_status":"closed","template":"","meta":{"_acf_changed":false,"inline_featured_image":false,"footnotes":""},"class_list":["post-8640","page","type-page","status-publish","hentry"],"acf":[],"_links":{"self":[{"href":"https:\/\/ewod.ut.ee\/et\/wp-json\/wp\/v2\/pages\/8640","targetHints":{"allow":["GET"]}}],"collection":[{"href":"https:\/\/ewod.ut.ee\/et\/wp-json\/wp\/v2\/pages"}],"about":[{"href":"https:\/\/ewod.ut.ee\/et\/wp-json\/wp\/v2\/types\/page"}],"author":[{"embeddable":true,"href":"https:\/\/ewod.ut.ee\/et\/wp-json\/wp\/v2\/users\/43"}],"replies":[{"embeddable":true,"href":"https:\/\/ewod.ut.ee\/et\/wp-json\/wp\/v2\/comments?post=8640"}],"version-history":[{"count":3,"href":"https:\/\/ewod.ut.ee\/et\/wp-json\/wp\/v2\/pages\/8640\/revisions"}],"predecessor-version":[{"id":8644,"href":"https:\/\/ewod.ut.ee\/et\/wp-json\/wp\/v2\/pages\/8640\/revisions\/8644"}],"up":[{"embeddable":true,"href":"https:\/\/ewod.ut.ee\/et\/wp-json\/wp\/v2\/pages\/6510"}],"wp:attachment":[{"href":"https:\/\/ewod.ut.ee\/et\/wp-json\/wp\/v2\/media?parent=8640"}],"curies":[{"name":"wp","href":"https:\/\/api.w.org\/{rel}","templated":true}]}}