{"id":8646,"date":"2024-04-03T23:41:24","date_gmt":"2024-04-03T20:41:24","guid":{"rendered":"https:\/\/sisu.ut.ee\/ewod\/?page_id=8646"},"modified":"2026-04-24T16:16:06","modified_gmt":"2026-04-24T13:16:06","slug":"aksel-tamm","status":"publish","type":"page","link":"https:\/\/ewod.ut.ee\/et\/t\/aksel-tamm\/","title":{"rendered":"Aksel Tamm"},"content":{"rendered":"<figure class=\"wp-block-image alignright size-large\"><a href=\"https:\/\/sisu.ut.ee\/wp-content\/uploads\/sites\/108\/aksel_tamm_kalju_suur-scaled.jpg\"><img loading=\"lazy\" decoding=\"async\" width=\"1024\" height=\"650\" src=\"https:\/\/sisu.ut.ee\/wp-content\/uploads\/sites\/108\/aksel_tamm_kalju_suur-1024x650.jpg\" alt=\"\" class=\"wp-image-6334\" title=\"Foto: Kalju Suur\" srcset=\"https:\/\/sisu.ut.ee\/wp-content\/uploads\/sites\/108\/aksel_tamm_kalju_suur-1024x650.jpg 1024w, https:\/\/sisu.ut.ee\/wp-content\/uploads\/sites\/108\/aksel_tamm_kalju_suur-300x191.jpg 300w, https:\/\/sisu.ut.ee\/wp-content\/uploads\/sites\/108\/aksel_tamm_kalju_suur-768x488.jpg 768w, https:\/\/sisu.ut.ee\/wp-content\/uploads\/sites\/108\/aksel_tamm_kalju_suur-1536x976.jpg 1536w, https:\/\/sisu.ut.ee\/wp-content\/uploads\/sites\/108\/aksel_tamm_kalju_suur-2048x1301.jpg 2048w, https:\/\/sisu.ut.ee\/wp-content\/uploads\/sites\/108\/aksel_tamm_kalju_suur-1920x1220.jpg 1920w\" sizes=\"auto, (max-width: 1024px) 100vw, 1024px\"><\/a><\/figure>\n\n\n\n<p>Aksel Tamm (23. XII 1931 \u2013 15. VIII 2023) oli kirjanduskriitik, t\u00f5lkija, toimetaja ja kirjastust\u00f6\u00f6taja.<\/p>\n\n\n\n<p>Aksel Tamm s\u00fcndis Tallinnas. Ta on l\u00f5petanud Tartu Riikliku \u00dclikooli eesti kirjanduse erialal 1956. aastal, \u00f5ppinud samas aspirantuuris ja t\u00f6\u00f6tanud aastatel 1958\u20131961 ajakirjas Looming ning l\u00fchemat aega Kirjanike Liidu luulekonsultandina. Aastatel 1962\u20131964 oli ta Eesti Riikliku Kirjastuse peatoimetaja aset\u00e4itja, seej\u00e4rel Eesti NSV Kirjanike Liidu sekret\u00e4r organisatsioonilise t\u00f6\u00f6 alal. 1966-1982 t\u00f6\u00f6tas Aksel Tamm kirjastuse Eesti Raamat peatoimetajana. Tema eestv\u00f5ttel algatati mitmete raamatusarjade kirjastamine. Tamm oli aastatel 1983\u20131995 ajakirja Keel ja Kirjandus peatoimetaja.<\/p>\n\n\n\n<p>Aksel Tamm oli NLKP liige 1957-1990 ning on Eesti Kirjanike Liidu liige 1966. aastast ning Eesti Ajakirjanike Liidu liige 1969. aastast. Kirjanike Liidu \u00fclesandel on ta esinenud ettekannetega ja pikemate s\u00f5nav\u00f5ttudega rahvusvahelistel kirjanduslikel foorumitel (Reims, Bologna, Kopenhaagen, Bukarest, Bled, Lahti, Bratislava, Moskva).<\/p>\n\n\n\n<p>Aksel Tamm oli N\u00f5ukogude ajal kirjanduskriitikuna populaarne. Juba \u00fcli\u00f5pilasp\u00f5lves esines ta kirjanduse teemadel, s\u00fcvenedes eriti luule probleemidesse. Ta k\u00e4sitles kirjandusteemasid tr\u00fckiajakirjanduses ja raadiosaadetes. \u00dcle 250 raadioesinemise ja kirjandussaated televisioonis v\u00f5imaldasid Aksel Tammel p\u00e4lvida laia tuntuse kirjanduse tutvustajana.<\/p>\n\n\n\n<p>Aksel Tamm t\u00f5lkis eesti keelde vene proosakirjandust, samuti koostas mitmeid kogumikke. Tema eestv\u00f5ttel ilmus 1980. aastatel luuletaja Ain Kaalepi kahek\u00f6iteline t\u00f5lkeluule antoloogia \u201ePeegelmaastikud\u201c.<\/p>\n\n\n\n<p>1978. aastal p\u00e4rjati Aksel Tamme Eesti NSV teenelise kultuuritegelase aunimetusega. Ta p\u00e4lvis 2002. aastal Eesti Vabariigi Valget\u00e4he IV klassi teenetem\u00e4rgi.<\/p>\n\n\n\n<p><em>L. P.<\/em><\/p>\n\n\n\n<h4 class=\"wp-block-heading\"><br>Raamatud eesti keeles<\/h4>\n\n\n\n<p><strong><em>Esseed ja artiklid<\/em><\/strong><br><strong>Aga see oli \u00fcks mees<\/strong>: eluvisandeid. Tallinn: Kuldsulg, 2003. 230 lk.<br><strong>Ja v\u00e4ntab h\u00e4rg<\/strong>: pamflette. Tallinn: Kuldsulg, 2004. 160 lk.<br><strong>\u00dctle, tsensor, milleks sulle k\u00e4\u00e4rid: keelamise lood<\/strong>. Tallinn: Kuldsulg, 2012. 177 lk.<\/p>\n","protected":false},"excerpt":{"rendered":"<p>Aksel Tamm (23. XII 1931 \u2013 15. VIII 2023) oli kirjanduskriitik, t\u00f5lkija, toimetaja ja kirjastust\u00f6\u00f6taja. Aksel Tamm s\u00fcndis Tallinnas. Ta on l\u00f5petanud Tartu Riikliku \u00dclikooli eesti kirjanduse erialal 1956. aastal, \u00f5ppinud samas aspirantuuris ja t\u00f6\u00f6tanud aastatel 1958\u20131961 ajakirjas Looming ning &#8230;<\/p>\n","protected":false},"author":43,"featured_media":0,"parent":6510,"menu_order":0,"comment_status":"closed","ping_status":"closed","template":"","meta":{"_acf_changed":false,"inline_featured_image":false,"footnotes":""},"class_list":["post-8646","page","type-page","status-publish","hentry"],"acf":[],"_links":{"self":[{"href":"https:\/\/ewod.ut.ee\/et\/wp-json\/wp\/v2\/pages\/8646","targetHints":{"allow":["GET"]}}],"collection":[{"href":"https:\/\/ewod.ut.ee\/et\/wp-json\/wp\/v2\/pages"}],"about":[{"href":"https:\/\/ewod.ut.ee\/et\/wp-json\/wp\/v2\/types\/page"}],"author":[{"embeddable":true,"href":"https:\/\/ewod.ut.ee\/et\/wp-json\/wp\/v2\/users\/43"}],"replies":[{"embeddable":true,"href":"https:\/\/ewod.ut.ee\/et\/wp-json\/wp\/v2\/comments?post=8646"}],"version-history":[{"count":2,"href":"https:\/\/ewod.ut.ee\/et\/wp-json\/wp\/v2\/pages\/8646\/revisions"}],"predecessor-version":[{"id":8649,"href":"https:\/\/ewod.ut.ee\/et\/wp-json\/wp\/v2\/pages\/8646\/revisions\/8649"}],"up":[{"embeddable":true,"href":"https:\/\/ewod.ut.ee\/et\/wp-json\/wp\/v2\/pages\/6510"}],"wp:attachment":[{"href":"https:\/\/ewod.ut.ee\/et\/wp-json\/wp\/v2\/media?parent=8646"}],"curies":[{"name":"wp","href":"https:\/\/api.w.org\/{rel}","templated":true}]}}