{"id":8675,"date":"2024-04-03T23:42:10","date_gmt":"2024-04-03T20:42:10","guid":{"rendered":"https:\/\/sisu.ut.ee\/ewod\/?page_id=8675"},"modified":"2026-04-24T23:48:36","modified_gmt":"2026-04-24T20:48:36","slug":"agnes-taar","status":"publish","type":"page","link":"https:\/\/ewod.ut.ee\/et\/t\/agnes-taar\/","title":{"rendered":"Agnes Taar"},"content":{"rendered":"<p>Agnes Taar (s\u00fcnninimi Agnes-Elsa Taar; 1933. aastast Blaubr\u00fcck, eestistatult Kajara; 17.\/5. IX 1897 \u2013 7. XII 1976) oli laste- ja n\u00e4itekirjanik ja prosaist.<\/p>\n\n\n\n<p>Taar s\u00fcndis P\u00e4rnumaal, \u00f5ppis Maru algkoolis, Halliste kihelkonnakoolis, eksternina l\u00f5petas P\u00e4rnu g\u00fcmnaasiumi, misj\u00e4rel osales J. V. Veski pedagoogilistel kursustel Tartus. 1917. aastal sai ta P\u00e4rnus \u00f5petajakutse. Taar t\u00f6\u00f6tas \u00f5petaja, koolijuhataja ja postkontoriametnikuna, 1928. aastast oli kutseline kirjanik Tartus. Ta oli Eesti Kirjanike Liidu liige, ent 1950. aasta puhastusaktsioonide k\u00e4igus arvati liikmete hulgast v\u00e4lja. Taar suri Tartus ja maeti sealsele Raadi kalmistule.<\/p>\n\n\n\n<p>Agnes Taar avaldas 1920. aastatest ajakirjanduses lastejutte ja -luuletusi; esimene lasteluulekogu \u201eKlu-klu\u201c ilmus 1928. aastal. Tema lasteloomingus on kesksel kohal loodus ja loomad. Lasten\u00e4idendid, kus t\u00e4helepanuv\u00e4\u00e4rne roll on ka ema-temaatikal, paistavad silma didaktilise alatooniga.<\/p>\n\n\n\n<p>Taari t\u00e4iskasvanutele kirjutatud n\u00e4idendid olid populaarsed eesk\u00e4tt maalavadel. Ajastu naisproblemaatikat k\u00e4sitlevad n\u00e4idendid \u201eKolm s\u00fcndi\u201c (1935) ja \u201eNaine tulikahjum\u00e4rgiga\u201c (1936).<\/p>\n\n\n\n<p>Agnes Taari loominguliseks tipuks peetakse autobiograafilise alatooniga romaanidiloogiat \u201eMari-Ann \u00f5petajat\u00fctar\u201c (1938) ja \u201eHulkumas ja p\u00f5genemas\u201c (1940), ise\u00e4ranis viimast. Need romaanid keskenduvad samuti naistemaatikale. Esimene romaan kujutab eesti k\u00fclaelu taustal v\u00e4ikese t\u00fcdruku kasvamise ja kujunemise lugu, teine noore naise luhtunud eneseteostusp\u00fc\u00fcdlusi ning isikliku elu keerdk\u00e4ike.<\/p>\n\n\n\n<p><em>A. K.<\/em><\/p>\n\n\n\n<h4 class=\"wp-block-heading\"><br>Raamatud eesti keeles<\/h4>\n\n\n\n<p><strong><em>Romaanid<\/em><\/strong><br><strong>Mari-Ann \u00f5petajat\u00fctar<\/strong>: \u00fche t\u00fctarlapse eelkevad. Tartu: Eesti Kirjastuse Kooperatiiv, 1938, 243 lk<br><strong>Hulkumas ja p\u00f5genemas<\/strong>. Tartu: Eesti Kirjastuse Kooperatiiv, 1940, 261 lk [2. tr 2011]<\/p>\n\n\n\n<p><strong><em>Lasteraamatud<\/em><\/strong><br><strong>Klu-klu\u2026<\/strong>: luuletusi lastele. Tartu: Noor-Eesti, 1928, 80 lk<br><strong>Ema armastus<\/strong>: \u00fchevaatuseline n\u00e4idend lastele. Tartu: S\u00f5navara, 1929, 14 lk<br><strong>Mida kinkida emale?<\/strong> Lasten\u00e4idend emadep\u00e4evaks. Tartu: S\u00f5navara, 1929, 15 lk<br><strong>Imeline v\u00f5\u00f5ras<\/strong>: j\u00f5ulujutt. Tartu: O. Luik, 1930, 13 lk<br><strong>Kolm poissi ja \u00f5nnenumber<\/strong>. Tartu: Oskar Luik, 1931, 15 lk<br><strong>Mustlase koer<\/strong>: v\u00e4rssjutt. Tartu: Noor-Eesti, 31 lk [2. tr 1981]<br><strong>Kuldnokk naasis<\/strong>. Tallinn: Eesti Raamat, 1970, 14 lk<\/p>\n\n\n\n<p><strong><em>N\u00e4idendid<\/em><\/strong><br><strong>Emake maamuld<\/strong>. Tartu: Noor-Eesti, 1931, 65 lk<br><strong>K\u00f5rgem\u00e4e noored<\/strong>. Tartu: Noor-Eesti, 1932, 75 lk<br><strong>Naisvallavanem<\/strong>. Tartu: Noor-Eesti, 1933, 86 lk<br><strong>Kes on s\u00fc\u00fcdi?<\/strong> Tartu: Noor-Eesti, 1934, 72 lk<br><strong>Kolm s\u00fcndi<\/strong>. Tartu: Noor-Eesti, 1935, 82 lk<br><strong>Naine tulikahjum\u00e4rgiga<\/strong>. Tallinn: Eesti Haridusliit, 1936, 140 lk<\/p>\n","protected":false},"excerpt":{"rendered":"<p>Agnes Taar (s\u00fcnninimi Agnes-Elsa Taar; 1933. aastast Blaubr\u00fcck, eestistatult Kajara; 17.\/5. IX 1897 \u2013 7. XII 1976) oli laste- ja n\u00e4itekirjanik ja prosaist. Taar s\u00fcndis P\u00e4rnumaal, \u00f5ppis Maru algkoolis, Halliste kihelkonnakoolis, eksternina l\u00f5petas P\u00e4rnu g\u00fcmnaasiumi, misj\u00e4rel osales J. V. Veski &#8230;<\/p>\n","protected":false},"author":43,"featured_media":0,"parent":6510,"menu_order":0,"comment_status":"closed","ping_status":"closed","template":"","meta":{"_acf_changed":false,"inline_featured_image":false,"footnotes":""},"class_list":["post-8675","page","type-page","status-publish","hentry"],"acf":[],"_links":{"self":[{"href":"https:\/\/ewod.ut.ee\/et\/wp-json\/wp\/v2\/pages\/8675","targetHints":{"allow":["GET"]}}],"collection":[{"href":"https:\/\/ewod.ut.ee\/et\/wp-json\/wp\/v2\/pages"}],"about":[{"href":"https:\/\/ewod.ut.ee\/et\/wp-json\/wp\/v2\/types\/page"}],"author":[{"embeddable":true,"href":"https:\/\/ewod.ut.ee\/et\/wp-json\/wp\/v2\/users\/43"}],"replies":[{"embeddable":true,"href":"https:\/\/ewod.ut.ee\/et\/wp-json\/wp\/v2\/comments?post=8675"}],"version-history":[{"count":3,"href":"https:\/\/ewod.ut.ee\/et\/wp-json\/wp\/v2\/pages\/8675\/revisions"}],"predecessor-version":[{"id":8678,"href":"https:\/\/ewod.ut.ee\/et\/wp-json\/wp\/v2\/pages\/8675\/revisions\/8678"}],"up":[{"embeddable":true,"href":"https:\/\/ewod.ut.ee\/et\/wp-json\/wp\/v2\/pages\/6510"}],"wp:attachment":[{"href":"https:\/\/ewod.ut.ee\/et\/wp-json\/wp\/v2\/media?parent=8675"}],"curies":[{"name":"wp","href":"https:\/\/api.w.org\/{rel}","templated":true}]}}