{"id":8713,"date":"2024-04-03T23:42:30","date_gmt":"2024-04-03T20:42:30","guid":{"rendered":"https:\/\/sisu.ut.ee\/ewod\/?page_id=8713"},"modified":"2026-04-27T12:37:31","modified_gmt":"2026-04-27T09:37:31","slug":"ilmar-sarg","status":"publish","type":"page","link":"https:\/\/ewod.ut.ee\/et\/s\/ilmar-sarg\/","title":{"rendered":"Ilmar S\u00e4rg"},"content":{"rendered":"<p>Ilmar S\u00e4rg (s\u00fcnd. 11. III 1955) on arst, romaanikirjanik, lastekirjanik ja luuletaja.<\/p>\n\n\n\n<p>S\u00e4rg s\u00fcndis Elvas. Ta \u00f5ppis aastatel 1962\u20131974 Elva keskkoolis ja aastatel 1974\u20131980 Tartu Riikliku \u00dclikooli arstiteaduskonnas (l\u00f5petas <em>cum laude<\/em>). 1981. aastast saadik t\u00f6\u00f6tab ta Tartu \u00dclikooli Kliinikumi Maarjam\u00f5isa haigla kardioloogiaosakonnas arstina-\u00f5ppej\u00f5una. Ilmar S\u00e4rg on alates 1999. aastast Kirjanike Liidu liige. Ta oli kaua aega Elva linnavolikogu liige.<\/p>\n\n\n\n<p>Ilmar S\u00e4rg deb\u00fcteeris ajakirjanduses luuletuste ja juttudega 1976. aastal. Kaks raamatut, novellikogu \u201eKahekesi\u201c (ilmunud 1997. aastal) ja romaan \u201eTagasi Ojam\u00e4ele\u201c (1999) on ta kirjutanud kahasse isa Ain S\u00e4rjega (1932\u20131997). Samuti on ta j\u00e4tkanud ja kirjastanud isa p\u00e4randisse kuuluvaid k\u00e4sikirju.<\/p>\n\n\n\n<p>Ilmar S\u00e4rje luuletused on sageli laulvad ja igatseva tonaalsusega. S\u00e4rje l\u00fc\u00fcrikas valdab looduse armastus ja maal\u00e4heduse eetika. Prosaistina on S\u00e4rg sotsiaalseid valupunkte avav, publitsistlikult otse\u00fctlev kirjanik. Tema romaanid n\u00e4itavad senise maaelu h\u00e4\u00e4bumist Eestis. Kriitika on leidnud Ilmar S\u00e4rjel sarnasust selliste \u00fchiskondlikult \u00e4rksate autoritega nagu Vello Lattik, Raimond Kaugver, Heino Kiik ja <a href=\"https:\/\/ewod.ut.ee\/et\/u\/peeter-urm\/\" data-type=\"page\" data-id=\"8252\">Peeter Urm<\/a>.<\/p>\n\n\n\n<p>Ilmar S\u00e4rje romaan \u201eSada aastat armastust\u201c p\u00e4lvis 2002. aastal <a href=\"https:\/\/ewod.ut.ee\/et\/t\/a-h-tammsaare\/\" data-type=\"page\" data-id=\"8618\">A. H. Tammsaare<\/a> nimelise kirjanduspreemia. S\u00e4rje kirjastus Lambri Raamat on v\u00e4lja andnud \u00fcle 30 raamatu.<\/p>\n\n\n\n<p><em>L. P.<\/em><\/p>\n\n\n\n<h4 class=\"wp-block-heading\"><br>Raamatud eesti keeles<\/h4>\n\n\n\n<p><strong><em>Romaanid<\/em><\/strong><br>Ain ja Ilmar S\u00e4rg, <strong>Tagasitulek Ojam\u00e4ele<\/strong>. Tartu: Lambri Raamat, 1999. 139 lk.<br><strong>Sada aastat armastust<\/strong>. Tartu: Lambri Raamat, 2001. 275 lk.<br>Ain ja Ilmar S\u00e4rg, <strong>Murdunud keeristuules<\/strong>. Elva: Lambri Raamat, 2009. 179 lk.<br><strong>Tiiu, talu t\u00fctrekene<\/strong>. Elva: Lambri Raamat, 2013. 99 lk.<br><strong>T\u00e4he lend<\/strong>. Tallinn: T\u00e4nap\u00e4ev; Elva: Lambri Raamat, 2015. 213 lk.<br><strong>Varjus<\/strong>. Elva: Lambri Raamat, 2016. 209 lk.<br><strong>Kaugel k\u00fclas<\/strong>. Elva: Lambri Raamat, 2022. 232 lk.<br><strong>Vanad armastuskirjad<\/strong>. Elva: Lambri Raamat, 2023. 198 lk.<\/p>\n\n\n\n<p><strong><em>L\u00fchiproosa<\/em><\/strong><br>Ain ja Ilmar S\u00e4rg, <strong>Kahekesi<\/strong> [juhtumusi haigetest ja arstidest]. Tallinn: I. S\u00e4rg, 1997. 109 lk.<br><strong>Kirjad Sinule<\/strong>. Elva: Lambri Raamat, 2005. 119 lk.<br><strong>Poeet ja Lyyrika<\/strong>: 21 lugu. Elva: Lambri Raamat, 2010. 166 lk.<br><strong>P\u00f6\u00f6rased lood<\/strong>. Elva: Lambri Raamat, 2014. 241 lk.<br><strong>Mesiniku lood<\/strong>. Elva: Lambri Raamat, 2018. 172 lk.<br><strong>Vahemere n\u00e4kk ja teisi t\u00f5sijutte<\/strong>. Elva: Lambri Raamat, 2021. 196 lk.<br><strong>Teisel pool pilvi<\/strong>. Elva: Lambri Raamat, 2024. 126 lk.<\/p>\n\n\n\n<p><strong><em>Luule<\/em><\/strong><br><strong>Lambri laulud<\/strong>. Tallinn: Eesti Raamat, 1986. 63 lk.<br><strong>Seisnud salmid armastusest<\/strong>. Elva: Lambri Raamat, 2015. 77 lk.<\/p>\n\n\n\n<p><strong><em>Lastelood<\/em><\/strong><br><strong>Lambri lood<\/strong>. Tallinn: Valgus, 1993. 15 lk.<br>\u00dclle ja Ilmar S\u00e4rg, <strong>Viisjaani kool<\/strong> [jutt]. Tallinn: Kupar, 1997. 59 lk.<\/p>\n\n\n\n<p><strong><em>Lasteluule<\/em><\/strong><br><strong>\u00dclemere<\/strong>. Tallinn: Eesti Raamat, 1989. 39 lk.<\/p>\n","protected":false},"excerpt":{"rendered":"<p>Ilmar S\u00e4rg (s\u00fcnd. 11. III 1955) on arst, romaanikirjanik, lastekirjanik ja luuletaja. S\u00e4rg s\u00fcndis Elvas. Ta \u00f5ppis aastatel 1962\u20131974 Elva keskkoolis ja aastatel 1974\u20131980 Tartu Riikliku \u00dclikooli arstiteaduskonnas (l\u00f5petas cum laude). 1981. aastast saadik t\u00f6\u00f6tab ta Tartu \u00dclikooli Kliinikumi Maarjam\u00f5isa &#8230;<\/p>\n","protected":false},"author":43,"featured_media":0,"parent":6505,"menu_order":0,"comment_status":"closed","ping_status":"closed","template":"","meta":{"_acf_changed":false,"inline_featured_image":false,"footnotes":""},"class_list":["post-8713","page","type-page","status-publish","hentry"],"acf":[],"_links":{"self":[{"href":"https:\/\/ewod.ut.ee\/et\/wp-json\/wp\/v2\/pages\/8713","targetHints":{"allow":["GET"]}}],"collection":[{"href":"https:\/\/ewod.ut.ee\/et\/wp-json\/wp\/v2\/pages"}],"about":[{"href":"https:\/\/ewod.ut.ee\/et\/wp-json\/wp\/v2\/types\/page"}],"author":[{"embeddable":true,"href":"https:\/\/ewod.ut.ee\/et\/wp-json\/wp\/v2\/users\/43"}],"replies":[{"embeddable":true,"href":"https:\/\/ewod.ut.ee\/et\/wp-json\/wp\/v2\/comments?post=8713"}],"version-history":[{"count":1,"href":"https:\/\/ewod.ut.ee\/et\/wp-json\/wp\/v2\/pages\/8713\/revisions"}],"predecessor-version":[{"id":8714,"href":"https:\/\/ewod.ut.ee\/et\/wp-json\/wp\/v2\/pages\/8713\/revisions\/8714"}],"up":[{"embeddable":true,"href":"https:\/\/ewod.ut.ee\/et\/wp-json\/wp\/v2\/pages\/6505"}],"wp:attachment":[{"href":"https:\/\/ewod.ut.ee\/et\/wp-json\/wp\/v2\/media?parent=8713"}],"curies":[{"name":"wp","href":"https:\/\/api.w.org\/{rel}","templated":true}]}}