{"id":8722,"date":"2024-04-03T23:41:38","date_gmt":"2024-04-03T20:41:38","guid":{"rendered":"https:\/\/sisu.ut.ee\/ewod\/?page_id=8722"},"modified":"2026-04-27T22:50:51","modified_gmt":"2026-04-27T19:50:51","slug":"kadri-ann-sumera","status":"publish","type":"page","link":"https:\/\/ewod.ut.ee\/et\/s\/kadri-ann-sumera\/","title":{"rendered":"Kadri-Ann Sumera"},"content":{"rendered":"<p>Kadri-Ann Sumera (s\u00fcnd. 5. VIII 1977) on pianist, muusikapedagoog ja kirjanik.<\/p>\n\n\n\n<p>Sumera on s\u00fcndinud Tallinnas muusikute perekonnas. Tema isa oli helilooja Lepo Sumera ja ema klaveri\u00f5petaja. Sumera \u00f5ppis Tallinna Muusikakeskkoolis ning l\u00f5petas Eesti Muusika- ja Teatriakadeemias klaveriklassi diplomiga <em>cum laude<\/em>. Ta omandas 2004. aastal K\u00f6lni Muusikak\u00f5rgkoolis magistrikraadi. Kadri-Ann Sumerat on tunnustatud vabariiklikel ja rahvusvahelistel pianistide konkurssidel. 2004\/2005. aasta hooajal tegutses Kadri-Ann Sumera Internationale Ensemble Modern Akademie stipendiaadina Frankfurdis. 2015\/2016. aasta hooajal t\u00f6\u00f6tas ta \u00f5ppej\u00f5una Darmstadti muusika\u00fclikoolis (Akademie f\u00fcr Tonkunst Darmstadt). Ta on t\u00f6\u00f6tanud pedagoogina Heino Elleri Muusikakoolis ja Georg Otsa nimelises Tallinna Muusikakoolis. Sumera on olnud pikka aega raadiojaama Klassikaraadio saatejuht. Ta on 2004. aastast alates Eesti Interpreetide Liidu liige.<\/p>\n\n\n\n<p>2020. aastal ilmus Sumera esimene raamat, 400-lehek\u00fcljeline \u201eSeitsme aja raja taga\u201c. Teos koosneb autobiograafiliste sugemetega novellidest, mis jutustavad pianisti elust, n\u00e4iteks tudengip\u00f5lve konkurssidest ja t\u00f6\u00f6dest. Autor ei ilusta olnut, pigem r\u00e4\u00e4gib minevikust huumoriga.<\/p>\n\n\n\n<p>2022. aastal avaldati Kadri-Ann Sumera romaan \u201eBasiliski lapsed\u201c. Autor on t\u00f5denud, et kirjutamiseks sai ta inspiratsiooni koroonapandeemiast ja sellega seotud meeleavaldusest. Viiteid on ka teistele \u00fcldsust kihama pannud s\u00fcndmustele. Autor on olukordi v\u00f5imendanud: kriisi p\u00f5hjustavad n\u00e4riliste levik ning selle ohjamiseks kiiruga leiutatud t\u00f5rje- ja kaitsemeetmed, \u00fclemaailmne n\u00e4ljah\u00e4da, arvamuste \u00e4\u00e4rmuslik radikaliseerumine ning \u00fcksmeele puudumine \u00fchiskonnas. Kirjanik vaatleb s\u00fcndmuste keerises seitset eriilmelist tegelast. Kriisis poolte valimine toob peategelased kokku ja enamik nendest osaleb apokal\u00fcptilises l\u00f5pustseenis Tallinna Vabaduse v\u00e4ljakul.<\/p>\n\n\n\n<p>Kadri-Ann Sumera on 2023. aastast alates Eesti Kirjanike Liidu liige.<\/p>\n\n\n\n<p><em>L. P.<\/em><\/p>\n\n\n\n<h4 class=\"wp-block-heading\"><br>Raamatud eesti keeles<\/h4>\n\n\n\n<p><strong><em>Romaan<\/em><\/strong><br><strong>Basiliski lapsed<\/strong>. Tallinn: Varrak, 2022. 302 lk.<\/p>\n\n\n\n<p><strong><em>L\u00fchiproosa<\/em><\/strong><br><strong>Seitsme aja raja taga<\/strong>. Tallinn: T\u00e4nap\u00e4ev, 2020. 399 lk.<\/p>\n","protected":false},"excerpt":{"rendered":"<p>Kadri-Ann Sumera (s\u00fcnd. 5. VIII 1977) on pianist, muusikapedagoog ja kirjanik. Sumera on s\u00fcndinud Tallinnas muusikute perekonnas. Tema isa oli helilooja Lepo Sumera ja ema klaveri\u00f5petaja. Sumera \u00f5ppis Tallinna Muusikakeskkoolis ning l\u00f5petas Eesti Muusika- ja Teatriakadeemias klaveriklassi diplomiga cum laude. &#8230;<\/p>\n","protected":false},"author":43,"featured_media":0,"parent":6505,"menu_order":0,"comment_status":"closed","ping_status":"closed","template":"","meta":{"_acf_changed":false,"inline_featured_image":false,"footnotes":""},"class_list":["post-8722","page","type-page","status-publish","hentry"],"acf":[],"_links":{"self":[{"href":"https:\/\/ewod.ut.ee\/et\/wp-json\/wp\/v2\/pages\/8722","targetHints":{"allow":["GET"]}}],"collection":[{"href":"https:\/\/ewod.ut.ee\/et\/wp-json\/wp\/v2\/pages"}],"about":[{"href":"https:\/\/ewod.ut.ee\/et\/wp-json\/wp\/v2\/types\/page"}],"author":[{"embeddable":true,"href":"https:\/\/ewod.ut.ee\/et\/wp-json\/wp\/v2\/users\/43"}],"replies":[{"embeddable":true,"href":"https:\/\/ewod.ut.ee\/et\/wp-json\/wp\/v2\/comments?post=8722"}],"version-history":[{"count":2,"href":"https:\/\/ewod.ut.ee\/et\/wp-json\/wp\/v2\/pages\/8722\/revisions"}],"predecessor-version":[{"id":8724,"href":"https:\/\/ewod.ut.ee\/et\/wp-json\/wp\/v2\/pages\/8722\/revisions\/8724"}],"up":[{"embeddable":true,"href":"https:\/\/ewod.ut.ee\/et\/wp-json\/wp\/v2\/pages\/6505"}],"wp:attachment":[{"href":"https:\/\/ewod.ut.ee\/et\/wp-json\/wp\/v2\/media?parent=8722"}],"curies":[{"name":"wp","href":"https:\/\/api.w.org\/{rel}","templated":true}]}}