{"id":8726,"date":"2024-04-03T23:41:00","date_gmt":"2024-04-03T20:41:00","guid":{"rendered":"https:\/\/sisu.ut.ee\/ewod\/?page_id=8726"},"modified":"2026-04-27T22:55:36","modified_gmt":"2026-04-27T19:55:36","slug":"maret-suits-elson","status":"publish","type":"page","link":"https:\/\/ewod.ut.ee\/et\/s\/maret-suits-elson\/","title":{"rendered":"Maret Suits-Elson"},"content":{"rendered":"<p>Maret Suits (Anna Liisa Margareta Suits, a-st 1945 Maret Elson, ka Suits-Elson; 21. I 1914 \u2013 14. VII 1956) oli n\u00e4itleja ja luuletaja.<\/p>\n\n\n\n<p>Suits s\u00fcndis ja \u00f5ppis Soomes, g\u00fcmnaasiumi l\u00f5petas Tartus, astus Tartu \u00dclikooli filosoofiateaduskonda ning \u00f5ppis 1934-1937 Tartu Draamateatri Seltsi stuudios n\u00e4itekunsti. T\u00f6\u00f6tas n\u00e4itlejana Estonias, Kuressaare teatris ja Vanemuises. 1944. aastal p\u00f5genes Rootsi. Suits suri Stockholmis G\u00f6rani haiglas, maetud Stockholmi Metsakalmistule. Tema vanemad olid luuletaja Gustav Suits (1883-1956) ja filoloog Aino Thauv\u00f3n-Suits (1884-1969).<\/p>\n\n\n\n<p>Maret Suitsu luulelooming on koondatud kogudesse \u201eOled kes oled\u201c (1951) ning postuumselt ilmunud \u201eT\u00f5rvalill on aniliin\u201c (1958). Tema vabav\u00e4rsilise luule keskmes on inimene oma otsinguis ja p\u00fcrgimustes, olulisel kohal on meremotiivid, leidub ajastupeegeldusi s\u00f5ja-aastaist.<\/p>\n\n\n\n<p><em>A. N.<\/em><\/p>\n\n\n\n<h4 class=\"wp-block-heading\"><br>Raamatud eesti keeles<\/h4>\n\n\n\n<p><strong><em>Luule<\/em><\/strong><br>Maret Suits-Elson, <strong>Oled kes oled<\/strong>. Stockholm: Noor-Eesti, 1951, 131 lk.<br>Maret Suits-Elson, <strong>T\u00f5rvalill on aniliin<\/strong>: j\u00e4relej\u00e4\u00e4nud luulet ja proosat. Lund: Eesti Kirjanike Kooperatiiv, 1958, 108 l<\/p>\n","protected":false},"excerpt":{"rendered":"<p>Maret Suits (Anna Liisa Margareta Suits, a-st 1945 Maret Elson, ka Suits-Elson; 21. I 1914 \u2013 14. VII 1956) oli n\u00e4itleja ja luuletaja. Suits s\u00fcndis ja \u00f5ppis Soomes, g\u00fcmnaasiumi l\u00f5petas Tartus, astus Tartu \u00dclikooli filosoofiateaduskonda ning \u00f5ppis 1934-1937 Tartu Draamateatri &#8230;<\/p>\n","protected":false},"author":43,"featured_media":0,"parent":6505,"menu_order":0,"comment_status":"closed","ping_status":"closed","template":"","meta":{"_acf_changed":false,"inline_featured_image":false,"footnotes":""},"class_list":["post-8726","page","type-page","status-publish","hentry"],"acf":[],"_links":{"self":[{"href":"https:\/\/ewod.ut.ee\/et\/wp-json\/wp\/v2\/pages\/8726","targetHints":{"allow":["GET"]}}],"collection":[{"href":"https:\/\/ewod.ut.ee\/et\/wp-json\/wp\/v2\/pages"}],"about":[{"href":"https:\/\/ewod.ut.ee\/et\/wp-json\/wp\/v2\/types\/page"}],"author":[{"embeddable":true,"href":"https:\/\/ewod.ut.ee\/et\/wp-json\/wp\/v2\/users\/43"}],"replies":[{"embeddable":true,"href":"https:\/\/ewod.ut.ee\/et\/wp-json\/wp\/v2\/comments?post=8726"}],"version-history":[{"count":2,"href":"https:\/\/ewod.ut.ee\/et\/wp-json\/wp\/v2\/pages\/8726\/revisions"}],"predecessor-version":[{"id":8728,"href":"https:\/\/ewod.ut.ee\/et\/wp-json\/wp\/v2\/pages\/8726\/revisions\/8728"}],"up":[{"embeddable":true,"href":"https:\/\/ewod.ut.ee\/et\/wp-json\/wp\/v2\/pages\/6505"}],"wp:attachment":[{"href":"https:\/\/ewod.ut.ee\/et\/wp-json\/wp\/v2\/media?parent=8726"}],"curies":[{"name":"wp","href":"https:\/\/api.w.org\/{rel}","templated":true}]}}