{"id":8749,"date":"2024-04-03T23:40:20","date_gmt":"2024-04-03T20:40:20","guid":{"rendered":"https:\/\/sisu.ut.ee\/ewod\/?page_id=8749"},"modified":"2026-04-28T12:52:00","modified_gmt":"2026-04-28T09:52:00","slug":"jaan-speek","status":"publish","type":"page","link":"https:\/\/ewod.ut.ee\/et\/s\/jaan-speek\/","title":{"rendered":"Jaan Speek"},"content":{"rendered":"<figure class=\"wp-block-image alignright size-large is-resized\"><a href=\"https:\/\/sisu.ut.ee\/wp-content\/uploads\/sites\/108\/jaan_speek_jaan_kristin.jpg\"><img loading=\"lazy\" decoding=\"async\" width=\"690\" height=\"1024\" src=\"https:\/\/sisu.ut.ee\/wp-content\/uploads\/sites\/108\/jaan_speek_jaan_kristin-690x1024.jpg\" alt=\"\" class=\"wp-image-6317\" style=\"aspect-ratio:0.6738208187081057;width:226px;height:auto\" title=\"Foto: Jaan Kristin (Narva)\" srcset=\"https:\/\/sisu.ut.ee\/wp-content\/uploads\/sites\/108\/jaan_speek_jaan_kristin-690x1024.jpg 690w, https:\/\/sisu.ut.ee\/wp-content\/uploads\/sites\/108\/jaan_speek_jaan_kristin-202x300.jpg 202w, https:\/\/sisu.ut.ee\/wp-content\/uploads\/sites\/108\/jaan_speek_jaan_kristin-768x1140.jpg 768w, https:\/\/sisu.ut.ee\/wp-content\/uploads\/sites\/108\/jaan_speek_jaan_kristin.jpg 896w\" sizes=\"auto, (max-width: 690px) 100vw, 690px\"><\/a><\/figure>\n\n\n\n<p>Jaan Speek (pseudon\u00fc\u00fcm Jaan Leidin, 24. IX 1866 \u2013 29. IV 1921) oli \u00f5petaja, ajakirjanik ja luuletaja.<\/p>\n\n\n\n<p>Ta s\u00fcndis Tartumaal Pangodi vallas Lipardi talus taluperemehe pojana. Isa suri ja poisi kasvatajaks sai kultuurihuviline v\u00f5\u00f5rasisa\u00a0Hendrik Tamberg, kes koos vend Peetriga oli 1880. aastal Pangodis asutanud puhkpilliorkestri. Speek \u00f5ppis Laguja k\u00fclakoolis, Kastolatsi apostliku \u00f5igeusu kihelkonnakoolis ja Tartu linnakoolis. Seej\u00e4rel \u00f5ppis Tartu \u00f5petajate seminaris, mille l\u00f5petas 1887. aastal.<\/p>\n\n\n\n<p>Ta asus t\u00f6\u00f6le Narva, kus t\u00f6\u00f6tas \u00fcle 30 aasta Kreenholmi Manufaktuuri puuvillavabriku kaheklassilises ministeeriumikoolis \u00f5petajana. Jaan Speeki isiklik elu t\u00f5i talle raskeid katsumusi. Esimene laps suri paariaastaselt. Noorelt, 30-aastasena suri tema abikaasa. Jaan Speek kasvatas \u00fcksi \u00fcles kolm last. Keeleteadlane Henn Saari (1935\u20131999) oli Jaan Speeki pojapoeg. Jaan Speeki noorem vend Peeter Speek (1873\u20131968) oli ajakirjanik ja literaat, kes lahkus Eestist 1905. aastal ja t\u00f6\u00f6tas aastatel 1917\u20131929\u00a0Ameerika \u00dchendriikide Kongressi raamatukogus ametnikuna.<\/p>\n\n\n\n<p>1885. aastal j\u00f5udsid m\u00f5ned Speeki luuletused ajalehtedesse, eesk\u00e4tt ajalehte Postimees. Speek j\u00e4tkas \u00f5petajat\u00f6\u00f6 k\u00f5rvalt kaast\u00f6\u00f6d ajalehtedele: kirjutas luuletusi, ballaade, m\u00f5istatusi, jutukesi, reisikirju. Ta liitus ajalehe Postimees ringkonnaga ning oli 1906. aastal Postimehe Tallinna v\u00e4ljaande ja aastatel 1906\u20131907 Narva ajalehe P\u00f5hjanael toimetaja.<\/p>\n\n\n\n<p>Speek viljeles peamiselt tundelist lembe- ja loodusluulet. Tema luuletustest on \u00e4ratanud t\u00e4helepanu vemmalv\u00e4rsilikus laadis kirjutatud ts\u00fckkel \u201eOudova riimid\u201c. Need 12 luuletust avaldas ajakiri Tallinna Kaja 1914. aastal.<\/p>\n\n\n\n<p><em>L. P.<\/em><\/p>\n","protected":false},"excerpt":{"rendered":"<p>Jaan Speek (pseudon\u00fc\u00fcm Jaan Leidin, 24. IX 1866 \u2013 29. IV 1921) oli \u00f5petaja, ajakirjanik ja luuletaja. Ta s\u00fcndis Tartumaal Pangodi vallas Lipardi talus taluperemehe pojana. Isa suri ja poisi kasvatajaks sai kultuurihuviline v\u00f5\u00f5rasisa\u00a0Hendrik Tamberg, kes koos vend Peetriga oli &#8230;<\/p>\n","protected":false},"author":43,"featured_media":0,"parent":6505,"menu_order":0,"comment_status":"closed","ping_status":"closed","template":"","meta":{"_acf_changed":false,"inline_featured_image":false,"footnotes":""},"class_list":["post-8749","page","type-page","status-publish","hentry"],"acf":[],"_links":{"self":[{"href":"https:\/\/ewod.ut.ee\/et\/wp-json\/wp\/v2\/pages\/8749","targetHints":{"allow":["GET"]}}],"collection":[{"href":"https:\/\/ewod.ut.ee\/et\/wp-json\/wp\/v2\/pages"}],"about":[{"href":"https:\/\/ewod.ut.ee\/et\/wp-json\/wp\/v2\/types\/page"}],"author":[{"embeddable":true,"href":"https:\/\/ewod.ut.ee\/et\/wp-json\/wp\/v2\/users\/43"}],"replies":[{"embeddable":true,"href":"https:\/\/ewod.ut.ee\/et\/wp-json\/wp\/v2\/comments?post=8749"}],"version-history":[{"count":2,"href":"https:\/\/ewod.ut.ee\/et\/wp-json\/wp\/v2\/pages\/8749\/revisions"}],"predecessor-version":[{"id":8752,"href":"https:\/\/ewod.ut.ee\/et\/wp-json\/wp\/v2\/pages\/8749\/revisions\/8752"}],"up":[{"embeddable":true,"href":"https:\/\/ewod.ut.ee\/et\/wp-json\/wp\/v2\/pages\/6505"}],"wp:attachment":[{"href":"https:\/\/ewod.ut.ee\/et\/wp-json\/wp\/v2\/media?parent=8749"}],"curies":[{"name":"wp","href":"https:\/\/api.w.org\/{rel}","templated":true}]}}