{"id":8757,"date":"2024-04-03T23:39:21","date_gmt":"2024-04-03T20:39:21","guid":{"rendered":"https:\/\/sisu.ut.ee\/ewod\/?page_id=8757"},"modified":"2026-04-28T13:05:03","modified_gmt":"2026-04-28T10:05:03","slug":"ivar-soopan","status":"publish","type":"page","link":"https:\/\/ewod.ut.ee\/et\/s\/ivar-soopan\/","title":{"rendered":"Ivar Soopan"},"content":{"rendered":"<figure class=\"wp-block-image alignright size-large is-resized\"><a href=\"https:\/\/sisu.ut.ee\/wp-content\/uploads\/sites\/108\/ivar_soopan_alar_madisson-scaled.jpg\"><img loading=\"lazy\" decoding=\"async\" width=\"683\" height=\"1024\" src=\"https:\/\/sisu.ut.ee\/wp-content\/uploads\/sites\/108\/ivar_soopan_alar_madisson-683x1024.jpg\" alt=\"\" class=\"wp-image-6370\" style=\"aspect-ratio:0.6669960424023953;width:284px;height:auto\" title=\"Foto: Alar Madisson\" srcset=\"https:\/\/sisu.ut.ee\/wp-content\/uploads\/sites\/108\/ivar_soopan_alar_madisson-683x1024.jpg 683w, https:\/\/sisu.ut.ee\/wp-content\/uploads\/sites\/108\/ivar_soopan_alar_madisson-200x300.jpg 200w, https:\/\/sisu.ut.ee\/wp-content\/uploads\/sites\/108\/ivar_soopan_alar_madisson-768x1151.jpg 768w, https:\/\/sisu.ut.ee\/wp-content\/uploads\/sites\/108\/ivar_soopan_alar_madisson-1025x1536.jpg 1025w, https:\/\/sisu.ut.ee\/wp-content\/uploads\/sites\/108\/ivar_soopan_alar_madisson-1367x2048.jpg 1367w, https:\/\/sisu.ut.ee\/wp-content\/uploads\/sites\/108\/ivar_soopan_alar_madisson-1920x2877.jpg 1920w, https:\/\/sisu.ut.ee\/wp-content\/uploads\/sites\/108\/ivar_soopan_alar_madisson-scaled.jpg 1709w\" sizes=\"auto, (max-width: 683px) 100vw, 683px\"><\/a><\/figure>\n\n\n\n<p>Ivar Soopan (s\u00fcnd. 10. XII 1971) on ajakirjanik ja kirjanik.<\/p>\n\n\n\n<p>Soopan on s\u00fcndinud Tartus. 1993. aastal asus ta elama Haapsallu ja t\u00f6\u00f6tama kohalikus ajalehes. Aastatel 1998\u20132008 oli Soopan ajakirjanik P\u00e4evalehes. Seej\u00e4rel t\u00f6\u00f6tas ta uuesti Haapsalus ja oli 2010. aastal ajalehe L\u00e4\u00e4ne Elu peatoimetaja.<\/p>\n\n\n\n<p>2011. aasta aprillis l\u00f5i Soopan oma uudisteportaali L\u00e4\u00e4nlane. Lisaks t\u00f6\u00f6tamisele portaalis L\u00e4\u00e4nlane oli ta 2011. maist alates ka Eesti Rahvusringh\u00e4\u00e4lingu korrespondent L\u00e4\u00e4nemaal ja Hiiumaal. 2015. aasta m\u00e4rtsis asus ta t\u00f6\u00f6le Maalehte. 2017. aastal avas Soopan turismi- ja reisiuudiste veebilehe Reisiportaal.ee. Aastatel 2021\u20132025 t\u00f6\u00f6tas ta ettev\u00f5ttes Geenius Meedia vastutava toimetajana. Alates 2025. aastast t\u00f6\u00f6tab ta Delfi Meedia v\u00e4lisuudiste reporterina.<\/p>\n\n\n\n<p>Soopan on ajakirjanikut\u00f6\u00f6 k\u00f5rval kirjutanud laste- ja noorteraamatuid, samuti avaldanud teoseid ajakirjanikuna sooritatud reisidest maailma kriisikolletesse, mille on p\u00f5hjustanud s\u00f5da v\u00f5i looduskatastroof.<\/p>\n\n\n\n<p><em>L. P.<\/em><\/p>\n\n\n\n<h4 class=\"wp-block-heading\"><br>Raamatud eesti keeles<\/h4>\n\n\n\n<p><strong><em>Noorteraamatud<\/em><\/strong><br><strong>K\u00f5ik poisid ei saa suureks<\/strong>. Tallinn: Eesti P\u00e4evaleht, 2008. 174 lk. [2. tr\u00fckk: 2023.]<br><strong>Head pahad poisid<\/strong>. Tallinn: Eesti P\u00e4evaleht, 2009. 155 lk.<br><strong>\u00d5hulossivanaisa<\/strong>. Tallinn: T\u00e4nap\u00e4ev, 2015. 91 lk.<\/p>\n\n\n\n<p><strong><em>Dokumentaalraamatud<\/em><\/strong><br><strong>Tappev uudishimu. Viis aastat Iraagi s\u00f5da \u2013 ajakirjaniku jutustus t\u00f6\u00f6st kriisikoldes<\/strong>. Tallinn: Eesti P\u00e4evaleht, 2008. 297 lk.<br><strong>R\u00e4nnakud murtud maal. Reisid sajandi suurimate looduskatastroofide j\u00e4lgedes<\/strong>. Tallinn: Eesti P\u00e4evaleht: Hea Lugu, 2012. 250 lk.<\/p>\n\n\n\n<p><strong><em>K\u00e4siraamat<\/em><\/strong><br><strong>Seljakotiaabits<\/strong>. Tallinn: Eesti P\u00e4evaleht, 2010. 87 lk.<\/p>\n","protected":false},"excerpt":{"rendered":"<p>Ivar Soopan (s\u00fcnd. 10. XII 1971) on ajakirjanik ja kirjanik. Soopan on s\u00fcndinud Tartus. 1993. aastal asus ta elama Haapsallu ja t\u00f6\u00f6tama kohalikus ajalehes. Aastatel 1998\u20132008 oli Soopan ajakirjanik P\u00e4evalehes. Seej\u00e4rel t\u00f6\u00f6tas ta uuesti Haapsalus ja oli 2010. aastal ajalehe &#8230;<\/p>\n","protected":false},"author":43,"featured_media":0,"parent":6505,"menu_order":0,"comment_status":"closed","ping_status":"closed","template":"","meta":{"_acf_changed":false,"inline_featured_image":false,"footnotes":""},"class_list":["post-8757","page","type-page","status-publish","hentry"],"acf":[],"_links":{"self":[{"href":"https:\/\/ewod.ut.ee\/et\/wp-json\/wp\/v2\/pages\/8757","targetHints":{"allow":["GET"]}}],"collection":[{"href":"https:\/\/ewod.ut.ee\/et\/wp-json\/wp\/v2\/pages"}],"about":[{"href":"https:\/\/ewod.ut.ee\/et\/wp-json\/wp\/v2\/types\/page"}],"author":[{"embeddable":true,"href":"https:\/\/ewod.ut.ee\/et\/wp-json\/wp\/v2\/users\/43"}],"replies":[{"embeddable":true,"href":"https:\/\/ewod.ut.ee\/et\/wp-json\/wp\/v2\/comments?post=8757"}],"version-history":[{"count":2,"href":"https:\/\/ewod.ut.ee\/et\/wp-json\/wp\/v2\/pages\/8757\/revisions"}],"predecessor-version":[{"id":8760,"href":"https:\/\/ewod.ut.ee\/et\/wp-json\/wp\/v2\/pages\/8757\/revisions\/8760"}],"up":[{"embeddable":true,"href":"https:\/\/ewod.ut.ee\/et\/wp-json\/wp\/v2\/pages\/6505"}],"wp:attachment":[{"href":"https:\/\/ewod.ut.ee\/et\/wp-json\/wp\/v2\/media?parent=8757"}],"curies":[{"name":"wp","href":"https:\/\/api.w.org\/{rel}","templated":true}]}}