{"id":8764,"date":"2024-04-03T23:42:00","date_gmt":"2024-04-03T20:42:00","guid":{"rendered":"https:\/\/sisu.ut.ee\/ewod\/?page_id=8764"},"modified":"2026-04-28T13:44:09","modified_gmt":"2026-04-28T10:44:09","slug":"triin-soomets","status":"publish","type":"page","link":"https:\/\/ewod.ut.ee\/et\/s\/triin-soomets\/","title":{"rendered":"Triin Soomets"},"content":{"rendered":"<figure class=\"wp-block-image alignright size-large is-resized\"><a href=\"https:\/\/sisu.ut.ee\/wp-content\/uploads\/sites\/108\/triin_soomets_alar_madisson.jpg\"><img loading=\"lazy\" decoding=\"async\" width=\"673\" height=\"1024\" src=\"https:\/\/sisu.ut.ee\/wp-content\/uploads\/sites\/108\/triin_soomets_alar_madisson_vaike-673x1024.jpg\" alt=\"\" class=\"wp-image-6132\" style=\"aspect-ratio:0.6572341396622546;width:263px;height:auto\" title=\"Foto: Alar Madisson\" srcset=\"https:\/\/sisu.ut.ee\/wp-content\/uploads\/sites\/108\/triin_soomets_alar_madisson_vaike-673x1024.jpg 673w, https:\/\/sisu.ut.ee\/wp-content\/uploads\/sites\/108\/triin_soomets_alar_madisson_vaike-197x300.jpg 197w, https:\/\/sisu.ut.ee\/wp-content\/uploads\/sites\/108\/triin_soomets_alar_madisson_vaike-768x1168.jpg 768w, https:\/\/sisu.ut.ee\/wp-content\/uploads\/sites\/108\/triin_soomets_alar_madisson_vaike-1010x1536.jpg 1010w, https:\/\/sisu.ut.ee\/wp-content\/uploads\/sites\/108\/triin_soomets_alar_madisson_vaike.jpg 1212w\" sizes=\"auto, (max-width: 673px) 100vw, 673px\"><\/a><\/figure>\n\n\n\n<p>Triin Soomets (s. 2. III 1969) on eesti luuletaja.<\/p>\n\n\n\n<p>S\u00fcndis Tallinnas, \u00f5ppis Tartu \u00dclikoolis eesti filoloogiat. P\u00e4rast stuudiumi l\u00f5petamist 1994. aastal on ta t\u00f6\u00f6tanud korrektorina ja toimetajana mitme ajalehe juures. Ta sai oma teise bakalaureusekraadi filosoofias Tallinna \u00dclikoolist 2024. aastal.<\/p>\n\n\n\n<p>Soomets hakkas luulet ajakirjanduses avaldama 1986. aastast. Soomets deb\u00fcteeris 1990. aastal luulekoguga \u201cSinine linn\u201d, mis kuulus kogumikku \u201cLuulekassett \u201990\u201d. Samas kassetis deb\u00fcteerisid ka <a href=\"https:\/\/ewod.ut.ee\/et\/v\/elo-viiding\/\" data-type=\"page\" data-id=\"7964\">Elo Vee (Elo Viiding)<\/a>, Liisi Ojamaa, <a href=\"https:\/\/ewod.ut.ee\/et\/v\/aidi-vallik\/\" data-type=\"page\" data-id=\"8111\">Ats (Aidi Vallik)<\/a> ja Ruth Jyrjo. Ta on \u00fcks uuenduslikumaid ja salap\u00e4rasemaid 1990ndate aastate ja 21. sajandi alguse eesti luuletajaid. Oma luules l\u00f5i ta uue sootunnetusliku l\u00e4henemise. Ta on p\u00e4lvinud kahel korral (2000 ja 2009) Juhan Liivi luuleauhinna.<\/p>\n\n\n\n<p>Soometsa luule on algusest peale olnud peamiselt vabav\u00e4rsiline, tihti erootilise alatooniga. Modernistlikus laadis kombineerib Soomets oma kujundeis j\u00f5ulisi keha, v\u00e4givalla, metalli, vere, masinate ja roosi motiive. \u00dchest k\u00fcljest esindavad need traditsioonilisi kli\u0161eesid, luues uudses kontekstis ootamatuid seoseid. Soometsa luulet iseloomustabki erinevate kultuuritraditsioonide \u00fchendamine individuaalse stiiliga, nartsissistliku ja erootilise pinge loomine, dramaatiline m\u00e4ng ning teatraalsus. L\u00fc\u00fcriline mina v\u00f5tab erinevaid (naise) rolle ning liigub erinevates maailmades: see v\u00f5ib olla romantiline kangelanna, biseksuaal, masohhist, ohver, t\u00fcranniseeriv armuke vms. Erootilised ja dramaatilised situatsioonid vahelduvad l\u00fc\u00fcrilistega ja monoloog dialoogiga. Tema luules on alati kohal \u201eteine\u201c. Tekstide pealiskiht j\u00e4tab karnevaliliku mulje (kus kaasatud on keeleline m\u00e4ngulikkus), kuid erinevad kultuuris\u00fcmbolid ja kehalisus r\u00f5hutavad samas t\u00f5siseid konfliktsituatsioone ja kirglikkust.<\/p>\n\n\n\n<p><em>A. Mv.<\/em><\/p>\n\n\n\n<h4 class=\"wp-block-heading\"><br>Raamatud eesti keeles<\/h4>\n\n\n\n<p><strong><em>Luule<\/em><\/strong><br><strong>Sinine linn<\/strong>. Tallinn: Eesti Raamat, 1990, 57 lk. [\u2018Kassett \u201990\u2019.]<br><strong>Janu masinas<\/strong>. [Tartu]: T. Soomets, 1994, 46 lk.<br><strong>Randmes unejanu<\/strong>. Tartu: T. Soomets, 1994, 46 lk.<br><strong>Pidurdusj\u00e4lg<\/strong>. Tallinn: Tuum, 1999, 62 lk.<br><strong>Soon<\/strong>. Luuletusi 1989-1999. Tallinn: Tuum, 2000, 106 lk.<br><strong>Leping nr. 2<\/strong>. Luuletusi 2000-2003. Tallinn: Tuum, 2004, 63 lk.<br><strong>Toormaterjal<\/strong>. Luige: Verb, 2004, 59 lk.<br><strong>V\u00e4ljas<\/strong>. Tallinn: Tuum, 2006, 62 lk.<br><strong>Varjatud ained<\/strong>. Tallinn: Tuum, 2009, 110 lk.<br><strong>Asjade omadused<\/strong>. Luige: Verb, 2013, 47 lk.<br><strong>Hulgakesed<\/strong>. Luige: Verb, 2015, 51 lk.<br><strong>Valitud omadused<\/strong>. Valitud luulet 1990-2015. Tallinn: Tuum, 2016, 327 lk.<br><strong>Armukesed<\/strong>. Luulet 2017-2018. Tallinn: Tuum, 2017, 64 lk.<br><strong>Vaba raha<\/strong>. Tallinn: NyNorden, 2017, 62 lk.<br><strong>Pind ajajoone all<\/strong>. Luulet 2019-2021. Tallinn: Tuum, 2021, 94 lk.<br><strong>Kerge kogu j\u00f5ust<\/strong>. Tallinn: Tuum, 2024, 51 lk.<br><strong>J\u00e4\u00e4lind<\/strong>. Tallinn: SA Kultuurileht (Loomingu Raamatukogu), 2026. 68 lk.<\/p>\n\n\n\n<p><strong><em>Proosa<\/em><\/strong><br><strong>Targa ja rumala jutud<\/strong>. Lelle: Allika\u00e4\u00e4rne, 2017, 59 lk.<\/p>\n\n\n\n<p><strong><em>Lasteraamatud<\/em><\/strong><br><strong>Miks sul pole saba?<\/strong>. Illustreerinud Tiina Mariam Reinsalu. Tallinn: P\u00e4ike ja Pilv, 2012, 32 lk. [Luuletused.]<br><strong>Unerong<\/strong>. Pildid joonistanud ja kujundanud Anne Linnam\u00e4gi. Tallinn: P\u00e4ike ja Pilv, 2013, 32 lk + noot + 1 CD. [Laulud.]<br><strong>Hea ja kurja jutud<\/strong>. Illustreerinud ja kujundanud Anne Linnam\u00e4gi. Tallinn: P\u00e4ike ja Pilv, 2015, 37 lk. [Jutud.]<\/p>\n","protected":false},"excerpt":{"rendered":"<p>Triin Soomets (s. 2. III 1969) on eesti luuletaja. S\u00fcndis Tallinnas, \u00f5ppis Tartu \u00dclikoolis eesti filoloogiat. P\u00e4rast stuudiumi l\u00f5petamist 1994. aastal on ta t\u00f6\u00f6tanud korrektorina ja toimetajana mitme ajalehe juures. Ta sai oma teise bakalaureusekraadi filosoofias Tallinna \u00dclikoolist 2024. aastal. &#8230;<\/p>\n","protected":false},"author":43,"featured_media":0,"parent":6505,"menu_order":0,"comment_status":"closed","ping_status":"closed","template":"","meta":{"_acf_changed":false,"inline_featured_image":false,"footnotes":""},"class_list":["post-8764","page","type-page","status-publish","hentry"],"acf":[],"_links":{"self":[{"href":"https:\/\/ewod.ut.ee\/et\/wp-json\/wp\/v2\/pages\/8764","targetHints":{"allow":["GET"]}}],"collection":[{"href":"https:\/\/ewod.ut.ee\/et\/wp-json\/wp\/v2\/pages"}],"about":[{"href":"https:\/\/ewod.ut.ee\/et\/wp-json\/wp\/v2\/types\/page"}],"author":[{"embeddable":true,"href":"https:\/\/ewod.ut.ee\/et\/wp-json\/wp\/v2\/users\/43"}],"replies":[{"embeddable":true,"href":"https:\/\/ewod.ut.ee\/et\/wp-json\/wp\/v2\/comments?post=8764"}],"version-history":[{"count":3,"href":"https:\/\/ewod.ut.ee\/et\/wp-json\/wp\/v2\/pages\/8764\/revisions"}],"predecessor-version":[{"id":8768,"href":"https:\/\/ewod.ut.ee\/et\/wp-json\/wp\/v2\/pages\/8764\/revisions\/8768"}],"up":[{"embeddable":true,"href":"https:\/\/ewod.ut.ee\/et\/wp-json\/wp\/v2\/pages\/6505"}],"wp:attachment":[{"href":"https:\/\/ewod.ut.ee\/et\/wp-json\/wp\/v2\/media?parent=8764"}],"curies":[{"name":"wp","href":"https:\/\/api.w.org\/{rel}","templated":true}]}}