{"id":8778,"date":"2024-04-03T23:41:52","date_gmt":"2024-04-03T20:41:52","guid":{"rendered":"https:\/\/sisu.ut.ee\/ewod\/?page_id=8778"},"modified":"2026-04-28T14:35:40","modified_gmt":"2026-04-28T11:35:40","slug":"lauri-sommer","status":"publish","type":"page","link":"https:\/\/ewod.ut.ee\/et\/s\/lauri-sommer\/","title":{"rendered":"Lauri Sommer"},"content":{"rendered":"<figure class=\"wp-block-image alignright size-large is-resized\"><a href=\"https:\/\/sisu.ut.ee\/wp-content\/uploads\/sites\/108\/lauri_sommer_portree_alar_madisson.jpg\"><img loading=\"lazy\" decoding=\"async\" width=\"975\" height=\"1024\" src=\"https:\/\/sisu.ut.ee\/wp-content\/uploads\/sites\/108\/lauri_sommer_portree_alar_madisson-975x1024.jpg\" alt=\"\" class=\"wp-image-6375\" style=\"aspect-ratio:0.9521290510147196;width:261px;height:auto\" title=\"Foto: Alar Madisson\" srcset=\"https:\/\/sisu.ut.ee\/wp-content\/uploads\/sites\/108\/lauri_sommer_portree_alar_madisson-975x1024.jpg 975w, https:\/\/sisu.ut.ee\/wp-content\/uploads\/sites\/108\/lauri_sommer_portree_alar_madisson-286x300.jpg 286w, https:\/\/sisu.ut.ee\/wp-content\/uploads\/sites\/108\/lauri_sommer_portree_alar_madisson-768x807.jpg 768w, https:\/\/sisu.ut.ee\/wp-content\/uploads\/sites\/108\/lauri_sommer_portree_alar_madisson-1462x1536.jpg 1462w, https:\/\/sisu.ut.ee\/wp-content\/uploads\/sites\/108\/lauri_sommer_portree_alar_madisson.jpg 1701w\" sizes=\"auto, (max-width: 975px) 100vw, 975px\"><\/a><\/figure>\n\n\n\n<p>Lauri Sommer (kuni 1991 Soomere; s. 2. IV 1973) on luuletaja, prosaist, kirjandusuurija ning muusik.<\/p>\n\n\n\n<p>Sommer s\u00fcndis ja k\u00e4is koolis Viljandis. Ta \u00f5ppis \u00fche aasta raamatukogundust Viljandi Kultuurikolled\u017eis. Sommer l\u00f5petas Tartu \u00dclikoolis kirjanduse ja rahvaluule eriala ning kaitses samas ka magistrikraadi Uku Masingust. Ta kuulub r\u00fchmitusse Erakkond ning ansambleisse Liinat\u015buraq, Kago ja \u00dctsiots\u00f5. Eesti Kirjanike Liidu liige alates 1999. aastast.<\/p>\n\n\n\n<p>Sommer hakkas luulet avaldama 1990. aastast ajalehes Sakala. Esimene luulekogu \u201eLaurila\u201c ilmus 1998. aastal. Tooni annavad noore inimese (sise)kaemuslikud otsingud \u00fches looduspiltidega. Esikkogust peale m\u00e4rgatav nii tekstiline kui sisuline l\u00e4hedus Uku Masinguga, kelle laadi on Sommer edasi arendanud. Esile t\u00f5useb huvi looduse, maagilis-loitsulise maailma, vanade paigavaimude ja idamaise n\u00e4gemuslikkuse vastu, vt ka nt 2005. aastal <a href=\"https:\/\/ewod.ut.ee\/et\/s\/gustav-suits\/\" data-type=\"page\" data-id=\"8732\">Gustav Suitsu<\/a> luulepreemia p\u00e4lvinud kogu \u201eN\u00f5idade \u00f5rnus\u201c (2004). Sommeri luule on isikup\u00e4rase k\u00f5nepruugiga, kus on p\u00f5imunud nii murde- kui sl\u00e4ngis\u00f5nad, k\u00f5nekeel ja k\u00f5rgstiil.<\/p>\n\n\n\n<p>Eesti Kultuurkapitali kirjanduse sihtkapitali aastapreemia p\u00e4lvinud esimene proosakogu \u201eKolm yksiklast\u201c (2010) esitab autorile oluliste Setu k\u00fclaravitseja Darja (Sommeri vanavanaema), muusiku Nick Drake\u2019i ja Uku Masingu lood, mida seob \u00fcksinduse temaatika. Erinevate isikute ja \u00fche kindla paiga lood seotakse autobiograafilise alatooniga \u201eR\u00e4estu raamatus\u201c (2012), mille keskmes on Sommeri kodutalu R\u00e4estu V\u00f5rumaal. Sisekaemuslike retkede k\u00f5rval leiab sellest raamatust ka dokumentaalset materjali ning lugusid, mis p\u00f5imuvad \u00fchtseks geograafilise paiga ja ajaloo t\u00e4henduslikkust r\u00f5hutavaks isikup\u00e4raseks tervikuks. Teos p\u00e4lvis 2012. aastal Eesti Kultuurkapitali kirjanduse sihtkapitali aastapreemia ning <a href=\"https:\/\/ewod.ut.ee\/et\/k\/bernard-kangro\/\" data-type=\"page\" data-id=\"6965\">Bernard Kangro<\/a> kirjanduspreemia. Paigalooline on ka \u201eR\u00e4estu raamatule\u201c omamoodi paariline \u201eSealpool sood\u201c (2014), mis keskendub Viljandi, ise\u00e4ranis J\u00e4mejala \u00fcmbrusele ning isapoolsele suguv\u00f5sale. Tartu erinevaid paiku ja sellega seotud inimesi valgustab sommerlike sisekaemuslike, unen\u00e4oliste, dokumentaalsete ja isiklike seikade p\u00f5imingutega \u201eToome tuled\u201c (2022). Sommeri vaimseid eeskujusid kaardistav esseekogumik \u201cSugupuu\u201d (2025) p\u00e4lvis Kultuurkapitali kirjanduse sihtkapitali aastapreemia. Ta on koostanud ka kahek\u00f6itelise, peamiselt p\u00f5lisrahvastelt p\u00e4rit \u201c\u00e4\u00e4repealsete muinasjuttude\u201d antoloogia \u201cIlmaveere jutud\u201d (2023, 2024).<\/p>\n\n\n\n<p>Sommer kirjutanud artikleid kirjandusest ja muusikast, t\u00f5lkinud (teiste hulgas Richard Brautigani ja Georg Traklit) ja teinud raadiosaateid.<\/p>\n\n\n\n<p>Sommer on veel p\u00e4lvinud kahel korral Loomingu aastapreemia (2001, 2007); Eesti Kultuurkapitali kirjanduse sihtkapitali aastapreemia, artiklipreemia magistrit\u00f6\u00f6l p\u00f5hineva \u201eUku Masingu k\u00e4sikirja \u201eSaadik Megellani pilvest\u201c vaimne, ajalis-ruumiline ja elulooline taust\u201c eest; Juhan Liivi luuleauhinna (2014), <a href=\"https:\/\/ewod.ut.ee\/et\/g\/august-gailit\/\" data-type=\"page\" data-id=\"7638\">August Gailiti<\/a> nimelise novelliauhinna \u201eP\u00e4rlipyydjate\u201c eest ning Valget\u00e4he V klassi teenetem\u00e4rgi. Sommer oli kirjanikupalga saaja aastail 2021-2023.<\/p>\n\n\n\n<p><em>A. K.<\/em><\/p>\n\n\n\n<h4 class=\"wp-block-heading\"><br>Raamatud eesti keeles<\/h4>\n\n\n\n<p><strong><em>Luule<\/em><\/strong><br><strong>Laurila<\/strong>: 1992-1997. Tartu: Erakkond, 1998, 83 lk<br><strong>Raagraamis poiss<\/strong>: luuletused ja t\u00f5lked: 1990-1992. Tartu: Eesti \u00dcli\u00f5pilaste Selts Veljesto, 2001, 96 lk<br><strong>N\u00f5idade \u00f5rnus<\/strong>: 1998-2003. S\u00e4nna: Tiivaalune, 2004, 86 lk<br><strong>K.L. ja N.<\/strong>: 2004-2007. R\u00e4estu: Tiivaalune, 2008, 83 lk<br><strong>Kunagi<\/strong>: 2008-2015. R\u00e4estu: Tiivaalune, 2015, 86 lk<br><strong>Kodu kaduvas<\/strong>. Viru: Tiivaalune, 2019, 34 lk<br><strong>Vanaema sydame nimel<\/strong>. Tallinn: Menu kirjastus, 2023, 71 lk<\/p>\n\n\n\n<p><strong><em>L\u00fchiproosa<\/em><\/strong><br><strong>Kolm yksiklast<\/strong>. Tallinn: Menu Kirjastus, 2010, 196 lk<br><strong>R\u00e4estu raamat<\/strong>. Tallinn: Menu Kirjastus, 2012, 272 lk [j\u00e4rgmised tr\u00fckid: 2013]<br><strong>Sealpool sood<\/strong>: 2006-2014. Tallinn: Menu Kirjastus, 2014, 270 lk<br><strong>Lugusid l\u00f5unast<\/strong>: 2012-2016. Tallinn: Menu Meedia, 2016, 197 lk<br><strong>L\u00f5putu soovid<\/strong>. Tallinn: Menu, 2020, 134 lk<br><strong>Toome tuled<\/strong>: 2015-2021. Tallinn: Menu, 2022, 314 lk<br><strong>Ilmaveere jutud: valik p\u00f5lisrahvaste pajatusi<\/strong>. \u00dcmber pannud ja takka kiitnud Nuga Soopealt. Luhametsa: Kaarnakivi seltsi kirjastus, 2023. 265 lk.<br><strong>Ilmaveere jutud. II: jutte ja pajatusi soojadelt maadelt<\/strong>. \u00dcmber pannud ja takka kiitnud Nuga Soopealt. Luhametsa k\u00fcla: Kaarnakivi seltsi kirjastus, 2024. 200 lk.<br><strong>Sugupuu<\/strong>. Tallinn: Menu Meedia, 2025, 346 lk<\/p>\n","protected":false},"excerpt":{"rendered":"<p>Lauri Sommer (kuni 1991 Soomere; s. 2. IV 1973) on luuletaja, prosaist, kirjandusuurija ning muusik. Sommer s\u00fcndis ja k\u00e4is koolis Viljandis. Ta \u00f5ppis \u00fche aasta raamatukogundust Viljandi Kultuurikolled\u017eis. Sommer l\u00f5petas Tartu \u00dclikoolis kirjanduse ja rahvaluule eriala ning kaitses samas ka &#8230;<\/p>\n","protected":false},"author":43,"featured_media":0,"parent":6505,"menu_order":0,"comment_status":"closed","ping_status":"closed","template":"","meta":{"_acf_changed":false,"inline_featured_image":false,"footnotes":""},"class_list":["post-8778","page","type-page","status-publish","hentry"],"acf":[],"_links":{"self":[{"href":"https:\/\/ewod.ut.ee\/et\/wp-json\/wp\/v2\/pages\/8778","targetHints":{"allow":["GET"]}}],"collection":[{"href":"https:\/\/ewod.ut.ee\/et\/wp-json\/wp\/v2\/pages"}],"about":[{"href":"https:\/\/ewod.ut.ee\/et\/wp-json\/wp\/v2\/types\/page"}],"author":[{"embeddable":true,"href":"https:\/\/ewod.ut.ee\/et\/wp-json\/wp\/v2\/users\/43"}],"replies":[{"embeddable":true,"href":"https:\/\/ewod.ut.ee\/et\/wp-json\/wp\/v2\/comments?post=8778"}],"version-history":[{"count":2,"href":"https:\/\/ewod.ut.ee\/et\/wp-json\/wp\/v2\/pages\/8778\/revisions"}],"predecessor-version":[{"id":8780,"href":"https:\/\/ewod.ut.ee\/et\/wp-json\/wp\/v2\/pages\/8778\/revisions\/8780"}],"up":[{"embeddable":true,"href":"https:\/\/ewod.ut.ee\/et\/wp-json\/wp\/v2\/pages\/6505"}],"wp:attachment":[{"href":"https:\/\/ewod.ut.ee\/et\/wp-json\/wp\/v2\/media?parent=8778"}],"curies":[{"name":"wp","href":"https:\/\/api.w.org\/{rel}","templated":true}]}}