{"id":8788,"date":"2024-04-03T23:41:44","date_gmt":"2024-04-03T20:41:44","guid":{"rendered":"https:\/\/sisu.ut.ee\/ewod\/?page_id=8788"},"modified":"2026-04-28T17:06:08","modified_gmt":"2026-04-28T14:06:08","slug":"kerttu-soans","status":"publish","type":"page","link":"https:\/\/ewod.ut.ee\/et\/s\/kerttu-soans\/","title":{"rendered":"Kerttu Soans"},"content":{"rendered":"<p>Kerttu Soans (kodanikunimega Kerttu Soans-Tammisto, s\u00fcnd. 9. X 1961) on kirjanik ja ajakirjanik.<\/p>\n\n\n\n<p>Soans s\u00fcndis Tallinnas. Tema vanemad on kunstnik Olev Soans ja luuletaja Helvi J\u00fcrisson, tema poolvend on <a href=\"https:\/\/ewod.ut.ee\/et\/v\/peeter-volkonski\/\" data-type=\"page\" data-id=\"6778\">Peeter Volkonski<\/a>. Ta l\u00f5petas 1979. aastal Keila 1. Keskkooli. Soans on \u00f5ppinud Tallinna Pedagoogilises Instituudis kunsti\u00f5petajaks. Ta l\u00f5petas Tartu \u00dclikooli ajakirjanikuna kaug\u00f5ppes 1992. aastal. Kerttu Soans on t\u00f6\u00f6tanud Eesti Raadios ja tr\u00fckiajakirjanduses. Alates 1999. aastast on ta vabakutseline kirjanik. Kerttu Soans on Kirjanike Liidu liige.<\/p>\n\n\n\n<p>Kerttu Soans on kirjutanud k\u00fcmmekond lasteraamatut. Nendest esimene, \u201eOlivia ja esimene maailm\u201d ilmus 2003. aastal. See raamat on ilmunud 2005. aastal ka vene keeles. Kaks Soansi lasteraamatut on ilmunud \u00fchiste kaante vahel Tia Navi (Tiia K\u00f5nnussaare) lastejuttudega.<\/p>\n\n\n\n<p>2008. aastal avaldati Soansi raamat \u201eKui ma armastasin tislerit\u201d, mis on m\u00f5eldud t\u00e4iskasvanud lugejatele. Raamat on s\u00fcndinud koost\u00f6\u00f6s graafik Kadi Kuremaga, kelle pildid inspireerisid Soansi kirjutama. Koost\u00f6\u00f6s kunstnik Anna Daniela Rodgersiga avaldas Soans kunsti- ja omavaheliste vestluste raamatu \u201eIlu loob rahu\u201d (2025).<\/p>\n\n\n\n<p>Kahasse Armen T\u00f5uguga on Kerttu Soans kirjutanud antroposoofiast l\u00e4htuva kasvatusalase raamatu \u201eIndigolapsed: kas uus p\u00f5lvkond?\u201d (2005) See raamat on t\u00f5lgitud leedu, vene ja heebrea keelde.<\/p>\n\n\n\n<p>2006. aastal ilmus Eesti Raadio 80. aastap\u00e4evaks Soansi koostatud kogumik \u201eR\u00e4\u00e4kiv plekk-kruus ja teisi raadiojutte\u201d.<br><br><em>L. P.<\/em><\/p>\n\n\n\n<h4 class=\"wp-block-heading\"><br>Raamatud eesti keeles<\/h4>\n\n\n\n<p><em><strong>Lasteraamatud<\/strong><\/em><br><strong>Olivia ja esimene maailm<\/strong>. J\u00e4rvak\u00fcla (Tartumaa): V\u00e4ike Vanker, 2003, 67 lk.<br><strong>Kruubi-Ruudi ja tema inimesed<\/strong>. Puhja: V\u00e4ike Vanker, 2004, 66 lk.<br><strong>Teistmoodi Sirel<\/strong>. Tartu: V\u00e4ike Vanker, 2005, 88 lk.<br><strong>Mari ja J\u00fcri 10 ametit<\/strong>. Tallinn: Ajakirjade Kirjastus, 2007, 67 lk.<br><strong>K\u00fclaline vannis<\/strong>. P\u00f5nevik. Tallinn: Ajakirjade Kirjastus, 2008, 83 lk.<br><strong>Tere, N\u00f6\u00f6p!<\/strong>. Tallinn: TEA Kirjastus, 2008, 35 lk.<br>Tiia K\u00f5nnussaar, <strong>Martti ja Kuldtiib<\/strong>; Kerttu Soans, <strong>Ingli k\u00fcbaratrikk<\/strong>. Tallinn: Ajakirjade Kirjastus, 2009, 35+35 lk. [Tirelraamat.]<br><strong>K\u00e4olehm ja tibu<\/strong>. Tallinn: TEA Kirjastus, 2010, 38 lk.<br>Tiia K\u00f5nnussaar, <strong>Martti l\u00e4heb kooli<\/strong>; Kerttu Soans, <strong>Suur v\u00f5i v\u00e4ike Ingel<\/strong>. Tallinn: Varrak, 2015, 43+41 lk. [Tirelraamat.]<br><strong>Inimene puudlinahas<\/strong>. Tartu: Petrone Print, 2016, 140 lk.<\/p>\n\n\n\n<p><strong><em>L\u00fchiproosa<\/em><\/strong><br><strong>Kui ma armastasin tislerit<\/strong>. Tallinn: Ajakirjade Kirjastus, 2008, 72 lk.<\/p>\n\n\n\n<p><strong><em>Varia<\/em><\/strong><br>Armen T\u00f5ugu, Kerttu Soans, <strong>Indigolapsed: kas uus p\u00f5lvkond?<\/strong>. Eess\u00f5na: Tiiu Kuurme. Puhja: V\u00e4ike Vanker, 2005, 224 lk.<br>Anne Daniela Rodgers, Kerttu Soans, <strong>Ilu loob rahu : \u00fcksteist usutledes<\/strong>. Tallinn: A. D. Rodgers, 2025, 130 lk.<\/p>\n","protected":false},"excerpt":{"rendered":"<p>Kerttu Soans (kodanikunimega Kerttu Soans-Tammisto, s\u00fcnd. 9. X 1961) on kirjanik ja ajakirjanik. Soans s\u00fcndis Tallinnas. Tema vanemad on kunstnik Olev Soans ja luuletaja Helvi J\u00fcrisson, tema poolvend on Peeter Volkonski. Ta l\u00f5petas 1979. aastal Keila 1. Keskkooli. Soans on &#8230;<\/p>\n","protected":false},"author":43,"featured_media":0,"parent":6505,"menu_order":0,"comment_status":"closed","ping_status":"closed","template":"","meta":{"_acf_changed":false,"inline_featured_image":false,"footnotes":""},"class_list":["post-8788","page","type-page","status-publish","hentry"],"acf":[],"_links":{"self":[{"href":"https:\/\/ewod.ut.ee\/et\/wp-json\/wp\/v2\/pages\/8788","targetHints":{"allow":["GET"]}}],"collection":[{"href":"https:\/\/ewod.ut.ee\/et\/wp-json\/wp\/v2\/pages"}],"about":[{"href":"https:\/\/ewod.ut.ee\/et\/wp-json\/wp\/v2\/types\/page"}],"author":[{"embeddable":true,"href":"https:\/\/ewod.ut.ee\/et\/wp-json\/wp\/v2\/users\/43"}],"replies":[{"embeddable":true,"href":"https:\/\/ewod.ut.ee\/et\/wp-json\/wp\/v2\/comments?post=8788"}],"version-history":[{"count":2,"href":"https:\/\/ewod.ut.ee\/et\/wp-json\/wp\/v2\/pages\/8788\/revisions"}],"predecessor-version":[{"id":8791,"href":"https:\/\/ewod.ut.ee\/et\/wp-json\/wp\/v2\/pages\/8788\/revisions\/8791"}],"up":[{"embeddable":true,"href":"https:\/\/ewod.ut.ee\/et\/wp-json\/wp\/v2\/pages\/6505"}],"wp:attachment":[{"href":"https:\/\/ewod.ut.ee\/et\/wp-json\/wp\/v2\/media?parent=8788"}],"curies":[{"name":"wp","href":"https:\/\/api.w.org\/{rel}","templated":true}]}}