{"id":8817,"date":"2024-04-03T23:41:01","date_gmt":"2024-04-03T20:41:01","guid":{"rendered":"https:\/\/sisu.ut.ee\/ewod\/?page_id=8817"},"modified":"2026-04-28T20:04:38","modified_gmt":"2026-04-28T17:04:38","slug":"%d0%b5%d0%bb%d0%b5%d0%bd%d0%b0-%d1%81%d0%ba%d1%83%d0%bb%d1%8c%d1%81%d0%ba%d0%b0%d1%8f-jelena-skulskaja","status":"publish","type":"page","link":"https:\/\/ewod.ut.ee\/et\/s\/%d0%b5%d0%bb%d0%b5%d0%bd%d0%b0-%d1%81%d0%ba%d1%83%d0%bb%d1%8c%d1%81%d0%ba%d0%b0%d1%8f-jelena-skulskaja\/","title":{"rendered":"\u0415\u043b\u0435\u043d\u0430 \u0421\u043a\u0443\u043b\u044c\u0441\u043a\u0430\u044f (Jelena Skulskaja)"},"content":{"rendered":"<p>Jelena Skulskaja (s\u00fcnd. 8. VIII 1950) on Eestis elav vene kirjanik ja kriitik.<\/p>\n\n\n\n<p>Skulskaja s\u00fcndis Tallinnas. Tema isa oli Grigori Skulski, juudi p\u00e4ritolu ukraina kirjanik, kes kirjutas vene keeles. Skulskaja \u00f5ppis aastatel 1957\u20131967 Tallinna 19. keskkoolis. Aastatel 1967\u20131972 \u00f5ppis ta Tartu Riikliku \u00dclikooli ajaloo-keeleteaduskonnas, mille l\u00f5petas vene filoloogina. Aastatel 1973\u20131974 oli Skulskaja \u00f5petaja, aastatel 1974\u20131997 t\u00f6\u00f6tas venekeelse ajalehe Sovetskaja Estonija, hilisema nimega Estonija kultuuritoimetajana, kriitikuna ja reporterina. Aastatel 1996\u20132008 t\u00f6\u00f6tas ta Tallinna Vene Teatris. Skulskaja on alates 1991. aastast Eesti Kirjanike Liidu liige.<\/p>\n\n\n\n<p>Jelena Skulskaja kirjutab peamiselt vene keeles. Ta deb\u00fcteeris \u00fclikooli\u00f5pingute ajal luuletustega venekeelses ajakirjanduses. Skulskaja luulet iseloomustavad artistlikkus ja vormimeisterlikkus, r\u00f5huasetus tundeelu vastuoludele.<\/p>\n\n\n\n<p>Skulskaja sulest on ilmunud ka novelle, jutustusi ja romaane. Tema proosalooming on pihtimuslik ja irooniline, selles valdavad m\u00e4lestused, eriti isast ja kolleeg Sergei Dovlatovist. Ta on tegutsenud eesti ja eestivene kirjandustraditsioonide vahendajana: kirjutanud tutvustavaid artikleid m\u00f5lemas keeles ilmunud kirjandusest ja koostanud \u00fclevaateid vene ajakirjanduses ilmunud eesti kirjanduse k\u00e4sitlustest. Skulskaja on t\u00f5lkinud eesti keelest vene keelde <a href=\"https:\/\/ewod.ut.ee\/et\/v\/juhanviiding\/\" data-type=\"page\" data-id=\"6617\">Juhan Viidingu<\/a> luulet. Aastatel 2020 \u2013 2025 on ilmunud kuus k\u00f6idet Skulskaja t\u00f5lkeid uuema aja eesti luuletajatelt (Maarja Kangro, Kalev Kesk\u00fcla, Toomas Liiv, Karl Martin Sinij\u00e4rv, <a href=\"https:\/\/ewod.ut.ee\/et\/s\/triin-soomets\/\" data-type=\"page\" data-id=\"8764\">Triin Soomets<\/a>, <a href=\"https:\/\/ewod.ut.ee\/et\/s\/aleksander-suuman\/\" data-type=\"page\" data-id=\"8716\">Aleksander Suuman<\/a>, Indrek Hirv, <a href=\"https:\/\/ewod.ut.ee\/et\/oe\/onnepalu\/\" data-type=\"page\" data-id=\"6650\">T\u00f5nu \u00d5nnepalu<\/a>, Triin Paja, Kristjan Haljak, Kristiina Ehin, Hasso Krull jpt).<\/p>\n\n\n\n<p>Jelena Skulskaja on pikka aega teinud kaast\u00f6\u00f6d ajalehele KesKus ning on olnud telesaate \u201eBatareja\u201c saatejuht.<\/p>\n\n\n\n<p>Skulskaja on p\u00e4lvinud kolm korda Kultuurkapitali kirjanduse sihtkapitali aastapreemia vene keeles kirjutavate autorite kategoorias: 2006. aastal (pikaajalise eduka kirjandusliku tegevuse ja eesti lugejate tutvustamise eest vene kirjanduseluga), 2014. aastal (romaani \u201e\u041c\u0440\u0430\u043c\u043e\u0440\u043d\u044b\u0439 \u043b\u0435\u0431\u0435\u0434\u044c\u201d \u2013 \u201eMarmorluik\u201d \u2013 eest) ja 2017. aastal (romaani \u201e\u041f\u043e\u0433\u0440\u0430\u043d\u0438\u0447\u043d\u0430\u044f \u043b\u044e\u0431\u043e\u0432\u044c\u201d \u2013 \u201ePiirirmastus\u201d\u2013 eest).<\/p>\n\n\n\n<p>2011. aastal autasustati Jelena Skulskajat Valget\u00e4he IV klassi ordeniga.<\/p>\n\n\n\n<p><em>L. P.<\/em><\/p>\n\n\n\n<h4 class=\"wp-block-heading\"><br>Raamatud vene keeles<\/h4>\n\n\n\n<p><strong><em>Luule<\/em><\/strong><br><strong>\u0413\u043b\u0430\u0432\u0430 \u0434\u0432\u0430\u0434\u0446\u0430\u0442\u044c \u0448\u0435\u0441\u0442\u0430\u044f<\/strong>: \u0441\u0442\u0438\u0445\u0438. \u0422\u0430\u043b\u043b\u0438\u043d: \u042d\u044d\u0441\u0442\u0438 \u0440\u0430\u0430\u043c\u0430\u0442, 1978. 66 cmp.<br><strong>\u041d\u0435\u0438\u0437\u0432\u0435\u0441\u0442\u043d\u043e\u043c\u0443 \u0445\u0443\u0434\u043e\u0436\u043d\u0438\u043a\u0443<\/strong>: \u0432\u0442\u043e\u0440\u0430\u044f \u043a\u043d\u0438\u0433\u0430 \u0441\u0442\u0438\u0445\u043e\u0432. \u0422\u0430\u043b\u043b\u0438\u043d\u043d: \u042d\u044d\u0441\u0442\u0438 \u0440\u0430\u0430\u043c\u0430\u0442, 1980. 68 cmp.<br><strong>\u041f\u0435\u0441\u043d\u044f \u0433\u0440\u0438\u0444\u0435\u043b\u044c\u043d\u043e\u0439 \u0432\u0435\u0442\u043a\u0438<\/strong>: \u0441\u0442\u0438\u0445\u0438. \u0422\u0430\u043b\u043b\u0438\u043d: \u042d\u044d\u0441\u0442\u0438 \u0440\u0430\u0430\u043c\u0430\u0442, 1984. 63 cmp.<br><strong>\u0412 \u043f\u0435\u0440\u0435\u0441\u0447\u0435\u0442\u0435 \u043d\u0430 \u0431\u043e\u043b\u044c<\/strong>. \u041c\u043e\u0441\u043a\u0432\u0430: \u0418\u041a\u041f\u0410; \u0422\u0430\u043b\u043b\u0438\u043d\u043d: \u042d\u0441\u0442\u043f\u0440\u0435\u0441\u0441, 1991. 186 cmp.<br><strong>\u041d\u0430 \u0441\u043c\u0435\u0440\u0442\u044c \u0444\u0438\u043a\u0443\u0441\u0430<\/strong>: \u0438\u0437 \u043f\u044f\u0442\u0438 \u043a\u043d\u0438\u0433 [\u0441\u0442\u0438\u0445\u0438]. \u0422\u0430\u043b\u043b\u0438\u043d\u043d: \u0410\u043d\u0442\u0435\u043a-\u0421, 1996. 189 cmp.<br><strong>\u0414\u043e \u0432\u0441\u0442\u0440\u0435\u0447\u0438 \u0432 \u0440\u0430\u044e<\/strong>: \u0441\u0442\u0438\u0445\u0438 \u0438 \u043f\u0435\u0440\u0435\u0432\u043e\u0434\u044b. \u0422\u0430\u043b\u043b\u0438\u043d\u043d: Varrak, 2011. 183 cmp.<\/p>\n\n\n\n<p><strong><em>romaanid<\/em><\/strong><br><strong>\u041e\u0434\u043d\u043e\u043a\u0440\u044b\u043b\u044b\u0439 \u0440\u043e\u044f\u043b\u044c; \u0420\u044b\u0431\u044b \u0441\u043f\u044f\u0442 \u0441 \u043e\u0442\u043a\u0440\u044b\u0442\u044b\u043c \u0440\u0442\u043e\u043c<\/strong> [\u0440\u043e\u043c\u0430\u043d\u044b]. \u0422\u0430\u043b\u043b\u0438\u043d\u043d: Antek, 2000. 394 cmp.<br><strong>\u041c\u0440\u0430\u043c\u043e\u0440\u043d\u044b\u0439 \u043b\u0435\u0431\u0435\u0434\u044c<\/strong>: \u0434\u0435\u0442\u0441\u043a\u0438\u0439 \u0440\u043e\u043c\u0430\u043d. \u041c\u043e\u0441\u043a\u0432\u0430: \u0412\u0440\u0435\u043c\u044f, 2015. 286 cmp.<br><strong>\u041f\u043e\u0433\u0440\u0430\u043d\u0438\u0447\u043d\u0430\u044f \u043b\u044e\u0431\u043e\u0432\u044c<\/strong>: \u0440\u043e\u043c\u0430\u043d. Tallinn: Originaalne Keskus, 2019. 175 cmp.<br><strong>\u0421\u0430\u043c\u0441\u043e\u043d \u0432\u044b\u0445\u043e\u0434\u0438\u0442 \u0438\u0437 \u043f\u0430\u0440\u0438\u043a\u043c\u0430\u0445\u0435\u0440\u0441\u043a\u043e\u0439<\/strong>: \u0440\u043e\u043c\u0430\u043d. \u0422\u0430\u043b\u043b\u0438\u043d\u043d: Originaalne Keskus, 2020. 144 cmp.<\/p>\n\n\n\n<p><strong><em>L\u00fchiproosa<\/em><\/strong><br><strong>\u0417\u0430\u043f\u0438\u0441\u043a\u0438 \u043a N\u2026<\/strong> [\u043d\u043e\u0432\u0435\u043b\u043b\u044b \u0438 \u043f\u043e\u0432\u0435\u0441\u0442\u0438]. \u0422\u0430\u043b\u043b\u0438\u043d\u043d: \u0410\u043d\u0442\u0435\u043a-\u0421, 1996. 250 cmp.<br><strong>\u0415\u0432\u0430 \u043d\u0430 \u0448\u0435\u0441\u0442\u0435<\/strong>. \u0422\u0430\u043b\u043b\u0438\u043d\u043d: Antek, 2005. 302 cmp.<br><strong>\u201e\u041b\u044e\u0431\u043e\u0432\u044c\u201c \u0438 \u0434\u0440\u0443\u0433\u0438\u0435 \u0440\u0430\u0441\u0441\u043a\u0430\u0437\u044b \u043e \u043b\u044e\u0431\u0432\u0438<\/strong>. Tallinn: Meie Raamat, 2008. 363 cmp.<br><strong>\u041d\u0435 \u0441\u0442\u043e\u0439 \u043f\u043e\u0434 \u043d\u0435\u0431\u043e\u043c\u2026<\/strong> \u041c\u043e\u0441\u043a\u0432\u0430: \u041c\u0418\u041a, 2015. 285 cmp.<br><strong>\u041c\u0430\u043b\u044c\u0447\u0438\u0448\u0435\u0441\u043a\u0430\u044f \u043c\u0435\u0441\u0442\u044c<\/strong>. \u041c\u043e\u0441\u043a\u0432\u0430: \u0424\u043b\u043e\u0431\u0435\u0440\u0438\u0443\u043c, 2022. 279 lk.<\/p>\n\n\n\n<p><strong><em>Esseed ja artiklid<\/em><\/strong><br><strong>\u041a\u043e\u043c\u043f\u0440\u043e\u043c\u0438\u0441\u0441 \u043c\u0435\u0436\u0434\u0443 \u0436\u0438\u0437\u043d\u044c\u044e \u0438 \u0441\u043c\u0435\u0440\u0442\u044c\u044e: \u0421\u0435\u0440\u0433\u0435\u0439 \u0414\u043e\u0432\u043b\u0430\u0442\u043e\u0432 \u0432 \u0422\u0430\u043b\u043b\u0438\u043d\u0435 \u0438 \u0434\u0440\u0443\u0433\u0438\u0435 \u0432\u0441\u0442\u0440\u0435\u0447\u0438<\/strong>. \u041c\u043e\u0441\u043a\u0432\u0430: \u041a\u043e\u041b\u0438\u0431\u0440\u0438, 2018. 268 cmp.<br><strong>4 \u0441\u044e\u0436\u0435\u0442<\/strong>. \u0422\u0430\u043b\u043b\u0438\u043d\u043d: Originaalne Keskus O\u00dc, 2023. 320 lk.<br><strong>\u041b\u044e\u0431\u043e\u0432\u044c \u043f\u043e\u0441\u043b\u0435 \u0447\u0435\u0442\u0432\u0435\u0440\u0442\u043e\u0433\u043e \u0441\u044e\u0436\u0435\u0442\u0430 : 48 \u0438\u0441\u0442\u043e\u0440\u0438\u0439<\/strong>. \u041c\u043e\u0441\u043a\u0432\u0430: \u0424\u043b\u043e\u0431\u0435\u0440\u0438\u0443\u043c : RUGRAM, 2024. 417 lk.<br><strong>\u0422\u0430\u0439\u043d\u044b \u0428\u0435\u043a\u0441\u043f\u0438\u0440\u0430, \u043a\u043e\u0442\u043e\u0440\u044b\u0435 \u043e\u043d \u0445\u043e\u0442\u0435\u043b \u0432\u044b\u0434\u0430\u0442\u044c<\/strong>. \u041c\u043e\u0441\u043a\u0432\u0430: \u0424\u043b\u043e\u0431\u0435\u0440\u0438\u0443\u043c, 2025. 201 lk.<br><strong>\u0428\u0435\u043a\u0441\u043f\u0438\u0440 \u0438 \u0435\u0433\u043e \u043f\u0440\u0438\u0437\u0440\u0430\u043a\u0438<\/strong>. Tallinn: Originaalne Keskus O\u00dc, 2025. 191 lk.<\/p>\n\n\n\n<p><strong><em>Kriitika<\/em><\/strong><br><strong>\u0413\u043b\u0430\u0437\u0430\u043c\u0438 \u0434\u0440\u0443\u0437\u0435\u0439: \u0441\u043e\u0432\u0440\u0435\u043c\u0435\u043d\u043d\u0430\u044f \u044d\u0441\u0442\u043e\u043d\u0441\u043a\u0430\u044f \u043b\u0438\u0442\u0435\u0440\u0430\u0442\u0443\u0440\u0430 \u0432 \u0441\u0432\u0435\u0442\u0435 \u043e\u0431\u0449\u0435\u0441\u043e\u044e\u0437\u043d\u043e\u0439 \u043a\u0440\u0438\u0442\u0438\u043a\u0438<\/strong>. \u0422\u0430\u043b\u043b\u0438\u043d\u043d: \u042d\u044d\u0441\u0442\u0438 \u0440\u0430\u0430\u043c\u0430\u0442, 1981. 504 cmp.<br><\/p>\n\n\n\n<h4 class=\"wp-block-heading\">Raamatud eesti keeles<\/h4>\n\n\n\n<p><strong><em>Romaanid<\/em><\/strong><br><strong>Meie emad ostsid asju, et ei tuleks s\u00f5da<\/strong>. Tallinn: Varrak, 2013. 131 lk.<br><strong>Marmorluik<\/strong>: lapsep\u00f5lveromaan. Tartu: Petrone Print, 2015. 256 lk.<br><strong>Piiriarmastus<\/strong>: romaan. Tallinn: Originaalne Keskus, 2019. 157 lk. \u00a0<br><strong>Simson lahkub juuksuri juurest<\/strong>: romaan. Tallinn: Originaalne Keskus, 2020. 132 lk.<\/p>\n\n\n\n<p><strong><em>L\u00fchiproosa<\/em><\/strong><br><strong>Ga Dong Tao<\/strong>. Jutud. Toimetanud ja t\u00f5lkinud Ingrid Velbaum-Staub. Tallinn: Originaalne Keskus, 2022. 312 lk.<\/p>\n\n\n\n<p><strong><em>Esseed ja artiklid<\/em><\/strong><br><strong>Vene rulett<\/strong> [ajalehes \u201cAktivist\/KesKus\u201d aastatel 1999\u20132001 ilmunud esseed]. Tallinn: Eesti-Kambod\u017ea S\u00f5prus\u00fching, 2002. 118 lk.<br><strong>Siilid udus: okkaline vaim ja tema v\u00f5im: tekste 60ndate vene kultuuriloost<\/strong>. Tallinn: KesKus, 2006. 187 lk.<br><strong>Armastus vene kirjanduses<\/strong>: kaksk\u00fcmmend neli lugu lugejalt. Tallinn: KesKus, 2018, 199 lk.<br><strong>4 s\u00fc\u017eee<\/strong>. Toimetanud ja koostanud Juku-Kalle Raid, t\u00f5lkinud Juku-Kalle Raid, Peeter Villmann, Jaana Porila ja Ene-Maris Tali. Tallinn: Originaalne Keskus O\u00dc, 2023. 303 lk.<br><strong>Shakespeare\u2019i kummitused<\/strong>. T\u00f5lkinud Ingrid Velbaum-Staub. Tallinn: Originaalne Keskus O\u00dc, 2025. 191 lk.<\/p>\n","protected":false},"excerpt":{"rendered":"<p>Jelena Skulskaja (s\u00fcnd. 8. VIII 1950) on Eestis elav vene kirjanik ja kriitik. Skulskaja s\u00fcndis Tallinnas. Tema isa oli Grigori Skulski, juudi p\u00e4ritolu ukraina kirjanik, kes kirjutas vene keeles. Skulskaja \u00f5ppis aastatel 1957\u20131967 Tallinna 19. keskkoolis. Aastatel 1967\u20131972 \u00f5ppis ta &#8230;<\/p>\n","protected":false},"author":43,"featured_media":0,"parent":6505,"menu_order":0,"comment_status":"closed","ping_status":"closed","template":"","meta":{"_acf_changed":false,"inline_featured_image":false,"footnotes":""},"class_list":["post-8817","page","type-page","status-publish","hentry"],"acf":[],"_links":{"self":[{"href":"https:\/\/ewod.ut.ee\/et\/wp-json\/wp\/v2\/pages\/8817","targetHints":{"allow":["GET"]}}],"collection":[{"href":"https:\/\/ewod.ut.ee\/et\/wp-json\/wp\/v2\/pages"}],"about":[{"href":"https:\/\/ewod.ut.ee\/et\/wp-json\/wp\/v2\/types\/page"}],"author":[{"embeddable":true,"href":"https:\/\/ewod.ut.ee\/et\/wp-json\/wp\/v2\/users\/43"}],"replies":[{"embeddable":true,"href":"https:\/\/ewod.ut.ee\/et\/wp-json\/wp\/v2\/comments?post=8817"}],"version-history":[{"count":3,"href":"https:\/\/ewod.ut.ee\/et\/wp-json\/wp\/v2\/pages\/8817\/revisions"}],"predecessor-version":[{"id":8821,"href":"https:\/\/ewod.ut.ee\/et\/wp-json\/wp\/v2\/pages\/8817\/revisions\/8821"}],"up":[{"embeddable":true,"href":"https:\/\/ewod.ut.ee\/et\/wp-json\/wp\/v2\/pages\/6505"}],"wp:attachment":[{"href":"https:\/\/ewod.ut.ee\/et\/wp-json\/wp\/v2\/media?parent=8817"}],"curies":[{"name":"wp","href":"https:\/\/api.w.org\/{rel}","templated":true}]}}