{"id":8850,"date":"2024-04-03T23:40:23","date_gmt":"2024-04-03T20:40:23","guid":{"rendered":"https:\/\/sisu.ut.ee\/ewod\/?page_id=8850"},"modified":"2026-04-29T22:46:52","modified_gmt":"2026-04-29T19:46:52","slug":"karl-martin-sinijarv","status":"publish","type":"page","link":"https:\/\/ewod.ut.ee\/et\/s\/karl-martin-sinijarv\/","title":{"rendered":"Karl Martin Sinij\u00e4rv"},"content":{"rendered":"<figure class=\"wp-block-image alignright size-large is-resized\"><a href=\"https:\/\/sisu.ut.ee\/wp-content\/uploads\/sites\/108\/k.-m._sinijarv_malev_toom.jpg\"><img loading=\"lazy\" decoding=\"async\" width=\"691\" height=\"1024\" src=\"https:\/\/sisu.ut.ee\/wp-content\/uploads\/sites\/108\/kmsinijarv_malev_toom_vaike-691x1024.jpg\" alt=\"\" class=\"wp-image-6377\" style=\"aspect-ratio:0.6748102044815962;width:319px;height:auto\" title=\"Foto: Malev Toom\" srcset=\"https:\/\/sisu.ut.ee\/wp-content\/uploads\/sites\/108\/kmsinijarv_malev_toom_vaike-691x1024.jpg 691w, https:\/\/sisu.ut.ee\/wp-content\/uploads\/sites\/108\/kmsinijarv_malev_toom_vaike-202x300.jpg 202w, https:\/\/sisu.ut.ee\/wp-content\/uploads\/sites\/108\/kmsinijarv_malev_toom_vaike-768x1139.jpg 768w, https:\/\/sisu.ut.ee\/wp-content\/uploads\/sites\/108\/kmsinijarv_malev_toom_vaike-1036x1536.jpg 1036w, https:\/\/sisu.ut.ee\/wp-content\/uploads\/sites\/108\/kmsinijarv_malev_toom_vaike-1381x2048.jpg 1381w, https:\/\/sisu.ut.ee\/wp-content\/uploads\/sites\/108\/kmsinijarv_malev_toom_vaike-1920x2847.jpg 1920w, https:\/\/sisu.ut.ee\/wp-content\/uploads\/sites\/108\/kmsinijarv_malev_toom_vaike-scaled.jpg 1727w\" sizes=\"auto, (max-width: 691px) 100vw, 691px\"><\/a><\/figure>\n\n\n\n<p>Karl Martin Sinij\u00e4rv (4. VI 1971) on luuletaja.<\/p>\n\n\n\n<p>Sinij\u00e4rv s\u00fcndis ja k\u00e4is koolis Tallinnas. Ta \u00f5ppis Tartu \u00dclikoolis eesti ja inglise filoloogiat ning \u00f5igusteadust. Ta on t\u00f6\u00f6tanud ajakirjanduses, reklaamifirmades, juhtinud Eesti Televisiooni kultuurisaateid OP! ja \u201eJ\u00fcri \u00dcdi klubi\u201c. 2026. aasta seisuga t\u00f6\u00f6tab Sinij\u00e4rv rahvusraamatukogu kultuurin\u00f5unikuna. Ta on osalenud kirjandusr\u00fchmitustes Hirohall ja Eesti Kostabi Selts. Ta on Tartu Noorte Autorite Koondise ja alates 1992. aastast Eesti Kirjanike Liidu liige (esimees 2007-2016). P\u00e4lvinud Valget\u00e4he IV klassi teenetem\u00e4rgi (2013). Tema vanaisa oli luuletaja Erni Hiir (1900-1989).<\/p>\n\n\n\n<p>Sinij\u00e4rv avaldas ajakirjanduses luulet 1980. aastate l\u00f5pust, esimene luulekogu \u201eKolmring\u201c ilmus 1988. aasta luulekassetis \u00fches <a href=\"https:\/\/ewod.ut.ee\/et\/t\/tonu-trubetsky\/\" data-type=\"page\" data-id=\"8383\">T\u00f5nu Trubetsky<\/a>, Ringo Ringvee ja <a href=\"https:\/\/ewod.ut.ee\/et\/v\/valjataga\/\" data-type=\"page\" data-id=\"6704\">M\u00e4rt V\u00e4ljataga<\/a> tekstidega. Sinij\u00e4rv paistab silma isikup\u00e4rase k\u00e4ekirjaga, milles on olulisel kohal 20. sajandi alguse avangardstiilid ning keelem\u00e4ngud ja -eksperimendid. Tema luules on oluline arhailist sisu ja futuristlikku vormi v\u00f5i siis arhailist vormi ja modernset sisu \u00fchendav etnofuturism. Selle k\u00f5rval paistavad silma ka l\u00fc\u00fcrilisemad luuletused. Lisaks futuristlikele ja s\u00fcrrealistlikele viibetele on tema loomingus olulisel kohal ka seosed angloameerika ning rock-kultuuriga, luules leiab nii tsitaate kui ka ingliskeelseid lauseosiseid. Omal kohal on ka eluterve hedonism.<\/p>\n\n\n\n<p>Kogud \u201eVari ja viisnurk\u201c (1991) ning \u201eS\u00fcrWay\u201c (1992) viipavad 1920. aastate eesti ajaluule ning futurismi ja s\u00fcrrealismi suunas. Rikkalikult esineb erinevaid keelelisi v\u00f5tteid ja m\u00e4nge. Esimeses kogus on p\u00f5hitonaalsus l\u00fc\u00fcrilisemal luulel, teises s\u00fcrrealistlikul. \u201eNeli sada keelt (1997) on nii nagu omaaegne Albert Kivikase \u201eLendavad sead\u201c (1919) tr\u00fckitud \u00f5llepudelietikettidele. 1990. aastate teisest poolest m\u00e4rgata luule muutumist t\u00f5sisemaks ja argisemaks, vt nt Eesti Kultuurkapitali kirjanduse sihtkapitali aastapreemia p\u00e4lvinud kogu \u201eArtutart &amp; 39\u201c (2002). Kogus leidub muuhulgas omajagu kulinaariaalaseid viipeid, mis m\u00e4rgib veel \u00fcht Sinij\u00e4rve huviala, nimelt on ta tegutsenud ka toidukriitikuna ning avaldanud \u201ePoissmehe kokaraamatu\u201c (2000).<\/p>\n\n\n\n<p>M\u00e4ngulisuse ja vormiotsingute m\u00e4rgiks on ka kolm \u201eKaardipaki\u201c kogumikku (2001, 2006, 2011), kus igal m\u00e4ngukaardil on lisaks tavap\u00e4rastele markeeringutele ka luuletus. Kogumikes on lisaks Sinij\u00e4rvele J\u00fcrgen Rooste, <a href=\"https:\/\/ewod.ut.ee\/et\/v\/elo-viiding\/\" data-type=\"page\" data-id=\"7964\">Elo Viidingu<\/a>, Asko K\u00fcnnapi ja <a href=\"https:\/\/ewod.ut.ee\/et\/s\/triin-soomets\/\" data-type=\"page\" data-id=\"8764\">Triin Soometsa<\/a> tekstid. Kaardivormis on ka Sinij\u00e4rve, Rooste ja K\u00fcnnapi kogu \u201eKuradiratas\u201c (2018). Sellelt kolmikult on ilmunud teisigi \u00fchisteoseid.<\/p>\n\n\n\n<p>Sinij\u00e4rv on kirjutanud ohtralt kirjandusarvustusi ning saates\u00f5nu, koostanud kogumikke ja t\u00f5lkinud.<\/p>\n\n\n\n<p><em>A. K.<\/em><\/p>\n\n\n\n<h4 class=\"wp-block-heading\"><br>Raamatud eesti keeles<\/h4>\n\n\n\n<p><strong><em>Luule<\/em><\/strong><br><strong>Kolmring<\/strong>. Tallinn: Eesti Raamat, 1989, 47 lk. [Kogumikus \u2018Kassett \u201988.\u2019]<br><strong>Vari &amp; viisnurk<\/strong>. Tartu: Eesti Kostabi Selts, 1991, 79 lk<br><strong>S\u00fcrway<\/strong>. Tartu: Polluks, 1992, 93 lk<br><strong>Neli sada keelt<\/strong>. Tartu: Eesti Kostabi Selts, 1997, 91 lk<br><strong>Towntown &amp; 28<\/strong>: viies r\u00fchm poeese. Tallinn: Varrak, 1999, 87 lk<br>Karl Martin Sinij\u00e4rv, J\u00fcrgen Rooste, Asko K\u00fcnnap, <strong>Neid vigu me ei korda<\/strong>. Tallinn: N\u00e4o Kirik, 2000, 63 lk<br><strong>Artutart &amp; 39<\/strong>. Tallinn: Tuum, 2002, 75 lk<br>Karl Martin Sinij\u00e4rv, J\u00fcrgen Rooste, Asko K\u00fcnnap, <strong>Eesti haiku<\/strong>. Tallinn: N\u00e4o Kirik, 2010, 93 lk<br><strong>Kr\u00fcmitor 0671<\/strong>. Tallinn: N\u00e4o Kirik, 2011, 1999 lk<br><strong>Sureliku muuga<\/strong>: \u00dcdiklubilaule ja muid poeese. Tallinn: N\u00e4o Kirik, 2012, 94 lk<br><strong>KMSX: kuidas \u00f6elda<\/strong>. Tallinn: N\u00e4o Kirik, 2016, 93 lk<br>Karl Martin Sinij\u00e4rv, J\u00fcrgen Rooste, Asko K\u00fcnnap, <strong>Kuradiratas<\/strong>. Tallinn: N\u00e4o Kirik, 2018<br><strong>Irdtriiv<\/strong>: valimik m\u00f5tte- ja tundeluulet aastatest 2016-2021. Tallinn: N\u00e4o Kirik, 2021, 240 lk<\/p>\n\n\n\n<p><strong><em>Lasteraamatud<\/em><\/strong><br>Karl Martin Sinij\u00e4rv, J\u00fcrgen Rooste, Wimberg, <strong>Kolme p\u00e4kapiku j\u00f5ulud<\/strong>. Tallinn: Huma, 2002, 79 lk<br><strong>diPri j\u00f5ululuuletuste spikker 2016<\/strong>. Tallinn: Dipri, 2016, 46 lk<\/p>\n\n\n\n<p><strong><em>Proosa<\/em><\/strong><br>Karl Martin Sinij\u00e4rv, J\u00fcri Pino, <strong>Sigalahe suvi<\/strong>. Tallinn: Varrak, 2004, 215 lk<\/p>\n\n\n\n<p><strong><em>Reisikirjad<\/em><\/strong><br>Karl Martin Sinij\u00e4rv, J\u00fcrgen Rooste, Asko K\u00fcnnap, <strong>Rokenroll<\/strong>. Tallinn: Go Group, 2013, 157 lk<\/p>\n\n\n\n<p><strong><em>Varia<\/em><\/strong><br><strong>Poissmehe kokaraamat<\/strong>. Tallinn: Ilo, 2000, 28 lk [2. tr\u00fckk: 2012]<br><strong>K\u00fcnnapRoosteSinij\u00e4rv<\/strong>. Tallinn: N\u00e4o Kirik ja \u00dchinenud Eesti Karmav\u00f5lglased, 2009, 95 lk<\/p>\n","protected":false},"excerpt":{"rendered":"<p>Karl Martin Sinij\u00e4rv (4. VI 1971) on luuletaja. Sinij\u00e4rv s\u00fcndis ja k\u00e4is koolis Tallinnas. Ta \u00f5ppis Tartu \u00dclikoolis eesti ja inglise filoloogiat ning \u00f5igusteadust. Ta on t\u00f6\u00f6tanud ajakirjanduses, reklaamifirmades, juhtinud Eesti Televisiooni kultuurisaateid OP! ja \u201eJ\u00fcri \u00dcdi klubi\u201c. 2026. aasta &#8230;<\/p>\n","protected":false},"author":43,"featured_media":0,"parent":6505,"menu_order":0,"comment_status":"closed","ping_status":"closed","template":"","meta":{"_acf_changed":false,"inline_featured_image":false,"footnotes":""},"class_list":["post-8850","page","type-page","status-publish","hentry"],"acf":[],"_links":{"self":[{"href":"https:\/\/ewod.ut.ee\/et\/wp-json\/wp\/v2\/pages\/8850","targetHints":{"allow":["GET"]}}],"collection":[{"href":"https:\/\/ewod.ut.ee\/et\/wp-json\/wp\/v2\/pages"}],"about":[{"href":"https:\/\/ewod.ut.ee\/et\/wp-json\/wp\/v2\/types\/page"}],"author":[{"embeddable":true,"href":"https:\/\/ewod.ut.ee\/et\/wp-json\/wp\/v2\/users\/43"}],"replies":[{"embeddable":true,"href":"https:\/\/ewod.ut.ee\/et\/wp-json\/wp\/v2\/comments?post=8850"}],"version-history":[{"count":2,"href":"https:\/\/ewod.ut.ee\/et\/wp-json\/wp\/v2\/pages\/8850\/revisions"}],"predecessor-version":[{"id":8853,"href":"https:\/\/ewod.ut.ee\/et\/wp-json\/wp\/v2\/pages\/8850\/revisions\/8853"}],"up":[{"embeddable":true,"href":"https:\/\/ewod.ut.ee\/et\/wp-json\/wp\/v2\/pages\/6505"}],"wp:attachment":[{"href":"https:\/\/ewod.ut.ee\/et\/wp-json\/wp\/v2\/media?parent=8850"}],"curies":[{"name":"wp","href":"https:\/\/api.w.org\/{rel}","templated":true}]}}