{"id":8858,"date":"2024-04-03T23:41:57","date_gmt":"2024-04-03T20:41:57","guid":{"rendered":"https:\/\/sisu.ut.ee\/ewod\/?page_id=8858"},"modified":"2026-05-01T11:45:54","modified_gmt":"2026-05-01T08:45:54","slug":"kertu-sillaste","status":"publish","type":"page","link":"https:\/\/ewod.ut.ee\/et\/s\/kertu-sillaste\/","title":{"rendered":"Kertu Sillaste"},"content":{"rendered":"<p>Kertu Sillaste (s 24. X 1973) on kunstnik ja lastekirjanik.<\/p>\n\n\n\n<p>S\u00fcndis ja k\u00e4is koolis Tallinnas ning \u00f5ppis tekstiili Eesti Kunstiakadeemias ja gobel\u00e4\u00e4ni Pariisis Duperr\u00e9 K\u00f5rgemas Tarbekunstikoolis (\u00c9cole Sup\u00e9rieure des Arts Appliqu\u00e9s Duperr\u00e9). Tallinna \u00dclikooli magistri\u00f5ppes omandas Sillaste kunsti\u00f5petaja kutse. Ta on t\u00f6\u00f6tanud Tallinna Keskraamatukogus kunstnikuna ja olnud 2024. aastani Rahvusvahelise Noorsookirjanduse N\u00f5ukogu (IBBY) Eesti osakonna sekret\u00e4r. 2014. aastast Eesti Lastekirjanduse Keskuse kunstikambri juhataja.<\/p>\n\n\n\n<p>Sillaste on p\u00e4lvinud rohkelt auhindu nii raamatuillustraatori kui autorina. Nii n\u00e4iteks sai 2011. aastal lasteraamatukonkursil \u201eP\u00f5lvepikuraamat\u201c kolmanda auhinna v\u00e4ikelastele m\u00f5eldud kokaraamat \u201ePannkoogiraamat\u201c (2012). 2015. aastal p\u00e4lvis samal konkursil esimese koha \u201eIga\u00fcks teeb isemoodi kunsti\u201c (2016), mis heidab pilgu kunstimaailma, nagu ka \u201eMina olen kunstnik\u201c (2018) ja \u201eMina olen illustraator\u201c (2024). 2015. aastal sai Sillaste \u201e5 kauneimat Eesti lasteraamatut\u201c diplomi ja Eesti Kujundusgraafikute Liidu eripreemia, Aasta Rosina auhinna ning Hea lasteraamatu tiitli vaprast j\u00e4nesest jutustav \u201eEi ole nii!\u201c (2015), mis lisaks sai 2016. aastal The White Ravens auhinna. IBBY auhinna p\u00e4lvis 2022. aastal \u201eK\u00f5ige ilusam seelik\u201c (2019), mida 2019. aastal premeeriti ka \u201e25 kauneima Eesti raamatut\u201c diplomiga.<\/p>\n\n\n\n<p>S\u00f5nadeta raamat \u201eAppi!\u201c (2021) edastab loo aitamisest ja abivajaduse t\u00e4helepanemisest, pakkudes piltidest l\u00e4htuvalt loo t\u00f5lgendamise vabadust.<\/p>\n\n\n\n<p><em>A. N.<\/em><\/p>\n\n\n\n<h4 class=\"wp-block-heading\"><br>Raamatud eesti keeles<\/h4>\n\n\n\n<p><strong><em>Lasteraamatud<\/em><\/strong><br><strong>Lapsed, s\u00f6\u00f6ma! Maitsvat toitu laiast ilmast<\/strong>. Tallinn: Ajakirjade Kirjastus, 2008, 78 lk<br><strong>Pannkoogiraamat<\/strong>. Tallinn: P\u00e4ike ja Pilv, 2012, 26 lk. [2. tr\u00fckk: 2024.]<br><strong>Ei ole nii!<\/strong> Tallinn: P\u00e4ike ja Pilv, 2015, 47 lk<br><strong>Iga\u00fcks teeb isemoodi kunsti<\/strong>. Tallinn: P\u00e4ike ja Pilv, 2016, 35 lk<br><strong>Mina olen kunstnik<\/strong>. Tallinn: Koolibri, 2018, 31 lk<br><strong>K\u00f5ige ilusam seelik<\/strong>. Tallinn: Koolibri, 2019, 24 lk<br><strong>Loomakesed l\u00e4ksid linna<\/strong>. Tallinn: Hea Lugu, 2019, 36 lk<br><strong>Appi!<\/strong> Help! Tallinn: Koolibri, 2021, 28 lk<br><strong>Pisikeses majas<\/strong>. Tallinn: P\u00e4ike ja Pilv, 2022, 32 lk<br><strong>V\u00e4ike p\u00e4kapikuraamat<\/strong>. Tallinn: Koolibri, 2023, 33 lk<br><strong>Mina olen illustraator<\/strong>. Tallinn: Koolibri, 2024, 31 lk<br><strong>Supiraamat.<\/strong> [Tartu]: Petrone Print, 2025, 33 lk.<br><strong>Liiga palju asju.<\/strong> [Kiili]: Herta Kirjastus, [2026], 32 lk.<\/p>\n","protected":false},"excerpt":{"rendered":"<p>Kertu Sillaste (s 24. X 1973) on kunstnik ja lastekirjanik. S\u00fcndis ja k\u00e4is koolis Tallinnas ning \u00f5ppis tekstiili Eesti Kunstiakadeemias ja gobel\u00e4\u00e4ni Pariisis Duperr\u00e9 K\u00f5rgemas Tarbekunstikoolis (\u00c9cole Sup\u00e9rieure des Arts Appliqu\u00e9s Duperr\u00e9). Tallinna \u00dclikooli magistri\u00f5ppes omandas Sillaste kunsti\u00f5petaja kutse. Ta &#8230;<\/p>\n","protected":false},"author":43,"featured_media":0,"parent":6505,"menu_order":0,"comment_status":"closed","ping_status":"closed","template":"","meta":{"_acf_changed":false,"inline_featured_image":false,"footnotes":""},"class_list":["post-8858","page","type-page","status-publish","hentry"],"acf":[],"_links":{"self":[{"href":"https:\/\/ewod.ut.ee\/et\/wp-json\/wp\/v2\/pages\/8858","targetHints":{"allow":["GET"]}}],"collection":[{"href":"https:\/\/ewod.ut.ee\/et\/wp-json\/wp\/v2\/pages"}],"about":[{"href":"https:\/\/ewod.ut.ee\/et\/wp-json\/wp\/v2\/types\/page"}],"author":[{"embeddable":true,"href":"https:\/\/ewod.ut.ee\/et\/wp-json\/wp\/v2\/users\/43"}],"replies":[{"embeddable":true,"href":"https:\/\/ewod.ut.ee\/et\/wp-json\/wp\/v2\/comments?post=8858"}],"version-history":[{"count":1,"href":"https:\/\/ewod.ut.ee\/et\/wp-json\/wp\/v2\/pages\/8858\/revisions"}],"predecessor-version":[{"id":8859,"href":"https:\/\/ewod.ut.ee\/et\/wp-json\/wp\/v2\/pages\/8858\/revisions\/8859"}],"up":[{"embeddable":true,"href":"https:\/\/ewod.ut.ee\/et\/wp-json\/wp\/v2\/pages\/6505"}],"wp:attachment":[{"href":"https:\/\/ewod.ut.ee\/et\/wp-json\/wp\/v2\/media?parent=8858"}],"curies":[{"name":"wp","href":"https:\/\/api.w.org\/{rel}","templated":true}]}}