{"id":8866,"date":"2024-04-03T23:41:33","date_gmt":"2024-04-03T20:41:33","guid":{"rendered":"https:\/\/sisu.ut.ee\/ewod\/?page_id=8866"},"modified":"2026-05-03T12:22:11","modified_gmt":"2026-05-03T09:22:11","slug":"ivar-sild","status":"publish","type":"page","link":"https:\/\/ewod.ut.ee\/et\/s\/ivar-sild\/","title":{"rendered":"Ivar Sild"},"content":{"rendered":"<figure class=\"wp-block-image alignright size-large is-resized\"><a href=\"https:\/\/sisu.ut.ee\/wp-content\/uploads\/sites\/108\/ivar_sild_alar_madisson.jpg\"><img loading=\"lazy\" decoding=\"async\" width=\"671\" height=\"1024\" src=\"https:\/\/sisu.ut.ee\/wp-content\/uploads\/sites\/108\/ivar_sild_alar_madisson_vaike-671x1024.jpg\" alt=\"\" class=\"wp-image-6288\" style=\"aspect-ratio:0.65528012863321;width:221px;height:auto\" title=\"Foto: Alar Madisson\" srcset=\"https:\/\/sisu.ut.ee\/wp-content\/uploads\/sites\/108\/ivar_sild_alar_madisson_vaike-671x1024.jpg 671w, https:\/\/sisu.ut.ee\/wp-content\/uploads\/sites\/108\/ivar_sild_alar_madisson_vaike-197x300.jpg 197w, https:\/\/sisu.ut.ee\/wp-content\/uploads\/sites\/108\/ivar_sild_alar_madisson_vaike-768x1172.jpg 768w, https:\/\/sisu.ut.ee\/wp-content\/uploads\/sites\/108\/ivar_sild_alar_madisson_vaike-1006x1536.jpg 1006w, https:\/\/sisu.ut.ee\/wp-content\/uploads\/sites\/108\/ivar_sild_alar_madisson_vaike-1342x2048.jpg 1342w, https:\/\/sisu.ut.ee\/wp-content\/uploads\/sites\/108\/ivar_sild_alar_madisson_vaike.jpg 1425w\" sizes=\"auto, (max-width: 671px) 100vw, 671px\"><\/a><\/figure>\n\n\n\n<p>Ivar Sild (s\u00fcnd. 24. III 1977) on luuletaja, ajakirjanik ja kriitik.<\/p>\n\n\n\n<p>Sild on \u00f5ppinud Tallinnas 47. keskkoolis, Orissaare sanatoorses eriinternaatkoolis ja Luua k\u00f5rgemas metsanduskoolis. Ta on \u00f5ppinud Tallinna \u00dclikoolis eesti keelt ja kirjandust. On t\u00f6\u00f6tanud \u00d5htulehe reporterina. Koos J\u00fcrgen Rooste ja <a href=\"https:\/\/ewod.ut.ee\/et\/w\/wimberg\/\" data-type=\"page\" data-id=\"6677\">Wimbergiga<\/a> oli Sild \u00fcheks tuumikliikmeks 1998-2000 tegutsenud kirjanduslikus r\u00fchmituses Tallinna Noored Tegijad (TNT). Ivar Sild on Kirjanike Liidu liige 2002. aastast.<\/p>\n\n\n\n<p>Ivar Silla esimene luulekogu \u201eValimata luulet\u201c (1996) avaldati Luua metsanduskoolis \u00f5ppimise ajal. Sillalt on ilmunud 13 luulekogu. Tema luules valdab erootika, mille k\u00f5rval leidub annus \u00fchiskonnakriitikat. Sild eelistab luulekeelena modernistlikku vabav\u00e4rssi.<\/p>\n\n\n\n<p>Ivar Silla loomingus on olulisel kohal gei-temaatika. Sild tuli avalikult geina v\u00e4lja 1999. aastal, mil see oli Eesti \u00fchiskonnas veel tavatu. 2007. aastal ilmus Ivar Silla romaan \u201eTantsiv linn\u201c, mida on m\u00e4\u00e4ratletud klubiromaanina. Selle kaks peategelast on gei-prostituut ja oma homoseksuaalsust avastav filoloogiatudeng. Romaani s\u00fc\u017eee on m\u00f5neti sarnane filmile \u201eAva oma silmad\u201d (1997, re\u017eiss\u00f6\u00f6r Alejandro Amen\u00e1bar).<\/p>\n\n\n\n<p><em>L. P.<\/em><\/p>\n\n\n\n<h4 class=\"wp-block-heading\"><br>Raamatud eesti keeles<\/h4>\n\n\n\n<p><strong><em>Luule<\/em><\/strong><br><strong>Valimata luulet<\/strong>. J\u00f5geva: I. Sild, 1996. 77 lk.<br><strong>Pildimasin<\/strong>. Teine raamat, luuletusi ja poeeme 1996\/98. Alliku: LauaPealne, 2001. 77 lk.<br><strong>Minu erinn\u00fcsed<\/strong>. Kolmas raamat, poeeme 1998\/99. Alliku: LauaPealne, 2002. 89 lk.<br><strong>Usk, loodus, armastus<\/strong>. Neljas raamat, luuletusi 1998\/99. Russalka (Tallinn): LauaPealne, 2002. 64 lk.<br><strong>Siniveri ja surrogaat<\/strong>. Viies raamat luuletusi ja poeeme 2000. Alliku: LauaPealne, 2003. 93 lk.<br><strong>Oletus<\/strong>. Kuues luulekogu, luuletusi ja poeeme 2000\/01. Alliku: LauaPealne, 2004. 94 lk.<br><strong>Spermaga ja puha<\/strong>. P\u00e4rnu: Jumalikud Ilmutused, 2006. 78 lk.<br><strong>Diivan<\/strong>. \u00dcheksas raamat, luuletusi 2007\/2008. Alliku: LauaPealne, 2008. 76 lk.<br><strong>Mutant kuurinurgas<\/strong>. Luuletusi 2013\u20132015. Saarde; P\u00e4rnu: Jumalikud Ilmutused, 2017. 111 lk.<br><strong>Heinak\u00f5rred<\/strong>. \u00dcheteistk\u00fcmnes raamat, luuletusi 2015\/2016. Alliku: LauaPealne, 2016. 88 lk.<br><strong>Taas kasutu<\/strong>. Kaheteistk\u00fcmnes raamat, luuletusi 20??\u20132018. Alliku: LauaPealne, 2018. 91 lk.<br><strong>N\u00e4ita mulle p\u00e4ikest<\/strong>. Alliku: LauaPealne, 2018. 58 lk.<br><strong>Kohane matus<\/strong>. Neljateistk\u00fcmnes raamat, luuletusi 2019\/20. Alliku: LauaPealne, 2021. 91 lk.<\/p>\n\n\n\n<p><strong><em>Romaanid<\/em><\/strong><br><strong>Tantsiv linn<\/strong>. Tallinn: Tuum, 2007. 133 lk.<\/p>\n","protected":false},"excerpt":{"rendered":"<p>Ivar Sild (s\u00fcnd. 24. III 1977) on luuletaja, ajakirjanik ja kriitik. Sild on \u00f5ppinud Tallinnas 47. keskkoolis, Orissaare sanatoorses eriinternaatkoolis ja Luua k\u00f5rgemas metsanduskoolis. Ta on \u00f5ppinud Tallinna \u00dclikoolis eesti keelt ja kirjandust. On t\u00f6\u00f6tanud \u00d5htulehe reporterina. Koos J\u00fcrgen Rooste &#8230;<\/p>\n","protected":false},"author":43,"featured_media":0,"parent":6505,"menu_order":0,"comment_status":"closed","ping_status":"closed","template":"","meta":{"_acf_changed":false,"inline_featured_image":false,"footnotes":""},"class_list":["post-8866","page","type-page","status-publish","hentry"],"acf":[],"_links":{"self":[{"href":"https:\/\/ewod.ut.ee\/et\/wp-json\/wp\/v2\/pages\/8866","targetHints":{"allow":["GET"]}}],"collection":[{"href":"https:\/\/ewod.ut.ee\/et\/wp-json\/wp\/v2\/pages"}],"about":[{"href":"https:\/\/ewod.ut.ee\/et\/wp-json\/wp\/v2\/types\/page"}],"author":[{"embeddable":true,"href":"https:\/\/ewod.ut.ee\/et\/wp-json\/wp\/v2\/users\/43"}],"replies":[{"embeddable":true,"href":"https:\/\/ewod.ut.ee\/et\/wp-json\/wp\/v2\/comments?post=8866"}],"version-history":[{"count":5,"href":"https:\/\/ewod.ut.ee\/et\/wp-json\/wp\/v2\/pages\/8866\/revisions"}],"predecessor-version":[{"id":8872,"href":"https:\/\/ewod.ut.ee\/et\/wp-json\/wp\/v2\/pages\/8866\/revisions\/8872"}],"up":[{"embeddable":true,"href":"https:\/\/ewod.ut.ee\/et\/wp-json\/wp\/v2\/pages\/6505"}],"wp:attachment":[{"href":"https:\/\/ewod.ut.ee\/et\/wp-json\/wp\/v2\/media?parent=8866"}],"curies":[{"name":"wp","href":"https:\/\/api.w.org\/{rel}","templated":true}]}}