{"id":8883,"date":"2024-04-03T23:39:59","date_gmt":"2024-04-03T20:39:59","guid":{"rendered":"https:\/\/sisu.ut.ee\/ewod\/?page_id=8883"},"modified":"2026-05-03T13:00:35","modified_gmt":"2026-05-03T10:00:35","slug":"arvi-siig","status":"publish","type":"page","link":"https:\/\/ewod.ut.ee\/et\/s\/arvi-siig\/","title":{"rendered":"Arvi Siig"},"content":{"rendered":"<figure class=\"wp-block-image alignright size-large is-resized\"><a href=\"https:\/\/sisu.ut.ee\/wp-content\/uploads\/sites\/108\/arvi_siig_viktor_salmre-scaled.jpg\"><img loading=\"lazy\" decoding=\"async\" width=\"676\" height=\"1024\" src=\"https:\/\/sisu.ut.ee\/wp-content\/uploads\/sites\/108\/arvi_siig_viktor_salmre-676x1024.jpg\" alt=\"\" class=\"wp-image-6007\" style=\"aspect-ratio:0.6601467238949623;width:241px;height:auto\" title=\"Foto: Viktor Salmre\" srcset=\"https:\/\/sisu.ut.ee\/wp-content\/uploads\/sites\/108\/arvi_siig_viktor_salmre-676x1024.jpg 676w, https:\/\/sisu.ut.ee\/wp-content\/uploads\/sites\/108\/arvi_siig_viktor_salmre-198x300.jpg 198w, https:\/\/sisu.ut.ee\/wp-content\/uploads\/sites\/108\/arvi_siig_viktor_salmre-768x1164.jpg 768w, https:\/\/sisu.ut.ee\/wp-content\/uploads\/sites\/108\/arvi_siig_viktor_salmre-1014x1536.jpg 1014w, https:\/\/sisu.ut.ee\/wp-content\/uploads\/sites\/108\/arvi_siig_viktor_salmre-1351x2048.jpg 1351w, https:\/\/sisu.ut.ee\/wp-content\/uploads\/sites\/108\/arvi_siig_viktor_salmre-1920x2910.jpg 1920w, https:\/\/sisu.ut.ee\/wp-content\/uploads\/sites\/108\/arvi_siig_viktor_salmre-scaled.jpg 1689w\" sizes=\"auto, (max-width: 676px) 100vw, 676px\"><\/a><\/figure>\n\n\n\n<p>Arvi Siig (8. nov. 1938 \u2013 23. nov 1999) oli luuletaja ja t\u00f5lkija.<\/p>\n\n\n\n<p>S\u00fcndis Tallinnas kunstniku ja meditsiini\u00f5e perekonnas. P\u00e4rast keskkooli \u00f5ppis Tallinna Pedagoogilises instituudis ja Tartu \u00dclikooli kaug\u00f5ppes vene filoloogiat, kuid stuudium j\u00e4i l\u00f5petamata. Seej\u00e4rel t\u00f6\u00f6tas pikka aega kirjandusvaldkonnas erinevate ajakirjade ja organisatsioonide juures, n\u00e4iteks 1961-1976 ajakirja Noorus toimetuses, kirjastuses Eesti Raamat 1976-1981, Kirjanike Liidus 1981-1989 ja ajakirja Tallinn peatoimetajana 1990-1992. Eriti oluline roll oli tal ajakirja Noorus toimetajana, kus ta arendas v\u00e4lja omaaegse vabameelse noortefoorumi. 1990ndail j\u00e4tkas vabakutselise kirjaniku ja t\u00f5lkijana. NLKP liige 1976-1989, ENSV \u00dclemn\u00f5ukogu saadik. Reisis palju NSVL l\u00f5unaosas, aga ka Skandinaavias, Itaalias, Kuubal, USAs ja mujal. Suri Tallinnas, maetud Nevski kalmistule.<\/p>\n\n\n\n<p> V\u00e4rsse hakkas ta avaldama 1958. aastal, deb\u00fc\u00fctkogu \u201eTrompetisoolo\u201c ilmus 1962 esimeses luulekassetis koos Paul-Eerik Rummo, <a href=\"https:\/\/ewod.ut.ee\/et\/t\/mats-traat\/\" data-type=\"page\" data-id=\"7071\">Mats Traadi<\/a>, <a href=\"https:\/\/ewod.ut.ee\/et\/v\/enn-vetemaa\/\" data-type=\"page\" data-id=\"7989\">Enn Vetemaa<\/a> ja <a href=\"https:\/\/ewod.ut.ee\/et\/r\/linda-ruud\/\" data-type=\"page\" data-id=\"7277\">Linda Ruudiga<\/a>, t\u00e4histades kuuek\u00fcmnendate j\u00f5ulise ja uuendusmeelse p\u00f5lvkonna tulekut. Siig t\u00f5i oma luulesse linnateema ja kujutas linnanoorte elu; optimismi ja progressi meeleolud vaheldusid protesti ja trotsiga \u2013 omamoodi Euroopas levinud noorsookultuuri peegeldus suletud Eestis. Stiililt on tema luule reportaa\u017elik (eriti alates kogust \u201eReporter v\u00e4rsikaameraga\u201c), elav, kontrastidest pingestatud, samas tulevikkuvaatav. Tema luule on inspireerinud hilisemat punkluulet.<\/p>\n\n\n\n<p>Siig t\u00f5lkis eesti keelde rohkesti vene luulet (J. Jevtu\u0161enko, R. Ro\u017edestvenski, V. Majakovski jpt) ja oli selle vaimsusest m\u00f5jutatud. Ta t\u00f5lkis eesti keelde ka t\u0161ehhi 20. sajandi luule valimiku (1986) ning 1990. aastatel proosat inglise keelest.<\/p>\n\n\n\n<p><em>A. Mv<\/em><\/p>\n\n\n\n<h4 class=\"wp-block-heading\"><br>Raamatud eesti keeles<\/h4>\n\n\n\n<p><strong><em>Luule<\/em><\/strong><br><strong>Trompetisoolo<\/strong>. Tallinn: Eesti Riiklik Kirjastus, 1962, 52 lk.<br><strong>Reporter v\u00e4rsikaameraga<\/strong>. Tallinn: Eesti Raamat, 1966, 124 lk.<br><strong>(P)\u00e4ikesev\u00f5imalused<\/strong>.\u00a0Tallinn: Eesti Raamat, 1968, 132 lk.<br><strong>Sinine ateljee<\/strong>. Tallinn: Eesti Raamat, 1969, 55 lk.<br><strong>Purunenud poeem<\/strong>. Tallinn: Eesti Raamat, 1971, 111 lk.<br><strong>Vaikuse t\u00e4htkuju<\/strong>. Tallinn: Eesti Raamat, 1973, 142 lk.<br><strong>Murdeajastu<\/strong>. Tallinn: Eesti Raamat, 1976, 176 lk.<br><strong>Monumendid<\/strong>. Tallinn: Kunst, 1977, 74 lk. [Fotoalbum.]<br><strong>Kuuldekaugus<\/strong>. Tallinn: Eesti Raamat, 1978, 219 lk.<br><strong>Epigrammofon<\/strong>. Tallinn: Eesti Raamat, 1980, 208 lk.<br><strong>P\u00fcha argip\u00e4ev<\/strong>. Tallinn. Eesti Raamat, 1983, 135 lk.<br><strong>Jah. Lehti aastaist 1962\u201382<\/strong>. Tallinn: Eesti Raamat, 1985, 271 lk.<br><strong>Tagasiside<\/strong>. Tallinn: Eesti Raamat, 1987, 141 lk.<br><strong>Valguse nimi<\/strong>. Tallinn: Kupar, 1993, 99 lk.<br><strong>Neoon kangialuste kohal<\/strong>. Valikkogu. Koostanud Tony Blackplait (T\u00f5nu Trubetsky). Tallinn: Pegasus, 2007, 550 lk.<\/p>\n","protected":false},"excerpt":{"rendered":"<p>Arvi Siig (8. nov. 1938 \u2013 23. nov 1999) oli luuletaja ja t\u00f5lkija. S\u00fcndis Tallinnas kunstniku ja meditsiini\u00f5e perekonnas. P\u00e4rast keskkooli \u00f5ppis Tallinna Pedagoogilises instituudis ja Tartu \u00dclikooli kaug\u00f5ppes vene filoloogiat, kuid stuudium j\u00e4i l\u00f5petamata. Seej\u00e4rel t\u00f6\u00f6tas pikka aega kirjandusvaldkonnas &#8230;<\/p>\n","protected":false},"author":43,"featured_media":0,"parent":6505,"menu_order":0,"comment_status":"closed","ping_status":"closed","template":"","meta":{"_acf_changed":false,"inline_featured_image":false,"footnotes":""},"class_list":["post-8883","page","type-page","status-publish","hentry"],"acf":[],"_links":{"self":[{"href":"https:\/\/ewod.ut.ee\/et\/wp-json\/wp\/v2\/pages\/8883","targetHints":{"allow":["GET"]}}],"collection":[{"href":"https:\/\/ewod.ut.ee\/et\/wp-json\/wp\/v2\/pages"}],"about":[{"href":"https:\/\/ewod.ut.ee\/et\/wp-json\/wp\/v2\/types\/page"}],"author":[{"embeddable":true,"href":"https:\/\/ewod.ut.ee\/et\/wp-json\/wp\/v2\/users\/43"}],"replies":[{"embeddable":true,"href":"https:\/\/ewod.ut.ee\/et\/wp-json\/wp\/v2\/comments?post=8883"}],"version-history":[{"count":3,"href":"https:\/\/ewod.ut.ee\/et\/wp-json\/wp\/v2\/pages\/8883\/revisions"}],"predecessor-version":[{"id":8887,"href":"https:\/\/ewod.ut.ee\/et\/wp-json\/wp\/v2\/pages\/8883\/revisions\/8887"}],"up":[{"embeddable":true,"href":"https:\/\/ewod.ut.ee\/et\/wp-json\/wp\/v2\/pages\/6505"}],"wp:attachment":[{"href":"https:\/\/ewod.ut.ee\/et\/wp-json\/wp\/v2\/media?parent=8883"}],"curies":[{"name":"wp","href":"https:\/\/api.w.org\/{rel}","templated":true}]}}