{"id":8889,"date":"2024-04-03T23:42:01","date_gmt":"2024-04-03T20:42:01","guid":{"rendered":"https:\/\/sisu.ut.ee\/ewod\/?page_id=8889"},"modified":"2026-05-03T13:07:52","modified_gmt":"2026-05-03T10:07:52","slug":"mart-sepper","status":"publish","type":"page","link":"https:\/\/ewod.ut.ee\/et\/s\/mart-sepper\/","title":{"rendered":"M\u00e4rt Sepper"},"content":{"rendered":"<figure class=\"wp-block-image alignright size-full is-resized\"><a href=\"https:\/\/sisu.ut.ee\/wp-content\/uploads\/sites\/108\/fb_img_1678285865736.jpg\"><img loading=\"lazy\" decoding=\"async\" width=\"750\" height=\"750\" src=\"https:\/\/sisu.ut.ee\/wp-content\/uploads\/sites\/108\/fb_img_1678285865736.jpg\" alt=\"\" class=\"wp-image-6337\" style=\"width:276px;height:auto\" srcset=\"https:\/\/sisu.ut.ee\/wp-content\/uploads\/sites\/108\/fb_img_1678285865736.jpg 750w, https:\/\/sisu.ut.ee\/wp-content\/uploads\/sites\/108\/fb_img_1678285865736-300x300.jpg 300w, https:\/\/sisu.ut.ee\/wp-content\/uploads\/sites\/108\/fb_img_1678285865736-150x150.jpg 150w\" sizes=\"auto, (max-width: 750px) 100vw, 750px\"><\/a><\/figure>\n\n\n\n<p>M\u00e4rt Sepper (s\u00fcnd. 12. IX 1991) on luuletaja.<\/p>\n\n\n\n<p>Sepper s\u00fcndis Kohilas. Ta on l\u00f5petanud Tallinna Vanalinna T\u00e4iskasvanute g\u00fcmnaasiumi ja \u00f5ppinud kolm aastat Tartu \u00dclikoolis. Ta elab Tartus ja tegeleb ettev\u00f5tlusega. M\u00e4rt Sepper on Kirjanike Liidu liige 2020. aastast.<\/p>\n\n\n\n<p>M\u00e4rt Sepper deb\u00fcteeris 2018. aastal proosapoeemi laadseid tekste koondava raamatuga \u201e<a href=\"https:\/\/ewod.ut.ee\/et\/j\/carl-robert-jakobson\/\" data-type=\"page\" data-id=\"7547\">Carl Robert Jakobsonist<\/a>. Vaimulood\u201c. Tema vabav\u00e4rsiline luule on m\u00fc\u00fctiline ja m\u00fcstiline. Autorit huvitavad maailma m\u00f5testamine ja m\u00f5istmine, loomine ning armastamine. Kirjaniku m\u00f5te liigub kohati kuskil teadvusetaguses. Tema stiili v\u00f5iks nimetada intellektuaalseks ja eneseirooniliseks ekspressionismiks.<\/p>\n\n\n\n<p><em>L. P.<\/em><\/p>\n\n\n\n<h4 class=\"wp-block-heading\"><br>Raamatud eesti keeles<\/h4>\n\n\n\n<p><em><strong>Luule<\/strong><\/em><br><strong>Carl Robert Jakobsonist. Vaimulood<\/strong>. Metsakasti: Paljasjalg, 2018. 27 lk.<br><strong>Acheroni \u00f5ied<\/strong>. Tartu: J. Sarapu, 2020. 54 lk.<br><strong>Emanatio<\/strong>. Tartu: Janar Sarapu, 2020. 54 lk.<br><strong>Kuld. Ring. \u00dcrask<\/strong>. Tartu: Udutaja, 2021. 131 lk.<br><strong>Neoonlambaid karjatades<\/strong>. Tartu: Udutaja, 2022. 65 lk.<\/p>\n\n\n\n<p><\/p>\n","protected":false},"excerpt":{"rendered":"<p>M\u00e4rt Sepper (s\u00fcnd. 12. IX 1991) on luuletaja. Sepper s\u00fcndis Kohilas. Ta on l\u00f5petanud Tallinna Vanalinna T\u00e4iskasvanute g\u00fcmnaasiumi ja \u00f5ppinud kolm aastat Tartu \u00dclikoolis. Ta elab Tartus ja tegeleb ettev\u00f5tlusega. M\u00e4rt Sepper on Kirjanike Liidu liige 2020. aastast. M\u00e4rt Sepper &#8230;<\/p>\n","protected":false},"author":43,"featured_media":0,"parent":6505,"menu_order":0,"comment_status":"closed","ping_status":"closed","template":"","meta":{"_acf_changed":false,"inline_featured_image":false,"footnotes":""},"class_list":["post-8889","page","type-page","status-publish","hentry"],"acf":[],"_links":{"self":[{"href":"https:\/\/ewod.ut.ee\/et\/wp-json\/wp\/v2\/pages\/8889","targetHints":{"allow":["GET"]}}],"collection":[{"href":"https:\/\/ewod.ut.ee\/et\/wp-json\/wp\/v2\/pages"}],"about":[{"href":"https:\/\/ewod.ut.ee\/et\/wp-json\/wp\/v2\/types\/page"}],"author":[{"embeddable":true,"href":"https:\/\/ewod.ut.ee\/et\/wp-json\/wp\/v2\/users\/43"}],"replies":[{"embeddable":true,"href":"https:\/\/ewod.ut.ee\/et\/wp-json\/wp\/v2\/comments?post=8889"}],"version-history":[{"count":3,"href":"https:\/\/ewod.ut.ee\/et\/wp-json\/wp\/v2\/pages\/8889\/revisions"}],"predecessor-version":[{"id":8893,"href":"https:\/\/ewod.ut.ee\/et\/wp-json\/wp\/v2\/pages\/8889\/revisions\/8893"}],"up":[{"embeddable":true,"href":"https:\/\/ewod.ut.ee\/et\/wp-json\/wp\/v2\/pages\/6505"}],"wp:attachment":[{"href":"https:\/\/ewod.ut.ee\/et\/wp-json\/wp\/v2\/media?parent=8889"}],"curies":[{"name":"wp","href":"https:\/\/api.w.org\/{rel}","templated":true}]}}