{"id":8928,"date":"2024-04-03T23:42:20","date_gmt":"2024-04-03T20:42:20","guid":{"rendered":"https:\/\/sisu.ut.ee\/ewod\/?page_id=8928"},"modified":"2026-05-03T15:47:37","modified_gmt":"2026-05-03T12:47:37","slug":"mihkel-seeder","status":"publish","type":"page","link":"https:\/\/ewod.ut.ee\/et\/s\/mihkel-seeder\/","title":{"rendered":"Mihkel Seeder"},"content":{"rendered":"<figure class=\"wp-block-image alignright size-large is-resized\"><a href=\"https:\/\/sisu.ut.ee\/wp-content\/uploads\/sites\/108\/607px-seedermihkel.img_2186.jpg\"><img loading=\"lazy\" decoding=\"async\" width=\"576\" height=\"1024\" src=\"https:\/\/sisu.ut.ee\/wp-content\/uploads\/sites\/108\/607px-seedermihkel.img_2186-576x1024.jpg\" alt=\"\" class=\"wp-image-6338\" style=\"width:218px;height:auto\" title=\"Foto: Ave Maria M\u00f5istlik (Wikipedia)\" srcset=\"https:\/\/sisu.ut.ee\/wp-content\/uploads\/sites\/108\/607px-seedermihkel.img_2186-576x1024.jpg 576w, https:\/\/sisu.ut.ee\/wp-content\/uploads\/sites\/108\/607px-seedermihkel.img_2186-169x300.jpg 169w, https:\/\/sisu.ut.ee\/wp-content\/uploads\/sites\/108\/607px-seedermihkel.img_2186.jpg 607w\" sizes=\"auto, (max-width: 576px) 100vw, 576px\"><\/a><\/figure>\n\n\n\n<p>Mihkel Seeder (s\u00fcnd. 9. XII 1988) on n\u00e4itekirjanik, t\u00f5lkija ning pedagoog.<\/p>\n\n\n\n<p>Seeder l\u00f5petas 2008. aastal Tallinna Saksa G\u00fcmnaasiumi, 2012. aastal Tartu \u00dclikooli saksa keele ja kirjanduse eriala bakalaureuse\u00f5ppe (k\u00f5rvalerialaks teatriteadus) ning 2017. aastal Eesti Muusika- ja Teatriakadeemia lavakunstikooli teatripedagoogika magistri\u00f5ppe. Seeder on t\u00e4iendanud end erakoolis Drakadeemia (2009\u20132012), n\u00e4itekirjanike mentorikoolitusel Jane Raschi juures Taanis (2010), filmistsenaristide mentorikoolitusel Balti Filmi- ja Meediakoolis (2013) ning uusima saksa dramaturgia t\u00f5lkimise t\u00f6\u00f6r\u00fchmas M\u00fchlheimis (2015). Ta on Eesti Kirjanike Liidu (alates 2017), Eesti Lavastajate ja Dramaturgide Liidu ning Eesti Stsenaristide Gildi liige.<\/p>\n\n\n\n<p>Ta on olnud 2011. aastast alates juhendaja Drakadeemias, aastatel 2012\u20132014 samas loovjuhi aset\u00e4itja. Seeder t\u00f6\u00f6tas aastatel 2012\u20132013 Draamateatris kirjandustoimetajana. Ta oli aastatel 2014-2025 VAT Teatris dramaturg. Alates 2025. aastast t\u00f6\u00f6tab Saksamaal noorteteatri Theater Junge Generation (tjg.) juhina.<\/p>\n\n\n\n<p>2010. aastal p\u00e4lvis Seeder Eesti Teatri Agentuuri ja Viljandi Kultuuriakadeemia laste- ja noorten\u00e4idendite v\u00f5istluse peapreemia noorten\u00e4idendi eest \u201eV\u00e4ga vihane mees\u201c. Ta on kirjutanud ka n\u00e4idendid \u201eElu enne surma\u201c (2012), \u201eVaga vend Vahindra\u201c (2014), \u201eWeb Demon\u201c (2016) ja \u201eMister Green\u201c (2017. koos Giuditta Mingucciga).<\/p>\n\n\n\n<p>Seeder on kirjutanud ka telesarjade stsenaariume: \u201eVabad mehed\u201c (2015 ja 2017) ja \u201eRestart\u201c (2015; koos Birk Rohelennuga). Ta on t\u00f5lkinud saksa keelest n\u00e4idendeid (Hameli ja Krecheli \u201eTitanic\u201c, Lepperi \u201eSeymour\u201c, L\u00f6hle \u201eSee asi\u201c, H\u00fcbneri \u201eM\u00fcller peab lahkuma!\u201c).<\/p>\n\n\n\n<p><em>L. P.<\/em><\/p>\n","protected":false},"excerpt":{"rendered":"<p>Mihkel Seeder (s\u00fcnd. 9. XII 1988) on n\u00e4itekirjanik, t\u00f5lkija ning pedagoog. Seeder l\u00f5petas 2008. aastal Tallinna Saksa G\u00fcmnaasiumi, 2012. aastal Tartu \u00dclikooli saksa keele ja kirjanduse eriala bakalaureuse\u00f5ppe (k\u00f5rvalerialaks teatriteadus) ning 2017. aastal Eesti Muusika- ja Teatriakadeemia lavakunstikooli teatripedagoogika magistri\u00f5ppe. &#8230;<\/p>\n","protected":false},"author":43,"featured_media":0,"parent":6505,"menu_order":0,"comment_status":"closed","ping_status":"closed","template":"","meta":{"_acf_changed":false,"inline_featured_image":false,"footnotes":""},"class_list":["post-8928","page","type-page","status-publish","hentry"],"acf":[],"_links":{"self":[{"href":"https:\/\/ewod.ut.ee\/et\/wp-json\/wp\/v2\/pages\/8928","targetHints":{"allow":["GET"]}}],"collection":[{"href":"https:\/\/ewod.ut.ee\/et\/wp-json\/wp\/v2\/pages"}],"about":[{"href":"https:\/\/ewod.ut.ee\/et\/wp-json\/wp\/v2\/types\/page"}],"author":[{"embeddable":true,"href":"https:\/\/ewod.ut.ee\/et\/wp-json\/wp\/v2\/users\/43"}],"replies":[{"embeddable":true,"href":"https:\/\/ewod.ut.ee\/et\/wp-json\/wp\/v2\/comments?post=8928"}],"version-history":[{"count":1,"href":"https:\/\/ewod.ut.ee\/et\/wp-json\/wp\/v2\/pages\/8928\/revisions"}],"predecessor-version":[{"id":8929,"href":"https:\/\/ewod.ut.ee\/et\/wp-json\/wp\/v2\/pages\/8928\/revisions\/8929"}],"up":[{"embeddable":true,"href":"https:\/\/ewod.ut.ee\/et\/wp-json\/wp\/v2\/pages\/6505"}],"wp:attachment":[{"href":"https:\/\/ewod.ut.ee\/et\/wp-json\/wp\/v2\/media?parent=8928"}],"curies":[{"name":"wp","href":"https:\/\/api.w.org\/{rel}","templated":true}]}}