{"id":8950,"date":"2026-05-05T09:49:42","date_gmt":"2026-05-05T06:49:42","guid":{"rendered":"https:\/\/sisu.ut.ee\/ewod\/?page_id=8950"},"modified":"2026-05-05T09:50:41","modified_gmt":"2026-05-05T06:50:41","slug":"heidi-iivari","status":"publish","type":"page","link":"https:\/\/ewod.ut.ee\/et\/i\/heidi-iivari\/","title":{"rendered":"Heidi Iivari"},"content":{"rendered":"<p>Heidi Iivari (kodanikunimega Heidi Sanna Maarika Iivari, s\u00fcnd. 10. IV 1974) on Tartus elav soome p\u00e4ritolu luuletaja, t\u00f5lkija ja kultuurivahendaja.<\/p>\n\n\n\n<p>Iivari on s\u00fcndinud Soomes Espoos. Ta elab alates 2006. aastast Eestis. Ta t\u00f6\u00f6tab Tartus Soome Instituudi programmikoordinaatorina ning on tuntud kui kirjandus\u00fcrituste korraldaja ja moderaator. Heidi Iivari on alates 2024. aastast Eesti Kirjanike Liidu liige.<\/p>\n\n\n\n<p>ivarilt on avaldatud kaks kakskeelset luulekogu: \u201eTarton sarja\u00adrakastaja \/ Tartu sariarmastaja\u201c ja \u201eMeid\u00e4n suvun miehet \/ Meie suguv\u00f5sa mehed\u201c. Iivari luulet iseloomustab vaimukus ja elur\u00f5\u00f5m. Luuletuste keskes on sageli suguv\u00f5sa- ja inimsuhete teemad. Ta kirjutab nii soome kui ka eesti keeles.<\/p>\n\n\n\n<p>Heidi Iivari on soome keelde t\u00f5lkinud Mudlumi romaani \u201eMitte ainult minu t\u00e4di Ellen\u201c ja Paavo Matsini romaani \u201eLenini valss\u201c.<\/p>\n\n\n\n<p><em>L. P.<\/em><\/p>\n\n\n\n<h4 class=\"wp-block-heading\"><br>Raamatud eesti keeles<\/h4>\n\n\n\n<p><strong><em>Luule<\/em><\/strong><br><strong>Tarton sarjarakastaja=Tartu sariarmastaja<\/strong>. Vantaa: Enostone, 2021. 151 lk.<br><strong>Meid\u00e4n suvun miehet=Meie suguv\u00f5sa mehed<\/strong>. Vantaa: Enostone, 2024. 123 lk.<\/p>\n","protected":false},"excerpt":{"rendered":"<p>Heidi Iivari (kodanikunimega Heidi Sanna Maarika Iivari, s\u00fcnd. 10. IV 1974) on Tartus elav soome p\u00e4ritolu luuletaja, t\u00f5lkija ja kultuurivahendaja. Iivari on s\u00fcndinud Soomes Espoos. Ta elab alates 2006. aastast Eestis. Ta t\u00f6\u00f6tab Tartus Soome Instituudi programmikoordinaatorina ning on tuntud &#8230;<\/p>\n","protected":false},"author":43,"featured_media":0,"parent":6480,"menu_order":0,"comment_status":"closed","ping_status":"closed","template":"","meta":{"_acf_changed":false,"inline_featured_image":false,"footnotes":""},"class_list":["post-8950","page","type-page","status-publish","hentry"],"acf":[],"_links":{"self":[{"href":"https:\/\/ewod.ut.ee\/et\/wp-json\/wp\/v2\/pages\/8950","targetHints":{"allow":["GET"]}}],"collection":[{"href":"https:\/\/ewod.ut.ee\/et\/wp-json\/wp\/v2\/pages"}],"about":[{"href":"https:\/\/ewod.ut.ee\/et\/wp-json\/wp\/v2\/types\/page"}],"author":[{"embeddable":true,"href":"https:\/\/ewod.ut.ee\/et\/wp-json\/wp\/v2\/users\/43"}],"replies":[{"embeddable":true,"href":"https:\/\/ewod.ut.ee\/et\/wp-json\/wp\/v2\/comments?post=8950"}],"version-history":[{"count":1,"href":"https:\/\/ewod.ut.ee\/et\/wp-json\/wp\/v2\/pages\/8950\/revisions"}],"predecessor-version":[{"id":8951,"href":"https:\/\/ewod.ut.ee\/et\/wp-json\/wp\/v2\/pages\/8950\/revisions\/8951"}],"up":[{"embeddable":true,"href":"https:\/\/ewod.ut.ee\/et\/wp-json\/wp\/v2\/pages\/6480"}],"wp:attachment":[{"href":"https:\/\/ewod.ut.ee\/et\/wp-json\/wp\/v2\/media?parent=8950"}],"curies":[{"name":"wp","href":"https:\/\/api.w.org\/{rel}","templated":true}]}}