{"id":8963,"date":"2024-04-03T23:40:13","date_gmt":"2024-04-03T20:40:13","guid":{"rendered":"https:\/\/sisu.ut.ee\/ewod\/?page_id=8963"},"modified":"2026-05-05T10:34:38","modified_gmt":"2026-05-05T07:34:38","slug":"krafinna","status":"publish","type":"page","link":"https:\/\/ewod.ut.ee\/et\/k\/krafinna\/","title":{"rendered":"Krafinna"},"content":{"rendered":"<p>Krafinna (s\u00fcnninimega Ene Kuus, kodanikunimega Ene Kallas, s\u00fcndinud 12. VII 1973) on ajakirjanik ja luuletaja.<\/p>\n\n\n\n<p>Krafinna on s\u00fcndinud Saaremaal ning omandanud hariduse Kuressaares, Viljandis ja Tartus. Ta on \u00f5ppinud multimeedia kujundamist, teoloogiat ja raamatukogundust ning on t\u00f6\u00f6tanud \u00f5petajana ja Tartu Linnaraamatukogus raamatukoguhoidjana, samuti ajakirjanikuna Saaremaa ajalehtedes Oma Saar ja Meie Maa. 2026. aasta seisuga t\u00f6\u00f6tab toimetajana Postimehes. Alates 2014. aastast on Krafinna Kirjanike Liidu liige. Ta on toimetanud Ene Kallase nime all ulmeraamatuid. Tema abikaasa on ulmekirjanduse ekspert J\u00fcri Kallas.<\/p>\n\n\n\n<p>2011. aastal ilmus Krafinnal luulekogu \u201eTeki all ja k\u00f6\u00f6gikardinate taga\u201c \u00fchiste kaante vahel Kaarel Kressa luulekoguga \u201eVereurmarohumesi\u201c. 2013. aastal avaldati tema luulekogu \u201eTark loom\u201c. Teost on kirjeldatud kui \u201einimeseks olemise \u00f5pikut edasij\u00f5udnutele\u201c. Sarnaselt Krafinna deb\u00fc\u00fcdile on siingi tunda autorile omast filosoofilisust, sotsiaalset tundlikkust ja keelelist meisterlikkust. Valik luuletusi ilmus samal aastal kogumikus \u201eElavate surnute antoloogia\u201c.<\/p>\n\n\n\n<p>2014. aastal j\u00e4rgnes luulekogu \u201eKohtu t\u00e4nava vares\u201c. Luulekogu keskmes on peamiselt Saaremaa ja Kuressaare \u00f5hustik (viitega pealkirjas nimetatud t\u00e4navale Kuressaares). Raamat on t\u00e4is linnavaatlusi, kus s\u00fcmboliks on vares \u2013 tark, kergelt k\u00fc\u00fcniline ja k\u00f5ike j\u00e4lgiv lind.<\/p>\n\n\n\n<p>2019. aastal ilmunud neljandas luulekogus \u201eKasse t\u00e4is linn\u201c j\u00e4tkuvad autori r\u00e4nnakud l\u00e4bi linna- ja hingeseisundite. Kassid s\u00fcmboliseerivad isep\u00e4isust, \u00fcksindust ja samuti kodusust. Luuletused on l\u00fchikesed, tabavad ja tihti v\u00e4ga visuaalsed. Autor ise on seda luulekogu iseloomustanud kui vormim\u00e4ngulist ja \u201eromantilist, kohati isegi erootilist\u201c. Tekstides on palju Tartut, aga ka autori kodupaika Saaremaad. Raamatu lakooniline kujundus p\u00e4rineb autorilt.<\/p>\n\n\n\n<p>Krafinna oskab leida argip\u00e4evastest detailidest (linnud, loomad, t\u00e4navad) s\u00fcgavamat filosoofilist t\u00e4hendust. Tema luulet iseloomustab irooniline, j\u00f5uline ja kohati terav kujundikeel.<\/p>\n\n\n\n<p><em>L. P.<\/em><\/p>\n\n\n\n<h4 class=\"wp-block-heading\"><br>Raamatud eesti keeles<\/h4>\n\n\n\n<p><strong><em>Luule<\/em><\/strong><br>Krafinna, <strong>Teki all ja k\u00f6\u00f6gikardinate taga<\/strong>; Kaarel Kressa, <strong>Vereurmarohumesi<\/strong>. P\u00e4rnu: Jumalikud Ilmutused, 2011. 38 lk.<br><strong>Tark loom<\/strong>. Saarde; P\u00e4rnu: Jumalikud Ilmutused, 2013. 99 lk.<br><strong>Kohtu t\u00e4nava vares<\/strong>: s\u00fcgisest s\u00fcgiseni 2012\u20132013. Saarde; P\u00e4rnu: Jumalikud Ilmutused, 2014. 80 lk.<br><strong>Kasse t\u00e4is linn<\/strong>. L\u00fcmanda: Gururaamat, 2019. 71 lk.<\/p>\n","protected":false},"excerpt":{"rendered":"<p>Krafinna (s\u00fcnninimega Ene Kuus, kodanikunimega Ene Kallas, s\u00fcndinud 12. VII 1973) on ajakirjanik ja luuletaja. Krafinna on s\u00fcndinud Saaremaal ning omandanud hariduse Kuressaares, Viljandis ja Tartus. Ta on \u00f5ppinud multimeedia kujundamist, teoloogiat ja raamatukogundust ning on t\u00f6\u00f6tanud \u00f5petajana ja Tartu &#8230;<\/p>\n","protected":false},"author":43,"featured_media":0,"parent":6484,"menu_order":0,"comment_status":"closed","ping_status":"closed","template":"","meta":{"_acf_changed":false,"inline_featured_image":false,"footnotes":""},"class_list":["post-8963","page","type-page","status-publish","hentry"],"acf":[],"_links":{"self":[{"href":"https:\/\/ewod.ut.ee\/et\/wp-json\/wp\/v2\/pages\/8963","targetHints":{"allow":["GET"]}}],"collection":[{"href":"https:\/\/ewod.ut.ee\/et\/wp-json\/wp\/v2\/pages"}],"about":[{"href":"https:\/\/ewod.ut.ee\/et\/wp-json\/wp\/v2\/types\/page"}],"author":[{"embeddable":true,"href":"https:\/\/ewod.ut.ee\/et\/wp-json\/wp\/v2\/users\/43"}],"replies":[{"embeddable":true,"href":"https:\/\/ewod.ut.ee\/et\/wp-json\/wp\/v2\/comments?post=8963"}],"version-history":[{"count":1,"href":"https:\/\/ewod.ut.ee\/et\/wp-json\/wp\/v2\/pages\/8963\/revisions"}],"predecessor-version":[{"id":8964,"href":"https:\/\/ewod.ut.ee\/et\/wp-json\/wp\/v2\/pages\/8963\/revisions\/8964"}],"up":[{"embeddable":true,"href":"https:\/\/ewod.ut.ee\/et\/wp-json\/wp\/v2\/pages\/6484"}],"wp:attachment":[{"href":"https:\/\/ewod.ut.ee\/et\/wp-json\/wp\/v2\/media?parent=8963"}],"curies":[{"name":"wp","href":"https:\/\/api.w.org\/{rel}","templated":true}]}}