{"id":8970,"date":"2026-05-05T11:08:25","date_gmt":"2026-05-05T08:08:25","guid":{"rendered":"https:\/\/sisu.ut.ee\/ewod\/?page_id=8970"},"modified":"2026-05-05T11:06:30","modified_gmt":"2026-05-05T08:06:30","slug":"vahur-laiapea","status":"publish","type":"page","link":"https:\/\/ewod.ut.ee\/et\/l\/vahur-laiapea\/","title":{"rendered":"Vahur Laiapea"},"content":{"rendered":"<p>Vahur Laiapea (s\u00fcnd 7. IX 1960)on proosakirjanik, filmire\u017eiss\u00f6\u00f6r ja viipekeele uurija.<\/p>\n\n\n\n<p>Laiapea s\u00fcndis Tallinnas. Ta l\u00f5petas 1985. aastal kaug\u00f5ppes Tartu Riikliku \u00dclikooli filoloogiateaduskonna eesti filoloogia erialal. 2006. aastal l\u00f5petas ta Tartu \u00dclikoolis magistrantuuri l\u00f5put\u00f6\u00f6ga eesti viipekeelest. Aastatel 1983\u20131994 oli ta Porkuni Kurtide Kooli \u00f5petaja. Aastatel 1995\u20131998 oli ta Eesti Tervisekasvatuse Keskuses projektijuht. Sellel perioodil tootis ta mitu \u00f5ppefilmi. Ta on alates 1998. aastast tegutsenud s\u00f5ltumatu filmi produtsendina. Laiapea on eelk\u00f5ige dokumentalist, mist\u00f5ttu on ka tema kirjanduslik looming tihedalt seotud t\u00f5sieluliste s\u00fcndmuste, inimsaatuste ja \u00fchiskondlike kriisidega. Kuigi tema teosed liigituvad dokumentaalkirjanduse alla, avaldub nendes tugev ilukirjanduslik ja emotsionaalne laetus. Vahur Laiapea on alates 2025. aastast Eesti Kirjanike Liidu liige.<\/p>\n\n\n\n<p>2017. aastal sattus Laiapea dokumentaalfilmi planeerides Afganistanis kaheks kuuks Talibani k\u00e4tte vangi. Kogetust kirjutas ta 2018. aastal ilmunud raamatus \u201eAfganistani vang\u201c. 2022. aastal k\u00e4is ta viis korda Ukrainas materjali kogumas. Serhii Kazimiri ja Vahur Laiapea \u00fchist\u00f6\u00f6na eesti keeles kirjutatud raamat \u201eNii oli. Ukraina ohvitseri 691 p\u00e4eva Venemaa vanglates\u201c on ilmunud ka ukraina ja inglise keeles.<\/p>\n\n\n\n<p>Laiapea dokumentalistikat iseloomustab inimesekesksus ja empaatia. Ta portreteerib inimesi tundlikult, v\u00e4ltides liigset \u00fcldistamist ja keskendudes individuaalsele kogemusele. Laiapea k\u00e4sitleb sageli \u201eunustatud\u201c v\u00f5i m\u00e4rkamatuid teemasid ja inimesi, olgu nendeks viipekeelsed kurdid, s\u00f5jap\u00f5genikud v\u00f5i vangi langenud ohvitserid. Tema tekstides avaldub eetilisus ja hoolivus.<\/p>\n\n\n\n<p><em>L. P.<\/em><\/p>\n\n\n\n<h4 class=\"wp-block-heading\"><br>Raamatud eesti keeles<\/h4>\n\n\n\n<p><strong><em>Dokumentalistika<\/em><\/strong><br><strong>Afganistani vang<\/strong>. Tallinn: Post Factum, 2018. 171 lk.<br><strong>Ukraina p\u00e4evikud<\/strong>. Tallinn: Postimees Kirjastus, 2023. 279 lk.<br><strong>Ukraina fragmendid<\/strong>. Tallinn: EKSA, 2024. 126 lk.<br><strong>Hingedep\u00e4ev Hroza k\u00fclas: valusaid lugusid Ukraina s\u00f5jast<\/strong>. Tallinn: Argo, 2025. 228 lk.<br>Vahur Laiapea, Serhii Kazimir, <strong>Nii oli: Ukraina ohvitseri 691 p\u00e4eva Venemaa vanglates<\/strong>. Tallinn: Argo, 2025. 157 lk.<\/p>\n\n\n\n<p><strong><em>L\u00fchiproosa<\/em><\/strong><br><strong>See habras elu<\/strong>: fragmentaarium. Tallinn: EKSA, 2020. 127 lk.<\/p>\n\n\n\n<p><strong><em>Luuletused<\/em><\/strong><br><strong>Kodutud seosed<\/strong>. Vahur Laiapea luuletused, Jaan Toomiku maalid. Tallinn: Eesti Keele Sihtasutus, 2019. 78 lk.<br><strong>Roosid suus<\/strong>. Tallinn: EKSA, 2023. 71 lk.<\/p>\n","protected":false},"excerpt":{"rendered":"<p>Vahur Laiapea (s\u00fcnd 7. IX 1960)on proosakirjanik, filmire\u017eiss\u00f6\u00f6r ja viipekeele uurija. Laiapea s\u00fcndis Tallinnas. Ta l\u00f5petas 1985. aastal kaug\u00f5ppes Tartu Riikliku \u00dclikooli filoloogiateaduskonna eesti filoloogia erialal. 2006. aastal l\u00f5petas ta Tartu \u00dclikoolis magistrantuuri l\u00f5put\u00f6\u00f6ga eesti viipekeelest. Aastatel 1983\u20131994 oli ta &#8230;<\/p>\n","protected":false},"author":43,"featured_media":0,"parent":6486,"menu_order":0,"comment_status":"closed","ping_status":"closed","template":"","meta":{"_acf_changed":false,"inline_featured_image":false,"footnotes":""},"class_list":["post-8970","page","type-page","status-publish","hentry"],"acf":[],"_links":{"self":[{"href":"https:\/\/ewod.ut.ee\/et\/wp-json\/wp\/v2\/pages\/8970","targetHints":{"allow":["GET"]}}],"collection":[{"href":"https:\/\/ewod.ut.ee\/et\/wp-json\/wp\/v2\/pages"}],"about":[{"href":"https:\/\/ewod.ut.ee\/et\/wp-json\/wp\/v2\/types\/page"}],"author":[{"embeddable":true,"href":"https:\/\/ewod.ut.ee\/et\/wp-json\/wp\/v2\/users\/43"}],"replies":[{"embeddable":true,"href":"https:\/\/ewod.ut.ee\/et\/wp-json\/wp\/v2\/comments?post=8970"}],"version-history":[{"count":2,"href":"https:\/\/ewod.ut.ee\/et\/wp-json\/wp\/v2\/pages\/8970\/revisions"}],"predecessor-version":[{"id":8973,"href":"https:\/\/ewod.ut.ee\/et\/wp-json\/wp\/v2\/pages\/8970\/revisions\/8973"}],"up":[{"embeddable":true,"href":"https:\/\/ewod.ut.ee\/et\/wp-json\/wp\/v2\/pages\/6486"}],"wp:attachment":[{"href":"https:\/\/ewod.ut.ee\/et\/wp-json\/wp\/v2\/media?parent=8970"}],"curies":[{"name":"wp","href":"https:\/\/api.w.org\/{rel}","templated":true}]}}