{"id":8993,"date":"2026-05-05T12:19:32","date_gmt":"2026-05-05T09:19:32","guid":{"rendered":"https:\/\/sisu.ut.ee\/ewod\/?page_id=8993"},"modified":"2026-05-05T12:19:53","modified_gmt":"2026-05-05T09:19:53","slug":"mario-pulver","status":"publish","type":"page","link":"https:\/\/ewod.ut.ee\/et\/p\/mario-pulver\/","title":{"rendered":"Mario Pulver"},"content":{"rendered":"<p>Mario Pulver (s\u00fcnd 4. IV 1980) on romaanikirjanik ja t\u00f5lkija.<\/p>\n\n\n\n<p>Pulver on l\u00f5petanud Tartu \u00dclikooli magistrikraadiga inglise keele ja kirjanduse erialal 2013. aastal. Ta on alates 2025. aastast Eesti Kirjanike Liidu liige.<\/p>\n\n\n\n<p>Pulveri deb\u00fc\u00fctraamat oli 2009. aastal avaldatud luulekogu \u201eMa r\u00e4\u00e4gin sinuga\u201c. Selle raamatu kaante vahele on talletatud tekste aastatest 2003\u20132008. Hiljem on tema sulest ilmunud luulekogu \u201eJ\u00e4\u00e4vuse seadus\u201c.<\/p>\n\n\n\n<p>2019. aastal avaldati Pulveri novell \u201eBulgarini karjamaa\u201d, mille eest autor p\u00e4lvis ajakirja Looming aasta deb\u00fctandi auhinna. See tekst leidub ka novelliantoloogias \u201eArmastus p\u00e4rast ja teisi lugusid\u201d. 2022. aastal ilmus Mario Pulverilt Eesti Kirjanike Liidu romaaniv\u00f5istlusel \u00e4ra m\u00e4rgitud teos \u201eLokomotiiv\u201c. See on kihiline, otsinguline, ajas ja ruumis mitmes suunas hargnev romaan saatusest ja juhustest inimeste elus. Romaan \u201eTheseuse laev\u201c p\u00e4lvis Eesti Kirjanike Liidu 2025. aasta romaaniv\u00f5istlusel teise koha. Romaan viib lugejad 19. sajandi Tartusse, keskendudes Friederike-nimelisele t\u00fctarlapsele, kes unistab pianistiks saamisest ning kellel tuleb l\u00e4bi rahutute aegade ja isiklike katsumuste leida seesmine j\u00f5ud eneseks j\u00e4\u00e4da.<\/p>\n\n\n\n<p>Pulver on alates 1998. aastast tegutsenud t\u00f5lkijana. Ta on t\u00f5lkinud inglise keelest eesti keelde ligikaudu sada proosa- ja n\u00e4idendiraamatut.<\/p>\n\n\n\n<p><em>L. P.<\/em><\/p>\n\n\n\n<h4 class=\"wp-block-heading\"><br>Raamatud eesti keeles<\/h4>\n\n\n\n<p><strong><em>Romaanid<\/em><\/strong><br><strong>Lokomotiiv<\/strong>. Tallinn: Postimees Kirjastus, 2022. 148 lk.<br><strong>Theseuse laev<\/strong>. Tallinn: Rahva Raamatu kirjastus, 2026. 440 lk.<\/p>\n\n\n\n<p><strong><em>Luuletused<\/em><\/strong><br><strong>Ma r\u00e4\u00e4gin sinuga<\/strong>. Tartu: V\u00f5luri Tagasitulek, 2009. 61 lk.<br><strong>J\u00e4\u00e4vuse seadus<\/strong>. Tartu: M. Pulver, 2016. 46 lk.<\/p>\n","protected":false},"excerpt":{"rendered":"<p>Mario Pulver (s\u00fcnd 4. IV 1980) on romaanikirjanik ja t\u00f5lkija. Pulver on l\u00f5petanud Tartu \u00dclikooli magistrikraadiga inglise keele ja kirjanduse erialal 2013. aastal. Ta on alates 2025. aastast Eesti Kirjanike Liidu liige. Pulveri deb\u00fc\u00fctraamat oli 2009. aastal avaldatud luulekogu \u201eMa &#8230;<\/p>\n","protected":false},"author":43,"featured_media":0,"parent":6501,"menu_order":0,"comment_status":"closed","ping_status":"closed","template":"","meta":{"_acf_changed":false,"inline_featured_image":false,"footnotes":""},"class_list":["post-8993","page","type-page","status-publish","hentry"],"acf":[],"_links":{"self":[{"href":"https:\/\/ewod.ut.ee\/et\/wp-json\/wp\/v2\/pages\/8993","targetHints":{"allow":["GET"]}}],"collection":[{"href":"https:\/\/ewod.ut.ee\/et\/wp-json\/wp\/v2\/pages"}],"about":[{"href":"https:\/\/ewod.ut.ee\/et\/wp-json\/wp\/v2\/types\/page"}],"author":[{"embeddable":true,"href":"https:\/\/ewod.ut.ee\/et\/wp-json\/wp\/v2\/users\/43"}],"replies":[{"embeddable":true,"href":"https:\/\/ewod.ut.ee\/et\/wp-json\/wp\/v2\/comments?post=8993"}],"version-history":[{"count":1,"href":"https:\/\/ewod.ut.ee\/et\/wp-json\/wp\/v2\/pages\/8993\/revisions"}],"predecessor-version":[{"id":8994,"href":"https:\/\/ewod.ut.ee\/et\/wp-json\/wp\/v2\/pages\/8993\/revisions\/8994"}],"up":[{"embeddable":true,"href":"https:\/\/ewod.ut.ee\/et\/wp-json\/wp\/v2\/pages\/6501"}],"wp:attachment":[{"href":"https:\/\/ewod.ut.ee\/et\/wp-json\/wp\/v2\/media?parent=8993"}],"curies":[{"name":"wp","href":"https:\/\/api.w.org\/{rel}","templated":true}]}}