{"id":9001,"date":"2026-05-06T00:38:43","date_gmt":"2026-05-05T21:38:43","guid":{"rendered":"https:\/\/sisu.ut.ee\/ewod\/?page_id=9001"},"modified":"2026-05-06T00:39:30","modified_gmt":"2026-05-05T21:39:30","slug":"lille-roomets","status":"publish","type":"page","link":"https:\/\/ewod.ut.ee\/et\/r\/lille-roomets\/","title":{"rendered":"Lille Roomets"},"content":{"rendered":"<p>Lille Roomets (s\u00fcnd 8. VII 1977) on noorsookirjanik.<\/p>\n\n\n\n<p>Roomets on s\u00fcndinud L\u00e4\u00e4ne-Virumaal. Ta elas lapsep\u00f5lves L\u00f5una-Eestis. Ta on l\u00f5petanud Viljandi Jakobsoni nimelise G\u00fcmnaasiumi. Lille Roomets \u00f5ppis Tallinna \u00dclikoolis paar aastat reklaami ja meediat, seej\u00e4rel Tartu \u00dclikooli P\u00e4rnu kolled\u017eis majandust. Ta on elanud Iirimaal. Ta astus 2025. aastal Tartu \u00dclikooli kirjandusteaduse magistri\u00f5ppesse.<\/p>\n\n\n\n<p>Roomets on kirjutanud lastele ja noorukitele. Tema teoseid iseloomustab aus ja vahetu pilk noorte keerulisele sisemaailmale, kus p\u00f5imuvad traagilised s\u00fcndmused, kriminaalsed s\u00fc\u017eeeliinid ja igap\u00e4evased mured. Tema lood on kirjutatud teismeliste, tihti 16-aastaste noorukite vaatepunktist, kes peavad rasketest oludest ja \u00fcksildustundest hoolimata hakkama saama. S\u00fcndmustik on tihti paigutatud konkreetsesse Eesti v\u00e4ikelinna v\u00f5i piirkonda, n\u00e4iteks Karksi-Nuia v\u00f5i Otep\u00e4\u00e4 \u00fcmbrusse, kus autor on ise elanud. See annab tema proosale realistliku fooni.<\/p>\n\n\n\n<p>Roomets on alates 2025. aastast Kirjanike Liidu liige. Ta on Eesti Noortekirjanduse \u00dchingu asutajaliige.<\/p>\n\n\n\n<p><em>L. P.<\/em><\/p>\n\n\n\n<h4 class=\"wp-block-heading\"><br>Raamatud eesti keeles<\/h4>\n\n\n\n<p><strong><em>Noorteraamatud<\/em><\/strong><br><strong>\u00dcks v\u00e4ike valge tuvi<\/strong>. Tallinn: T\u00e4nap\u00e4ev, 2019. 271 lk.<br><strong>Jens Kuusk, 8-aastane<\/strong>. Tallinn: T\u00e4nap\u00e4ev, 2020. 101 lk.<br><strong>\u00dcks v\u00e4ike valge sulg<\/strong>. Tallinn: T\u00e4nap\u00e4ev, 2020. 198 lk.<br>Heli K\u00fcnnapas, Lille Roomets, <strong>Viivuranna g\u00fcmnaasium. 1. raamat. Uus t\u00fcdruk<\/strong>. J\u00e4divere: Heli Kirjastus, 2021. 116 lk.<br><strong>Mina ja August<\/strong>. Tallinn: Hea Lugu, 2023. 231 lk.<br><strong>H\u00e4rjasoo hingevaras<\/strong>. Tallinn: T\u00e4nap\u00e4ev, 2024. 207 lk.<\/p>\n","protected":false},"excerpt":{"rendered":"<p>Lille Roomets (s\u00fcnd 8. VII 1977) on noorsookirjanik. Roomets on s\u00fcndinud L\u00e4\u00e4ne-Virumaal. Ta elas lapsep\u00f5lves L\u00f5una-Eestis. Ta on l\u00f5petanud Viljandi Jakobsoni nimelise G\u00fcmnaasiumi. Lille Roomets \u00f5ppis Tallinna \u00dclikoolis paar aastat reklaami ja meediat, seej\u00e4rel Tartu \u00dclikooli P\u00e4rnu kolled\u017eis majandust. Ta &#8230;<\/p>\n","protected":false},"author":43,"featured_media":0,"parent":6503,"menu_order":0,"comment_status":"closed","ping_status":"closed","template":"","meta":{"_acf_changed":false,"inline_featured_image":false,"footnotes":""},"class_list":["post-9001","page","type-page","status-publish","hentry"],"acf":[],"_links":{"self":[{"href":"https:\/\/ewod.ut.ee\/et\/wp-json\/wp\/v2\/pages\/9001","targetHints":{"allow":["GET"]}}],"collection":[{"href":"https:\/\/ewod.ut.ee\/et\/wp-json\/wp\/v2\/pages"}],"about":[{"href":"https:\/\/ewod.ut.ee\/et\/wp-json\/wp\/v2\/types\/page"}],"author":[{"embeddable":true,"href":"https:\/\/ewod.ut.ee\/et\/wp-json\/wp\/v2\/users\/43"}],"replies":[{"embeddable":true,"href":"https:\/\/ewod.ut.ee\/et\/wp-json\/wp\/v2\/comments?post=9001"}],"version-history":[{"count":1,"href":"https:\/\/ewod.ut.ee\/et\/wp-json\/wp\/v2\/pages\/9001\/revisions"}],"predecessor-version":[{"id":9002,"href":"https:\/\/ewod.ut.ee\/et\/wp-json\/wp\/v2\/pages\/9001\/revisions\/9002"}],"up":[{"embeddable":true,"href":"https:\/\/ewod.ut.ee\/et\/wp-json\/wp\/v2\/pages\/6503"}],"wp:attachment":[{"href":"https:\/\/ewod.ut.ee\/et\/wp-json\/wp\/v2\/media?parent=9001"}],"curies":[{"name":"wp","href":"https:\/\/api.w.org\/{rel}","templated":true}]}}