{"id":9004,"date":"2026-05-06T00:46:00","date_gmt":"2026-05-05T21:46:00","guid":{"rendered":"https:\/\/sisu.ut.ee\/ewod\/?page_id=9004"},"modified":"2026-05-06T00:46:17","modified_gmt":"2026-05-05T21:46:17","slug":"reijo-roos","status":"publish","type":"page","link":"https:\/\/ewod.ut.ee\/et\/r\/reijo-roos\/","title":{"rendered":"Reijo Roos"},"content":{"rendered":"<p>Reijo Roos (s\u00fcnd. 6. III 2003) on eesti-soome luuletaja, kirjanik ja kultuurikorraldaja.<\/p>\n\n\n\n<p>Roosi m\u00f5lemad vanemad tegelevad keele ja kirjandusega: soomlasest isa t\u00f5lgib ja eestlasest ema on toimetaja. Keskkooli\u00f5pilasena (ta \u00f5ppis Tallinna 32. Keskkoolis) koostas Reijo Roos 2020. aastal kakskeelse luuleantoloogia \u201eSinisild\/Sinisilta\u201c. 2021. aastal rajas Roos \u00fchenduse Kirjanike Liidu Noored ning algatas selle \u00fchenduse iga-aastase almanahhi \u201eGrafomaania\u201c. Roos on \u00f5ppinud Tallinna \u00dclikoolis humanitaarteadusi, keskendudes ajaloo ja kultuuri valdkondadele, ning on t\u00e4iendanud ennast Helsingi \u00dclikoolis. Reijo Roos on alates 2023. aastast Eesti Kirjanike Liidu liige.<\/p>\n\n\n\n<p>Reijo Roos kirjutab nii eesti kui ka soome keeles. Roosi deb\u00fc\u00fctluulekogu \u201ekured kotkad kajakad\u201c kajastab noore inimese eneseotsinguid. L\u00fc\u00fcriline autor loob oma olemust l\u00e4bi aja ja (linna)ruumi, looduse, armastuse, sisemaailma, inimeste ja (rahvus)identiteedik\u00fcsimuse. 2023. aastal ilmus Roosi teine raamat \u201eTere kas tohib \/ tere kas v\u00f5is\u00f5\u201c. See on kolmkeelne luulekogu, mis h\u00f5lmab v\u00e4rsse eesti, v\u00f5ro ja soome keeles. Roosi loomingut iseloomustavad m\u00e4ngulisus, urbanism ja sotsiaalne tundlikkus. Tema stiili kirjeldatakse kui v\u00e4rsket, kohati iroonilist ja vormi poolest julget.<\/p>\n\n\n\n<p>Roos tegutseb aktiivselt kriitikuna. Ta kirjutab arvustusi ajakirjadele Looming ja V\u00e4rske R\u00f5hk.<\/p>\n\n\n\n<p><em>L. P.<\/em><\/p>\n\n\n\n<h4 class=\"wp-block-heading\"><br>Raamatud eesti keeles<\/h4>\n\n\n\n<p><em><strong>Luule<\/strong><\/em><br><strong>kured kotkad kajakad<\/strong>. Talsingi: N\u00e4o Kirik, 2022. 92 lk.<br><strong>Tere kas tohib=Tere kas v\u00f5is\u00f5<\/strong>. Talsingi: Varrak, 2023. 63 lk.<\/p>\n","protected":false},"excerpt":{"rendered":"<p>Reijo Roos (s\u00fcnd. 6. III 2003) on eesti-soome luuletaja, kirjanik ja kultuurikorraldaja. Roosi m\u00f5lemad vanemad tegelevad keele ja kirjandusega: soomlasest isa t\u00f5lgib ja eestlasest ema on toimetaja. Keskkooli\u00f5pilasena (ta \u00f5ppis Tallinna 32. Keskkoolis) koostas Reijo Roos 2020. aastal kakskeelse luuleantoloogia &#8230;<\/p>\n","protected":false},"author":43,"featured_media":0,"parent":6503,"menu_order":0,"comment_status":"closed","ping_status":"closed","template":"","meta":{"_acf_changed":false,"inline_featured_image":false,"footnotes":""},"class_list":["post-9004","page","type-page","status-publish","hentry"],"acf":[],"_links":{"self":[{"href":"https:\/\/ewod.ut.ee\/et\/wp-json\/wp\/v2\/pages\/9004","targetHints":{"allow":["GET"]}}],"collection":[{"href":"https:\/\/ewod.ut.ee\/et\/wp-json\/wp\/v2\/pages"}],"about":[{"href":"https:\/\/ewod.ut.ee\/et\/wp-json\/wp\/v2\/types\/page"}],"author":[{"embeddable":true,"href":"https:\/\/ewod.ut.ee\/et\/wp-json\/wp\/v2\/users\/43"}],"replies":[{"embeddable":true,"href":"https:\/\/ewod.ut.ee\/et\/wp-json\/wp\/v2\/comments?post=9004"}],"version-history":[{"count":1,"href":"https:\/\/ewod.ut.ee\/et\/wp-json\/wp\/v2\/pages\/9004\/revisions"}],"predecessor-version":[{"id":9005,"href":"https:\/\/ewod.ut.ee\/et\/wp-json\/wp\/v2\/pages\/9004\/revisions\/9005"}],"up":[{"embeddable":true,"href":"https:\/\/ewod.ut.ee\/et\/wp-json\/wp\/v2\/pages\/6503"}],"wp:attachment":[{"href":"https:\/\/ewod.ut.ee\/et\/wp-json\/wp\/v2\/media?parent=9004"}],"curies":[{"name":"wp","href":"https:\/\/api.w.org\/{rel}","templated":true}]}}