{"id":9007,"date":"2026-05-06T00:55:28","date_gmt":"2026-05-05T21:55:28","guid":{"rendered":"https:\/\/sisu.ut.ee\/ewod\/?page_id=9007"},"modified":"2026-05-06T00:55:51","modified_gmt":"2026-05-05T21:55:51","slug":"tiia-selli","status":"publish","type":"page","link":"https:\/\/ewod.ut.ee\/et\/s\/tiia-selli\/","title":{"rendered":"Tiia Selli"},"content":{"rendered":"<p>Tiia Selli (s\u00fcnd. 26. XII 1959) on lastekirjanik ja n\u00e4itekirjanik.<\/p>\n\n\n\n<p>Selli on s\u00fcndinud Rakveres ja l\u00f5petanud 1978. aastal Rakvere G\u00fcmnaasiumi. Ta on \u00f5ppinud loovkirjutamist Tallinnas asunud erakoolis Drakadeemia. Tiia Selli on alates 2025. aastast Eesti Kirjanike Liidu liige.<\/p>\n\n\n\n<p>Ta on kirjutanud nii lasteraamatuid kui ka n\u00e4idendeid. Selli deb\u00fcteeris 2008. aastal raamatuga \u201eNeletriin ja Kapi-Kaarup\u201d. Ta on avaldanud kokku \u00fcheksa lasteraamatut. 2018. aastal p\u00e4lvis tema teos \u201eR\u00f5\u00f5mus Miia\u201d J\u0101nis Baltvilksi lastekirjanduse auhinna. Tema t\u00e4iskasvanutele m\u00f5eldud n\u00e4idendid on leidnud \u00e4ram\u00e4rkimist Eesti N\u00e4item\u00e4nguagentuuri n\u00e4idendiv\u00f5istlusel.<\/p>\n\n\n\n<p>Tiia Selli teosed on sageli fantaasiarikkad, kuid samas tihedalt seotud argieluga ja inimsuhetega. N\u00e4iteks raamatus \u201eNeletriin ja Kapi-Kaarup\u201c leiab peategelane oma kapist erilise olendi. Paljudes tema lasteraamatutes leidub tavalise elu keskel maagilisi v\u00f5i ise\u00e4ralikke elemente. Dialoogide rohkus muudab tema tekstid d\u00fcnaamiliseks ja kergesti loetavaks.<\/p>\n\n\n\n<p>Selli lasteraamatuid on t\u00f5lgitud l\u00e4ti, vene ja v\u00f5ru keelde.<\/p>\n\n\n\n<p><em>L. P.<\/em><\/p>\n\n\n\n<h4 class=\"wp-block-heading\"><br>Raamatud eesti keeles<\/h4>\n\n\n\n<p><strong><em>Lasteraamatud<\/em><br>Neletriin ja Kapi-Kaarup<\/strong>. Tallinn: T\u00e4nap\u00e4ev, 2008. 173 lk.<br><strong>Kass Kriibik<\/strong>. Tallinn: T\u00e4nap\u00e4ev, 2009. 178 lk.<br><strong>Kuningas Lambapea ja Piripoti kuningriik<\/strong>. Tallinn: T\u00e4nap\u00e4ev, 2011. 158 lk.<br><strong>R\u00f5\u00f5mus Miia<\/strong>. Tabasalu: Dolce Press, 2012. 35 lk.<br><strong>Pelle parim p\u00e4ev<\/strong>. Tallinn: Minimal House, 2017. 43 lk.<br><strong>V\u00e4ike piss<\/strong>. Tallinn: Minimal House, 2018. 35 lk.<br><strong>H\u00e4rra politseinik Jasper ja k\u00f5rvits Kusti<\/strong>. Tallinn: Eesti Raamat, 2021. 183 lk.<br><strong>Mirtm\u00e4rt Loomap\u00e4\u00e4stekamp<\/strong>. Tallinn: Varrak, 2022. 151 lk.<br>Tiia Selli, Kersti Selli, <strong>J\u00e4nesse h\u00e4ll\u00fcp\u00e4\u00e4v\u00e4kuuk<\/strong>. V\u00f5ro kiilde pandnu Mariko Faster. V\u00f5ru: V\u00f5ro Instituut, 2024. 31 lk.<\/p>\n","protected":false},"excerpt":{"rendered":"<p>Tiia Selli (s\u00fcnd. 26. XII 1959) on lastekirjanik ja n\u00e4itekirjanik. Selli on s\u00fcndinud Rakveres ja l\u00f5petanud 1978. aastal Rakvere G\u00fcmnaasiumi. Ta on \u00f5ppinud loovkirjutamist Tallinnas asunud erakoolis Drakadeemia. Tiia Selli on alates 2025. aastast Eesti Kirjanike Liidu liige. Ta on &#8230;<\/p>\n","protected":false},"author":43,"featured_media":0,"parent":6505,"menu_order":0,"comment_status":"closed","ping_status":"closed","template":"","meta":{"_acf_changed":false,"inline_featured_image":false,"footnotes":""},"class_list":["post-9007","page","type-page","status-publish","hentry"],"acf":[],"_links":{"self":[{"href":"https:\/\/ewod.ut.ee\/et\/wp-json\/wp\/v2\/pages\/9007","targetHints":{"allow":["GET"]}}],"collection":[{"href":"https:\/\/ewod.ut.ee\/et\/wp-json\/wp\/v2\/pages"}],"about":[{"href":"https:\/\/ewod.ut.ee\/et\/wp-json\/wp\/v2\/types\/page"}],"author":[{"embeddable":true,"href":"https:\/\/ewod.ut.ee\/et\/wp-json\/wp\/v2\/users\/43"}],"replies":[{"embeddable":true,"href":"https:\/\/ewod.ut.ee\/et\/wp-json\/wp\/v2\/comments?post=9007"}],"version-history":[{"count":1,"href":"https:\/\/ewod.ut.ee\/et\/wp-json\/wp\/v2\/pages\/9007\/revisions"}],"predecessor-version":[{"id":9008,"href":"https:\/\/ewod.ut.ee\/et\/wp-json\/wp\/v2\/pages\/9007\/revisions\/9008"}],"up":[{"embeddable":true,"href":"https:\/\/ewod.ut.ee\/et\/wp-json\/wp\/v2\/pages\/6505"}],"wp:attachment":[{"href":"https:\/\/ewod.ut.ee\/et\/wp-json\/wp\/v2\/media?parent=9007"}],"curies":[{"name":"wp","href":"https:\/\/api.w.org\/{rel}","templated":true}]}}