{"id":9022,"date":"2026-05-06T15:02:19","date_gmt":"2026-05-06T12:02:19","guid":{"rendered":"https:\/\/sisu.ut.ee\/ewod\/?page_id=9022"},"modified":"2026-05-06T15:02:31","modified_gmt":"2026-05-06T12:02:31","slug":"aliis-aalmann","status":"publish","type":"page","link":"https:\/\/ewod.ut.ee\/et\/a\/aliis-aalmann\/","title":{"rendered":"Aliis Aalmann"},"content":{"rendered":"<p>Aliis Aalmann (s. 16.12.1995) on luuletaja ja novellist.<\/p>\n\n\n\n<p>Aalmann on Tartu \u00dclikoolis \u00f5ppinud eesti ja soome-ugri keeleteadust, kaitstes magistrit\u00f6\u00f6 teemal \u201eNaissoost isikuga seotud v\u00e4rvis\u00f5nad \u201eEesti rahvalaulude antoloogias\u201c I\u2013IV\u201c (2020). T\u00f6\u00f6tab V\u00f5rus \u00f5petajana. Tegeleb maalimisega. Eesti Kirjanike Liidu liige. Kirjanikupalga saaja 2026-2028.<\/p>\n\n\n\n<p>Betti Alveri kirjandusauhinna (2021) p\u00e4lvinud deb\u00fc\u00fctluulekogus \u201eVerihaljas\u201c (2021) p\u00f5imub kaasaegne elutunnetus p\u00e4rimusliku ja m\u00fctoloogilisega. Loodusm\u00fcstika, s\u00fcmbolv\u00e4\u00e4rtusega looduselemendid ja olendid seonduvad isikliku tunde- ja otsingumaailmaga. Luules kasutab muuhulgas l\u00f5unaeesti keelt ja regiv\u00e4rssi. <a href=\"https:\/\/ewod.ut.ee\/et\/s\/gustav-suits\/\" data-type=\"page\" data-id=\"8732\">Gustav Suitsu<\/a> luulepreemia (2024) p\u00e4lvinud kogus \u201eV\u00e4e v\u00f5im\u201c (2023) on dominandiks naiskogemuse k\u00e4sitlus l\u00e4bi n\u00f5idade ja n\u00f5iaprotsesside, v\u00e4e ja v\u00f5imu d\u00fcnaamika. Luulekogu \u201eP\u00e4\u00e4sulinn\u201c (2025) keskmes on loodus- ja keskkonnahoiutemaatika, vastanduvad kaasaegne turumajanduslik \u00fchiskond ja \u00fcrgne soome-ugrilik maailman\u00e4gemine. 2025. aastal v\u00f5itis kormoranidele keskenduva luulets\u00fckliga \u201eSoodsas seisundis\u201c Linnuj\u00e4mmi luulekonkursi.<\/p>\n\n\n\n<p>Aalmann on novelle avaldanud ajakirjanduses, kogumikes \u201eArmastus p\u00e4rast ja teisi lugusid\u201c (2021) ning \u201eEesti novell\u201c (2024, 2025). Novelli \u201eMina ei k\u00e4inud siis veel koolis\u201d\u00a0eest on p\u00e4lvinud 2024 ajakirja Looming auhinna ja <a href=\"https:\/\/ewod.ut.ee\/et\/t\/friedebert-tuglas\/\" data-type=\"page\" data-id=\"6932\">Friedebert Tuglase<\/a> novelliauhinna. T\u00e4nap\u00e4eva noorte naiste ja t\u00fcdrukute maailma avab ringm\u00e4ngule viitava pealkirjaga autorikogu \u201eKes aias\u201c (2025), mis j\u00f5uab perifeersetele aladele nii ruumilises kui tunnetuslikus m\u00f5ttes. \u00dche olulise l\u00f5imena joonistub juttudes v\u00e4lja vanaema arhet\u00fc\u00fcpne kuju. Autorile iseloomulikult p\u00f5imub realistlik m\u00fc\u00fctilis-m\u00fcstilisega.<\/p>\n\n\n\n<p><em>A. K.<\/em><\/p>\n\n\n\n<h4 class=\"wp-block-heading\"><br>Raamatud eesti keeles<\/h4>\n\n\n\n<p><strong><em>Luulekogud<\/em><\/strong><br><strong>Verihaljas<\/strong>. Tallinn: Kultuurileht, 2021, 90 lk<br><strong>V\u00e4e v\u00f5im<\/strong>. Tallinn: Tuum, 2023, 91 lk<br><strong>P\u00e4\u00e4sulinn<\/strong>. Loomingu Raamatukogu 29. Tallinn: SA Kultuurileht, 2025, 54 lk<\/p>\n\n\n\n<p><strong><em>L\u00fchiproosa<\/em><\/strong><br><strong>Kes aias<\/strong>. Tallinn: Hunt, 2025, 214 lk<\/p>\n","protected":false},"excerpt":{"rendered":"<p>Aliis Aalmann (s. 16.12.1995) on luuletaja ja novellist. Aalmann on Tartu \u00dclikoolis \u00f5ppinud eesti ja soome-ugri keeleteadust, kaitstes magistrit\u00f6\u00f6 teemal \u201eNaissoost isikuga seotud v\u00e4rvis\u00f5nad \u201eEesti rahvalaulude antoloogias\u201c I\u2013IV\u201c (2020). T\u00f6\u00f6tab V\u00f5rus \u00f5petajana. Tegeleb maalimisega. Eesti Kirjanike Liidu liige. Kirjanikupalga saaja &#8230;<\/p>\n","protected":false},"author":43,"featured_media":0,"parent":6457,"menu_order":0,"comment_status":"closed","ping_status":"closed","template":"","meta":{"_acf_changed":false,"inline_featured_image":false,"footnotes":""},"class_list":["post-9022","page","type-page","status-publish","hentry"],"acf":[],"_links":{"self":[{"href":"https:\/\/ewod.ut.ee\/et\/wp-json\/wp\/v2\/pages\/9022","targetHints":{"allow":["GET"]}}],"collection":[{"href":"https:\/\/ewod.ut.ee\/et\/wp-json\/wp\/v2\/pages"}],"about":[{"href":"https:\/\/ewod.ut.ee\/et\/wp-json\/wp\/v2\/types\/page"}],"author":[{"embeddable":true,"href":"https:\/\/ewod.ut.ee\/et\/wp-json\/wp\/v2\/users\/43"}],"replies":[{"embeddable":true,"href":"https:\/\/ewod.ut.ee\/et\/wp-json\/wp\/v2\/comments?post=9022"}],"version-history":[{"count":1,"href":"https:\/\/ewod.ut.ee\/et\/wp-json\/wp\/v2\/pages\/9022\/revisions"}],"predecessor-version":[{"id":9023,"href":"https:\/\/ewod.ut.ee\/et\/wp-json\/wp\/v2\/pages\/9022\/revisions\/9023"}],"up":[{"embeddable":true,"href":"https:\/\/ewod.ut.ee\/et\/wp-json\/wp\/v2\/pages\/6457"}],"wp:attachment":[{"href":"https:\/\/ewod.ut.ee\/et\/wp-json\/wp\/v2\/media?parent=9022"}],"curies":[{"name":"wp","href":"https:\/\/api.w.org\/{rel}","templated":true}]}}