{"id":9025,"date":"2026-05-06T15:21:09","date_gmt":"2026-05-06T12:21:09","guid":{"rendered":"https:\/\/sisu.ut.ee\/ewod\/?page_id=9025"},"modified":"2026-05-06T15:21:48","modified_gmt":"2026-05-06T12:21:48","slug":"helle-laas","status":"publish","type":"page","link":"https:\/\/ewod.ut.ee\/et\/l\/helle-laas\/","title":{"rendered":"Helle Laas"},"content":{"rendered":"<p>Helle Laas (s. 5. XI 1941) on lastekirjanik, nukun\u00e4itleja ja lavastaja.<\/p>\n\n\n\n<p>Laas s\u00fcndis Tallinnas, \u00f5ppis Kingissepas (endine ja praegune Kuressaare) ja Tallinnas. Ta on t\u00f6\u00f6tanud Eesti T\u00f6\u00f6stusprojektis ja t\u00f6\u00f6stusettev\u00f5ttes Norma. Teatriga alustas Laas Pinna-nimelises Rahvateatris, aastatel 1962-1965 \u00f5ppis Nukuteatri \u00f5ppestuudios. Aastatel 1965-1968 t\u00f6\u00f6tas Viljandi Ugalas, 1968-1982 ENSV Nukuteatris, 1982-1986 oli nukurahvateatri K\u00e4pik pean\u00e4itejuht. Alates 1986. aastast oli taas Nukuteatris (praeguses Eesti Noorsooteatris). Eesti Teatriliidu ja N\u00e4itlejate Liidu liige (alates 2011 auliige), UNIMA (Rahvusvahelise Nukuteatrite Liidu) Eesti Keskuse auliige. P\u00e4lvinud Eesti N\u00e4itlejate Liidu auraha (2012), Valget\u00e4he IV klassi teenetem\u00e4rgi (2013), \u201eLastega ja lastele\u201c elut\u00f6\u00f6preemia (2016) ja Tallinna teeneka kultuuritegelase preemia (2024).<\/p>\n\n\n\n<p>Kirjandusliku deb\u00fc\u00fcdi tegi 1976. aastal ajakirjas\u00a0T\u00e4heke jutustusega \u201e\u00c4mbliku pesup\u00e4ev\u201c. 1980. aastal ilmus esimene lastejutukogu \u201eUnistame \u00fcmber\u201c. T\u00e4iskasvanute ja laste maailma k\u00e4sitleb m\u00f5istuk\u00f5neliselt \u201eKes on narr?\u201c (1981). V\u00e4ikese t\u00fcdruku silme l\u00e4bi avastatakse maailma kogus \u201ePiia m\u00e4ngib\u201c (1990), kogus \u201eKodud\u201c (2016) avastab erinevate olendite kodupaiku varblasepoiss. Laasi loomingus on olulisel kohal loodusl\u00e4hedus ja erinevad loomad-linnud; ta paistab silma soojuse, m\u00e4ngulisuse ja fantaasiarikkusega. Kirjanduslik looming on tihedalt seotud teatritegevusega, olles peaasjalikult suunatud koolieelikutele ja v\u00e4ikelastele.<\/p>\n\n\n\n<p>Laas on kirjutanud ja lavastanud nukun\u00e4idendeid, n\u00e4iteks on valminud terve sari soome-ugri muinasjuttudel p\u00f5hinevaid n\u00e4idendeid, n\u00e4iteks \u201eVepsa muinasjutud\u201c, \u201eSetu muinasjutud\u201c, \u201eSaami muinasjutud\u201c, \u201eMine p\u00f5rgusse!\u201c, \u201eKomi muinasjutud\u201c.<\/p>\n\n\n\n<p>Laasi autobiograafilise taustaga jutustus \u201eAjarefr\u00e4\u00e4n\u201c (1990) avab s\u00f5jaj\u00e4rgseid aastaid Saaremaal l\u00e4bi lapse silmade.<\/p>\n\n\n\n<p>Helle Laasi ja Kaja Kanni vestlustest s\u00fcndis tema eluk\u00e4iku ja tegemisi k\u00e4sitlev oman\u00e4oline elulooraamat \u201eNukukas Helle Laas\u201c (2021), milles p\u00f5imuvad faktid ja fiktsioon.<\/p>\n\n\n\n<p><em>A. K.<\/em><\/p>\n\n\n\n<h4 class=\"wp-block-heading\"><br>Raamatud eesti keeles<\/h4>\n\n\n\n<p><strong><em>L\u00fchiproosa<\/em><\/strong><br><strong>Ajarefr\u00e4\u00e4n<\/strong>. Tallinn: Eesti Raamat, 1990, 75 lk<br><strong>Pidipudi targutused<\/strong>. Tallinn: H. Laas, 2016, 79 lk [Aforismid, m\u00f5tisklused]<\/p>\n\n\n\n<p><strong><em>Lastekirjandus<\/em><\/strong><br><strong>Unistame \u00fcmber<\/strong>. Tallinn: Eesti Raamat, 1980, 48 lk<br><strong>Kes on narr?<\/strong>. Tallinn: Eesti Raamat, 1981, 40 lk<br><strong>V\u00e4ikeste lindude laul<\/strong>. Tallinn: Eesti Raamat, 1983, 48 lk<br><strong>Oi, vabandage! Lepatriinu!<\/strong>. Tallinn: Eesti Raamat, 1986, 28 lk<br><strong>Nad olid. Meie oleme. Nemad tulevad<\/strong>. Tallinn: Eesti Raamat, 1989, 46 lk<br><strong>Piia m\u00e4ngib<\/strong>. Tallinn: Eesti Raamat, 1990, 46 lk<br><strong>\u00c4mbliku pesup\u00e4ev<\/strong>. Tallinn: TEA Kirjastus, 2007, 67 lk<br><strong>Emma ema, Emma emme<\/strong>. Tallinn: TEA Kirjastus, 2009, 60 lk<br><strong>Hanel oli auto<\/strong>. Tallinn: TEA Kirjastus, 2014, 20 lk<br><strong>Kodud<\/strong>. Tallinn: Pegasus, 2016, 31 lk<\/p>\n\n\n\n<p><strong><em>M\u00e4lestused<\/em><\/strong><br>Kaja Kann, Helle Laas, <strong>Nukukas Helle Laas<\/strong>. Tallinn: Kultuurileht, 2021, 142 lk<\/p>\n","protected":false},"excerpt":{"rendered":"<p>Helle Laas (s. 5. XI 1941) on lastekirjanik, nukun\u00e4itleja ja lavastaja. Laas s\u00fcndis Tallinnas, \u00f5ppis Kingissepas (endine ja praegune Kuressaare) ja Tallinnas. Ta on t\u00f6\u00f6tanud Eesti T\u00f6\u00f6stusprojektis ja t\u00f6\u00f6stusettev\u00f5ttes Norma. Teatriga alustas Laas Pinna-nimelises Rahvateatris, aastatel 1962-1965 \u00f5ppis Nukuteatri \u00f5ppestuudios. &#8230;<\/p>\n","protected":false},"author":43,"featured_media":0,"parent":6486,"menu_order":0,"comment_status":"closed","ping_status":"closed","template":"","meta":{"_acf_changed":false,"inline_featured_image":false,"footnotes":""},"class_list":["post-9025","page","type-page","status-publish","hentry"],"acf":[],"_links":{"self":[{"href":"https:\/\/ewod.ut.ee\/et\/wp-json\/wp\/v2\/pages\/9025","targetHints":{"allow":["GET"]}}],"collection":[{"href":"https:\/\/ewod.ut.ee\/et\/wp-json\/wp\/v2\/pages"}],"about":[{"href":"https:\/\/ewod.ut.ee\/et\/wp-json\/wp\/v2\/types\/page"}],"author":[{"embeddable":true,"href":"https:\/\/ewod.ut.ee\/et\/wp-json\/wp\/v2\/users\/43"}],"replies":[{"embeddable":true,"href":"https:\/\/ewod.ut.ee\/et\/wp-json\/wp\/v2\/comments?post=9025"}],"version-history":[{"count":1,"href":"https:\/\/ewod.ut.ee\/et\/wp-json\/wp\/v2\/pages\/9025\/revisions"}],"predecessor-version":[{"id":9026,"href":"https:\/\/ewod.ut.ee\/et\/wp-json\/wp\/v2\/pages\/9025\/revisions\/9026"}],"up":[{"embeddable":true,"href":"https:\/\/ewod.ut.ee\/et\/wp-json\/wp\/v2\/pages\/6486"}],"wp:attachment":[{"href":"https:\/\/ewod.ut.ee\/et\/wp-json\/wp\/v2\/media?parent=9025"}],"curies":[{"name":"wp","href":"https:\/\/api.w.org\/{rel}","templated":true}]}}