{"id":9028,"date":"2026-05-06T15:37:27","date_gmt":"2026-05-06T12:37:27","guid":{"rendered":"https:\/\/sisu.ut.ee\/ewod\/?page_id=9028"},"modified":"2026-05-06T15:38:14","modified_gmt":"2026-05-06T12:38:14","slug":"julius-oengo","status":"publish","type":"page","link":"https:\/\/ewod.ut.ee\/et\/o\/julius-oengo\/","title":{"rendered":"Julius Oengo"},"content":{"rendered":"<p>Julius Robert Oengo (1936. a-st kodanikunimi \u00d5ngo, ps J. Oro; 16.\/3. III 1901 \u2013 25. (?) VIII 1941) oli lastekirjanik, luuletaja ja \u00f5petaja.<\/p>\n\n\n\n<p>Oengo s\u00fcndis Hiiumaal, \u00f5ppis Haapsalus ja Tallinnas, 1920. aastal tegi \u00f5petaja kutseeksami. Ta on \u00f5ppinud kunstikoolis Pallas. T\u00f6\u00f6tas mitmel pool \u00f5petajana. 1926. aastal asus p\u00fcsivamalt elama Vasalemma. Toimetanud lasteajakirja Laste R\u00f5\u00f5m. Eesti Kirjanikkude Liidu liige alates 1927. Punaarmee arreteeris Oengo 23. augustil 1941 ja tema edasine saatus on teadmata. T\u00f5en\u00e4oliselt ta hukati Paldiskis. Teda m\u00e4lestab kenotaaf Harjumaal asuva Valgma talu kalmistul. Oengo oli t\u00f5lkija ja toimetaja Lembe Hiedeli (1926-2004) isa. Aastast 1999 antakse v\u00e4lja J. Oro nimelist lastekirjanduse preemiat.<\/p>\n\n\n\n<p>Eesti kirjanduslukku on Oengo end eelk\u00f5ige j\u00e4\u00e4dvustanud lastekirjanikuna. 1921. aastal ilmusid Laste R\u00f5\u00f5mu J\u00f5ulualbumis esimesed lasteluuletused \u201eJ\u00e4nesepoeg\u201c ja \u201eJ\u00f5uluteel\u201c (hiljem tuntud ka kui \u201eTiliseb-tiliseb aisakell\u201c, mis Leo Virkhausi (1910-1984) viisistatuna on saanud \u00fcldtuntuks). Luulele omane musikaalsus, mitmed teisedki luuletused on viisistatud ja klassikaks saanud, n\u00e4iteks \u201e\u00dcle lume lagedale\u201c, \u201eJ\u00f5ulutaadi ootel\u201c, \u201eMinu valge hani,\u201c \u201eEideratas\u201c, \u201eKivikasukas\u201c jt. \u00a0Oengo avaldas luuletusi ja jutte nii ajakirjanduses kui eraldi raamatutena, n\u00e4iteks \u201eIlli ja Pisit\u00e4ts\u201c (1924), \u201eJ\u00f5ulu ootel\u201c (1925), \u201eT\u00e4itsamehed\u201c (1925), \u201eV\u00e4ikese J\u00e4ssi imelik \u00f5hus\u00f5it\u201c (1925), \u201eJahimees Juss\u201c (1937), \u201eKarjapoiss Juks\u201c (1938), \u201eKuidas elas K\u00e4rdi-Kusti\u201c (1938), \u201eKingitus emale\u201c (1938). Legendaarseks on saanud v\u00e4ikelastele m\u00f5eldud jutustus \u201eMuna\u201c (1938), mida on korduvalt v\u00e4lja antud ja t\u00f5lgitud mitmesse keelde. Lastele kirjutatut iseloomustab visuaalsus ja lihtsus, oskus elada sisse lastemaailma. Kujutab laste t\u00f6id ja tegemisi vahelduvate aastaaegade taustal, loodust ning linde-loomi; tema lugudes on sageli \u00f5petlik aspekt. Lastekirjandusse kuuluvaks on peetud ka pikemat proosateost \u201e\u00dcle Atlandi\u201c (1928), mis keskendub Hiiu meremeestele, tuues \u00fchena esimestest mereelu-olu temaatika eesti kirjandusse.<\/p>\n\n\n\n<p>Oengo esimene t\u00e4iskasvanutele m\u00f5eldud luulekogu \u201e\u00d6\u00f6p\u00e4ev\u201c ilmus 1921. aastal, olles kantud ajastule omastest ekspressionistlikest hoovustest. Hiiumaa ning mere- ja rannatemaatika on olulisel kohal kogus \u201eTahkuna\u201c, mis sisaldab ka ballaadi \u201eSooniku Simmu\u201d. Poeeme-ballaade koondab kogu \u201eAegna\u201c (1929), nimipoeemi ainetel valmis Artur Lemba ooper \u201eArmastus ja surm\u201c (1931).<\/p>\n\n\n\n<p>Autori luuleloomingut koondavad valikkogud \u201eHiir r\u00e4tsepaks\u201c (1967) ja \u201eMinu p\u00e4ev\u201c (2001).<\/p>\n\n\n\n<p><em>A. N.<\/em><\/p>\n\n\n\n<h4 class=\"wp-block-heading\"><br>Raamatud eesti keeles<\/h4>\n\n\n\n<p><em><strong>Luule<\/strong><\/em><br><strong>\u00d6\u00f6p\u00e4ev<\/strong>. Haapsalu: L\u00e4\u00e4ne, 1921, 48 lk<br>Julius Oengo, Ada Oengo-Johanson, <strong>Meie kevad<\/strong>. Tallinn: Kool, 1922, 68 lk<br><strong>Tahkuna<\/strong>. Tallinn: Tallinna Eesti Kirjastus-\u00dchisus, 1926, 64 lk<br><strong>Aegna<\/strong>: poeeme ja ballaade. Tallinn: Tallinna Eesti Kirjastus-\u00dchisus, 1929, 64 lk<br><strong>Minu p\u00e4ev<\/strong>: luuletusi, poeeme, ballaade. Koost. Lembe Hiedel. Tallinn: Eesti Keele Sihtasutus, 2001, 138 lk<\/p>\n\n\n\n<p><em><strong>Proosa<\/strong><\/em><br><strong>\u00dcle Atlandi<\/strong>: jutustus kuunarist, kaheksast mehest ja v\u00e4iksest poisist. Tartu: Noor-Eesti, 1928, 109 lk\u00a0<\/p>\n\n\n\n<p><em><strong>Lasteluule<\/strong><\/em><br><strong>Ristsed Kuke-isanda majas<\/strong>. Tallinn: P\u00e4\u00e4suke, 1925, 14 lk<br><strong>V\u00e4ikese J\u00e4ssi imelik \u00f5hus\u00f5it<\/strong>. Tallinn: P\u00e4\u00e4suke, 1925, 15 lk<br><strong>Hiirepere<\/strong>. Tallinn: P\u00e4\u00e4suke, 1928, 16 lk<br><strong>Ats ja Mall<\/strong>. S.l.: s.n., 1930ndad, 16 lk<br><strong>Lennuk<\/strong>. S.l.: s.n., 1930ndad, 12 lk<br><strong>Loomaaed<\/strong>. S.l.: s.n., 1930ndad, 16 lk<br><strong>Meie aed<\/strong>. S.l.: s.n., 1930ndad, 12 lk<br><strong>Meie talus<\/strong>. S.l.: s.n., 1930ndad, 16 lk<br><strong>Miisi seiklused<\/strong>. S.l.: s.n., 1930ndad, 12 lk<br><strong>Nuku majake<\/strong>. S.l.: s.n., 1930ndad, 12 lk<br><strong>Suvitamas<\/strong>. S.l.: s.n., 1930ndad, 13 lk<br><strong>T\u00f6\u00f6 ja m\u00e4ng<\/strong>. S.l.: s.n., 1930ndad, 16 lk<br><strong>V\u00e4ike karjane<\/strong>. S.l.: s.n., 1930ndad, 10 lk<br><strong>V\u00e4ike kutsikas<\/strong>. S.l.: s.n., 1930ndad, 12 lk<br><strong>V\u00e4ikesed n\u00e4itlejad<\/strong>. S.l.: s.n., 1930ndad, 12 lk<br><strong>\u00d5hupallid<\/strong>. S.l.: s.n., 1930ndad, 12 lk<br><strong>\u00dcllatused k\u00fclas<\/strong>. S.l.: s.n., 1930ndad, 10 lk<br><strong>Kool neegrite maal<\/strong>. Tallinn: P\u00e4\u00e4suke, 1933, 16 lk<br><strong>Jahimees Juss<\/strong>. Tartu: Loodus, 1937, 7 lk<br><strong>Karjapoiss Juks<\/strong>. Tartu, Tallinn: Loodus, 1938, 15 lk<br><strong>Kuidas elas K\u00e4rdi Kusti<\/strong>. Tartu, Tallinn: Loodus, 1938, 15 lk<br><strong>Aastaajad<\/strong>. Tallinn: Eesti Kirjastus, 1942, 19 lk<br><strong>Hiir r\u00e4tsepaks<\/strong>. Koostanud Lembe Hiedel. Tallinn: Eesti Raamat, 1967, 126 lk [j\u00e4rgmised tr\u00fckid: 2022]<br><strong>Laps ja kuu<\/strong>. Tallinn: Avita, 2001, 128 lk<\/p>\n\n\n\n<p><em><strong>Lasteproosa<\/strong><\/em><br><strong>Taeva-k\u00e4\u00e4bus<\/strong>. Tallinn: Kool, 1922, 20 lk<br><strong>Illi ja Pisi-T\u00e4ts<\/strong>: muinasjutt. Tallinn: Tallinna Eesti Kirjastus-\u00dchisus, 1924, 13 lk<br><strong>J\u00f5ulu\u00f5htu<\/strong>. Tallinn: P\u00e4\u00e4suke, 1925, 15 lk<br><strong>Tillu Illi liblikat p\u00fc\u00fcdmas<\/strong>. Tallinn: P\u00e4\u00e4suke, 1925, 15 lk<br><strong>Muna<\/strong>. Tartu: Loodus, 1938, 11 lk [j\u00e4rgmised tr\u00fckid: 1943, 1975, 1976, 1983, 2003, 2015, 2017, 2021, 2024]<br><strong>Kajakad karil<\/strong>. Tallinn: Kuldkiri, 1939, 22 lk<br><strong>Noored \u00f6\u00f6kullid<\/strong>. Tallinn: TEA Kirjastus, 2011, 21 lk<\/p>\n\n\n\n<p><em><strong>Lasten\u00e4idendid<\/strong><\/em><br><strong>Kadunud printsess<\/strong>. Tallinn: T. Mutsu, 1923, 62 lk<br><strong>J\u00f5uluvana kodu<\/strong>: lasten\u00e4idend kahes vaatuses. Tallinn: P\u00e4\u00e4suke, 1924, 16 lk [j\u00e4rgmised tr\u00fckid: 1929]<br><strong>J\u00f5ulu ootel<\/strong>: lasten\u00e4idend kahes vaatuses. Tallinn: P\u00e4\u00e4suke, 1925, 16 lk<br><strong>T\u00e4ismehed<\/strong>: laste karskusn\u00e4idend 3 pildis. Tartu: S\u00f5navara, 1925, 31 lk<br><strong>Tuhkatriinu<\/strong>. Tallinn: P\u00e4\u00e4suke, 1932, 23 lk<br><strong>Kingitus emale<\/strong>. Tallinn: Autorikaitse \u00dching, 1938, 38 lk<\/p>\n","protected":false},"excerpt":{"rendered":"<p>Julius Robert Oengo (1936. a-st kodanikunimi \u00d5ngo, ps J. Oro; 16.\/3. III 1901 \u2013 25. (?) VIII 1941) oli lastekirjanik, luuletaja ja \u00f5petaja. Oengo s\u00fcndis Hiiumaal, \u00f5ppis Haapsalus ja Tallinnas, 1920. aastal tegi \u00f5petaja kutseeksami. Ta on \u00f5ppinud kunstikoolis Pallas. &#8230;<\/p>\n","protected":false},"author":43,"featured_media":0,"parent":6499,"menu_order":0,"comment_status":"closed","ping_status":"closed","template":"","meta":{"_acf_changed":false,"inline_featured_image":false,"footnotes":""},"class_list":["post-9028","page","type-page","status-publish","hentry"],"acf":[],"_links":{"self":[{"href":"https:\/\/ewod.ut.ee\/et\/wp-json\/wp\/v2\/pages\/9028","targetHints":{"allow":["GET"]}}],"collection":[{"href":"https:\/\/ewod.ut.ee\/et\/wp-json\/wp\/v2\/pages"}],"about":[{"href":"https:\/\/ewod.ut.ee\/et\/wp-json\/wp\/v2\/types\/page"}],"author":[{"embeddable":true,"href":"https:\/\/ewod.ut.ee\/et\/wp-json\/wp\/v2\/users\/43"}],"replies":[{"embeddable":true,"href":"https:\/\/ewod.ut.ee\/et\/wp-json\/wp\/v2\/comments?post=9028"}],"version-history":[{"count":1,"href":"https:\/\/ewod.ut.ee\/et\/wp-json\/wp\/v2\/pages\/9028\/revisions"}],"predecessor-version":[{"id":9029,"href":"https:\/\/ewod.ut.ee\/et\/wp-json\/wp\/v2\/pages\/9028\/revisions\/9029"}],"up":[{"embeddable":true,"href":"https:\/\/ewod.ut.ee\/et\/wp-json\/wp\/v2\/pages\/6499"}],"wp:attachment":[{"href":"https:\/\/ewod.ut.ee\/et\/wp-json\/wp\/v2\/media?parent=9028"}],"curies":[{"name":"wp","href":"https:\/\/api.w.org\/{rel}","templated":true}]}}