{"id":9034,"date":"2026-05-06T16:00:43","date_gmt":"2026-05-06T13:00:43","guid":{"rendered":"https:\/\/sisu.ut.ee\/ewod\/?page_id=9034"},"modified":"2026-05-06T16:01:08","modified_gmt":"2026-05-06T13:01:08","slug":"suve-jaan","status":"publish","type":"page","link":"https:\/\/ewod.ut.ee\/et\/s\/suve-jaan\/","title":{"rendered":"Suve Jaan"},"content":{"rendered":"<p>Suve Jaan (kod n Johann Friedrich Sommer, 23.\/12. XII 1777-18.\/6. I 1851) oli baltisaksa jutukirjanik, kes kirjutas eesti keeles.<\/p>\n\n\n\n<p>S\u00fcndis Tallinnas r\u00e4tsepa pojana ja ka \u00f5ppis Tallinnas. Vene s\u00f5jalaeval teenides omandas hea vene keele oskuse. T\u00f6\u00f6tas Rakveres, Viljandis ja P\u00e4rnus vene keele \u00f5petajana. Rakveres oli tema \u00f5pilane mh ka Fr. R. Faehlmann (1798-1850). Suri P\u00e4rnus, maetud sealsele Alevi kalmistule.<\/p>\n\n\n\n<p>Ilukirjandust hakkas Suve Jaan kirjutama P\u00e4rnus pension\u00e4rina. K\u00e4sikirja j\u00e4i jutu- ja luuletuste kogu \u201eW\u00e4lja-\u00d6ied\u201c (1843), mille luuletustest enamik ilmus Berend Gildenmanni \u201eLillekeste\u201c esimeses vihikus (1852). Kirjanduslukku on l\u00e4inud eesk\u00e4tt vene ajaloo teemaliste sentimentaalsete jutustustega. Omalaadse ajaloolise proosa eeltaktina v\u00f5ib v\u00f5tta tema teost \u201eWenne s\u00fcdda ja Wenne hing\u201c (1841), mis k\u00e4sitleb Napoleon Bonaparte\u2019i 1812. aasta s\u00f5jak\u00e4iku Venemaale, teose \u00fcheks s\u00f5lmpunktiks on Moskva piiramise episood. Jutustuse \u201eLuige Laus\u201c (1843) teemaks Vene-Rootsi merelahing Tallinna lahel 1790 ja eestlasest nimitegelase suuremeelsed teod. Suve Jaani jutustused on emotsionaalse tundetooniga ja rahvaliku keelekasutusega, v\u00e4\u00e4rtustab vene riigi ja jumalatruudust, eneseohverdust; teosed on selge moraaliga. Omas ajas aitas Suve Jaan siiski ergutada ka eestlaste eneseteadvust.<\/p>\n\n\n\n<p><em>A. K.<\/em><\/p>\n\n\n\n<h4 class=\"wp-block-heading\"><br>Raamatud eesti keeles<\/h4>\n\n\n\n<p><strong><em>Proosateosed<\/em><\/strong><br><strong>Wenne S\u00fcdda ja Wenne Hing<\/strong>. P\u00e4rnu, 1841, 205 lk [j\u00e4rgmised tr\u00fckid: 1844, 1869, 1898, 1904]<br><strong>Luige Laus<\/strong>. P\u00e4rnu: F. W. Borm, 1843, 74 lk [j\u00e4rgmised tr\u00fckid: 1870, 1911, 1922, 1948, 1955]<\/p>\n","protected":false},"excerpt":{"rendered":"<p>Suve Jaan (kod n Johann Friedrich Sommer, 23.\/12. XII 1777-18.\/6. I 1851) oli baltisaksa jutukirjanik, kes kirjutas eesti keeles. S\u00fcndis Tallinnas r\u00e4tsepa pojana ja ka \u00f5ppis Tallinnas. Vene s\u00f5jalaeval teenides omandas hea vene keele oskuse. T\u00f6\u00f6tas Rakveres, Viljandis ja P\u00e4rnus &#8230;<\/p>\n","protected":false},"author":43,"featured_media":0,"parent":6505,"menu_order":0,"comment_status":"closed","ping_status":"closed","template":"","meta":{"_acf_changed":false,"inline_featured_image":false,"footnotes":""},"class_list":["post-9034","page","type-page","status-publish","hentry"],"acf":[],"_links":{"self":[{"href":"https:\/\/ewod.ut.ee\/et\/wp-json\/wp\/v2\/pages\/9034","targetHints":{"allow":["GET"]}}],"collection":[{"href":"https:\/\/ewod.ut.ee\/et\/wp-json\/wp\/v2\/pages"}],"about":[{"href":"https:\/\/ewod.ut.ee\/et\/wp-json\/wp\/v2\/types\/page"}],"author":[{"embeddable":true,"href":"https:\/\/ewod.ut.ee\/et\/wp-json\/wp\/v2\/users\/43"}],"replies":[{"embeddable":true,"href":"https:\/\/ewod.ut.ee\/et\/wp-json\/wp\/v2\/comments?post=9034"}],"version-history":[{"count":1,"href":"https:\/\/ewod.ut.ee\/et\/wp-json\/wp\/v2\/pages\/9034\/revisions"}],"predecessor-version":[{"id":9035,"href":"https:\/\/ewod.ut.ee\/et\/wp-json\/wp\/v2\/pages\/9034\/revisions\/9035"}],"up":[{"embeddable":true,"href":"https:\/\/ewod.ut.ee\/et\/wp-json\/wp\/v2\/pages\/6505"}],"wp:attachment":[{"href":"https:\/\/ewod.ut.ee\/et\/wp-json\/wp\/v2\/media?parent=9034"}],"curies":[{"name":"wp","href":"https:\/\/api.w.org\/{rel}","templated":true}]}}