{"id":9054,"date":"2024-04-03T23:41:20","date_gmt":"2024-04-03T20:41:20","guid":{"rendered":"https:\/\/sisu.ut.ee\/ewod\/?page_id=9054"},"modified":"2026-05-07T12:28:58","modified_gmt":"2026-05-07T09:28:58","slug":"joel-sang","status":"publish","type":"page","link":"https:\/\/ewod.ut.ee\/et\/s\/joel-sang\/","title":{"rendered":"Joel Sang"},"content":{"rendered":"<p>Joel Sang (s. 15. V 1950) on luuletaja, kriitik, t\u00f5lkija ja toimetaja.<\/p>\n\n\n\n<p>Sang s\u00fcndis P\u00e4rnus eesti luuleklassikute August Sanga ja <a href=\"https:\/\/ewod.ut.ee\/et\/m\/kersti-merilaas\/\" data-type=\"page\" data-id=\"7670\">Kersti Merilaasi<\/a> pojana. Ta \u00f5ppis P\u00e4rnus, Tallinnas ning Tartu Riiklikus \u00dclikoolis matemaatikat ja eesti filoloogiat. Oli samas ka aspirant. Sanga filoloogiakandidaadi v\u00e4itekiri (1980) k\u00e4sitles eitust eesti keeles. On t\u00f6\u00f6tanud \u00f5petajana, Nukuteatris kirjandusala juhatajana ja Keele ja Kirjanduse Instituudis. Sang on olnud toimetaja, nt ajakirjades Looming ja Vikerkaar ning Keel ja Kirjandus, kus oli aastatel 2006-2016 peatoimetaja. Ta oli prestii\u017ese kirjastuse Vagabund (1991-2008) asutaja, juht ning toimetaja. Eesti Kirjanike Liidu liige 1984. aastast.<\/p>\n\n\n\n<p>Sang tegi luuledeb\u00fc\u00fcdi 1960ndate keskel almanahhis \u201eSuleproovid\u201c. Koos Toomas Liivi, <a href=\"https:\/\/ewod.ut.ee\/et\/v\/juhanviiding\/\" data-type=\"page\" data-id=\"6617\">J\u00fcri \u00dcdi<\/a> ja Johnny B. Isotammega osales Sang eesti kirjanduse klassikaks saanud kogus \u201eN\u00e4rvitr\u00fckk\u201c (1971). Koondkogu \u201eOhvitseride maja\u201c (2008) annab \u00fclevaate sisu- kui vormin\u00f5udlikust luulest, kus olulisel kohal on grotesk ja iroonia, keeleleidlikkus ja -m\u00e4ngulisus, s\u00f5nade ja t\u00e4henduste ootamatud seosed, mis iseloomustavad ka tema lasteluulet, vt nt kogu \u201eTulge eile meile!\u201c (2017).<\/p>\n\n\n\n<p>Joel Sang on t\u00f5lkinud soome (Pentti Saarikoski, Jan Blomstedt), vene (Jossif Brodski), itaalia (Umberto Eco), prantsuse (Fran\u00e7ois Villon), inglise (Isaac Bashevis Singer, Harold Pinter, Leszek Ko\u0142akowski, Howard Pyle\u2019i \u201eKuulsa Robin Hoodi lustakad seiklused\u201d) ja rootsi keelest. Ta on kirjutanud laulutekste ning keeleteaduslikke artikleid, kirjanduskriitikat ning publitsistikat, mis ilmunud ka kogumikena, vt nt \u201eM\u00e4ng versus \u00e4ng\u201c (2020). Sang on p\u00e4lvinud Valget\u00e4he IV klassi teenetem\u00e4rgi (2011).<\/p>\n\n\n\n<p><em>A. K.<\/em><\/p>\n\n\n\n<h4 class=\"wp-block-heading\"><br>Raamatud eesti keeles<\/h4>\n\n\n\n<p><strong><em>Luule<\/em><\/strong><br>Toomas Liiv, J\u00fcri \u00dcdi, Johnny B. Isotamm, Joel Sang, <strong>N\u00e4rvitr\u00fckk<\/strong>. Loomingu Raamatukogu 17. Tallinn: Perioodika, 1971, 98 lk. [2. tr\u00fckk: 2023.]<br><strong>Abis\u00f5nad<\/strong>. Loomingu Raamatukogu 1. Tallinn: Perioodika, 1983, 32 lk<br><strong>Vigade parandus<\/strong>. Tallinn: Eesti Raamat, 1988, 78 lk<br><strong>Ohvitseride maja<\/strong>. Tallinn: Vagabund, 2008, 91 lk<\/p>\n\n\n\n<p><strong><em>Lasteraamatud<\/em><\/strong><br><strong>Loomariik<\/strong>: lastelaule alamale ja \u00fclemale astmele. Tallinn: Vagabund, 1991, 46 lk<br><strong>Tulge eile meile!<\/strong>: salme noortele ja vanadele. Tallinn: Eesti Keele Sihtasutus, 2017, 43 lk<\/p>\n\n\n\n<p><strong><em>Monograafiad, artiklid, esseed, arvustused<\/em><\/strong><br><strong>Eitus eesti keeles<\/strong>. Tallinn: Valgus, 1983, 175 lk<br><strong>P\u00e4ripidi vastukarva: kirjat\u00f6id aastatest 1976-1986<\/strong>. Tallinn: Eesti Raamat, 1987, 244 lk<br><strong>Espresso: valik t\u00f6\u00f6h\u00fcpoteese<\/strong>. Tallinn: Eesti Keele Sihtasutus, 2010, 135 lk<br><strong>M\u00e4ng versus \u00e4ng: valik kirjat\u00f6id 2010-2020<\/strong>. Tallinn: EKSA, 2020, 215 lk<\/p>\n","protected":false},"excerpt":{"rendered":"<p>Joel Sang (s. 15. V 1950) on luuletaja, kriitik, t\u00f5lkija ja toimetaja. Sang s\u00fcndis P\u00e4rnus eesti luuleklassikute August Sanga ja Kersti Merilaasi pojana. Ta \u00f5ppis P\u00e4rnus, Tallinnas ning Tartu Riiklikus \u00dclikoolis matemaatikat ja eesti filoloogiat. Oli samas ka aspirant. Sanga &#8230;<\/p>\n","protected":false},"author":43,"featured_media":0,"parent":6505,"menu_order":0,"comment_status":"closed","ping_status":"closed","template":"","meta":{"_acf_changed":false,"inline_featured_image":false,"footnotes":""},"class_list":["post-9054","page","type-page","status-publish","hentry"],"acf":[],"_links":{"self":[{"href":"https:\/\/ewod.ut.ee\/et\/wp-json\/wp\/v2\/pages\/9054","targetHints":{"allow":["GET"]}}],"collection":[{"href":"https:\/\/ewod.ut.ee\/et\/wp-json\/wp\/v2\/pages"}],"about":[{"href":"https:\/\/ewod.ut.ee\/et\/wp-json\/wp\/v2\/types\/page"}],"author":[{"embeddable":true,"href":"https:\/\/ewod.ut.ee\/et\/wp-json\/wp\/v2\/users\/43"}],"replies":[{"embeddable":true,"href":"https:\/\/ewod.ut.ee\/et\/wp-json\/wp\/v2\/comments?post=9054"}],"version-history":[{"count":2,"href":"https:\/\/ewod.ut.ee\/et\/wp-json\/wp\/v2\/pages\/9054\/revisions"}],"predecessor-version":[{"id":9057,"href":"https:\/\/ewod.ut.ee\/et\/wp-json\/wp\/v2\/pages\/9054\/revisions\/9057"}],"up":[{"embeddable":true,"href":"https:\/\/ewod.ut.ee\/et\/wp-json\/wp\/v2\/pages\/6505"}],"wp:attachment":[{"href":"https:\/\/ewod.ut.ee\/et\/wp-json\/wp\/v2\/media?parent=9054"}],"curies":[{"name":"wp","href":"https:\/\/api.w.org\/{rel}","templated":true}]}}