{"id":9069,"date":"2024-04-03T23:39:47","date_gmt":"2024-04-03T20:39:47","guid":{"rendered":"https:\/\/sisu.ut.ee\/ewod\/?page_id=9069"},"modified":"2026-05-07T12:53:06","modified_gmt":"2026-05-07T09:53:06","slug":"rein-sander","status":"publish","type":"page","link":"https:\/\/ewod.ut.ee\/et\/s\/rein-sander\/","title":{"rendered":"Rein Sander"},"content":{"rendered":"<figure class=\"wp-block-image alignright size-large is-resized\"><a href=\"https:\/\/sisu.ut.ee\/wp-content\/uploads\/sites\/108\/r._sander-scaled.jpg\"><img loading=\"lazy\" decoding=\"async\" width=\"823\" height=\"1024\" src=\"https:\/\/sisu.ut.ee\/wp-content\/uploads\/sites\/108\/r._sander-823x1024.jpg\" alt=\"\" class=\"wp-image-6279\" style=\"aspect-ratio:0.8037209484856683;width:248px;height:auto\" srcset=\"https:\/\/sisu.ut.ee\/wp-content\/uploads\/sites\/108\/r._sander-823x1024.jpg 823w, https:\/\/sisu.ut.ee\/wp-content\/uploads\/sites\/108\/r._sander-241x300.jpg 241w, https:\/\/sisu.ut.ee\/wp-content\/uploads\/sites\/108\/r._sander-768x956.jpg 768w, https:\/\/sisu.ut.ee\/wp-content\/uploads\/sites\/108\/r._sander-1234x1536.jpg 1234w, https:\/\/sisu.ut.ee\/wp-content\/uploads\/sites\/108\/r._sander-1645x2048.jpg 1645w, https:\/\/sisu.ut.ee\/wp-content\/uploads\/sites\/108\/r._sander-1920x2390.jpg 1920w\" sizes=\"auto, (max-width: 823px) 100vw, 823px\"><\/a><\/figure>\n\n\n\n<p>Rein Sander (3. XII 1945 \u2013 19. XII 2025) oli luuletaja ja botaanik.<\/p>\n\n\n\n<p>Sander s\u00fcndis kaluri pojana P\u00e4rnumaal Tahkuranna vallas. Ta l\u00f5petas 1964. aastal P\u00e4rnu 1. Keskkooli ning 1972. aastal Tartu Riikliku \u00dclikooli bioloogia osakonna botaanikuna. Aastatel 1972\u201376 oli ta zooloogia ja botaanika instituudi laborant ja vaneminsener, 1977. aastal Lahemaa rahvuspargi vanemteadur, aastatel 1977\u20131985 Elva Metsamajandi Ignase puukooli juhataja, 1985\u20131990 J\u00e4rva-Jaani kolhoosi aednik ja aiandusagronoom ning aastatel 1990\u20131999 Eestimaa Talupidajate Keskliidu koolitusosakonna konsultant. Rein Sander oli alates 1983. aastast Eesti Kirjanike Liidu liige. 2000. aastast alates tegutses ta ettev\u00f5tjana Kubja \u00dcrditalus Karinu k\u00fclas J\u00e4rvamaal, kasvatades ravimtaimi.<\/p>\n\n\n\n<p>Rein Sander avaldas oma esimesed luuletused 1964. aastal ja deb\u00fc\u00fctkogu \u201ePiltkiri\u201c 1976. aastal. Kriitikud on n\u00e4inud Sanderi luules seoseid Jaapani zen-luulega. Eesti kirjanduses v\u00f5ib Sanderi luules m\u00e4rgata sarnasust <a href=\"https:\/\/ewod.ut.ee\/et\/e\/ernst-enno\/\" data-type=\"page\" data-id=\"6792\">Ernst Enno<\/a> loominguga, kellel leidub arvukalt viiteid L\u00e4his- ja Kaug-Ida luulele ning keda m\u00f5jutas Maurice Maeterlinck. Ka j\u00e4rgnenud Sanderi luulekogud j\u00e4tkasid \u00f6koloogilist joont ja \u00fcks kriitik nimetas neid kiitvalt \u201eroheliseks, l\u00f5hnavaks, soojaks ja pehmeks nagu kummeliniit\u201c.<\/p>\n\n\n\n<p>Sander on kirjutanud arvukalt k\u00e4siraamatuid Eesti looduse ja botaanika kohta.<\/p>\n\n\n\n<p>1986. aastal p\u00e4lvis ta Juhan Liivi luuleauhinna.<\/p>\n\n\n\n<p><em>L. P.<\/em><\/p>\n\n\n\n<h4 class=\"wp-block-heading\"><br>Raamatud eesti keeles<\/h4>\n\n\n\n<p><strong><em>Luule<\/em><\/strong><br><strong>Piltkiri<\/strong>. Tallinn: Eesti Raamat, 1976. 76 lk.<br><strong>Kolmikratas<\/strong>. Tallinn: Eesti Raamat, 1978. 80 lk.<br><strong>Igal linnul oma rohi<\/strong>. Tallinn: Eesti Raamat, 1979. 24 lk. [V\u00e4rsid koolieelikutele.]<br><strong>Lemmiknukrus<\/strong>. Tallinn: Eesti Raamat, 1981. 71 lk.<br><strong>Magistraallab\u00fcrint<\/strong>. Tallinn: Eesti Raamat, 1984. 64 lk.<br><strong>Vanakivi. Luulet 1972\u20131984<\/strong>. Tallinn: Eesti Raamat, 1987. 102 lk.<br><strong>M\u00e4tta otsast<\/strong>. Tallinn: Eesti Raamat, 2004. 150 lk.<\/p>\n\n\n\n<p><strong><em>Botaanikaalane aimekirjandus<\/em><\/strong><br>Rein Sander, Arne Sellin, <strong>\u00dclane, sinilill, karukell<\/strong>. Tallinn: Valgus, 1986. 157 lk.<br><strong>Metsast aeda: meie looduslilli<\/strong>. Tallinn: Maalehe Raamat, 2008. 88 lk.<br><strong>Kubja \u00dcrditalu ravimtaimed<\/strong>. Tallinn: Varrak, 2009. 260 lk.<br><strong>101 Eesti puud ja p\u00f5\u00f5sast<\/strong>: metsas, pargis, aias. Tallinn: Varrak, 2011. 222 lk.<br><strong>Koduaia ilupuud ja -p\u00f5\u00f5sad<\/strong>. Tallinn: Varrak, 2014. 287 lk.<br><strong>Kubja \u00dcrditalu teed ja ravimteed<\/strong>. Tallinn: Varrak, 2017. 205 lk.<br>Rein Sander, Kristel Kirss, <strong>Koduaia p\u00f5\u00f5sad<\/strong>. Tallinn: \u00dchinenud Ajakirjad, 2021. 34 lk.<br><strong>V\u00e4ike puu- ja p\u00f5\u00f5saleksikon<\/strong>. Fotod Rein Sander. Tallinn: Varrak, 2025,<br>470 lk.<\/p>\n","protected":false},"excerpt":{"rendered":"<p>Rein Sander (3. XII 1945 \u2013 19. XII 2025) oli luuletaja ja botaanik. Sander s\u00fcndis kaluri pojana P\u00e4rnumaal Tahkuranna vallas. Ta l\u00f5petas 1964. aastal P\u00e4rnu 1. Keskkooli ning 1972. aastal Tartu Riikliku \u00dclikooli bioloogia osakonna botaanikuna. Aastatel 1972\u201376 oli ta &#8230;<\/p>\n","protected":false},"author":43,"featured_media":0,"parent":6505,"menu_order":0,"comment_status":"closed","ping_status":"closed","template":"","meta":{"_acf_changed":false,"inline_featured_image":false,"footnotes":""},"class_list":["post-9069","page","type-page","status-publish","hentry"],"acf":[],"_links":{"self":[{"href":"https:\/\/ewod.ut.ee\/et\/wp-json\/wp\/v2\/pages\/9069","targetHints":{"allow":["GET"]}}],"collection":[{"href":"https:\/\/ewod.ut.ee\/et\/wp-json\/wp\/v2\/pages"}],"about":[{"href":"https:\/\/ewod.ut.ee\/et\/wp-json\/wp\/v2\/types\/page"}],"author":[{"embeddable":true,"href":"https:\/\/ewod.ut.ee\/et\/wp-json\/wp\/v2\/users\/43"}],"replies":[{"embeddable":true,"href":"https:\/\/ewod.ut.ee\/et\/wp-json\/wp\/v2\/comments?post=9069"}],"version-history":[{"count":2,"href":"https:\/\/ewod.ut.ee\/et\/wp-json\/wp\/v2\/pages\/9069\/revisions"}],"predecessor-version":[{"id":9072,"href":"https:\/\/ewod.ut.ee\/et\/wp-json\/wp\/v2\/pages\/9069\/revisions\/9072"}],"up":[{"embeddable":true,"href":"https:\/\/ewod.ut.ee\/et\/wp-json\/wp\/v2\/pages\/6505"}],"wp:attachment":[{"href":"https:\/\/ewod.ut.ee\/et\/wp-json\/wp\/v2\/media?parent=9069"}],"curies":[{"name":"wp","href":"https:\/\/api.w.org\/{rel}","templated":true}]}}