{"id":9080,"date":"2024-04-03T23:40:57","date_gmt":"2024-04-03T20:40:57","guid":{"rendered":"https:\/\/sisu.ut.ee\/ewod\/?page_id=9080"},"modified":"2026-05-07T13:21:16","modified_gmt":"2026-05-07T10:21:16","slug":"mart-sander","status":"publish","type":"page","link":"https:\/\/ewod.ut.ee\/et\/s\/mart-sander\/","title":{"rendered":"Mart Sander"},"content":{"rendered":"<p>Mart Sander (s. 10. VIII 1967) on muusik, lavastaja, kirjanik ja kunstnik.<\/p>\n\n\n\n<p>S\u00fcndis Tallinnas, \u00f5ppinud Tallinna Muusikakeskkoolis, Tallinna Koreograafiakoolis, Georg Otsa nimelises Tallinna Muusikakoolis, Eesti Humanitaarinstituudis, Tallinna Pedagoogika\u00fclikoolis ning Balti Filmi- ja Meediakoolis (magistrikraad telere\u017eiis). Kaitses sealsamas 2024. aastal ka doktorit\u00f6\u00f6 \u201eSoundtrack of life: diegetic score as a synoptical metanarrative\u201d (\u201eElu soundtrack: diegeetiline muusikariba kui s\u00fcnoptiline metanarratiiv\u201d).<\/p>\n\n\n\n<p>Multitalendina on tegutsenud erinevates valdkondades, olles n\u00e4iteks ansambli Modern Fox solist, mitmesuguste telesaadete juht, osalenud nii laulja kui n\u00e4itlejana mitmetes s\u00f5na- ja muusikalavastustes. Lisaks olnud lavastaja, re\u017eiss\u00f6\u00f6r, teatrikunstnik, maalikunstnik ning kirjutanud teatri- ja filmikriitikat, stsenaariume ja romaane.<\/p>\n\n\n\n<p><a><\/a> Nii eesti kui inglise keeles kirjutava Sanderi esimene novellikogu \u201eMercator\u201c ilmus 1994. aastal. Temalt leiab nii fantaasia- ja ulmekirjandust (nt \u201eK\u00f5hedad muinaslood\u201c, 2019) kui ka ajaloolise tagap\u00f5hjaga teoseid, millest tuntuim ja populaarseim on seni kolmeosaline \u201eLitsid\u201c (2015-2019), mis \u00fche k\u00f5rgema klassi n-\u00f6 h\u00e4rraste klubi naisi kesksele kohale seades avab Eesti jaoks p\u00f6\u00f6rdelisi 1940. aastaid. Paistab silma oskusliku jutustajana ning p\u00f5nevate s\u00fc\u017eeek\u00e4\u00e4nakutega. Raamatute p\u00f5hjal valmis ka telesari (esimene hooaeg oli eetris aastal 2018).<\/p>\n\n\n\n<p><em>A. K.<\/em><\/p>\n\n\n\n<h4 class=\"wp-block-heading\"><br>Raamatud eesti keeles<\/h4>\n\n\n\n<p><em><strong>Proosa<\/strong><\/em><br><strong>Mercator<\/strong>: 2 novelli. Tallinn: Underwelt, 1994, 215 lk.<br><strong>Litsid. Naiste s\u00f5da<\/strong>. Esimene raamat. Tallinn: Ajakirjade kirjastus, 2015, 279 lk.[2. tr\u00fckk: 2018.]<br><strong>Litsid. Naiste s\u00f5da<\/strong>. Teine raamat. Tallinn: Paradiis, 2016, 239 lk.<br><strong>Lux graavis, ehk, Raske valgus<\/strong>. Tallinn: Paradiis, 2017, 319 lk. [Ingliskeelse esmav\u00e4ljaande t\u00f5lge, \u00fcmbert\u00f6\u00f6tatud ja t\u00e4iendatud tr\u00fckk.]<br><strong>Litsid. Naiste s\u00f5da<\/strong>. Kolmas raamat. Tallinn: Tallinn: LiteRarity, 2019, 251 lk.<br><strong>K\u00f5hedad muinaslood<\/strong>. Tallinn: LiteRarity, 2019, 294 lk.<br><strong>V\u00e4rvide sosinad<\/strong>: romaan. Tallinn: LiteRarity, 2024. 211 lk.<br><strong>Nimetu kannike<\/strong>. Tallinn: LiteRarity, 2025. 211 lk.<br><strong>Roosiv\u00f5ti<\/strong>: dialoogid von Roseni naistega. Tallinn: LiteRarity, 2025. 101 lk.<\/p>\n\n\n\n<p><em><strong>Laste- ja noortekirjandus<\/strong><\/em><br><strong>J\u00f5ulurahu<\/strong>: t\u00f5estis\u00fcndinud muinaslugu. Tallinn: LiteRarity, 2015, 80 lk.<br><strong>Kaarnakuld<\/strong>: k\u00f5he muinaslugu. Tallinn: LiteRarity, 2022, 345 lk.<\/p>\n\n\n\n<p><em><strong>Publitsistika<\/strong><\/em><br><strong>Lugusid suurtest heliloojatest<\/strong>. Tallinn: Pilgrim, 2013, 112 lk.<\/p>\n","protected":false},"excerpt":{"rendered":"<p>Mart Sander (s. 10. VIII 1967) on muusik, lavastaja, kirjanik ja kunstnik. S\u00fcndis Tallinnas, \u00f5ppinud Tallinna Muusikakeskkoolis, Tallinna Koreograafiakoolis, Georg Otsa nimelises Tallinna Muusikakoolis, Eesti Humanitaarinstituudis, Tallinna Pedagoogika\u00fclikoolis ning Balti Filmi- ja Meediakoolis (magistrikraad telere\u017eiis). Kaitses sealsamas 2024. aastal ka &#8230;<\/p>\n","protected":false},"author":43,"featured_media":0,"parent":6505,"menu_order":0,"comment_status":"closed","ping_status":"closed","template":"","meta":{"_acf_changed":false,"inline_featured_image":false,"footnotes":""},"class_list":["post-9080","page","type-page","status-publish","hentry"],"acf":[],"_links":{"self":[{"href":"https:\/\/ewod.ut.ee\/et\/wp-json\/wp\/v2\/pages\/9080","targetHints":{"allow":["GET"]}}],"collection":[{"href":"https:\/\/ewod.ut.ee\/et\/wp-json\/wp\/v2\/pages"}],"about":[{"href":"https:\/\/ewod.ut.ee\/et\/wp-json\/wp\/v2\/types\/page"}],"author":[{"embeddable":true,"href":"https:\/\/ewod.ut.ee\/et\/wp-json\/wp\/v2\/users\/43"}],"replies":[{"embeddable":true,"href":"https:\/\/ewod.ut.ee\/et\/wp-json\/wp\/v2\/comments?post=9080"}],"version-history":[{"count":2,"href":"https:\/\/ewod.ut.ee\/et\/wp-json\/wp\/v2\/pages\/9080\/revisions"}],"predecessor-version":[{"id":9083,"href":"https:\/\/ewod.ut.ee\/et\/wp-json\/wp\/v2\/pages\/9080\/revisions\/9083"}],"up":[{"embeddable":true,"href":"https:\/\/ewod.ut.ee\/et\/wp-json\/wp\/v2\/pages\/6505"}],"wp:attachment":[{"href":"https:\/\/ewod.ut.ee\/et\/wp-json\/wp\/v2\/media?parent=9080"}],"curies":[{"name":"wp","href":"https:\/\/api.w.org\/{rel}","templated":true}]}}