{"id":9098,"date":"2024-04-03T23:40:35","date_gmt":"2024-04-03T20:40:35","guid":{"rendered":"https:\/\/sisu.ut.ee\/ewod\/?page_id=9098"},"modified":"2026-05-07T14:05:39","modified_gmt":"2026-05-07T11:05:39","slug":"anu-saluaar","status":"publish","type":"page","link":"https:\/\/ewod.ut.ee\/et\/s\/anu-saluaar\/","title":{"rendered":"Anu Salu\u00e4\u00e4r"},"content":{"rendered":"<p>Anu Salu\u00e4\u00e4r (1971. aastani Vaher; 2011. aastast alates Salu\u00e4\u00e4r-Kall; 16. IX 1948) on t\u00f5lkija ja toimetaja.<\/p>\n\n\n\n<p>Salu\u00e4\u00e4r s\u00fcndis ja \u00f5ppis Tallinnas, seej\u00e4rel \u00f5ppis Tartu Riikliku \u00dclikooli ajaloo-keeleteaduskonnas eesti keelt ja kirjandust (1972). T\u00f6\u00f6tanud kirjastuses Eesti Raamat, toimetajana ENSV TA kirjastusosakonnas ja Loomingu Raamatukogus, kus aastatel 2008-2013 oli peatoimetaja. Eesti Kirjanike Liidu liige alates 1992. aastast.<\/p>\n\n\n\n<p>Peamiselt on Salu\u00e4\u00e4r tuntud kui Skandinaavia, eesk\u00e4tt rootsi kirjanduse t\u00f5lkija, kes on kirjutanud ka j\u00e4rels\u00f5nu ning avaldanud artikleid Skandinaavia kirjandusest. K\u00e4sitlusi koondavad kogumikud \u201eP\u00f5hjamaadest ja Eestist: kirjutisi 1987-2008\u201c (2008) ning \u201eL\u00e4hedased rannad: kirjutisi 2008-2018\u201c (2018). Rootsi kirjaniku Vilhelm Mobergi teoste j\u00e4lgedes liigub reisikiri \u201eR\u00e4ndamisest ja v\u00e4ljar\u00e4ndamisest\u201c (2007).<\/p>\n\n\n\n<p>Salu\u00e4\u00e4r on p\u00e4lvinud Skandinaavia kirjanduse eestindamise eest Eesti Kirjanike Liidu aastapreemia (1990) ja t\u00f5lkepreemia (1991), Eesti Kultuurifondi preemia (1997), Valget\u00e4he V klassi teenetem\u00e4rgi (2001), Eesti Kultuurkapitali kirjanduse sihtkapitali aastapreemia Vilhelm Mobergi \u201eSisser\u00e4ndajate\u201c t\u00f5lke eest (2005), Vilhelm Mobergi Seltsi auhinna (2006), Rootsi Kuningliku P\u00f5hjat\u00e4he ordeni esimese klassi (2006), E. W. Ponkala fondi preemia (2008) ja Edvin ja Lembe Hiedeli toimetajauhinna (2017).<\/p>\n\n\n\n<p><em>A. K.<\/em><\/p>\n\n\n\n<h4 class=\"wp-block-heading\"><br>Raamatud eesti keeles<\/h4>\n\n\n\n<p><strong><em>Reisikirjad, m\u00e4lestused, artiklid, j\u00e4rels\u00f5nad<\/em><\/strong><br><strong>R\u00e4ndamisest ja v\u00e4ljar\u00e4ndamisest. Reisikiri<\/strong>. Tallinn: Kultuurileht (Loomingu Raamatukogu), 2007, 93 lk.<br><strong>P\u00f5hjamaadest ja Eestist. Kirjutisi 1987-2008<\/strong>. Tallinn: Eesti Keele Sihtasutus, 2008, 590 lk.<br>Sirje Olesk, Anu Salu\u00e4\u00e4r, <strong>Palat nr. 6. Kaks artiklit \u201cLoomingu Raamatukogu\u201d ajaloost<\/strong>. Tallinn: Kultuurileht (Loomingu Raamatukogu), 2017, 63 lk.<br><strong>L\u00e4hedased rannad. Kirjutisi 2008-2018<\/strong>. Tallinn: Eesti Keele Sihtasutus 2018, 379 lk.<\/p>\n","protected":false},"excerpt":{"rendered":"<p>Anu Salu\u00e4\u00e4r (1971. aastani Vaher; 2011. aastast alates Salu\u00e4\u00e4r-Kall; 16. IX 1948) on t\u00f5lkija ja toimetaja. Salu\u00e4\u00e4r s\u00fcndis ja \u00f5ppis Tallinnas, seej\u00e4rel \u00f5ppis Tartu Riikliku \u00dclikooli ajaloo-keeleteaduskonnas eesti keelt ja kirjandust (1972). T\u00f6\u00f6tanud kirjastuses Eesti Raamat, toimetajana ENSV TA kirjastusosakonnas &#8230;<\/p>\n","protected":false},"author":43,"featured_media":0,"parent":6505,"menu_order":0,"comment_status":"closed","ping_status":"closed","template":"","meta":{"_acf_changed":false,"inline_featured_image":false,"footnotes":""},"class_list":["post-9098","page","type-page","status-publish","hentry"],"acf":[],"_links":{"self":[{"href":"https:\/\/ewod.ut.ee\/et\/wp-json\/wp\/v2\/pages\/9098","targetHints":{"allow":["GET"]}}],"collection":[{"href":"https:\/\/ewod.ut.ee\/et\/wp-json\/wp\/v2\/pages"}],"about":[{"href":"https:\/\/ewod.ut.ee\/et\/wp-json\/wp\/v2\/types\/page"}],"author":[{"embeddable":true,"href":"https:\/\/ewod.ut.ee\/et\/wp-json\/wp\/v2\/users\/43"}],"replies":[{"embeddable":true,"href":"https:\/\/ewod.ut.ee\/et\/wp-json\/wp\/v2\/comments?post=9098"}],"version-history":[{"count":2,"href":"https:\/\/ewod.ut.ee\/et\/wp-json\/wp\/v2\/pages\/9098\/revisions"}],"predecessor-version":[{"id":9100,"href":"https:\/\/ewod.ut.ee\/et\/wp-json\/wp\/v2\/pages\/9098\/revisions\/9100"}],"up":[{"embeddable":true,"href":"https:\/\/ewod.ut.ee\/et\/wp-json\/wp\/v2\/pages\/6505"}],"wp:attachment":[{"href":"https:\/\/ewod.ut.ee\/et\/wp-json\/wp\/v2\/media?parent=9098"}],"curies":[{"name":"wp","href":"https:\/\/api.w.org\/{rel}","templated":true}]}}