{"id":9141,"date":"2024-04-03T23:40:26","date_gmt":"2024-04-03T20:40:26","guid":{"rendered":"https:\/\/sisu.ut.ee\/ewod\/?page_id=9141"},"modified":"2026-05-07T18:57:56","modified_gmt":"2026-05-07T15:57:56","slug":"aija-sakova","status":"publish","type":"page","link":"https:\/\/ewod.ut.ee\/et\/s\/aija-sakova\/","title":{"rendered":"Aija Sakova"},"content":{"rendered":"<figure class=\"wp-block-image alignright size-large\"><a href=\"https:\/\/sisu.ut.ee\/wp-content\/uploads\/sites\/108\/a._sakova_alar_madisson-scaled.jpg\"><img loading=\"lazy\" decoding=\"async\" width=\"1024\" height=\"683\" src=\"https:\/\/sisu.ut.ee\/wp-content\/uploads\/sites\/108\/a._sakova_alar_madisson-1024x683.jpg\" alt=\"\" class=\"wp-image-6250\" title=\"Foto: Alar Madisson\" srcset=\"https:\/\/sisu.ut.ee\/wp-content\/uploads\/sites\/108\/a._sakova_alar_madisson-1024x683.jpg 1024w, https:\/\/sisu.ut.ee\/wp-content\/uploads\/sites\/108\/a._sakova_alar_madisson-300x200.jpg 300w, https:\/\/sisu.ut.ee\/wp-content\/uploads\/sites\/108\/a._sakova_alar_madisson-768x513.jpg 768w, https:\/\/sisu.ut.ee\/wp-content\/uploads\/sites\/108\/a._sakova_alar_madisson-1536x1025.jpg 1536w, https:\/\/sisu.ut.ee\/wp-content\/uploads\/sites\/108\/a._sakova_alar_madisson-2048x1367.jpg 2048w, https:\/\/sisu.ut.ee\/wp-content\/uploads\/sites\/108\/a._sakova_alar_madisson-1920x1281.jpg 1920w\" sizes=\"auto, (max-width: 1024px) 100vw, 1024px\"><\/a><\/figure>\n\n\n\n<p>Aija Sakova (aastatel 2012-2016 Sakova-Merivee; s\u00fcndinud 5. XII 1980) on kirjandusuurija, luuletaja ning prosaist.<\/p>\n\n\n\n<p>Sakova s\u00fcndis ja \u00f5ppis Tallinnas ning Tartu \u00dclikoolis saksa filoloogiat, j\u00e4tkates magistrantuuris ning doktorantuuris. Doktorit\u00f6\u00f6 kannab pealkirja \u201eAusgraben und Erinnern. Denkbilder des Erinnerns und der moralischen Zeugenschaft im Werk von Ene Mihkelson und Christa Wolf\u201c (\u201eV\u00e4ljakaevamine ja m\u00e4letamine. M\u00e4lut\u00f6\u00f6 ja moraalse tunnistamise m\u00f5ttepildid Ene Mihkelsoni ja Christa Wolfi romaanides\u201c, 2014). Lisaks on Sakova \u00f5ppinud Konstanzi, Viini ja Berliini Humboldti \u00dclikoolis. On t\u00f6\u00f6tanud Tartu \u00dclikooli ajalehes Universitas Tartuensis, Tallinna \u00dclikooli Akadeemilises Raamatukogus ning Eesti Kirjandusmuuseumis. 2021. aastast t\u00f6\u00f6tab Tallinna \u00dclikoolis. On Eesti Kirjanduse Seltsi, Eesti Goethe Seltsi, Eesti Raamatukoguhoidjate \u00dchingu, Kirjanike Liidu, German Studies Association\u2019i ja Christa Wolf Gesellschaft\u2019i liige ning Ene Mihkelsoni Seltsi \u00fcks asutajatest ning esinaine.<\/p>\n\n\n\n<p>2000. aastate algusest ajakirjanduses kirjanduskriitikat ja muid artikleid avaldanud Sakova peamised uurimisteemad on seotud Ene Mihkelsoni, Christa Wolfi ning Ingeborg Bachmanni loominguga, keskendudes m\u00e4lule ja m\u00e4letamisele, aga ka valu ja kannatuste m\u00f5testamisele. Valdavalt ajakirjanduses ilmunud artikleid koondavas kogumikus \u201eValu, m\u00e4lu, kirjandus: kirjanduskriitikat ja vestlusi aastatest 2004-2017\u201c (2017) t\u00f5useb l\u00e4bivana esile kirjanduse ja kirjaniku roll ning funktsioon. Kirjandust n\u00e4hakse kui \u00fcht viisi tegeleda minevikuga, minevikutraumade ja (valusate) m\u00e4lestustega.<\/p>\n\n\n\n<p>Ilukirjanduslik \u201eElamise julgus: kirjad K\u00e4bile\u201c (2019) on kirjutatud kirjavormis v\u00e4liseesti pianistile ja kirjanikule K\u00e4bi Lareteile (1922-2014), kellest saab autori m\u00f5tete ja tunnete peegelpind. Raamatu teise osa moodustavad autori artiklid ja ettekanded. Luulekogu \u201eIsa suudlus\u201c (2020) koondab tekste aastatest 2017-2020 ning keskendub samuti peaasjalikult inimese sisemaailma kaardistamisele ja peegeldamisele, tooni annavad l\u00fchikesed, sententslikud tekstid.<\/p>\n\n\n\n<p><em>A. K.<\/em><\/p>\n\n\n\n<p><strong><a href=\"http:\/\/www.aijasakova.com\/\" target=\"_blank\" rel=\"noreferrer noopener\">Koduleht<\/a><\/strong><\/p>\n\n\n\n<h4 class=\"wp-block-heading\"><br>Raamatud eesti keeles<\/h4>\n\n\n\n<p><strong><em>Luule<\/em><\/strong><br><strong>Isa suudlus<\/strong>. Tallinn: HL&amp;TS, 2020, 76 lk.<\/p>\n\n\n\n<p><strong><em>Kirjandusuurimused<\/em><\/strong><br><strong>Valu, m\u00e4lu, kirjandus. Kirjanduskriitikat ja vestlusi aastatest 2004\u20132017<\/strong>. Tallinn: Eesti Keele Sihtasutus, 2017, 255 lk.<br><strong>M\u00e4letamise poeetika: Ene Mihkelsoni ja Christa Wolfi romaanid l\u00e4hivaates<\/strong>. Tartu: Tartu \u00dclikooli Kirjastus, 2020, 171 lk .<\/p>\n\n\n\n<p><strong><em>Publitsistika<\/em><\/strong><br><strong>Elamise julgus: kirjad K\u00e4bile<\/strong>. Tallinn: Eesti Keele Sihtasutus, 2019, 253 lk.<\/p>\n","protected":false},"excerpt":{"rendered":"<p>Aija Sakova (aastatel 2012-2016 Sakova-Merivee; s\u00fcndinud 5. XII 1980) on kirjandusuurija, luuletaja ning prosaist. Sakova s\u00fcndis ja \u00f5ppis Tallinnas ning Tartu \u00dclikoolis saksa filoloogiat, j\u00e4tkates magistrantuuris ning doktorantuuris. Doktorit\u00f6\u00f6 kannab pealkirja \u201eAusgraben und Erinnern. Denkbilder des Erinnerns und der moralischen &#8230;<\/p>\n","protected":false},"author":43,"featured_media":0,"parent":6505,"menu_order":0,"comment_status":"closed","ping_status":"closed","template":"","meta":{"_acf_changed":false,"inline_featured_image":false,"footnotes":""},"class_list":["post-9141","page","type-page","status-publish","hentry"],"acf":[],"_links":{"self":[{"href":"https:\/\/ewod.ut.ee\/et\/wp-json\/wp\/v2\/pages\/9141","targetHints":{"allow":["GET"]}}],"collection":[{"href":"https:\/\/ewod.ut.ee\/et\/wp-json\/wp\/v2\/pages"}],"about":[{"href":"https:\/\/ewod.ut.ee\/et\/wp-json\/wp\/v2\/types\/page"}],"author":[{"embeddable":true,"href":"https:\/\/ewod.ut.ee\/et\/wp-json\/wp\/v2\/users\/43"}],"replies":[{"embeddable":true,"href":"https:\/\/ewod.ut.ee\/et\/wp-json\/wp\/v2\/comments?post=9141"}],"version-history":[{"count":2,"href":"https:\/\/ewod.ut.ee\/et\/wp-json\/wp\/v2\/pages\/9141\/revisions"}],"predecessor-version":[{"id":9144,"href":"https:\/\/ewod.ut.ee\/et\/wp-json\/wp\/v2\/pages\/9141\/revisions\/9144"}],"up":[{"embeddable":true,"href":"https:\/\/ewod.ut.ee\/et\/wp-json\/wp\/v2\/pages\/6505"}],"wp:attachment":[{"href":"https:\/\/ewod.ut.ee\/et\/wp-json\/wp\/v2\/media?parent=9141"}],"curies":[{"name":"wp","href":"https:\/\/api.w.org\/{rel}","templated":true}]}}