{"id":9181,"date":"2024-04-03T23:40:22","date_gmt":"2024-04-03T20:40:22","guid":{"rendered":"https:\/\/sisu.ut.ee\/ewod\/?page_id=9181"},"modified":"2026-05-08T10:42:51","modified_gmt":"2026-05-08T07:42:51","slug":"juhan-saar","status":"publish","type":"page","link":"https:\/\/ewod.ut.ee\/et\/s\/juhan-saar\/","title":{"rendered":"Juhan Saar"},"content":{"rendered":"<figure class=\"wp-block-image alignright size-full is-resized\"><a href=\"https:\/\/sisu.ut.ee\/wp-content\/uploads\/sites\/108\/juhan_saar.jpg\"><img loading=\"lazy\" decoding=\"async\" width=\"608\" height=\"802\" src=\"https:\/\/sisu.ut.ee\/wp-content\/uploads\/sites\/108\/juhan_saar.jpg\" alt=\"\" class=\"wp-image-6115\" style=\"aspect-ratio:0.7581075357102898;width:256px;height:auto\" srcset=\"https:\/\/sisu.ut.ee\/wp-content\/uploads\/sites\/108\/juhan_saar.jpg 608w, https:\/\/sisu.ut.ee\/wp-content\/uploads\/sites\/108\/juhan_saar-227x300.jpg 227w\" sizes=\"auto, (max-width: 608px) 100vw, 608px\"><\/a><\/figure>\n\n\n\n<p>Juhan Saar (22. XII 1929 \u2013 28. VIII 2007) oli luuletaja ning prosaist.<\/p>\n\n\n\n<p>Tema lapsep\u00f5lv ja noorukiiga m\u00f6\u00f6dusid Tartumaal Laeva vallas. P\u00e4rast p\u00f5hihariduse saamist \u00f5ppis ta Tartu Elektromehaanika Tehnikumis ja t\u00f6\u00f6tas 1949\u20131950 Tartu Telefoniv\u00f5rgus. P\u00e4rast ajateenistust s\u00f5jav\u00e4es aastatel 1950\u20131953 alustas t\u00f6\u00f6d ajakirjanikuna lastelehe \u201eS\u00e4de\u201c toimetuses, seej\u00e4rel t\u00f6\u00f6tas raadios ja televisioonis, samuti huumoriajakirjas \u201ePikker\u201c. Oli kultuuriministeeriumi ametnik ja Nukuteatri kirjandusala juhataja. Saare tee kirjandusse kulges l\u00e4bi Noorte Autorite Koondise. 1966. aastal sai temast Eesti Kirjanike Liidu liige. M\u00f5ni aeg hiljem p\u00fchendus ta organisatoorsele t\u00f6\u00f6le Kirjanduse Propaganda B\u00fcroo direktori ning kunstilise juhina. Eesti iseseisvuse taastamise algusaegadel 1990. aastal oli ta kirjastuse \u201eFaatum\u201c asutajaid, kus oli peatoimetajana tegev oma elup\u00e4evade l\u00f5puni. Tema abikaasa oli lastekirjanik <a href=\"https:\/\/ewod.ut.ee\/et\/s\/olivia-saar\/\" data-type=\"page\" data-id=\"9169\">Olivia Saar<\/a> (1931-2025)<\/p>\n\n\n\n<p>Juhan Saare luuletused on l\u00fc\u00fcrilised, kuid ta on kirjutanud ka satiiri. Tema v\u00e4rsid on lihtsas vormis ja nendes v\u00e4ljendub ajastut iseloomustav teravmeelne alltekst. Peale luule on ta viljelenud l\u00fchiproosat, kirjutanud niih\u00e4sti lastele kui ka t\u00e4iskasvanutele, rikastanud laulutekstidega estraadietendusi ja muusikale. Tema sulest on ka p\u00e4rit Eesti tuntumaid unelaule \u201eMina ei taha veel magama j\u00e4\u00e4da\u201d.<\/p>\n\n\n\n<p><em>L. P.<\/em><\/p>\n\n\n\n<h4 class=\"wp-block-heading\"><br>Raamatud eesti keeles<\/h4>\n\n\n\n<p><strong><em><strong><em>Luule<\/em><\/strong><\/em><\/strong><br><strong>Kured ja laevad<\/strong>: luuletusi 1952\u20131964. Tallinn: Eesti Raamat, 1966,\u00a087 lk.<br><strong>\u00d5nnelik mees<\/strong>. Tallinn: Eesti Raamat, 1977,\u00a063 lk.<br><strong>Seitsmenda p\u00e4eva saar: luuletusi ja lugusid l\u00e4bi kolme aastak\u00fcmne, 1956\u20131986<\/strong>. Tallinn: Eesti Raamat, 1989,\u00a0158 lk.<br><strong>Elu ikka \u00fchekordne: seitsek\u00fcmmend valitud luuletust iseendale ja s\u00f5pradele r\u00f5\u00f5muks ning lohutuseks<\/strong>. Tallinn: Faatum, 1999,\u00a089 lk.<\/p>\n\n\n\n<p><strong><em><strong><em>Proosa<\/em><\/strong><\/em><\/strong><br><strong>V\u00e4rviline m\u00f5te: lugusid ja laaste<\/strong>. Tallinn: Ajalehtede-Ajakirjade Kirjastus, 1963,\u00a096 lk.<br><strong>Metsa taga ei ole mets: jutustus<\/strong>. Tallinn: Eesti Raamat, 1964,\u00a083 lk.<br><strong>\u00d5htujutud<\/strong>. Tallinn: Eesti Raamat, 1966,\u00a060 lk.<br><strong>M\u00e4ng: jutustus<\/strong>. Tallinn: Eesti Raamat, 1973,\u00a064 lk.<br><strong>Metsa taga ei ole mets: hommikujutud<\/strong>. Tallinn: Faatum, 2007,\u00a0128 lk.<\/p>\n\n\n\n<p><strong><em><strong><em>N\u00e4idendid<\/em><\/strong><\/em><\/strong><br><strong>Valge tee kutse ja teisi lavatekste 1980\u20132005<\/strong>. Tallinn: Faatum, 2008,\u00a0399 lk.<\/p>\n\n\n\n<p><strong><em>M\u00e4lestused<\/em><\/strong><br><strong>Valus naer: memuaarid<\/strong>. Tallinn: Faatum, 2005,\u00a0323 lk.<\/p>\n","protected":false},"excerpt":{"rendered":"<p>Juhan Saar (22. XII 1929 \u2013 28. VIII 2007) oli luuletaja ning prosaist. Tema lapsep\u00f5lv ja noorukiiga m\u00f6\u00f6dusid Tartumaal Laeva vallas. P\u00e4rast p\u00f5hihariduse saamist \u00f5ppis ta Tartu Elektromehaanika Tehnikumis ja t\u00f6\u00f6tas 1949\u20131950 Tartu Telefoniv\u00f5rgus. P\u00e4rast ajateenistust s\u00f5jav\u00e4es aastatel 1950\u20131953 alustas &#8230;<\/p>\n","protected":false},"author":43,"featured_media":0,"parent":6505,"menu_order":0,"comment_status":"closed","ping_status":"closed","template":"","meta":{"_acf_changed":false,"inline_featured_image":false,"footnotes":""},"class_list":["post-9181","page","type-page","status-publish","hentry"],"acf":[],"_links":{"self":[{"href":"https:\/\/ewod.ut.ee\/et\/wp-json\/wp\/v2\/pages\/9181","targetHints":{"allow":["GET"]}}],"collection":[{"href":"https:\/\/ewod.ut.ee\/et\/wp-json\/wp\/v2\/pages"}],"about":[{"href":"https:\/\/ewod.ut.ee\/et\/wp-json\/wp\/v2\/types\/page"}],"author":[{"embeddable":true,"href":"https:\/\/ewod.ut.ee\/et\/wp-json\/wp\/v2\/users\/43"}],"replies":[{"embeddable":true,"href":"https:\/\/ewod.ut.ee\/et\/wp-json\/wp\/v2\/comments?post=9181"}],"version-history":[{"count":4,"href":"https:\/\/ewod.ut.ee\/et\/wp-json\/wp\/v2\/pages\/9181\/revisions"}],"predecessor-version":[{"id":9186,"href":"https:\/\/ewod.ut.ee\/et\/wp-json\/wp\/v2\/pages\/9181\/revisions\/9186"}],"up":[{"embeddable":true,"href":"https:\/\/ewod.ut.ee\/et\/wp-json\/wp\/v2\/pages\/6505"}],"wp:attachment":[{"href":"https:\/\/ewod.ut.ee\/et\/wp-json\/wp\/v2\/media?parent=9181"}],"curies":[{"name":"wp","href":"https:\/\/api.w.org\/{rel}","templated":true}]}}