{"id":9214,"date":"2024-04-03T23:39:54","date_gmt":"2024-04-03T20:39:54","guid":{"rendered":"https:\/\/sisu.ut.ee\/ewod\/?page_id=9214"},"modified":"2026-05-08T14:40:33","modified_gmt":"2026-05-08T11:40:33","slug":"valeria-ranik","status":"publish","type":"page","link":"https:\/\/ewod.ut.ee\/et\/r\/valeria-ranik\/","title":{"rendered":"Valeria R\u00e4nik"},"content":{"rendered":"<figure class=\"wp-block-image alignright size-large is-resized\"><a href=\"https:\/\/sisu.ut.ee\/wp-content\/uploads\/sites\/108\/valeeria_ranik_2004_alar_madisson-scaled.jpg\"><img loading=\"lazy\" decoding=\"async\" width=\"1024\" height=\"688\" src=\"https:\/\/sisu.ut.ee\/wp-content\/uploads\/sites\/108\/valeeria_ranik_2004_alar_madisson-1024x688.jpg\" alt=\"\" class=\"wp-image-6401\" style=\"aspect-ratio:1.4883208283387162;width:368px;height:auto\" title=\"Foto: Alar Madisson\" srcset=\"https:\/\/sisu.ut.ee\/wp-content\/uploads\/sites\/108\/valeeria_ranik_2004_alar_madisson-1024x688.jpg 1024w, https:\/\/sisu.ut.ee\/wp-content\/uploads\/sites\/108\/valeeria_ranik_2004_alar_madisson-300x202.jpg 300w, https:\/\/sisu.ut.ee\/wp-content\/uploads\/sites\/108\/valeeria_ranik_2004_alar_madisson-768x516.jpg 768w, https:\/\/sisu.ut.ee\/wp-content\/uploads\/sites\/108\/valeeria_ranik_2004_alar_madisson-1536x1032.jpg 1536w, https:\/\/sisu.ut.ee\/wp-content\/uploads\/sites\/108\/valeeria_ranik_2004_alar_madisson-2048x1376.jpg 2048w, https:\/\/sisu.ut.ee\/wp-content\/uploads\/sites\/108\/valeeria_ranik_2004_alar_madisson-1920x1290.jpg 1920w\" sizes=\"auto, (max-width: 1024px) 100vw, 1024px\"><\/a><\/figure>\n\n\n\n<p>Valeria R\u00e4nik (s\u00fcndinud 19. VIII 1964) on luuletaja ja prosaist.<\/p>\n\n\n\n<p>R\u00e4nik s\u00fcndis ja \u00f5ppis Moskvas. Ta on 19. sajandi teisel poolel Eestist Kaukaasiasse ja sealt edasi Venemaale r\u00e4nnanud eestlaste j\u00e4reltulija. Moskva Raadiotehnika, Elektroonika ja Automaatika Instituudis omandas ta elektroonikainseneri kutse. Seej\u00e4rel \u00f5ppis R\u00e4nik Tartu \u00dclikoolis eesti ja soome-ugri filoloogiat; samas kaitstud magistrit\u00f6\u00f6 k\u00e4sitles <a href=\"https:\/\/ewod.ut.ee\/et\/h\/lehte-hainsalu\/\" data-type=\"page\" data-id=\"7718\">Lehte Hainsalu<\/a> loomingut. R\u00e4nik oli r\u00fchmituse Hirohall liige ning on alates 1991. aastast Eesti Kirjanike Liidu liige.<\/p>\n\n\n\n<p>Varem ajakirjanduses v\u00e4rsse avaldanud R\u00e4niku esimesed luulekogud \u201eElluj\u00e4\u00e4mine\u201c ja \u201eOrb\u201c ilmusid 1990. aastal. Need p\u00e4lvisid <a href=\"https:\/\/ewod.ut.ee\/et\/v\/eduard-vilde\/\" data-type=\"page\" data-id=\"7918\">Eduard Vilde<\/a> nimelise kirjandusauhinna (1991), \u201eOrb\u201c lisaks Betti Alveri kirjandusauhinna (1990). R\u00e4niku luules on olulisel kohal keele- ja kultuurikeskkonna vahetus, eestlaseks olemine. Luulekogude sarjas, mille pealkirjades sisaldub s\u00f5na \u201eajast\u201d, t\u00f5useb esile \u00fchiskonnakriitilisem, puhtmajanduslikule vastanduv hoiak, olulisel kohal on vaimne iseseisvus, eetika. Mitmekeelse luule n\u00e4iteid pakub kogu \u201eLinnad kasvavad \u00fcmber metsa: valik luulet 1984-2014\u201c (2014). R\u00e4niku loomes on t\u00e4htsal kohal loodus- ja loomatemaatika, ise\u00e4ranis kassid ja ilvesed. Ta on p\u00f5hjalikult tegelenud ilvestega, kogunud nende kohta materjale ning andnud v\u00e4lja raamatuid. Kassid ja lapsed on peategelased Eesti Kultuurkapitali kirjanduse sihtkapitali aastapreemia p\u00e4lvinud teoses \u201e\u00dclej\u00f5el, Kassilaiu pealinnas\u201c (2000) ja selle j\u00e4rjes (2013).<\/p>\n\n\n\n<p>R\u00e4nik teatas 2014. aastal, et on l\u00f5petanud paberraamatute v\u00e4ljaandmise, kuna ei soovi soodustada metsade maharaiumist, lisades: \u201eraamatuteks on muid viise\u201d.<\/p>\n\n\n\n<p>Ta on p\u00e4lvinud Emakeele Seltsi keeleainestiku kogumise v\u00f5istlusel auhinna (1994) ja Eesti N\u00e4item\u00e4nguagentuuri n\u00e4idendiv\u00f5istlusel eripreemia n\u00e4idendiga \u201eMullamustuke\u201c (1995).<\/p>\n\n\n\n<p><em>A. K.<\/em><\/p>\n\n\n\n<h4 class=\"wp-block-heading\"><br>Raamatud eesti keeles<\/h4>\n\n\n\n<p><strong><em>Luule<\/em><\/strong><br><strong>Elluj\u00e4\u00e4mine<\/strong>. Tartu: Eesti Kostabi Selts, 1990, 71 lk<br><strong>Orb<\/strong>: eemalolija luuletusi. Tallinn: Eesti Raamat, 1990, 93 lk<br><strong>Ajast kinni<\/strong>: luuletusi aastaist 1988-1992. Helsinki: Oittinen, 1993, 80 lk<br><strong>Ajast v\u00e4ljas<\/strong>. Viljandi: ajaleht Sakala, 1994, 31 lk<br><strong>Ajast m\u00f6\u00f6da<\/strong>: luuletusi aastatest 1994-1998. Tartu: Ilmamaa, 2000, 94 lk<br><strong>Aitab ajast<\/strong>: valikkogu 1983-2000. Tartu: Ilmamaa, 2001, 61 lk<br><strong>Metsa poole<\/strong>: 12 aastat imelist salaelu. Tartu: V. R\u00e4nik, 2011, 96 lk<br><strong>Linnad kasvavad \u00fcmber metsa<\/strong>: valik luulet 1984-2014. Tartu: V. R\u00e4nik, 2014, 55 lk<\/p>\n\n\n\n<p><strong><em>Lasteraamatud<\/em><\/strong><br><strong>\u00dclej\u00f5el, Kassilaiu pealinnas<\/strong>: jutustus. Tartu: Elmatar, 2000, 64 lk [2. tr\u00fckk: 2006]<br><strong>Luulepere pereluuleraamat<\/strong>. Tallinn: Tuum, 2001, 44 lk<br><strong>V\u00e4ike ilves, suur Murr ja teised<\/strong>: muinasjutt. Tartu: V. R\u00e4nik, 2003, 120 lk<br><strong>Seitsme puu ja m\u00e4tta taga<\/strong>: kaasaegne metsalugu m\u00e4\u00e4ramata vanuses inimlastele. Tartu: V. R\u00e4nik, 2007, 30 lk<br><strong>Valgust t\u00e4is suur pilvealune tuba<\/strong>: luuletused. Tallinn: TEA Kirjastus, 2007, 60 lk<br><strong>Puude taga j\u00f5gi, j\u00f5e taga mets<\/strong>: muinasjutukauge metsalugu igas vanuses inimlastele. Tartu: V. R\u00e4nik, 2010, 30 lk<br><strong>\u00dclej\u00f5el, Kassilaiu pealinnas. Teine raamat<\/strong>. Tartu: V. R\u00e4nik, 2013, 128 lk<\/p>\n\n\n\n<p><strong><em>Varia<\/em><\/strong><br><strong>Lehte Hainsalu: miski peab olema p\u00fcha<\/strong>. Tartu: V. R\u00e4nik, 2004, 263 lk<br><strong>Hundijutud ja karulood<\/strong>. Tartu: V. R\u00e4nik, 2005, 128 lk<br><strong>Ilves ilves. Raamat maailma ilvestest<\/strong>. Tartu: V. R\u00e4nik, 2005, 320 lk<br><strong>Viis aastat vanemaks<\/strong>. Tartu: V. R\u00e4nik, 2008, 96 lk<br><strong>Hundijutud ja karulood. Teine raamat<\/strong>. Tartu: V. R\u00e4nik, 2010, 200 lk<\/p>\n","protected":false},"excerpt":{"rendered":"<p>Valeria R\u00e4nik (s\u00fcndinud 19. VIII 1964) on luuletaja ja prosaist. R\u00e4nik s\u00fcndis ja \u00f5ppis Moskvas. Ta on 19. sajandi teisel poolel Eestist Kaukaasiasse ja sealt edasi Venemaale r\u00e4nnanud eestlaste j\u00e4reltulija. Moskva Raadiotehnika, Elektroonika ja Automaatika Instituudis omandas ta elektroonikainseneri kutse. &#8230;<\/p>\n","protected":false},"author":43,"featured_media":0,"parent":6503,"menu_order":0,"comment_status":"closed","ping_status":"closed","template":"","meta":{"_acf_changed":false,"inline_featured_image":false,"footnotes":""},"class_list":["post-9214","page","type-page","status-publish","hentry"],"acf":[],"_links":{"self":[{"href":"https:\/\/ewod.ut.ee\/et\/wp-json\/wp\/v2\/pages\/9214","targetHints":{"allow":["GET"]}}],"collection":[{"href":"https:\/\/ewod.ut.ee\/et\/wp-json\/wp\/v2\/pages"}],"about":[{"href":"https:\/\/ewod.ut.ee\/et\/wp-json\/wp\/v2\/types\/page"}],"author":[{"embeddable":true,"href":"https:\/\/ewod.ut.ee\/et\/wp-json\/wp\/v2\/users\/43"}],"replies":[{"embeddable":true,"href":"https:\/\/ewod.ut.ee\/et\/wp-json\/wp\/v2\/comments?post=9214"}],"version-history":[{"count":4,"href":"https:\/\/ewod.ut.ee\/et\/wp-json\/wp\/v2\/pages\/9214\/revisions"}],"predecessor-version":[{"id":9223,"href":"https:\/\/ewod.ut.ee\/et\/wp-json\/wp\/v2\/pages\/9214\/revisions\/9223"}],"up":[{"embeddable":true,"href":"https:\/\/ewod.ut.ee\/et\/wp-json\/wp\/v2\/pages\/6503"}],"wp:attachment":[{"href":"https:\/\/ewod.ut.ee\/et\/wp-json\/wp\/v2\/media?parent=9214"}],"curies":[{"name":"wp","href":"https:\/\/api.w.org\/{rel}","templated":true}]}}