{"id":9271,"date":"2024-04-03T23:42:32","date_gmt":"2024-04-03T20:42:32","guid":{"rendered":"https:\/\/sisu.ut.ee\/ewod\/?page_id=9271"},"modified":"2026-05-11T10:06:50","modified_gmt":"2026-05-11T07:06:50","slug":"olavi-ruitlane","status":"publish","type":"page","link":"https:\/\/ewod.ut.ee\/et\/r\/olavi-ruitlane\/","title":{"rendered":"Olavi Ruitlane"},"content":{"rendered":"<p>Olavi Ruitlane (s\u00fcndinud 1. VII 1969) on kirjanik, publitsist ja stsenarist, kes on kirjutanud proosat, luulet ja n\u00e4idendeid nii eesti kirjakeeles kui ka v\u00f5ru murdes, kuid on peamiselt tuntud humoorikate \u00fchiskonnakriitiliste romaanide autorina.<\/p>\n\n\n\n<p>Ruitlane s\u00fcndis Tartus V\u00f5rumaalt p\u00e4rit t\u00f6\u00f6liste peres. Samal aastal asus pere elama V\u00f5ru linna. P\u00f5hihariduse omandas V\u00f5ru I koolis, misj\u00e4rel k\u00e4is kolm aastat V\u00f5ru T\u00f6\u00f6stustehnikumis, kuid l\u00f5petas hiljem V\u00f5ru kaug\u00f5ppekeskkooli. 1992 asus elama Tartusse, hiljem kolis R\u00e4pina l\u00e4histele V\u00f5\u00f5psu alevikku. Ruitlane on t\u00f6\u00f6tanud mitmetel ametikohtadel, alates 2002. aastast on ta vabakutseline kirjanik. Ta kuulub kirjandusr\u00fchmitusse Tartu NAK (Noorte Autorite Koondis).<\/p>\n\n\n\n<p>Ruitlase esikkogu \u201eInemise sisu\u201c (1998) \u00e4ratas t\u00e4helepanu bravuurikate luuletustega, kus lihtne ja otsekohene v\u00e4ljendusviis viis pu\u00e4nteeritud s\u00f5numini. Luulekogu \u201eKaera Jaan ja mister Proper\u201c (1999) tekstid on v\u00e4nges s\u00f5nastuses vemmalv\u00e4rslikud sepistused argistel teemadel, mille k\u00e4sitlemisel \u00fchinevad etnofuturistlik ilmavaade ja satiiriline paatos. Koost\u00f6\u00f6s kunstnik Herkki Erich Merilaga on valminud kunsti- ja luuleraamat \u201eEesti edulood\u201c (2013). Lastele adresseeritud luulekogu \u201eMida isa vajab\u201c (2018) sisaldab hoogsaid ja vigurdavaid luuletusi, mis on inspireeritud laste isateemalistest juttudest ja joonistustest.<\/p>\n\n\n\n<p>Ruitlane on kirjutanud v\u00f5rukeelseid n\u00e4idendeid, mis on j\u00f5udnud publikuni vaba\u00f5hulavastustena. Esikn\u00e4idend \u201eVolli\u201c (2004) k\u00e4sitleb metsavendluse teemat. Aapo Ilvesega kahasse kirjutatud lauludega lavalugu \u201ePristan\u201c (2008) kujutab esimese maailmas\u00f5ja eelset ja aegset Tartu-Pihkva veetee \u00e4\u00e4rset k\u00fclaelu. Koost\u00f6\u00f6s Kauksi \u00dcllega valminud n\u00e4idend \u201ePeko\u201c (2013) p\u00f5hineb Setu ajalool ja p\u00e4rimusel (Peko on l\u00e4\u00e4nemeresoome m\u00fctoloogias levinud haldjas v\u00f5i jumalus, kes on olnud ajalooliselt oluline just setude jaoks).<\/p>\n\n\n\n<p>Siinpoolsuse k\u00f5rvale asetatud paralleelmaailma, mille raames avaneb nii liigutav armastuslugu kui ka hea ja kurja vaheline v\u00f5itlus, kujutab Ruitlane noortele adresseeritud fantaasiaromaanis \u201eKail\u201c (2000), mis muuhulgas koondab ka arusaamu surmaj\u00e4rgsest hingede r\u00e4ndamisest ja musta maagia toimimisest.<\/p>\n\n\n\n<p>N\u00f5ukogude s\u00f5jav\u00e4est 1980ndate l\u00f5pus pajatab romaan \u201eKroonu\u201c (2004), mis n\u00e4itab kolme noormehe tegelaskuju kaudu tolle aja armeeteenistuse absurdust, sealses s\u00fcsteemis valitsevat julmust ja hoolimatust, mida peategelased humoorika ellusuhtumisega pehmendada p\u00fc\u00fcavad.<\/p>\n\n\n\n<p>Lugejates vastakaid reaktsioone tekitanud romaan \u201eNaine\u201c (2009) pajatab humoorikalt, kuid samas avameelselt ja tabavalt Mehe ja Naise l\u00e4hisuhetest, materdades sealjuures \u00fchiskonnas kehtivaid stereot\u00fc\u00fcpe ja eirates tundlikke tabusid. Ehedate ja r\u00e4medate t\u00fc\u00fcptegelaste ja -situatsioonide kujutus annab suhteromaanile tugeva sotsiaalse, <em>reality-show<\/em>\u2019liku m\u00f5\u00f5tme, kus ei p\u00f5lata ka ropuv\u00f5itu v\u00e4lja\u00fctlemisi.<\/p>\n\n\n\n<p>Omaelulooliste sugemetega menuromaan \u201eVee peal\u201c (2015) teeb sissevaate varateismelise peategelase poisip\u00f5lve, mis m\u00f6\u00f6dub 1980ndate alguse v\u00e4ikelinnas V\u00f5rus. Terava huumoriga v\u00fcrtsitatud seiklusliku tegevustiku taustal avaneb 12-aastase poisi enese ja inimeste tundma\u00f5ppimise valulik lugu, samas lahatakse inimsuhteid ning toonitatakse inimeste p\u00f5hivajadust hoolivuse ja armastuse j\u00e4rele. Romaani p\u00f5hjal on valminud ka samanimeline m\u00e4ngufilm (2020, re\u017eiss\u00f6\u00f6r Peeter Simm).<\/p>\n\n\n\n<p>Ruitlane on avaldanud luuletusi mitmetes kogumikes, sealhulgas eesti punkluule antoloogias \u201eTagasi pr\u00fcgim\u00e4ele\u201c (2000), eesti murdeluule antoloogias \u201eIme k\u00fctken t\u00e4he poole kist\u201c (2002) ja viie v\u00f5rukeelse autori \u00fchises luulekogus \u201eViie p\u00e4\u00e4le\u201c (2005). Ta on kirjutanud eesti- ja v\u00f5rukeelseid laulutekste mitmetele ansamblitele ja kollektiividele. Tema sulest p\u00e4rineb m\u00e4ngufilmi \u201eJohannes P\u00e4\u00e4sukese t\u00f5eline elu\u201c stsenaarium (2019, re\u017eiss\u00f6\u00f6r Hardi Volmer). Ruitlast on tunnustatud mitmete kirjanduspreemiate ja -auhindadega.<\/p>\n\n\n\n<p><em>A. O.<\/em><\/p>\n\n\n\n<h4 class=\"wp-block-heading\"><br>Raamatud eesti keeles<\/h4>\n\n\n\n<p><strong><em>Romaanid<\/em><br>Kail<\/strong>. Tallinn: O. Ruitlane, 2000, 191 lk.<br><strong>Kroonu<\/strong>. R\u00e4pina: V\u00e4iku V\u00e4ll\u00e4andja, 2005, 159 lk. [2. tr\u00fckk: P\u00e4rnu: Jumalikud Ilmutused, 2009, 228 lk.]<br><strong>Naine<\/strong>. P\u00e4rnu: Jumalikud Ilmutused, 2009, 224 lk.<br><strong>Vee peal<\/strong>. Tallinn: ZA\/UM, 2015, 196 lk.<\/p>\n\n\n\n<p><strong><em>Luule<\/em><br>Inemise sisu<\/strong>. Tartu: Eesti Kostabi Selts, 1998, 30 lk.<br><strong>Kaera Jaan ja mister Proper<\/strong>. V\u00f5ru: V\u00f5ro Selts VKKF, 1999, 48 lk.<br><strong>Eesti edulood<\/strong>. Tallinn: Peatamatu, 2013, 189 lk.<br><strong>Mida isa vajab<\/strong>. Tallinn: Stafart Media, 2018, 31 lk.<\/p>\n\n\n\n<p><strong><em>N\u00e4idendid<\/em><\/strong><br><strong>Volli<\/strong>. V\u00f5ru: V\u00f5ro Selts VKKF, 2004, 63 lk.<br>Aapo Ilves, Olavi Ruitlane, <strong>Pristan<\/strong>. R\u00e4pina: V\u00e4ike Kirjastaja, 2008, 52 lk.<br>Kauksi \u00dclle, Olavi Ruitlane, <strong>Peko<\/strong>. Tartu: Vanemuine, 2013.<\/p>\n","protected":false},"excerpt":{"rendered":"<p>Olavi Ruitlane (s\u00fcndinud 1. VII 1969) on kirjanik, publitsist ja stsenarist, kes on kirjutanud proosat, luulet ja n\u00e4idendeid nii eesti kirjakeeles kui ka v\u00f5ru murdes, kuid on peamiselt tuntud humoorikate \u00fchiskonnakriitiliste romaanide autorina. Ruitlane s\u00fcndis Tartus V\u00f5rumaalt p\u00e4rit t\u00f6\u00f6liste peres. &#8230;<\/p>\n","protected":false},"author":43,"featured_media":0,"parent":6503,"menu_order":0,"comment_status":"closed","ping_status":"closed","template":"","meta":{"_acf_changed":false,"inline_featured_image":false,"footnotes":""},"class_list":["post-9271","page","type-page","status-publish","hentry"],"acf":[],"_links":{"self":[{"href":"https:\/\/ewod.ut.ee\/et\/wp-json\/wp\/v2\/pages\/9271","targetHints":{"allow":["GET"]}}],"collection":[{"href":"https:\/\/ewod.ut.ee\/et\/wp-json\/wp\/v2\/pages"}],"about":[{"href":"https:\/\/ewod.ut.ee\/et\/wp-json\/wp\/v2\/types\/page"}],"author":[{"embeddable":true,"href":"https:\/\/ewod.ut.ee\/et\/wp-json\/wp\/v2\/users\/43"}],"replies":[{"embeddable":true,"href":"https:\/\/ewod.ut.ee\/et\/wp-json\/wp\/v2\/comments?post=9271"}],"version-history":[{"count":2,"href":"https:\/\/ewod.ut.ee\/et\/wp-json\/wp\/v2\/pages\/9271\/revisions"}],"predecessor-version":[{"id":9276,"href":"https:\/\/ewod.ut.ee\/et\/wp-json\/wp\/v2\/pages\/9271\/revisions\/9276"}],"up":[{"embeddable":true,"href":"https:\/\/ewod.ut.ee\/et\/wp-json\/wp\/v2\/pages\/6503"}],"wp:attachment":[{"href":"https:\/\/ewod.ut.ee\/et\/wp-json\/wp\/v2\/media?parent=9271"}],"curies":[{"name":"wp","href":"https:\/\/api.w.org\/{rel}","templated":true}]}}