{"id":9317,"date":"2024-04-03T23:41:37","date_gmt":"2024-04-03T20:41:37","guid":{"rendered":"https:\/\/sisu.ut.ee\/ewod\/?page_id=9317"},"modified":"2026-05-11T13:27:47","modified_gmt":"2026-05-11T10:27:47","slug":"birk-rohelend","status":"publish","type":"page","link":"https:\/\/ewod.ut.ee\/et\/r\/birk-rohelend\/","title":{"rendered":"Birk Rohelend"},"content":{"rendered":"<figure class=\"wp-block-image alignright size-large is-resized\"><a href=\"https:\/\/sisu.ut.ee\/wp-content\/uploads\/sites\/108\/birk_rohelend_alar_madisson-scaled.jpg\"><img loading=\"lazy\" decoding=\"async\" width=\"681\" height=\"1024\" src=\"https:\/\/sisu.ut.ee\/wp-content\/uploads\/sites\/108\/birk_rohelend_alar_madisson-681x1024.jpg\" alt=\"\" class=\"wp-image-6248\" style=\"aspect-ratio:0.6650451260647844;width:234px;height:auto\" title=\"Foto: Alar Madisson\" srcset=\"https:\/\/sisu.ut.ee\/wp-content\/uploads\/sites\/108\/birk_rohelend_alar_madisson-681x1024.jpg 681w, https:\/\/sisu.ut.ee\/wp-content\/uploads\/sites\/108\/birk_rohelend_alar_madisson-200x300.jpg 200w, https:\/\/sisu.ut.ee\/wp-content\/uploads\/sites\/108\/birk_rohelend_alar_madisson-768x1154.jpg 768w, https:\/\/sisu.ut.ee\/wp-content\/uploads\/sites\/108\/birk_rohelend_alar_madisson-1022x1536.jpg 1022w, https:\/\/sisu.ut.ee\/wp-content\/uploads\/sites\/108\/birk_rohelend_alar_madisson-1363x2048.jpg 1363w, https:\/\/sisu.ut.ee\/wp-content\/uploads\/sites\/108\/birk_rohelend_alar_madisson-1920x2885.jpg 1920w, https:\/\/sisu.ut.ee\/wp-content\/uploads\/sites\/108\/birk_rohelend_alar_madisson-scaled.jpg 1703w\" sizes=\"auto, (max-width: 681px) 100vw, 681px\"><\/a><\/figure>\n\n\n\n<p>Birk Rohelend (kodanikunimi Hele-Riin Pihel, varem Hele-Riin P\u00e4hn ja Hele-Riin Moon; 17. IV 1981) on prosaist ja stsenarist.<\/p>\n\n\n\n<p>Birk Rohelend s\u00fcndis ja \u00f5ppis Viljandis ning Tartu \u00dclikoolis geenitehnoloogiat, Balti Filmi ja Meediakoolis, Eesti Kunstiakadeemias ning Tallinna Tehnika\u00fclikoolis magistri\u00f5ppes. On t\u00f6\u00f6tanud mitmesugustel ametikohtadel nii spordi, reklaami kui turunduse vallas, praegu Tallinna Tehnika\u00fclikooli e-kanalite juht. Ta on 2000ndate noorte kirjandusr\u00fchmituse Purpurmust Org liige. Eesti Kirjanike Liidu liige alates 2011.<\/p>\n\n\n\n<p>Esikraamat \u201eMina, Mortimer\u201c (2007, kolmas koht Eesti Lastekirjanduse Teabekeskuse ja kirjastuse T\u00e4nap\u00e4ev 2006. aastal korraldatud noorteromaani v\u00f5istlusel) ning \u201eEnesetapjad\u201c (2009, esimene-teine koht samal v\u00f5istlusel) keskenduvad noorte eneseotsingutele, teostes annavad tooni tumedad allhoovused nagu Rohelennu loomingus tervikuna. Korduva motiivina esinevad iseenda ja\/v\u00f5i maailmaga pahuksis tegelased, kes v\u00f5ivad esineda misantroopsete m\u00f5tteavaldustega. Nii n\u00e4iteks on lugeja ees alasti romaani \u201eMinu s\u00f5raline s\u00f5ber\u201c (2009, kolmas koht Eesti Romaani\u00fchingu romaaniv\u00f5istlusel) \u0161ovinistist mat\u0161o-mehe elun\u00e4gemus, mille tagamaadest aimduvad minevikupained, mis viivad selleni, et mehe kehas vohav haigus n\u00e4ib olevat tema ainuke t\u00f5eline s\u00f5ber. Kirjanduskonkursil \u201eBestseller 2015\u201c v\u00f5itis teise koha romaan \u201eMull\u201c (2016).<\/p>\n\n\n\n<p>\u201eSa pead suudlema Silvat\u201c (2016) ja \u201eKuldne laps\u201c (2018) kuuluvad Silvia St\u00f6keli kriminaalromaanide sarja, mille keskmes on uurivast ajakirjanikust \u00fcksikema. Sellest ajast ongi Rohelend keskendunud peamiselt krimikirjandusele, avaldades romaanid \u201eKes tappis Otto M\u00fclleri?\u201d (2021) ja \u201eKolm tilka verd\u201d (2026). Neist esimese p\u00f5hjal tehti ka samapealkirjaline teleseriaal (2022, re\u017eiss\u00f6\u00f6r Ren\u00e9 Vilbre), mille stsenaristiks oli samuti Rohelend. Ta on olnud (kaas)stsenaristiks ka teistele seriaalidele.<\/p>\n\n\n\n<p>Isiklikest l\u00e4bielamistest kantud luulekogus \u201eMorbidaarium\u201c (2012) kangastub 1980ndate p\u00f5lvkonna maailm ja kujunemise ning lootuste luhtumise lugu.<\/p>\n\n\n\n<p><em>A. K.<\/em><\/p>\n\n\n\n<h4 class=\"wp-block-heading\"><br>Raamatud eesti keeles<\/h4>\n\n\n\n<p><em><strong>Romaanid<\/strong><\/em><br><strong>Mu s\u00f5raline s\u00f5ber<\/strong>. Tallinn: Tammerraamat, 2009, 214 lk.<br><strong>Mull<\/strong>. Tallinn: Pilgrim, 2016, 192 lk.<br><strong>Sa pead suudlema Silvat<\/strong>. Tallinn: Helios, 2016, 271 lk.<br><strong>Kuldne laps<\/strong>. Tallinn: Helios Kirjastus, 2018, 301, lk.<br><strong>Kes tappis Otto M\u00fclleri?<\/strong>. Tallinn: Postimees Kirjastus, 2021, 384 lk.<br><strong>Kolm tilka verd<\/strong>. Tallinn: Rahva Raamatu Kirjastus, 2026, 299 lk.<\/p>\n\n\n\n<p><em><strong>Luule<\/strong><\/em><br><strong>Alexander ja Belle: ballaad<\/strong>. Tallinn: Tammerraamat, 2009, 122 lk.<br><strong>Morbidaarium<\/strong>. Tallinn: Roheline Kuu, 2012, 111 lk.<\/p>\n\n\n\n<p><em><strong>Noortejutustused<\/strong><\/em><br><strong>Mina, Mortimer<\/strong>. Tallinn: T\u00e4nap\u00e4ev, 2007, 117 lk.<br><strong>Enesetapjad<\/strong>. Tallinn: T\u00e4nap\u00e4ev, 2009, 224 lk.<\/p>\n","protected":false},"excerpt":{"rendered":"<p>Birk Rohelend (kodanikunimi Hele-Riin Pihel, varem Hele-Riin P\u00e4hn ja Hele-Riin Moon; 17. IV 1981) on prosaist ja stsenarist. Birk Rohelend s\u00fcndis ja \u00f5ppis Viljandis ning Tartu \u00dclikoolis geenitehnoloogiat, Balti Filmi ja Meediakoolis, Eesti Kunstiakadeemias ning Tallinna Tehnika\u00fclikoolis magistri\u00f5ppes. On t\u00f6\u00f6tanud &#8230;<\/p>\n","protected":false},"author":43,"featured_media":0,"parent":6503,"menu_order":0,"comment_status":"closed","ping_status":"closed","template":"","meta":{"_acf_changed":false,"inline_featured_image":false,"footnotes":""},"class_list":["post-9317","page","type-page","status-publish","hentry"],"acf":[],"_links":{"self":[{"href":"https:\/\/ewod.ut.ee\/et\/wp-json\/wp\/v2\/pages\/9317","targetHints":{"allow":["GET"]}}],"collection":[{"href":"https:\/\/ewod.ut.ee\/et\/wp-json\/wp\/v2\/pages"}],"about":[{"href":"https:\/\/ewod.ut.ee\/et\/wp-json\/wp\/v2\/types\/page"}],"author":[{"embeddable":true,"href":"https:\/\/ewod.ut.ee\/et\/wp-json\/wp\/v2\/users\/43"}],"replies":[{"embeddable":true,"href":"https:\/\/ewod.ut.ee\/et\/wp-json\/wp\/v2\/comments?post=9317"}],"version-history":[{"count":2,"href":"https:\/\/ewod.ut.ee\/et\/wp-json\/wp\/v2\/pages\/9317\/revisions"}],"predecessor-version":[{"id":9320,"href":"https:\/\/ewod.ut.ee\/et\/wp-json\/wp\/v2\/pages\/9317\/revisions\/9320"}],"up":[{"embeddable":true,"href":"https:\/\/ewod.ut.ee\/et\/wp-json\/wp\/v2\/pages\/6503"}],"wp:attachment":[{"href":"https:\/\/ewod.ut.ee\/et\/wp-json\/wp\/v2\/media?parent=9317"}],"curies":[{"name":"wp","href":"https:\/\/api.w.org\/{rel}","templated":true}]}}