{"id":9345,"date":"2024-04-03T23:40:17","date_gmt":"2024-04-03T20:40:17","guid":{"rendered":"https:\/\/sisu.ut.ee\/ewod\/?page_id=9345"},"modified":"2026-05-12T08:52:16","modified_gmt":"2026-05-12T05:52:16","slug":"hindrek-rikand","status":"publish","type":"page","link":"https:\/\/ewod.ut.ee\/et\/r\/hindrek-rikand\/","title":{"rendered":"Hindrek Rikand"},"content":{"rendered":"<figure class=\"wp-block-image alignright size-large is-resized\"><a href=\"https:\/\/sisu.ut.ee\/wp-content\/uploads\/sites\/108\/hindrek_rikand.jpg\"><img loading=\"lazy\" decoding=\"async\" width=\"651\" height=\"1024\" src=\"https:\/\/sisu.ut.ee\/wp-content\/uploads\/sites\/108\/hindrek_rikand-651x1024.jpg\" alt=\"\" class=\"wp-image-6295\" style=\"aspect-ratio:0.6357428818934149;width:229px;height:auto\" srcset=\"https:\/\/sisu.ut.ee\/wp-content\/uploads\/sites\/108\/hindrek_rikand-651x1024.jpg 651w, https:\/\/sisu.ut.ee\/wp-content\/uploads\/sites\/108\/hindrek_rikand-191x300.jpg 191w, https:\/\/sisu.ut.ee\/wp-content\/uploads\/sites\/108\/hindrek_rikand-768x1209.jpg 768w, https:\/\/sisu.ut.ee\/wp-content\/uploads\/sites\/108\/hindrek_rikand-976x1536.jpg 976w, https:\/\/sisu.ut.ee\/wp-content\/uploads\/sites\/108\/hindrek_rikand-1301x2048.jpg 1301w, https:\/\/sisu.ut.ee\/wp-content\/uploads\/sites\/108\/hindrek_rikand.jpg 1384w\" sizes=\"auto, (max-width: 651px) 100vw, 651px\"><\/a><\/figure>\n\n\n\n<p>Hindrek Rikand (22. XII 1874 \u2013 27. IV 1940) oli postiametnik, luuletaja ja lastekirjanik.<\/p>\n\n\n\n<p>Rikand s\u00fcndis V\u00f5rumaal P\u00f5lva kihelkonnas V\u00e4imela vallas. Ta \u00f5ppis Kanepi kihelkonnakoolis, l\u00f5petas V\u00f5ru linnakooli ning t\u00f6\u00f6tas posti-telegraafi alal V\u00f5rus, Riias ja Tallinnas. Rikand oli Eesti Posti esimene juht, ta korraldas \u00e4sjaloodud riigi postmarkide tr\u00fckkimise. Ta t\u00f5i eesti keelde s\u00f5na \u201eringh\u00e4\u00e4ling\u201c. Pension\u00e4rina tegeles Rikand esperanto keelega, koostades esimese eesti-esperanto s\u00f5nastiku. Ta suri Tallinnas.<\/p>\n\n\n\n<p>19. ja 20. sajandi vahetusel ilmus Hindrek Rikandi luuletusi ajalehes Postimees ja ajakirjas Linda. Riias elamise ajal osales energiline ja kultuurihuviline Hindrek Rikand aktiivselt Riia eestlaste seltsielus: juhtis laulukoore ja lavastas n\u00e4idendeid. 20. sajandi algul avaldati m\u00f5ned tema koostatud v\u00f5i t\u00f5lgitud laste j\u00f5ulun\u00e4idendid tr\u00fckis. 1920. aastal ilmus paarilehek\u00fcljeline telegraafi t\u00f6\u00f6p\u00f5him\u00f5tet selgitav\u00a0\u201eV\u00e4lguvaimukesed\u201c\u00a0\u2013 esimene eesti autori populaarteaduslik kirjutis lastele.<\/p>\n\n\n\n<p>1935. aastal korraldas kirjastus \u201eLoodus\u201c lastekirjanduse v\u00f5istluse eesm\u00e4rgiga saada uusi positiivseid kodumaise ainestikuga lasteraamatuid. Hindrek Rikandi rahvusromantiliste kunstmuinasjuttude kogumik \u201eRahvavanema lapsed\u201c (1935) p\u00e4lvis teise preemia ja ilmus sarjas \u201eLooduse lasteraamat\u201c. J\u00fcri Parij\u00f5gi nimetas seda k\u00fcmnendi parimaks kunstmuinasjuturaamatuks. Hiljem on Rikandilt ilmunud muinasjutt\u00a0\u201eHirmutekitav auto\u201c (1937)\u00a0sarjas \u201eKuldne kodu\u201c ning luuletusi ja v\u00f5rukeelseid muinasjutte ajakirjades.<\/p>\n\n\n\n<p>\u00dcks muinasjutt kogumikust \u201eRahvavanema lapsed\u201c on j\u00f5udnud 21. sajandi Eesti laste lugemislauale raamatuna\u00a0\u201eP\u00fcha mardikas\u201c\u00a0(2010). See on lugu kuningatroonile nikerdatud skarabeusest, kes riiki \u00e4hvardava h\u00e4daohu peale ellu \u00e4rkas ja kuningat hoiatas.<\/p>\n\n\n\n<p><em>L. P.<\/em><\/p>\n\n\n\n<h4 class=\"wp-block-heading\"><br>Raamatud eesti keeles<\/h4>\n\n\n\n<p><em><strong>Lastelood<\/strong><\/em><br><strong>W\u00e4lguwaimukesed<\/strong>: s\u00f5nake lastele [telegraafi t\u00f6\u00f6st]. Tallinn: Posti-telegraafi-telefoni Peavalitsus, 1920. 2 lk.<br><strong>Rahvavanema lapsed<\/strong>. Tartu: Loodus, 1935. 96 lk. [2. tr\u00fckk: 2004.]<br>H. Rekand, <strong>Hirmutekitav auto<\/strong>. Tartu: Loodus, 1937. 15 lk.<br><strong>P\u00fcha mardikas<\/strong>: eesti muinasjutt. Tallinn: Ilo, 2010. 13 lk.<\/p>\n\n\n\n<p><strong><em>Dictionaries<\/em><\/strong><br><strong>Eesti-esperanto taskus\u00f5nastik<\/strong>. Haapsalu: P. Tamverk\u2019i esperanto-kirjastus, 1931. 174 lk.<br><strong>Esperanto-eesti taskus\u00f5nastik = Esperanta-Estona posvortaro<\/strong>. Haapsalu: P. Tamverk, 1936. 235 lk.<\/p>\n","protected":false},"excerpt":{"rendered":"<p>Hindrek Rikand (22. XII 1874 \u2013 27. IV 1940) oli postiametnik, luuletaja ja lastekirjanik. Rikand s\u00fcndis V\u00f5rumaal P\u00f5lva kihelkonnas V\u00e4imela vallas. Ta \u00f5ppis Kanepi kihelkonnakoolis, l\u00f5petas V\u00f5ru linnakooli ning t\u00f6\u00f6tas posti-telegraafi alal V\u00f5rus, Riias ja Tallinnas. Rikand oli Eesti Posti &#8230;<\/p>\n","protected":false},"author":43,"featured_media":0,"parent":6503,"menu_order":0,"comment_status":"closed","ping_status":"closed","template":"","meta":{"_acf_changed":false,"inline_featured_image":false,"footnotes":""},"class_list":["post-9345","page","type-page","status-publish","hentry"],"acf":[],"_links":{"self":[{"href":"https:\/\/ewod.ut.ee\/et\/wp-json\/wp\/v2\/pages\/9345","targetHints":{"allow":["GET"]}}],"collection":[{"href":"https:\/\/ewod.ut.ee\/et\/wp-json\/wp\/v2\/pages"}],"about":[{"href":"https:\/\/ewod.ut.ee\/et\/wp-json\/wp\/v2\/types\/page"}],"author":[{"embeddable":true,"href":"https:\/\/ewod.ut.ee\/et\/wp-json\/wp\/v2\/users\/43"}],"replies":[{"embeddable":true,"href":"https:\/\/ewod.ut.ee\/et\/wp-json\/wp\/v2\/comments?post=9345"}],"version-history":[{"count":2,"href":"https:\/\/ewod.ut.ee\/et\/wp-json\/wp\/v2\/pages\/9345\/revisions"}],"predecessor-version":[{"id":9348,"href":"https:\/\/ewod.ut.ee\/et\/wp-json\/wp\/v2\/pages\/9345\/revisions\/9348"}],"up":[{"embeddable":true,"href":"https:\/\/ewod.ut.ee\/et\/wp-json\/wp\/v2\/pages\/6503"}],"wp:attachment":[{"href":"https:\/\/ewod.ut.ee\/et\/wp-json\/wp\/v2\/media?parent=9345"}],"curies":[{"name":"wp","href":"https:\/\/api.w.org\/{rel}","templated":true}]}}