{"id":9386,"date":"2024-09-08T14:02:53","date_gmt":"2024-09-08T11:02:53","guid":{"rendered":"https:\/\/sisu.ut.ee\/ewod\/?page_id=9386"},"modified":"2026-05-12T10:53:31","modified_gmt":"2026-05-12T07:53:31","slug":"hendrik-relve","status":"publish","type":"page","link":"https:\/\/ewod.ut.ee\/et\/r\/hendrik-relve\/","title":{"rendered":"Hendrik Relve"},"content":{"rendered":"<p>Hendrik Relve (s\u00fcnd. 18. VII 1948) on loodusajakirjanik, r\u00e4nnumees, kirjanik ja fotograaf.<\/p>\n\n\n\n<p>Relve s\u00fcndis Tallinnas. Ta l\u00f5petas 1966. aastal Tallinna 2. Keskkooli, 1971. aastal Eesti P\u00f5llumajanduse Akadeemia metsainseneri erialal ja 1989. aastal Tartu Riikliku \u00dclikooli ajakirjanduse erialal. Aastatel 1972\u20131978 t\u00f6\u00f6tas ta Eesti Metsakorralduskeskuses taksaatorina, seej\u00e4rel Eesti koolimetskondade juhendajana. Aastatel 2002\u20132015 oli ta ajakirja Eesti Mets peatoimetaja. Hendrik Relve on alates 2022. aastast Eesti Kirjanike Liidu liige.<\/p>\n\n\n\n<p>Hendrik Relve on alates 1975. aastast avaldanud artikleid ning kirjutanud populaarteaduslikke raamatuid ja \u00f5pikuid looduse teemadel. Ta on alates 2001. aastast Vikerraadio saatesarja \u201eKuula r\u00e4ndajat\u201d autor. Ta on m\u00f5\u00f5tnud ja kirjeldanud sadu Eesti p\u00f5lispuid ning r\u00e4nnanud k\u00fcmnetes maades k\u00f5igil mandritel.<\/p>\n\n\n\n<p><em>L. P.<\/em><\/p>\n\n\n\n<h4 class=\"wp-block-heading\"><br>Raamatud eesti keeles<\/h4>\n\n\n\n<p><em><strong>Looduseraamatud ja reisikirjad<\/strong><\/em><br><strong>Vahtral on s\u00fcnnip\u00e4ev s\u00fcgisel<\/strong>. Tallinn: Valgus, 1981. 116 lk.<br><strong>S\u00f6\u00f6gimarjad. M\u00fcrgimarjad<\/strong>. Marjataimed Eesti looduses. Tallinn: Valgus, 1996. 110 lk.<br><strong>Puude juurde<\/strong>: puud ja p\u00f5\u00f5sad looduses, p\u00e4rimustes ja n\u00fc\u00fcdses kasutuses. Tartu: Eesti Loodusfoto, 1998. 215 lk.<br><strong>Eesti p\u00f5lispuud<\/strong>: projekti \u201eP\u00f5lispuu\u201d andmed Eesti looduskaitsealustest \u00fcksikpuudest ja p\u00f5lispuudest. Tallinn: H. Relve, 2000. 143 lk.<br><strong>P\u00f5lispuud<\/strong>. Tallinn: Koolibri, 2003. 257 lk.<br><strong>R\u00e4ndaja: retki maailma p\u00f5lislooduse ja -rahvaste juurde<\/strong>. Tallinn: Kunst, 2004. 255 lk.<br><strong>Eesti looduse v\u00e4gi<\/strong>. Tallinn: Koolibri, 2008. 231 lk.<br><strong>Puude kuulaja<\/strong>. Tallinn: Maalehe Raamat, 2010. 128 lk.<br>Kalle Karoles, Hendrik Relve, <strong>Euroopa ja Aasia metsad<\/strong>. Tallinn: Loodusajakiri, 2012. 92 lk.<br>Kalle Karoles, Hendrik Relve, <strong>Ameerika metsad<\/strong>. Tallinn: Loodusajakiri, 2013. 91 lk.<br>Kalle Karoles, Hendrik Relve, <strong>Aafrika, Austraalia ja Okeaania metsad<\/strong>. Tallinn: Loodusajakiri, 2014. 91 lk.<br>Kalle Karoles, Hendrik Relve, <strong>Maailma metsad<\/strong>. Tallinn: Loodusajakiri, 2015. 92 lk.<br><strong>Kiviaja puudutus: retk haruldase loodusrahva juurde<\/strong>. Tekst ja fotod: Hendrik Relve. Tallinn: Varrak, 2017. 220 lk.<br><strong>Minu elu uhkemad loomad<\/strong>. Tallinn: Varrak, 2020. 325 lk.<br><strong>Retked p\u00f5lisrahvaste omailmadesse: lugusid maailma rahvastest, p\u00e4rimustest, suhetest loodusega<\/strong>. Tallinn: Varrak, 2024, 252 lk.<\/p>\n","protected":false},"excerpt":{"rendered":"<p>Hendrik Relve (s\u00fcnd. 18. VII 1948) on loodusajakirjanik, r\u00e4nnumees, kirjanik ja fotograaf. Relve s\u00fcndis Tallinnas. Ta l\u00f5petas 1966. aastal Tallinna 2. Keskkooli, 1971. aastal Eesti P\u00f5llumajanduse Akadeemia metsainseneri erialal ja 1989. aastal Tartu Riikliku \u00dclikooli ajakirjanduse erialal. Aastatel 1972\u20131978 t\u00f6\u00f6tas &#8230;<\/p>\n","protected":false},"author":43,"featured_media":0,"parent":6503,"menu_order":0,"comment_status":"closed","ping_status":"closed","template":"","meta":{"_acf_changed":false,"inline_featured_image":false,"footnotes":""},"class_list":["post-9386","page","type-page","status-publish","hentry"],"acf":[],"_links":{"self":[{"href":"https:\/\/ewod.ut.ee\/et\/wp-json\/wp\/v2\/pages\/9386","targetHints":{"allow":["GET"]}}],"collection":[{"href":"https:\/\/ewod.ut.ee\/et\/wp-json\/wp\/v2\/pages"}],"about":[{"href":"https:\/\/ewod.ut.ee\/et\/wp-json\/wp\/v2\/types\/page"}],"author":[{"embeddable":true,"href":"https:\/\/ewod.ut.ee\/et\/wp-json\/wp\/v2\/users\/43"}],"replies":[{"embeddable":true,"href":"https:\/\/ewod.ut.ee\/et\/wp-json\/wp\/v2\/comments?post=9386"}],"version-history":[{"count":2,"href":"https:\/\/ewod.ut.ee\/et\/wp-json\/wp\/v2\/pages\/9386\/revisions"}],"predecessor-version":[{"id":9389,"href":"https:\/\/ewod.ut.ee\/et\/wp-json\/wp\/v2\/pages\/9386\/revisions\/9389"}],"up":[{"embeddable":true,"href":"https:\/\/ewod.ut.ee\/et\/wp-json\/wp\/v2\/pages\/6503"}],"wp:attachment":[{"href":"https:\/\/ewod.ut.ee\/et\/wp-json\/wp\/v2\/media?parent=9386"}],"curies":[{"name":"wp","href":"https:\/\/api.w.org\/{rel}","templated":true}]}}