{"id":9402,"date":"2024-04-03T23:40:17","date_gmt":"2024-04-03T20:40:17","guid":{"rendered":"https:\/\/sisu.ut.ee\/ewod\/?page_id=9402"},"modified":"2026-05-12T12:14:41","modified_gmt":"2026-05-12T09:14:41","slug":"reeli-reinaus","status":"publish","type":"page","link":"https:\/\/ewod.ut.ee\/et\/r\/reeli-reinaus\/","title":{"rendered":"Reeli Reinaus"},"content":{"rendered":"<figure class=\"wp-block-image alignright size-large is-resized\"><a href=\"https:\/\/sisu.ut.ee\/wp-content\/uploads\/sites\/108\/reeli_reinaus_alar_madisson.jpg\"><img loading=\"lazy\" decoding=\"async\" width=\"678\" height=\"1024\" src=\"https:\/\/sisu.ut.ee\/wp-content\/uploads\/sites\/108\/reeili_reinaus_vaike_alar_madisson-678x1024.jpg\" alt=\"\" class=\"wp-image-6261\" style=\"aspect-ratio:0.6621095446986581;width:234px;height:auto\" title=\"Foto: Alar Madisson\" srcset=\"https:\/\/sisu.ut.ee\/wp-content\/uploads\/sites\/108\/reeili_reinaus_vaike_alar_madisson-678x1024.jpg 678w, https:\/\/sisu.ut.ee\/wp-content\/uploads\/sites\/108\/reeili_reinaus_vaike_alar_madisson-199x300.jpg 199w, https:\/\/sisu.ut.ee\/wp-content\/uploads\/sites\/108\/reeili_reinaus_vaike_alar_madisson-768x1160.jpg 768w, https:\/\/sisu.ut.ee\/wp-content\/uploads\/sites\/108\/reeili_reinaus_vaike_alar_madisson-1017x1536.jpg 1017w, https:\/\/sisu.ut.ee\/wp-content\/uploads\/sites\/108\/reeili_reinaus_vaike_alar_madisson-1356x2048.jpg 1356w, https:\/\/sisu.ut.ee\/wp-content\/uploads\/sites\/108\/reeili_reinaus_vaike_alar_madisson-1920x2901.jpg 1920w, https:\/\/sisu.ut.ee\/wp-content\/uploads\/sites\/108\/reeili_reinaus_vaike_alar_madisson-scaled.jpg 1694w\" sizes=\"auto, (max-width: 678px) 100vw, 678px\"><\/a><\/figure>\n\n\n\n<p>Reeli Reinaus (s\u00fcndinud 12. XI 1977) on laste- ja noortekirjanik.<\/p>\n\n\n\n<p>Reinaus s\u00fcndis Keilas, \u00f5ppis Kohilas, Tartu Teoloogia Akadeemias ning Tartu \u00dclikoolis eesti ja v\u00f5rdlevat rahvaluulet, kaitstes sel erialal ka magistrikraadi. On l\u00f5petanud magistri\u00f5pingud ka Tallinna \u00dclikooli Balti filmi, meedia, kunstide ja kommunikatsiooni instituudis dokumentaalfilmi erialal. On t\u00f6\u00f6tanud Tartu \u00dclikoolis, Eesti Kirjandusmuuseumis ning Tartu Teoloogia Akadeemias. Eesti Kirjanike Liidu liige.<\/p>\n\n\n\n<p><a><\/a> Lastekirjandusse tuli 2008. aastal \u201eSaladusliku p\u00e4evikuga\u201c, mis p\u00e4lvis Eesti Lastekirjanduse Keskuse, ajakirja T\u00e4heke ja kirjastuse T\u00e4nap\u00e4ev lastejutuv\u00f5istlusel \u201eMinu esimene raamat\u201c teise koha. Teose keskmes on Reinausile tunnuslikult salap\u00e4rased ja m\u00fcstilised juhtumised. Reinaus on p\u00f5iminud maagilisi elemente ka noorteprobleeme k\u00e4sitlevatesse teostesse, n\u00e4iteks \u201eMorten, Emilie ja kadunud maailmad\u201c (2020). Teostest leiab rikkalikult erinevaid m\u00fctoloogilisi ja folkloorseid motiive, n\u00e4iteks raamatus \u201eMaarius, maagia ja libahunt Liisi\u201c (2017), mis on p\u00e4lvinud ka Hea Lasteraamatu tiitli ning kantud The White Raven\u2019i kataloogi. Piraadilugudest on inspireeritud seikluslik triloogia \u201eN\u00f5idkapteni needus\u201c (2010), \u201ePoisid Mustalt Hobuselt\u201c (2013) ja \u201eSan Agustini vereohvrid\u201c (2017). Eesti lastekirjanduses populaarsete laste p\u00f5nevike-kriminullide hulka kuulub \u201eVanalinna detektiivide\u201c-sari: \u201eMustpeade maalid\u201c (2017), \u201eVerega kirjutatud kirjad\u201c (2018), \u201eNeitsitorni meedium\u201c (2020), \u201eNiguliste muumia ja n\u00f5iam\u00e4rgid\u201c (2021) ja \u201eKanada saatkonna kuri kummitus\u201d (2023).<\/p>\n\n\n\n<p>M\u00fcstilis-maagilised allhoovused p\u00f5imuvad reaalsusega ka t\u00e4iskasvanutele m\u00f5eldud romaanis \u201eUne n\u00e4gu\u201c (2005). Eneseotsingud ja inimsuhted on olulisel kohal romaanides \u201eKliinilised valed\u201c (2013) ja \u201ePraktiline n\u00f5iakunst\u201c (2013). Kuue algselt \u00fcksteisele t\u00e4iesti v\u00f5\u00f5ra tegelase saatuseid p\u00f5imivas romaanis \u201eHiietantsijad\u201d (2025) t\u00f5usevad esiplaanile keskkonnaprobleemid.<\/p>\n\n\n\n<p>Reinaus on p\u00e4lvinud laste- ja noorteraamatute eest rikkalikult auhindu: lastejutuv\u00f5istlusel \u201eMinu esimene raamat\u201c p\u00e4lvis2009. aastal \u201eT\u00e4iesti tavaline perekond\u201c (2010) kolmanda koha; 2012. aastal sai raamat \u201eAguliurka lapsed\u201c (2012) esimese ning \u201eDetektiiv Triibik loomaaias\u201c (2013) teise koha, 2013. aastal m\u00e4rgiti \u00e4ra \u201eRoosad inglid\u201c (2014). 2015. aastal p\u00e4lvis esimese koha \u201eKuidas mu isa endale uue naise sai\u201c (2016). Eesti Lastekirjanduse Keskuse ja kirjastuse T\u00e4nap\u00e4ev noorteromaani v\u00f5istlusel p\u00e4lvis 2009. aastal esimese koha \u201eMust vares\u201c (2010), 2011. aastal teise koha \u201eNahka kriipivad n\u00e4dalad\u201c (2012) ning kolmanda koha \u201eVaevatud\u201c (2011). 2014. aastal sai teise koha \u201eSuhkrust ja jahust\u201c (2015).<\/p>\n\n\n\n<p>Hea lasteraamatu ja Hea noorteraamatu tiitli on p\u00e4lvinud: \u201eDetektiiv Triibik loomaaias\u201c, \u201eKuidas mu isa endale uue naise sai\u201c, \u201eM\u00f5\u00f5kade m\u00e4ss\u201c (2017) ja \u201eRoosi m\u00e4rgi all\u201c. \u201eKuidas mu isa endale uue naise sai\u201c on p\u00e4lvinud 2017. aastal ka Tartu lastekirjanduse auhinna ning kanti 2018. aastal IBBY aunimekirja. Tallinna Keskraamatukogu auhinna \u201eJ\u00e4rje hoidja\u201c p\u00e4lvis 2016. aastal \u201eVerikambi\u201c (2016). 2018. aastal sai laste- ja noorten\u00e4idendite v\u00f5istlusel esimese koha \u201eMaailm, kuhu ma kuulun\u201c.<\/p>\n\n\n\n<p>Folkloristina on Reinaus koostanud mahuka, ligi 700-lehek\u00fcljelise kogumiku \u201cKeerdus kadakas ja kadunud haned: Hageri kohap\u00e4rimus\u201d (2023), mille eest v\u00f5itis Kultuurkapitali rahvakultuuri sihtkapitali aastapreemia.<\/p>\n\n\n\n<p>Reinaus valiti 2021. aastal \u00fcheks kirjanikupalga saajaks aastateks 2022-2024.<\/p>\n\n\n\n<p><em>A. K.<\/em><\/p>\n\n\n\n<h4 class=\"wp-block-heading\"><br>Raamatud eesti keeles<\/h4>\n\n\n\n<p><em><strong>Romaanid<\/strong><\/em><br><strong>Une n\u00e4gu<\/strong>. Tallinn: Eesti Raamat, 2005, 254 lk.<br><strong>Kliinilised valed<\/strong>. Tallinn: Varrak, 2013, 211 lk.<br><strong>Praktiline n\u00f5iakunst<\/strong>. Tallinn: Varrak, 2013, 340 lk.<br><strong>Hiietantsijad<\/strong>. Tartu: Ronk Ronk, 2025, 366 lk.<\/p>\n\n\n\n<p><em><strong>Luule<\/strong><\/em><br><strong>Tuhkatriinu<\/strong>. Kohila: R. Reinaus, 2005, 61 lk.<br><strong>Vahtralehevaha<\/strong>. Tartu: R. Reinaus, 2011, 78 lk.<\/p>\n\n\n\n<p><em><strong>Laste- ja noorteproosa<\/strong><\/em><br><strong>Saladuslik p\u00e4evik<\/strong>. Tallinn: T\u00e4nap\u00e4ev, 2008, 191 lk. [2. tr\u00fckk: 2020.]<br><strong>M\u00f5istatus lossivaremetes<\/strong>. Tallinn: T\u00e4nap\u00e4ev, 2009, 231 lk.<br><strong>Must vares<\/strong>. Tallinn: T\u00e4nap\u00e4ev, 2010, 224 lk.<br><strong>N\u00f5idkapteni needus<\/strong>. Tallinn: T\u00e4nap\u00e4ev, 2010, 372 lk. [2. tr\u00fckk: 2021.]<br><strong>T\u00e4iesti tavaline perekond<\/strong>. Tallinn: T\u00e4nap\u00e4ev, 2010, 189 lk. [J\u00e4rgnevad tr\u00fckid: 2021, 2025.]<br><strong>Kivid, tulnukad ja sekt<\/strong>. Tallinn: Varrak, 2011, 237 lk.<br><strong>Tavalised hambahaldjad<\/strong>. Tallinn: T\u00e4nap\u00e4ev, 2011, 159 lk.<br><strong>Vaevatud<\/strong>. Tallinn: T\u00e4nap\u00e4ev, 2011, 307 lk.<br><strong>Aguliurka lapsed<\/strong>. Tallinn: T\u00e4nap\u00e4ev, 2012, 252 lk.<br><strong>Nahka kriipivad n\u00e4dalad<\/strong>. Tallinn: T\u00e4nap\u00e4ev, 2012, 159 lk.<br><strong>Detektiiv Triibik loomaaias<\/strong>. Tallinn: T\u00e4nap\u00e4ev, 2013, 175 lk. [J\u00e4rgnevad tr\u00fckid: 2017, 2022.]<br><strong>Poisid Mustalt Hobuselt<\/strong>. Tallinn: T\u00e4nap\u00e4ev, 2013, 357 lk. [2. tr\u00fckk: 2021.]<br><strong>Deemoni m\u00e4rk<\/strong>. Tallinn: Varrak, 2014, 323 lk.<br><strong>Roosad inglid<\/strong>. Tallinn: T\u00e4nap\u00e4ev, 2014, 210 lk.<br><strong>P\u00e4rdik P\u00e4\u00e4r ja hauar\u00f6\u00f6vlid<\/strong>. Tallinn: T\u00e4nap\u00e4ev, 2015, 206 lk.<br><strong>Suhkrust ja jahust<\/strong>. Tallinn: T\u00e4nap\u00e4ev, 2015, 247 lk. [2. tr\u00fckk: 2023.]<br><strong>Kuidas mu isa endale uue naise sai<\/strong>. Tallinn: T\u00e4nap\u00e4ev, 2016, 194 lk. [J\u00e4rgmised tr\u00fckid: 2017, 2020.]<br><strong>Verikambi<\/strong>. Tallinn: Varrak, 2016, 350 lk. [2. tr\u00fckk: 2017.]<br><strong>Maarius, maagia ja libahunt Liisi<\/strong>. Saue: P\u00e4ike ja Pilv, 2017, 220 lk. [J\u00e4rgnevad tr\u00fckid: 2020, 2025.]<br><strong>M\u00f5\u00f5kade \u00e4ss<\/strong>. Tallinn: Varrak, 2017, 375 lk.<br><strong>San Agustini vereohvrid<\/strong>. Tallinn: T\u00e4nap\u00e4ev, 2017, 392 lk. [2. tr\u00fckk: 2024.]<br><strong>Suusi ja kadunud uni<\/strong>. Saue: P\u00e4ike ja Pilv, 2017, 32 lk.<br><strong>Vanalinna detektiivid. Mustpeade maalid<\/strong>. Tallinn: T\u00e4nap\u00e4ev, 2017, 144 lk. [2. tr\u00fckk: 2024.]<br><strong>Vanalinna detektiivid 2. Verega kirjutatud kirjad<\/strong>. Tallinn: T\u00e4nap\u00e4ev, 2018, 144 lk. [2. tr\u00fckk: 2026.]<br><strong>Roosa m\u00e4rgi all<\/strong>. Tallinn: Varrak, 2019, 375 lk.<br><strong>Morten, Emilie ja kadunud maailmad<\/strong>. Saue: P\u00e4ike ja Pilv, 2020, 180 lk.<br><strong>Vanalinna detektiivid 3. Neitsitorni meedium<\/strong>. Tallinn: T\u00e4nap\u00e4ev, 2020, 144 lk.<br><strong>Vanalinna detektiivid. Niguliste muumia ja n\u00f5iam\u00e4rgid<\/strong>. Tartu: Ronk Ronk, 2021, 143 lk.<br><strong>\u00c4ralubatud<\/strong>. Tartu: Ronk Ronk O\u00dc, 2021, 440 lk.<br><strong>Rahel, Anders ja ajaaugud<\/strong>. Tartu: Ronk Ronk, 2021, 172 lk.<br><strong>Juuli ja August. Kuidas vabaneda rahast?<\/strong> Tartu: Ronk Ronk, 2023, 121 lk.<br><strong>Vanalinna detektiivid 5. Kanada saatkonna kuri kummitus<\/strong>. Tartu: Ronk Ronk, 2023, 156 lk.<br><strong>Iiris, ilu ja instapildid<\/strong>. Tartu: Ronk Ronk, 2024, 175 lk.<br><strong>Kohtumine metsaperega<\/strong>. Tallinn: ALPA Kids O\u00dc, 2025, 45 lk.<br><strong>Juuli ja August. Kliimaprobleem<\/strong>. Tartu: Ronk Ronk, 2026, 120 lk.<\/p>\n","protected":false},"excerpt":{"rendered":"<p>Reeli Reinaus (s\u00fcndinud 12. XI 1977) on laste- ja noortekirjanik. Reinaus s\u00fcndis Keilas, \u00f5ppis Kohilas, Tartu Teoloogia Akadeemias ning Tartu \u00dclikoolis eesti ja v\u00f5rdlevat rahvaluulet, kaitstes sel erialal ka magistrikraadi. On l\u00f5petanud magistri\u00f5pingud ka Tallinna \u00dclikooli Balti filmi, meedia, kunstide &#8230;<\/p>\n","protected":false},"author":43,"featured_media":0,"parent":6503,"menu_order":0,"comment_status":"closed","ping_status":"closed","template":"","meta":{"_acf_changed":false,"inline_featured_image":false,"footnotes":""},"class_list":["post-9402","page","type-page","status-publish","hentry"],"acf":[],"_links":{"self":[{"href":"https:\/\/ewod.ut.ee\/et\/wp-json\/wp\/v2\/pages\/9402","targetHints":{"allow":["GET"]}}],"collection":[{"href":"https:\/\/ewod.ut.ee\/et\/wp-json\/wp\/v2\/pages"}],"about":[{"href":"https:\/\/ewod.ut.ee\/et\/wp-json\/wp\/v2\/types\/page"}],"author":[{"embeddable":true,"href":"https:\/\/ewod.ut.ee\/et\/wp-json\/wp\/v2\/users\/43"}],"replies":[{"embeddable":true,"href":"https:\/\/ewod.ut.ee\/et\/wp-json\/wp\/v2\/comments?post=9402"}],"version-history":[{"count":2,"href":"https:\/\/ewod.ut.ee\/et\/wp-json\/wp\/v2\/pages\/9402\/revisions"}],"predecessor-version":[{"id":9405,"href":"https:\/\/ewod.ut.ee\/et\/wp-json\/wp\/v2\/pages\/9402\/revisions\/9405"}],"up":[{"embeddable":true,"href":"https:\/\/ewod.ut.ee\/et\/wp-json\/wp\/v2\/pages\/6503"}],"wp:attachment":[{"href":"https:\/\/ewod.ut.ee\/et\/wp-json\/wp\/v2\/media?parent=9402"}],"curies":[{"name":"wp","href":"https:\/\/api.w.org\/{rel}","templated":true}]}}