{"id":9412,"date":"2024-04-03T23:40:15","date_gmt":"2024-04-03T20:40:15","guid":{"rendered":"https:\/\/sisu.ut.ee\/ewod\/?page_id=9412"},"modified":"2026-05-12T12:26:53","modified_gmt":"2026-05-12T09:26:53","slug":"carl-martin-redlich","status":"publish","type":"page","link":"https:\/\/ewod.ut.ee\/et\/r\/carl-martin-redlich\/","title":{"rendered":"Carl Martin Redlich"},"content":{"rendered":"<p>Carl Martin Redlich (1. VIII\/20. VII 1853 \u2013 4. X\/22. IX 1896) oli luuletaja.<\/p>\n\n\n\n<p>Redlich s\u00fcndis J\u00e4rvamaal, \u00f5ppis Rakvere kreiskoolis ja Tartu I (saksa) \u00f5petajate seminaris (ei l\u00f5petanud kursust). T\u00f6\u00f6tas raudteetelegraafiametnikuna ja vallakirjutajana. Ta suri Vaivaras.<\/p>\n\n\n\n<p>Redlichi ajastuomane j\u00e4relromantiline tunde- ja loodusluule on ilmunud kogudes \u201eLille p\u00f5\u00f5sas ehk elu ja armastus\u201c I (1875), \u201eMetsa roosid\u201c (1876) ning \u201eOh r\u00f5\u00f5musta ja laula\u201c (1879). Rahvap\u00e4raseid ja t\u00f5lkelisi naljandeid ning v\u00e4rssm\u00f5istatusi koondab \u201eTule ja loe imet!\u201c (1879). Redlich avaldas ka ajaviitelise sisuga t\u00f5lkelised raamatud \u201eNaisterahva kolm eluiga\u201c (1878), \u201eIndianlaste isamaal\u201c (1879) ning mustkunstitrikke k\u00e4sitleva \u201eSilma moondaja ehk n\u00f5iduse kunst\u201c (1880).<\/p>\n\n\n\n<p><em>A. K.<\/em><\/p>\n\n\n\n<h4 class=\"wp-block-heading\"><br>Raamatud eesti keeles<\/h4>\n\n\n\n<p><strong><em>Luule<\/em><\/strong><br><strong>Lille p\u00f5\u00f5sas ehk elu ja armastus I<\/strong>. Tartu: Schnakenburg, 1875, 25 lk.<br><strong>Metsa roosid<\/strong>. Lille p\u00f5\u00f5sa ehk elu ja armastuse t\u00f5ine j\u00e4gu. Tartu: Schnakenburg, 1876, 22 lk.<br><strong>Oh r\u00f5\u00f5musta ja laula!: Lille p\u00f5\u00f5sa ehk elu ja armastuse kolmas jagu<\/strong>. Tartu: Schnakenburg, 1879, 28 lk.<\/p>\n\n\n\n<p><strong><em>L\u00fchiproosa<\/em><\/strong><br><strong>R\u00e4tsepa elu ja olu<\/strong>. T\u00f5elik t\u00f5e-s\u00f5bradele, naljakas nalja-armastajatele. Tartu, 1879, 24 lk.<\/p>\n\n\n\n<p><strong><em>Varia<\/em><\/strong><br><strong>Naisterahwa kolm elu-iga<\/strong>, Otsa Anne maenitsuse kiri ja T\u00f5kke Tiiu nutulaul. Tartu: Schnakenburg, 1878, 20 lk.<br><strong>Tule ja loe imet!<\/strong>: \u00dcks uus raamat, kelles 265 kamala t\u00e4it nalja ja 35 pihu t\u00e4it m\u00f5nusaid k\u00fcsimisi ja m\u00f5istatusi leida on. Tartu: Schnakenburg, 1879, 107 lk.<br><strong>Silma-moondaja ehk n\u00f5iduse kunst<\/strong>. Tartu: Schnakenburg,1880, 69 lk.<br><strong>Tululik arsti-rohi meelehaiguse wasta<\/strong>. Esimene anne. Tartu: W. Just, 1880, 32 lk.<\/p>\n","protected":false},"excerpt":{"rendered":"<p>Carl Martin Redlich (1. VIII\/20. VII 1853 \u2013 4. X\/22. IX 1896) oli luuletaja. Redlich s\u00fcndis J\u00e4rvamaal, \u00f5ppis Rakvere kreiskoolis ja Tartu I (saksa) \u00f5petajate seminaris (ei l\u00f5petanud kursust). T\u00f6\u00f6tas raudteetelegraafiametnikuna ja vallakirjutajana. Ta suri Vaivaras. Redlichi ajastuomane j\u00e4relromantiline tunde- &#8230;<\/p>\n","protected":false},"author":43,"featured_media":0,"parent":6503,"menu_order":0,"comment_status":"closed","ping_status":"closed","template":"","meta":{"_acf_changed":false,"inline_featured_image":false,"footnotes":""},"class_list":["post-9412","page","type-page","status-publish","hentry"],"acf":[],"_links":{"self":[{"href":"https:\/\/ewod.ut.ee\/et\/wp-json\/wp\/v2\/pages\/9412","targetHints":{"allow":["GET"]}}],"collection":[{"href":"https:\/\/ewod.ut.ee\/et\/wp-json\/wp\/v2\/pages"}],"about":[{"href":"https:\/\/ewod.ut.ee\/et\/wp-json\/wp\/v2\/types\/page"}],"author":[{"embeddable":true,"href":"https:\/\/ewod.ut.ee\/et\/wp-json\/wp\/v2\/users\/43"}],"replies":[{"embeddable":true,"href":"https:\/\/ewod.ut.ee\/et\/wp-json\/wp\/v2\/comments?post=9412"}],"version-history":[{"count":2,"href":"https:\/\/ewod.ut.ee\/et\/wp-json\/wp\/v2\/pages\/9412\/revisions"}],"predecessor-version":[{"id":9415,"href":"https:\/\/ewod.ut.ee\/et\/wp-json\/wp\/v2\/pages\/9412\/revisions\/9415"}],"up":[{"embeddable":true,"href":"https:\/\/ewod.ut.ee\/et\/wp-json\/wp\/v2\/pages\/6503"}],"wp:attachment":[{"href":"https:\/\/ewod.ut.ee\/et\/wp-json\/wp\/v2\/media?parent=9412"}],"curies":[{"name":"wp","href":"https:\/\/api.w.org\/{rel}","templated":true}]}}