{"id":9417,"date":"2024-04-03T23:42:00","date_gmt":"2024-04-03T20:42:00","guid":{"rendered":"https:\/\/sisu.ut.ee\/ewod\/?page_id=9417"},"modified":"2026-05-12T13:17:11","modified_gmt":"2026-05-12T10:17:11","slug":"marie-rebane","status":"publish","type":"page","link":"https:\/\/ewod.ut.ee\/et\/r\/marie-rebane\/","title":{"rendered":"Marie Rebane"},"content":{"rendered":"<p><a><\/a> Marie Rebane (ka Maria Rebane, kodanikunimi Maria Leis, 23. IV 1912 \u2013 29. II 2004) oli lastekirjanik.<\/p>\n\n\n\n<p>Ta s\u00fcndis Viljandimaal K\u00f5o vallas Veneveres. L\u00f5petanud 1931. aastal Tallinnas g\u00fcmnaasiumi, t\u00f6\u00f6tas Rebane 1932. aastast alates kantseleiametniku ja turistijuhina, tehes ajuti kodutalus p\u00f5llut\u00f6id. 1936. aastast alates oli ta ametnik Eesti riiklikus informatsioonikeskuses. 2. maailmas\u00f5ja ajal viibis ta P\u00e4rnus. 1944. aastast alates t\u00f6\u00f6tas Eesti Teadeteagentuuri korrespondendina. 1948. asus Rebane tagasi Tallinna, kus p\u00fchendus kirjanduslikule tegevusele. Ta valis pseudon\u00fc\u00fcmiks oma ema Miina neiup\u00f5lvenime.<\/p>\n\n\n\n<p>Rebane tegi kaast\u00f6\u00f6d lasteajakirjandusele. Tema s\u00fcdamlikud lood r\u00e4\u00e4givad peamiselt loomadest ja lindudest. Loomingulisi taustateadmisi pakkusid talle noorp\u00f5lves tehtud reisid Soome ning s\u00f5jaj\u00e4rgsel ajal r\u00e4nnakud Kesk-Aasias, Kaukaasias, Ukrainas ja Eesti kalurik\u00fclades.<\/p>\n\n\n\n<p><a><\/a><a><\/a> 1957. aastal v\u00f5itis Rebase l\u00fchijutt \u201eJ\u00e4\u00e4l\u201c noorsooajakirja Pioneer jutuv\u00f5istlusel auhinna. Marie Rebase sulest on ilmunud kaasahaarav, kuid kohati nukker loomalugude kogumik \u201eKui siilil nohu oli\u201d (1959),\u00a0 jutustused \u201eJ\u00e4ise ratsu turjal\u201d (1961), \u201cMaret\u201d (1965) ja \u201eEbatavaline armastus\u201d (1990). Jutustus \u201eJ\u00e4ise ratsu turjal\u201d kujutab h\u00fclgeid ja h\u00fclgek\u00fctte, kelle elu autor oli isiklikult tundma \u00f5ppinud. Jutustus \u201eMaret\u201c kujutab vapra neiu tegevust Eestis 2. maailmas\u00f5ja aegse Saksa okupatsiooni tingimustes. Teos peegeldab N\u00f5ukogude Liidu riikliku propaganda n\u00f5udeid. Jutustus \u201eEbatavaline armastus\u201d p\u00f5hineb t\u00f5estis\u00fcndinud lool inimeste seas kasvanud varesepojast, kes peab s\u00f5prust kassiga.<\/p>\n\n\n\n<p><em>L. P.<\/em><\/p>\n\n\n\n<h4 class=\"wp-block-heading\"><br>Raamatud eesti keeles<\/h4>\n\n\n\n<p><em><strong>Lastelood<\/strong><\/em><br><strong>Kui siilil nohu oli<\/strong>: jutukesi vanaema noorp\u00f5lvest. Tallinn: Eesti Riiklik Kirjastus, 1959. 68 lk.<br><strong>J\u00e4ise ratsu turjal<\/strong> [jutustus]. Tallinn: Eesti Riiklik Kirjastus, 1961. 184 lk.<br><strong>Maret<\/strong> [jutustus]. Tallinn: Eesti Raamat, 1965. 176 lk.<br><strong>Ebatavaline armastus<\/strong> [jutustus]. Tallinn : Eesti Raamat, 1990. 110 lk.<\/p>\n","protected":false},"excerpt":{"rendered":"<p>Marie Rebane (ka Maria Rebane, kodanikunimi Maria Leis, 23. IV 1912 \u2013 29. II 2004) oli lastekirjanik. Ta s\u00fcndis Viljandimaal K\u00f5o vallas Veneveres. L\u00f5petanud 1931. aastal Tallinnas g\u00fcmnaasiumi, t\u00f6\u00f6tas Rebane 1932. aastast alates kantseleiametniku ja turistijuhina, tehes ajuti kodutalus p\u00f5llut\u00f6id. &#8230;<\/p>\n","protected":false},"author":43,"featured_media":0,"parent":6503,"menu_order":0,"comment_status":"closed","ping_status":"closed","template":"","meta":{"_acf_changed":false,"inline_featured_image":false,"footnotes":""},"class_list":["post-9417","page","type-page","status-publish","hentry"],"acf":[],"_links":{"self":[{"href":"https:\/\/ewod.ut.ee\/et\/wp-json\/wp\/v2\/pages\/9417","targetHints":{"allow":["GET"]}}],"collection":[{"href":"https:\/\/ewod.ut.ee\/et\/wp-json\/wp\/v2\/pages"}],"about":[{"href":"https:\/\/ewod.ut.ee\/et\/wp-json\/wp\/v2\/types\/page"}],"author":[{"embeddable":true,"href":"https:\/\/ewod.ut.ee\/et\/wp-json\/wp\/v2\/users\/43"}],"replies":[{"embeddable":true,"href":"https:\/\/ewod.ut.ee\/et\/wp-json\/wp\/v2\/comments?post=9417"}],"version-history":[{"count":2,"href":"https:\/\/ewod.ut.ee\/et\/wp-json\/wp\/v2\/pages\/9417\/revisions"}],"predecessor-version":[{"id":9420,"href":"https:\/\/ewod.ut.ee\/et\/wp-json\/wp\/v2\/pages\/9417\/revisions\/9420"}],"up":[{"embeddable":true,"href":"https:\/\/ewod.ut.ee\/et\/wp-json\/wp\/v2\/pages\/6503"}],"wp:attachment":[{"href":"https:\/\/ewod.ut.ee\/et\/wp-json\/wp\/v2\/media?parent=9417"}],"curies":[{"name":"wp","href":"https:\/\/api.w.org\/{rel}","templated":true}]}}