{"id":9423,"date":"2024-04-03T23:41:35","date_gmt":"2024-04-03T20:41:35","guid":{"rendered":"https:\/\/sisu.ut.ee\/ewod\/?page_id=9423"},"modified":"2026-05-12T13:28:41","modified_gmt":"2026-05-12T10:28:41","slug":"helju-rebane","status":"publish","type":"page","link":"https:\/\/ewod.ut.ee\/et\/r\/helju-rebane\/","title":{"rendered":"Helju Rebane"},"content":{"rendered":"<p>Helju Rebane (s\u00fcnd. 18. VII 1948) on Tallinnas s\u00fcndinud prosaist, kes on pikka aega elanud\u00a0Moskvas. Ta kirjutab eesti ja vene keeles peamiselt ulmekirjandust.<\/p>\n\n\n\n<p>Helju Rebane kuulub nimekasse teadlaste suguv\u00f5ssa. Tema isa oli filosoofiadoktor Jaan Rebane (1924\u20131993), onu Karl Rebane (1926\u20132007) oli ENSV Teaduste Akadeemia president (1973\u20131990). Helju Rebane l\u00f5petas Tartu 5. keskkooli ja \u00f5ppis Tartu Riiklikus \u00dclikoolis matemaatikat, l\u00f5petades \u00fclikooli 1971. aastal teoreetilise matemaatika erialal. Ta t\u00f6\u00f6tas\u00a0aastatel 1972\u20131973 TR\u00dc\u00a0loogika\u00a0ja\u00a0ps\u00fchholoogia\u00a0kateedris, seej\u00e4rel oli Moskva \u00fclikooli aspirant loogika alal, siis \u00f5ppej\u00f5ud Moskva k\u00f5rgkoolides ning vaneminsener arvutuskeskustes.<\/p>\n\n\n\n<p>Rebane deb\u00fcteeris\u00a0ajakirjas Looming 1981. aastal jutustusega \u201eV\u00e4ike kohvik\u201c. 1983. aastal\u00a0p\u00e4lvis ta ajakirja Noorus jutuv\u00f5istlusel preemia. 1986. aastal ilmus Rebaselt novellikogu pealkirjaga \u201eV\u00e4ike kohvik\u201c. Raamat p\u00e4lvis kriitikutelt ohtralt vastukaja.<\/p>\n\n\n\n<p>Rebase vene keeles kirjutatud teoste arvustajad kiidavad autori v\u00e4ljendusrikast s\u00f5navara ning oskust esitada ja m\u00f5ista globaalset probleemi l\u00fchijutu kitsastes raamides. Paljudel lugudel on alltekst, ulme l\u00f5ikub reaalsusega v\u00f5i kulgeb sellega r\u00f6\u00f6biti. Rebase jutud tekitavad kujutluspilte ja ideid hea ja kurja vahelistest suhetest. Helju Rebase loomingut iseloomustab v\u00f5ime r\u00e4\u00e4kida lihtsalt keerulistest asjadest. Tema novellid on h\u00e4sti ja ootamatult pu\u00e4nteeritud. L\u00fchiromaanis \u201eAltrus\u201c on lustakalt, ent ka iroonia ja sarkasmiga kirjeldatud inimese olukorda \u00fchiskonnas, kus leidub totalitaristlikke jooni.<\/p>\n\n\n\n<p>Helju Rebase jutte on t\u00f5lgitud saksa ja inglise keelde. Tema loomingut on avaldatud Venemaal, Belgias, Hollandis, Iisraelis, Kanadas, mitmetes antoloogiates (sealhulgas koos vendade Strugatskite, V. Pelevini ja M. Velleri loominguga), internetis (veebiajakirjas Reaktor) ning antoloogias \u201eL\u00e4bi valu ja vaeva\u201c (2020).<\/p>\n\n\n\n<p><em>L. P.<\/em><\/p>\n\n\n\n<h4 class=\"wp-block-heading\"><br>Raamatud eesti keeles<\/h4>\n\n\n\n<p><em><strong>L\u00fchiproosa<\/strong><\/em><br><strong>V\u00e4ike kohvik<\/strong> [jutustused]. Tallinn: Eesti Raamat, 1986. 110 lk.<br><strong>\u00d5ige valik<\/strong>. Tartu: Fantaasia, 2021. 181 lk.<\/p>\n\n\n\n<h4 class=\"wp-block-heading\"><br>Raamatud vene keeles<\/h4>\n\n\n\n<p><em><strong>L\u00fchiproosa<\/strong><\/em><br><strong>\u0410\u0440\u0438\u0441\u0442\u0430\u0440\u0445 \u0438 \u0440\u0443\u0447\u043d\u0430\u044f \u0431\u0430\u0431\u043e\u0447\u043a\u0430<\/strong>: \u0440\u0430\u0441\u0441\u043a\u0430\u0437\u044b \u0438 \u044e\u043c\u043e\u0440\u0435\u0441\u043a\u0438. \u041d\u043e\u0432\u043e\u043a\u0443\u0437\u043d\u0435\u0446\u043a: \u0418\u0437\u0434\u0430\u0442\u0435\u043b\u044c\u0441\u043a\u0438\u0439 \u0434\u043e\u043c \u041e\u0437\u0430\u0440\u0435\u043d\u0438\u0435, 2007, 143 lk.<br><strong>\u0413\u043e\u0440\u043e\u0434 \u043d\u0430 \u0410\u043b\u044c\u0442\u0440\u0443\u0441\u0435<\/strong>: \u0444\u0430\u043d\u0442\u0430\u0441\u0442\u0438\u0447\u0435\u0441\u043a\u0430\u044f \u043f\u043e\u0432\u0435\u0441\u0442\u044c \u0438 \u0440\u0430\u0441\u0441\u043a\u0430\u0437\u044b. \u0412\u043e\u0440\u043e\u043d\u0435\u0436, 2011. 207 lk.<br><strong>50 \u0440\u0430\u0441\u0441\u043a\u0430\u0437\u043e\u0432<\/strong>. \u041c\u043e\u0441\u043a\u0432\u0430: Ridero, 2017. 288 lk.<br><strong>\u041a\u043e\u0442 \u0432 \u043b\u0430\u0431\u0438\u0440\u0438\u043d\u0442\u0435<\/strong>: \u0440\u0430\u0441\u0441\u043a\u0430\u0437\u044b. \u041c\u043e\u0441\u043a\u0432\u0430: Ridero, 2017. 207 lk.<br><strong>\u041f\u0443\u0431\u043b\u0438\u0447\u043d\u043e\u0435 \u0441\u043e\u043a\u0440\u043e\u0432\u0438\u0449\u0435<\/strong>: \u041f\u043e\u0432\u0435\u0441\u0442\u044c. \u0422\u043e\u043b\u044c\u043a\u043e \u0434\u043b\u044f \u0436\u0435\u0449\u0438\u043d. Venemaa: Ridero, 2023.<\/p>\n","protected":false},"excerpt":{"rendered":"<p>Helju Rebane (s\u00fcnd. 18. VII 1948) on Tallinnas s\u00fcndinud prosaist, kes on pikka aega elanud\u00a0Moskvas. Ta kirjutab eesti ja vene keeles peamiselt ulmekirjandust. Helju Rebane kuulub nimekasse teadlaste suguv\u00f5ssa. Tema isa oli filosoofiadoktor Jaan Rebane (1924\u20131993), onu Karl Rebane (1926\u20132007) &#8230;<\/p>\n","protected":false},"author":43,"featured_media":0,"parent":6503,"menu_order":0,"comment_status":"closed","ping_status":"closed","template":"","meta":{"_acf_changed":false,"inline_featured_image":false,"footnotes":""},"class_list":["post-9423","page","type-page","status-publish","hentry"],"acf":[],"_links":{"self":[{"href":"https:\/\/ewod.ut.ee\/et\/wp-json\/wp\/v2\/pages\/9423","targetHints":{"allow":["GET"]}}],"collection":[{"href":"https:\/\/ewod.ut.ee\/et\/wp-json\/wp\/v2\/pages"}],"about":[{"href":"https:\/\/ewod.ut.ee\/et\/wp-json\/wp\/v2\/types\/page"}],"author":[{"embeddable":true,"href":"https:\/\/ewod.ut.ee\/et\/wp-json\/wp\/v2\/users\/43"}],"replies":[{"embeddable":true,"href":"https:\/\/ewod.ut.ee\/et\/wp-json\/wp\/v2\/comments?post=9423"}],"version-history":[{"count":1,"href":"https:\/\/ewod.ut.ee\/et\/wp-json\/wp\/v2\/pages\/9423\/revisions"}],"predecessor-version":[{"id":9424,"href":"https:\/\/ewod.ut.ee\/et\/wp-json\/wp\/v2\/pages\/9423\/revisions\/9424"}],"up":[{"embeddable":true,"href":"https:\/\/ewod.ut.ee\/et\/wp-json\/wp\/v2\/pages\/6503"}],"wp:attachment":[{"href":"https:\/\/ewod.ut.ee\/et\/wp-json\/wp\/v2\/media?parent=9423"}],"curies":[{"name":"wp","href":"https:\/\/api.w.org\/{rel}","templated":true}]}}